{"id":5273,"date":"2020-11-27T12:55:45","date_gmt":"2020-11-27T11:55:45","guid":{"rendered":"https:\/\/www.tourismthailand.ch\/esperienze\/viaggi-sostenibili\/"},"modified":"2020-12-07T15:09:24","modified_gmt":"2020-12-07T14:09:24","slug":"viaggi-sostenibili","status":"publish","type":"page","link":"https:\/\/www.tourismthailand.ch\/it\/esperienze\/viaggi-sostenibili\/","title":{"rendered":"Viaggi sostenibili"},"content":{"rendered":"<div class=\"wpb-content-wrapper\"><p>[vc_row][vc_column][vc_column_text]<\/p>\n<h2>Rispettosi dell&#8217;ambiente e sostenibili sulla strada<\/h2>\n<p>[\/vc_column_text][vc_column_text]Ci sono molte possibilit\u00e0 per rendere il soggiorno in Thailandia ecologicamente compatibile e vicino alla natura. Grazie ai vari premi e alle diverse categorie esistenti a livello nazionale, \u00e8 facile per i viaggiatori individuare quali hotel o tour operator che operano in modo sostenibile e quali attivit\u00e0 ecologiche sono disponibili. In Thailandia, un totale del 17 per cento del Paese \u00e8 protetto. Gli amanti della natura possono scegliere tra 127 parchi nazionali, parchi nazionali marini, riserve naturali e riserve di caccia. Non solo con attivit\u00e0 come l&#8217;escursionismo, il birdwatching o la meditazione nella natura si pu\u00f2 proteggere l&#8217;ambiente, ma anche per gli avventurieri c&#8217;\u00e8 una variet\u00e0 di attivit\u00e0 ecologiche come la mountain bike, il rafting o l&#8217;arrampicata. La Thai Eco Tourism and Adventure Travel Association [TEATA] offre sul suo sito web <a target=\"_blank\" href=\"https:\/\/www.teata.or.th\" rel=\"noopener noreferrer\">www.teata.or.th<\/a> informazioni dettagliate sulle varie possibilit\u00e0 di trascorrere una vacanza ecologica in Thailandia.[\/vc_column_text][vc_empty_space][vc_column_text]<\/p>\n<h3>Hotel e resort ecocompatibili<\/h3>\n<p>Il programma Green Leaf per hotel e resort \u00e8 il primo passo verso la definizione di standard di qualit\u00e0 ecologica nel settore turistico. La Green Leaf Foundation, ad esempio, ha sviluppato delle liste di controllo per le operazioni alberghiere rispettose dell&#8217;ambiente. Questi includono il risparmio di acqua e di energia, lo smaltimento ecologico dei rifiuti, l&#8217;uso di prodotti ecologici, la protezione dal rumore, la cooperazione con i rappresentanti delle comunit\u00e0 e le organizzazioni locali e il riciclaggio. La conformit\u00e0 a questi criteri \u00e8 certificata con un massimo di cinque &#8220;Foglie verdi&#8221;. Il premio, riconosciuto a livello nazionale, \u00e8 stato ora assegnato a pi\u00f9 di 100 hotel in Thailandia. Una panoramica degli hotel Green Leaf si trova qui. Potete trovare maggiori informazioni sulla fondazione sul sito ufficiale <a target=\"_blank\" href=\"https:\/\/www.greenleafthai.org\" rel=\"noopener noreferrer\">www.greenleafthai.org<\/a>.[\/vc_column_text][vc_empty_space][vc_column_text]<\/p>\n<h3>Alloggio in famiglia<\/h3>\n<p>Sempre pi\u00f9 popolari sono i cosiddetti soggiorni &#8220;in famiglia&#8221;, in cui i visitatori vivono insieme alla gente del posto sotto lo stesso tetto per conoscere lo stile di vita del popolo thailandese. Qui i visitatori hanno la possibilit\u00e0 di conoscere la vita quotidiana di chi li ospita e di vivere intensamente la cultura secolare della Thailandia. Oltre allo scambio culturale, vi \u00e8 una variet\u00e0 di attivit\u00e0 a seconda del luogo: In molti luoghi i visitatori possono aiutare a realizzare prodotti artigianali locali o ricevere spiegazioni di prima mano sulla cucina tradizionale tailandese. Sia che si tratti delle trib\u00f9 delle colline nel nord della Thailandia, del villaggio di pescatori sul Mare delle Andamane o dei coltivatori di riso nel centro o nel nord-est, in molti luoghi i thailandesi offrono ai viaggiatori interessati una sistemazione sotto il proprio tetto. Le autorit\u00e0 locali o le organizzazioni come il Community Based Tourism Institute <a target=\"_blank\" href=\"http:\/\/cbtnetwork.org\/\" rel=\"noopener noreferrer\">http:\/\/cbtnetwork.org\/<\/a> che sostengono tali progetti di turismo sostenibile, di solito fungono da intermediari. Preservare e proteggere la cultura e la popolazione locale \u00e8 una parte importante di un viaggio piacevole.[\/vc_column_text][vc_empty_space height=&#8221;108px&#8221;][\/vc_column][\/vc_row]<\/p>\n<\/div>","protected":false},"excerpt":{"rendered":"<p>[vc_row][vc_column][vc_column_text] Rispettosi dell&#8217;ambiente e sostenibili sulla strada [\/vc_column_text][vc_column_text]Ci sono molte possibilit\u00e0 per rendere il soggiorno in Thailandia ecologicamente compatibile e vicino alla natura. Grazie ai vari premi e alle diverse categorie esistenti a livello nazionale, \u00e8 facile per i viaggiatori individuare quali hotel o tour operator che operano in modo sostenibile e quali attivit\u00e0 ecologiche sono disponibili. In Thailandia, un totale del 17 per cento del Paese \u00e8 protetto. Gli amanti della natura possono scegliere tra 127 parchi nazionali, parchi nazionali marini, riserve naturali e riserve di caccia. [&hellip;]<\/p>\n","protected":false},"author":1,"featured_media":4778,"parent":5166,"menu_order":0,"comment_status":"closed","ping_status":"closed","template":"","meta":{"footnotes":""},"class_list":["post-5273","page","type-page","status-publish","has-post-thumbnail","hentry"],"yoast_head":"<!-- This site is optimized with the Yoast SEO plugin v27.5 - https:\/\/yoast.com\/product\/yoast-seo-wordpress\/ -->\n<title>Viaggi sostenibili - Offizielle Seite Thail\u00e4ndisches Fremdenverkehrsamt<\/title>\n<meta name=\"description\" content=\"Ci sono molte possibilit\u00e0 per rendere il soggiorno in Thailandia ecologicamente compatibile e vicino alla natura.\" \/>\n<meta name=\"robots\" content=\"index, follow, max-snippet:-1, max-image-preview:large, max-video-preview:-1\" \/>\n<link rel=\"canonical\" href=\"https:\/\/www.tourismthailand.ch\/it\/esperienze\/viaggi-sostenibili\/\" \/>\n<meta property=\"og:locale\" content=\"it_IT\" \/>\n<meta property=\"og:type\" content=\"article\" \/>\n<meta property=\"og:title\" content=\"Viaggi sostenibili - Offizielle Seite Thail\u00e4ndisches Fremdenverkehrsamt\" \/>\n<meta property=\"og:description\" content=\"Ci sono molte possibilit\u00e0 per rendere il soggiorno in Thailandia ecologicamente compatibile e vicino alla natura.\" \/>\n<meta property=\"og:url\" content=\"https:\/\/www.tourismthailand.ch\/it\/esperienze\/viaggi-sostenibili\/\" \/>\n<meta property=\"og:site_name\" content=\"Offizielle Seite Thail\u00e4ndisches Fremdenverkehrsamt\" \/>\n<meta property=\"article:publisher\" content=\"https:\/\/www.facebook.com\/TATSwitzerland\" \/>\n<meta property=\"article:modified_time\" content=\"2020-12-07T14:09:24+00:00\" \/>\n<meta property=\"og:image\" content=\"https:\/\/www.tourismthailand.ch\/wp-content\/uploads\/2018\/03\/5.3_0006_Hintergrund.jpg\" \/>\n\t<meta property=\"og:image:width\" content=\"1920\" \/>\n\t<meta property=\"og:image:height\" content=\"1080\" \/>\n\t<meta property=\"og:image:type\" content=\"image\/jpeg\" \/>\n<meta name=\"twitter:card\" content=\"summary_large_image\" \/>\n<meta name=\"twitter:label1\" content=\"Est. reading time\" \/>\n\t<meta name=\"twitter:data1\" content=\"3 minutes\" \/>\n<script type=\"application\/ld+json\" class=\"yoast-schema-graph\">{\"@context\":\"https:\\\/\\\/schema.org\",\"@graph\":[{\"@type\":\"WebPage\",\"@id\":\"https:\\\/\\\/www.tourismthailand.ch\\\/it\\\/esperienze\\\/viaggi-sostenibili\\\/\",\"url\":\"https:\\\/\\\/www.tourismthailand.ch\\\/it\\\/esperienze\\\/viaggi-sostenibili\\\/\",\"name\":\"Viaggi sostenibili - Offizielle Seite Thail\u00e4ndisches Fremdenverkehrsamt\",\"isPartOf\":{\"@id\":\"https:\\\/\\\/www.tourismthailand.ch\\\/it\\\/#website\"},\"primaryImageOfPage\":{\"@id\":\"https:\\\/\\\/www.tourismthailand.ch\\\/it\\\/esperienze\\\/viaggi-sostenibili\\\/#primaryimage\"},\"image\":{\"@id\":\"https:\\\/\\\/www.tourismthailand.ch\\\/it\\\/esperienze\\\/viaggi-sostenibili\\\/#primaryimage\"},\"thumbnailUrl\":\"https:\\\/\\\/www.tourismthailand.ch\\\/wp-content\\\/uploads\\\/2018\\\/03\\\/5.3_0006_Hintergrund.jpg\",\"datePublished\":\"2020-11-27T11:55:45+00:00\",\"dateModified\":\"2020-12-07T14:09:24+00:00\",\"description\":\"Ci sono molte possibilit\u00e0 per rendere il soggiorno in Thailandia ecologicamente compatibile e vicino alla natura.\",\"breadcrumb\":{\"@id\":\"https:\\\/\\\/www.tourismthailand.ch\\\/it\\\/esperienze\\\/viaggi-sostenibili\\\/#breadcrumb\"},\"inLanguage\":\"it-CH\",\"potentialAction\":[{\"@type\":\"ReadAction\",\"target\":[\"https:\\\/\\\/www.tourismthailand.ch\\\/it\\\/esperienze\\\/viaggi-sostenibili\\\/\"]}]},{\"@type\":\"ImageObject\",\"inLanguage\":\"it-CH\",\"@id\":\"https:\\\/\\\/www.tourismthailand.ch\\\/it\\\/esperienze\\\/viaggi-sostenibili\\\/#primaryimage\",\"url\":\"https:\\\/\\\/www.tourismthailand.ch\\\/wp-content\\\/uploads\\\/2018\\\/03\\\/5.3_0006_Hintergrund.jpg\",\"contentUrl\":\"https:\\\/\\\/www.tourismthailand.ch\\\/wp-content\\\/uploads\\\/2018\\\/03\\\/5.3_0006_Hintergrund.jpg\",\"width\":1920,\"height\":1080,\"caption\":\"Der Zug f\u00e4hrt \u00fcber die Death Railway in Thailand. Nachhaltiges Reisen mit dem Zug von Thailand nach Myanmar.\"},{\"@type\":\"BreadcrumbList\",\"@id\":\"https:\\\/\\\/www.tourismthailand.ch\\\/it\\\/esperienze\\\/viaggi-sostenibili\\\/#breadcrumb\",\"itemListElement\":[{\"@type\":\"ListItem\",\"position\":1,\"name\":\"Startseite\",\"item\":\"https:\\\/\\\/www.tourismthailand.ch\\\/it\\\/\"},{\"@type\":\"ListItem\",\"position\":2,\"name\":\"Esperienze\",\"item\":\"https:\\\/\\\/www.tourismthailand.ch\\\/it\\\/esperienze\\\/\"},{\"@type\":\"ListItem\",\"position\":3,\"name\":\"Viaggi sostenibili\"}]},{\"@type\":\"WebSite\",\"@id\":\"https:\\\/\\\/www.tourismthailand.ch\\\/it\\\/#website\",\"url\":\"https:\\\/\\\/www.tourismthailand.ch\\\/it\\\/\",\"name\":\"Offizielle Seite Thail\u00e4ndisches Fremdenverkehrsamt\",\"description\":\"tourismthailand.ch\",\"potentialAction\":[{\"@type\":\"SearchAction\",\"target\":{\"@type\":\"EntryPoint\",\"urlTemplate\":\"https:\\\/\\\/www.tourismthailand.ch\\\/it\\\/?s={search_term_string}\"},\"query-input\":{\"@type\":\"PropertyValueSpecification\",\"valueRequired\":true,\"valueName\":\"search_term_string\"}}],\"inLanguage\":\"it-CH\"}]}<\/script>\n<!-- \/ Yoast SEO plugin. -->","yoast_head_json":{"title":"Viaggi sostenibili - Offizielle Seite Thail\u00e4ndisches Fremdenverkehrsamt","description":"Ci sono molte possibilit\u00e0 per rendere il soggiorno in Thailandia ecologicamente compatibile e vicino alla natura.","robots":{"index":"index","follow":"follow","max-snippet":"max-snippet:-1","max-image-preview":"max-image-preview:large","max-video-preview":"max-video-preview:-1"},"canonical":"https:\/\/www.tourismthailand.ch\/it\/esperienze\/viaggi-sostenibili\/","og_locale":"it_IT","og_type":"article","og_title":"Viaggi sostenibili - Offizielle Seite Thail\u00e4ndisches Fremdenverkehrsamt","og_description":"Ci sono molte possibilit\u00e0 per rendere il soggiorno in Thailandia ecologicamente compatibile e vicino alla natura.","og_url":"https:\/\/www.tourismthailand.ch\/it\/esperienze\/viaggi-sostenibili\/","og_site_name":"Offizielle Seite Thail\u00e4ndisches Fremdenverkehrsamt","article_publisher":"https:\/\/www.facebook.com\/TATSwitzerland","article_modified_time":"2020-12-07T14:09:24+00:00","og_image":[{"width":1920,"height":1080,"url":"https:\/\/www.tourismthailand.ch\/wp-content\/uploads\/2018\/03\/5.3_0006_Hintergrund.jpg","type":"image\/jpeg"}],"twitter_card":"summary_large_image","twitter_misc":{"Est. reading time":"3 minutes"},"schema":{"@context":"https:\/\/schema.org","@graph":[{"@type":"WebPage","@id":"https:\/\/www.tourismthailand.ch\/it\/esperienze\/viaggi-sostenibili\/","url":"https:\/\/www.tourismthailand.ch\/it\/esperienze\/viaggi-sostenibili\/","name":"Viaggi sostenibili - Offizielle Seite Thail\u00e4ndisches Fremdenverkehrsamt","isPartOf":{"@id":"https:\/\/www.tourismthailand.ch\/it\/#website"},"primaryImageOfPage":{"@id":"https:\/\/www.tourismthailand.ch\/it\/esperienze\/viaggi-sostenibili\/#primaryimage"},"image":{"@id":"https:\/\/www.tourismthailand.ch\/it\/esperienze\/viaggi-sostenibili\/#primaryimage"},"thumbnailUrl":"https:\/\/www.tourismthailand.ch\/wp-content\/uploads\/2018\/03\/5.3_0006_Hintergrund.jpg","datePublished":"2020-11-27T11:55:45+00:00","dateModified":"2020-12-07T14:09:24+00:00","description":"Ci sono molte possibilit\u00e0 per rendere il soggiorno in Thailandia ecologicamente compatibile e vicino alla natura.","breadcrumb":{"@id":"https:\/\/www.tourismthailand.ch\/it\/esperienze\/viaggi-sostenibili\/#breadcrumb"},"inLanguage":"it-CH","potentialAction":[{"@type":"ReadAction","target":["https:\/\/www.tourismthailand.ch\/it\/esperienze\/viaggi-sostenibili\/"]}]},{"@type":"ImageObject","inLanguage":"it-CH","@id":"https:\/\/www.tourismthailand.ch\/it\/esperienze\/viaggi-sostenibili\/#primaryimage","url":"https:\/\/www.tourismthailand.ch\/wp-content\/uploads\/2018\/03\/5.3_0006_Hintergrund.jpg","contentUrl":"https:\/\/www.tourismthailand.ch\/wp-content\/uploads\/2018\/03\/5.3_0006_Hintergrund.jpg","width":1920,"height":1080,"caption":"Der Zug f\u00e4hrt \u00fcber die Death Railway in Thailand. Nachhaltiges Reisen mit dem Zug von Thailand nach Myanmar."},{"@type":"BreadcrumbList","@id":"https:\/\/www.tourismthailand.ch\/it\/esperienze\/viaggi-sostenibili\/#breadcrumb","itemListElement":[{"@type":"ListItem","position":1,"name":"Startseite","item":"https:\/\/www.tourismthailand.ch\/it\/"},{"@type":"ListItem","position":2,"name":"Esperienze","item":"https:\/\/www.tourismthailand.ch\/it\/esperienze\/"},{"@type":"ListItem","position":3,"name":"Viaggi sostenibili"}]},{"@type":"WebSite","@id":"https:\/\/www.tourismthailand.ch\/it\/#website","url":"https:\/\/www.tourismthailand.ch\/it\/","name":"Offizielle Seite Thail\u00e4ndisches Fremdenverkehrsamt","description":"tourismthailand.ch","potentialAction":[{"@type":"SearchAction","target":{"@type":"EntryPoint","urlTemplate":"https:\/\/www.tourismthailand.ch\/it\/?s={search_term_string}"},"query-input":{"@type":"PropertyValueSpecification","valueRequired":true,"valueName":"search_term_string"}}],"inLanguage":"it-CH"}]}},"_links":{"self":[{"href":"https:\/\/www.tourismthailand.ch\/it\/wp-json\/wp\/v2\/pages\/5273","targetHints":{"allow":["GET"]}}],"collection":[{"href":"https:\/\/www.tourismthailand.ch\/it\/wp-json\/wp\/v2\/pages"}],"about":[{"href":"https:\/\/www.tourismthailand.ch\/it\/wp-json\/wp\/v2\/types\/page"}],"author":[{"embeddable":true,"href":"https:\/\/www.tourismthailand.ch\/it\/wp-json\/wp\/v2\/users\/1"}],"replies":[{"embeddable":true,"href":"https:\/\/www.tourismthailand.ch\/it\/wp-json\/wp\/v2\/comments?post=5273"}],"version-history":[{"count":0,"href":"https:\/\/www.tourismthailand.ch\/it\/wp-json\/wp\/v2\/pages\/5273\/revisions"}],"up":[{"embeddable":true,"href":"https:\/\/www.tourismthailand.ch\/it\/wp-json\/wp\/v2\/pages\/5166"}],"wp:featuredmedia":[{"embeddable":true,"href":"https:\/\/www.tourismthailand.ch\/it\/wp-json\/wp\/v2\/media\/4778"}],"wp:attachment":[{"href":"https:\/\/www.tourismthailand.ch\/it\/wp-json\/wp\/v2\/media?parent=5273"}],"curies":[{"name":"wp","href":"https:\/\/api.w.org\/{rel}","templated":true}]}}