{"id":5267,"date":"2020-11-27T11:15:24","date_gmt":"2020-11-27T10:15:24","guid":{"rendered":"https:\/\/www.tourismthailand.ch\/esperienze\/matrimonio-e-luna-di-miele\/"},"modified":"2020-12-07T15:39:07","modified_gmt":"2020-12-07T14:39:07","slug":"matrimonio-e-luna-di-miele","status":"publish","type":"page","link":"https:\/\/www.tourismthailand.ch\/it\/esperienze\/matrimonio-e-luna-di-miele\/","title":{"rendered":"Matrimonio e luna di miele"},"content":{"rendered":"<div class=\"wpb-content-wrapper\"><p>[vc_row][vc_column][vc_column_text]<\/p>\n<h2>Luna di miele in paradiso<\/h2>\n<p>[\/vc_column_text][vc_column_text]Nella Terra del Sorriso gli sposi possono iniziare la loro luna di miele su una spiaggia di sabbia bianca sotto il caldo sole thailandese. Le romantiche ville con piscina offrono relax e numerose attivit\u00e0 offrono la necessaria variet\u00e0 durante il viaggio di nozze. In nessun altro luogo le coppie possono rilassarsi e divertirsi come nei resort di lusso della Thailandia. La destinazione da sogno ha un&#8217;atmosfera romantica ed \u00e8 nota per l&#8217;eccellente servizio e l&#8217;amorevole ospitalit\u00e0. Andare in luna di miele in Thailandia significa variet\u00e0, relax e un&#8217;incomparabile sensazione estiva, anche nei mesi invernali europei. Non importa in quale periodo dell&#8217;anno vi rechiate in Thailandia, sarete sempre accolti con un calore unico. La gustosa cucina locale, le spiagge di sabbia bianca e il mare azzurro sono fatti per incantare gli sposi. Oltre alla solitudine e alla tranquillit\u00e0, che invitano a godersi la vita di gruppo, sono disponibili anche diverse escursioni per non annoiarsi. Gli hotel alla moda affascinano con strutture professionali per il benessere, ville lussuose e design che non potrebbero essere pi\u00f9 diversi. Dall&#8217;hip e urbano, al lussuoso e sontuoso allo stile thailandese elegante &#8211; ce n&#8217;\u00e8 per tutti i gusti.[\/vc_column_text][vc_empty_space]<div class=\"mkdf-image-gallery  mkdf-ig-grid-type mkdf-normal-space  mkdf-image-behavior-lightbox\">\n\t<div class=\"mkdf-ig-inner mkdf-outer-space mkdf-ig-grid mkdf-ig-four-columns\">\n\t\t\t\t\t<div class=\"mkdf-ig-image mkdf-item-space\">\n\t\t\t\t<div class=\"mkdf-ig-image-inner\">\n\t\t\t\t\t\t\t\t\t\t\t<a itemprop=\"image\" class=\"mkdf-ig-lightbox\" href=\"https:\/\/www.tourismthailand.ch\/wp-content\/uploads\/2018\/03\/4.7_0001_Wedding_Honeymoon.jpg\" data-rel=\"prettyPhoto[image_gallery_pretty_photo-191]\" title=\"Young couple on hammock relaxing and using digital tablet\">\n\t\t\t\t\t\t\t\t\t\t\t<img loading=\"lazy\" decoding=\"async\" src=\"https:\/\/www.tourismthailand.ch\/wp-content\/uploads\/2018\/03\/4.7_0001_Wedding_Honeymoon-310x310.jpg\" alt=\"Young happy couple in holidays enjoying the tropical climate in Thailand\" width=\"310\" height=\"310\" \/>\t\t\t\t\t\t\t\t\t\t\t<\/a>\n\t\t\t\t\t\t\t\t\t<\/div>\n\t\t\t<\/div>\n\t\t\t\t\t<div class=\"mkdf-ig-image mkdf-item-space\">\n\t\t\t\t<div class=\"mkdf-ig-image-inner\">\n\t\t\t\t\t\t\t\t\t\t\t<a itemprop=\"image\" class=\"mkdf-ig-lightbox\" href=\"https:\/\/www.tourismthailand.ch\/wp-content\/uploads\/2018\/03\/4.7_0006_Hintergrund.jpg\" data-rel=\"prettyPhoto[image_gallery_pretty_photo-191]\" title=\"Young couple on hammock relaxing and using digital tablet\">\n\t\t\t\t\t\t\t\t\t\t\t<img loading=\"lazy\" decoding=\"async\" src=\"https:\/\/www.tourismthailand.ch\/wp-content\/uploads\/2018\/03\/4.7_0006_Hintergrund-310x310.jpg\" alt=\"\" width=\"310\" height=\"310\" \/>\t\t\t\t\t\t\t\t\t\t\t<\/a>\n\t\t\t\t\t\t\t\t\t<\/div>\n\t\t\t<\/div>\n\t\t\t\t\t<div class=\"mkdf-ig-image mkdf-item-space\">\n\t\t\t\t<div class=\"mkdf-ig-image-inner\">\n\t\t\t\t\t\t\t\t\t\t\t<a itemprop=\"image\" class=\"mkdf-ig-lightbox\" href=\"https:\/\/www.tourismthailand.ch\/wp-content\/uploads\/2018\/03\/4.7_0003_Phuket_Honeymoon_Luxus.jpg\" data-rel=\"prettyPhoto[image_gallery_pretty_photo-191]\" title=\"Young couple on hammock relaxing and using digital tablet\">\n\t\t\t\t\t\t\t\t\t\t\t<img loading=\"lazy\" decoding=\"async\" src=\"https:\/\/www.tourismthailand.ch\/wp-content\/uploads\/2018\/03\/4.7_0003_Phuket_Honeymoon_Luxus-310x310.jpg\" alt=\"\" width=\"310\" height=\"310\" \/>\t\t\t\t\t\t\t\t\t\t\t<\/a>\n\t\t\t\t\t\t\t\t\t<\/div>\n\t\t\t<\/div>\n\t\t\t\t\t<div class=\"mkdf-ig-image mkdf-item-space\">\n\t\t\t\t<div class=\"mkdf-ig-image-inner\">\n\t\t\t\t\t\t\t\t\t\t\t<a itemprop=\"image\" class=\"mkdf-ig-lightbox\" href=\"https:\/\/www.tourismthailand.ch\/wp-content\/uploads\/2018\/03\/4.7_0005_Honey-Moon-2.jpg\" data-rel=\"prettyPhoto[image_gallery_pretty_photo-191]\" title=\"Young couple on hammock relaxing and using digital tablet\">\n\t\t\t\t\t\t\t\t\t\t\t<img loading=\"lazy\" decoding=\"async\" src=\"https:\/\/www.tourismthailand.ch\/wp-content\/uploads\/2018\/03\/4.7_0005_Honey-Moon-2-310x310.jpg\" alt=\"\" width=\"310\" height=\"310\" \/>\t\t\t\t\t\t\t\t\t\t\t<\/a>\n\t\t\t\t\t\t\t\t\t<\/div>\n\t\t\t<\/div>\n\t\t\t<\/div>\n<\/div>[vc_column_text]<\/p>\n<h3>Viaggio di nozze<\/h3>\n<p>Con spiagge sabbiose appartate, pittoreschi paesaggi e molti angli idilliaci in tutto il Paese, la Thailandia \u00e8 la destinazione perfetta per le coppie che desiderano trascorrere giornate romantiche davanti a uno scenario pittoresco. Sia che stiate organizzando il vostro matrimonio da sogno, la tanto attesa luna di miele o semplicemente una vacanza romantica con il vostro partner, la Thailandia offre il posto giusto per ogni occasione. I numerosi resort con bungalow o ville con piscina privata, cos\u00ec come gli eccellenti centri termali e le strutture per il benessere nella maggior parte dei complessi sono l&#8217;ideale per rilassarsi semplicemente e trascorrere qualche giorno in coppia e in isolamento. Con il servizio di prima classe che \u00e8 standard in tutta la Thailandia nessun desiderio rimarr\u00e0 insoddisfatto e abbastanza tempo da dedicare agli altri.[\/vc_column_text][vc_empty_space][vc_column_text]<\/p>\n<h3>La cerimonia giusta<\/h3>\n<p>Ovunque nel Paese ci sono romantici rituali nuziali che rendono non solo la cerimonia nuziale in s\u00e9, ma l&#8217;intera giornata un&#8217;esperienza perfetta: Nel nord della Thailandia \u00e8 normale che lo sposo chieda la mano della figlia ai genitori. A questa cosiddetta cerimonia Suu Khaw, tradizionalmente, porta ciotole d&#8217;argento di fiori recisi in onore degli antenati della famiglia, una somma simbolica di denaro come dote, oltre a noci di betel fresche, tre dozzine di foglie di alberi di buon auspicio e semi di sesamo, riso e fagioli che rappresentano il desiderio di prosperit\u00e0. Il giorno delle nozze, gli sposi vengono poi accompagnati in processione attraverso il luogo della cerimonia, con l&#8217;uomo e la donna simbolicamente legati insieme con un nastro di cotone bianco consacrato ai polsi. Nel sud del Paese lo sposo, insieme a molti amici, sceglie i genitori della sua prescelta per chiedere la mano della figlia. Gi\u00e0 sulla sua strada deve passare attraverso i &#8220;cancelli d&#8217;argento&#8221; e i &#8220;cancelli d&#8217;oro&#8221;, dove amici e parenti della sposa gli fanno domande sulla sua amata, alle quali deve rispondere. Dopo che lo sposo ha presentato ai genitori della sposa i tradizionali doni, l&#8217;acqua viene versata dagli ospiti presenti sulle mani della giovane coppia per benedirli in occasione delle nozze imminenti. Un&#8217;altra consuetudine del sud della Thailandia \u00e8 quella di mangiare il riso il giorno del matrimonio, che simboleggia il legame tra gli sposi. Spesso vengono serviti piatti speciali come il curry thailandese piccante con molti ingredienti diversi, che rappresenta un matrimonio vario e &#8220;piccante&#8221;.[\/vc_column_text][vc_empty_space][vc_column_text]<\/p>\n<h3>Il posto giusto<\/h3>\n<p>Le coppie innamorate e i viaggiatori in luna di miele in cerca di un rifugio romantico sono in buone mani su piccole isole con confortevoli hotel come Koh Phangan, Koh Racha o Koh Yao Noi. Ma anche i luoghi turistici popolari come Phuket o Koh Samui offrono angoli tranquilli per godersi la luna di miele. E se volete andare all&#8217;aperto, qui troverete una vasta gamma di divertimenti. Per coloro che non scelgono la classica vacanza al mare come luna di miele, luoghi come Chiang Mai o la vivace metropoli di Bangkok offrono anche una variet\u00e0 di luoghi romantici per godersi lo stare insieme.[\/vc_column_text][vc_empty_space][vc_column_text]<\/p>\n<h3>L\u2019hotel giusto<\/h3>\n<p>Anche se non volete celebrare la vostra cerimonia di matrimonio in Thailandia, ma volete solo godervi la luna di miele, la Thailandia \u00e8 sicuramente il posto giusto. La vasta scelta di hotel spettacolari in Thailandia permette a tutti di trovare il proprio hotel da sogno molto speciale. Sia che cerchiate la vostra villa con piscina in un nascondiglio appartato o una suite in un piccolo boutique hotel, non ci sono limiti alle vostre idee personali in Thailandia. Gli hotel e i resort di tutto il Paese offrono pacchetti speciali per le coppie in base al tema del matrimonio. Se state pianificando il vostro viaggio di nozze in Thailandia, molti resort offrono attenzioni romantiche o anche categorie di camere speciali.[\/vc_column_text][vc_empty_space height=&#8221;108px&#8221;][\/vc_column][\/vc_row]<\/p>\n<\/div>","protected":false},"excerpt":{"rendered":"<p>[vc_row][vc_column][vc_column_text] Luna di miele in paradiso [\/vc_column_text][vc_column_text]Nella Terra del Sorriso gli sposi possono iniziare la loro luna di miele su una spiaggia di sabbia bianca sotto il caldo sole thailandese. Le romantiche ville con piscina offrono relax e numerose attivit\u00e0 offrono la necessaria variet\u00e0 durante il viaggio di nozze. In nessun altro luogo le coppie possono rilassarsi e divertirsi come nei resort di lusso della Thailandia. La destinazione da sogno ha un&#8217;atmosfera romantica ed \u00e8 nota per l&#8217;eccellente servizio e l&#8217;amorevole ospitalit\u00e0. Andare in luna di miele in [&hellip;]<\/p>\n","protected":false},"author":1,"featured_media":4686,"parent":5166,"menu_order":0,"comment_status":"closed","ping_status":"closed","template":"","meta":{"footnotes":""},"class_list":["post-5267","page","type-page","status-publish","has-post-thumbnail","hentry"],"yoast_head":"<!-- This site is optimized with the Yoast SEO plugin v27.5 - https:\/\/yoast.com\/product\/yoast-seo-wordpress\/ -->\n<title>Matrimonio e luna di miele - Offizielle Seite Thail\u00e4ndisches Fremdenverkehrsamt<\/title>\n<meta name=\"description\" content=\"Nella Terra del Sorriso gli sposi possono iniziare la loro luna di miele su una spiaggia di sabbia bianca sotto il caldo sole thailandese.\" \/>\n<meta name=\"robots\" content=\"index, follow, max-snippet:-1, max-image-preview:large, max-video-preview:-1\" \/>\n<link rel=\"canonical\" href=\"https:\/\/www.tourismthailand.ch\/it\/esperienze\/matrimonio-e-luna-di-miele\/\" \/>\n<meta property=\"og:locale\" content=\"it_IT\" \/>\n<meta property=\"og:type\" content=\"article\" \/>\n<meta property=\"og:title\" content=\"Matrimonio e luna di miele - Offizielle Seite Thail\u00e4ndisches Fremdenverkehrsamt\" \/>\n<meta property=\"og:description\" content=\"Nella Terra del Sorriso gli sposi possono iniziare la loro luna di miele su una spiaggia di sabbia bianca sotto il caldo sole thailandese.\" \/>\n<meta property=\"og:url\" content=\"https:\/\/www.tourismthailand.ch\/it\/esperienze\/matrimonio-e-luna-di-miele\/\" \/>\n<meta property=\"og:site_name\" content=\"Offizielle Seite Thail\u00e4ndisches Fremdenverkehrsamt\" \/>\n<meta property=\"article:publisher\" content=\"https:\/\/www.facebook.com\/TATSwitzerland\" \/>\n<meta property=\"article:modified_time\" content=\"2020-12-07T14:39:07+00:00\" \/>\n<meta property=\"og:image\" content=\"https:\/\/www.tourismthailand.ch\/wp-content\/uploads\/2018\/03\/4.7_0001_Wedding_Honeymoon.jpg\" \/>\n\t<meta property=\"og:image:width\" content=\"1920\" \/>\n\t<meta property=\"og:image:height\" content=\"1081\" \/>\n\t<meta property=\"og:image:type\" content=\"image\/jpeg\" \/>\n<meta name=\"twitter:card\" content=\"summary_large_image\" \/>\n<meta name=\"twitter:label1\" content=\"Est. reading time\" \/>\n\t<meta name=\"twitter:data1\" content=\"4 minutes\" \/>\n<script type=\"application\/ld+json\" class=\"yoast-schema-graph\">{\"@context\":\"https:\\\/\\\/schema.org\",\"@graph\":[{\"@type\":\"WebPage\",\"@id\":\"https:\\\/\\\/www.tourismthailand.ch\\\/it\\\/esperienze\\\/matrimonio-e-luna-di-miele\\\/\",\"url\":\"https:\\\/\\\/www.tourismthailand.ch\\\/it\\\/esperienze\\\/matrimonio-e-luna-di-miele\\\/\",\"name\":\"Matrimonio e luna di miele - Offizielle Seite Thail\u00e4ndisches Fremdenverkehrsamt\",\"isPartOf\":{\"@id\":\"https:\\\/\\\/www.tourismthailand.ch\\\/it\\\/#website\"},\"primaryImageOfPage\":{\"@id\":\"https:\\\/\\\/www.tourismthailand.ch\\\/it\\\/esperienze\\\/matrimonio-e-luna-di-miele\\\/#primaryimage\"},\"image\":{\"@id\":\"https:\\\/\\\/www.tourismthailand.ch\\\/it\\\/esperienze\\\/matrimonio-e-luna-di-miele\\\/#primaryimage\"},\"thumbnailUrl\":\"https:\\\/\\\/www.tourismthailand.ch\\\/wp-content\\\/uploads\\\/2018\\\/03\\\/4.7_0001_Wedding_Honeymoon.jpg\",\"datePublished\":\"2020-11-27T10:15:24+00:00\",\"dateModified\":\"2020-12-07T14:39:07+00:00\",\"description\":\"Nella Terra del Sorriso gli sposi possono iniziare la loro luna di miele su una spiaggia di sabbia bianca sotto il caldo sole thailandese.\",\"breadcrumb\":{\"@id\":\"https:\\\/\\\/www.tourismthailand.ch\\\/it\\\/esperienze\\\/matrimonio-e-luna-di-miele\\\/#breadcrumb\"},\"inLanguage\":\"it-CH\",\"potentialAction\":[{\"@type\":\"ReadAction\",\"target\":[\"https:\\\/\\\/www.tourismthailand.ch\\\/it\\\/esperienze\\\/matrimonio-e-luna-di-miele\\\/\"]}]},{\"@type\":\"ImageObject\",\"inLanguage\":\"it-CH\",\"@id\":\"https:\\\/\\\/www.tourismthailand.ch\\\/it\\\/esperienze\\\/matrimonio-e-luna-di-miele\\\/#primaryimage\",\"url\":\"https:\\\/\\\/www.tourismthailand.ch\\\/wp-content\\\/uploads\\\/2018\\\/03\\\/4.7_0001_Wedding_Honeymoon.jpg\",\"contentUrl\":\"https:\\\/\\\/www.tourismthailand.ch\\\/wp-content\\\/uploads\\\/2018\\\/03\\\/4.7_0001_Wedding_Honeymoon.jpg\",\"width\":1920,\"height\":1081,\"caption\":\"Young happy couple in holidays enjoying the tropical climate on the Island, relaxing with books and digital tablet on a hammock.\"},{\"@type\":\"BreadcrumbList\",\"@id\":\"https:\\\/\\\/www.tourismthailand.ch\\\/it\\\/esperienze\\\/matrimonio-e-luna-di-miele\\\/#breadcrumb\",\"itemListElement\":[{\"@type\":\"ListItem\",\"position\":1,\"name\":\"Startseite\",\"item\":\"https:\\\/\\\/www.tourismthailand.ch\\\/it\\\/\"},{\"@type\":\"ListItem\",\"position\":2,\"name\":\"Esperienze\",\"item\":\"https:\\\/\\\/www.tourismthailand.ch\\\/it\\\/esperienze\\\/\"},{\"@type\":\"ListItem\",\"position\":3,\"name\":\"Matrimonio e luna di miele\"}]},{\"@type\":\"WebSite\",\"@id\":\"https:\\\/\\\/www.tourismthailand.ch\\\/it\\\/#website\",\"url\":\"https:\\\/\\\/www.tourismthailand.ch\\\/it\\\/\",\"name\":\"Offizielle Seite Thail\u00e4ndisches Fremdenverkehrsamt\",\"description\":\"tourismthailand.ch\",\"potentialAction\":[{\"@type\":\"SearchAction\",\"target\":{\"@type\":\"EntryPoint\",\"urlTemplate\":\"https:\\\/\\\/www.tourismthailand.ch\\\/it\\\/?s={search_term_string}\"},\"query-input\":{\"@type\":\"PropertyValueSpecification\",\"valueRequired\":true,\"valueName\":\"search_term_string\"}}],\"inLanguage\":\"it-CH\"}]}<\/script>\n<!-- \/ Yoast SEO plugin. -->","yoast_head_json":{"title":"Matrimonio e luna di miele - Offizielle Seite Thail\u00e4ndisches Fremdenverkehrsamt","description":"Nella Terra del Sorriso gli sposi possono iniziare la loro luna di miele su una spiaggia di sabbia bianca sotto il caldo sole thailandese.","robots":{"index":"index","follow":"follow","max-snippet":"max-snippet:-1","max-image-preview":"max-image-preview:large","max-video-preview":"max-video-preview:-1"},"canonical":"https:\/\/www.tourismthailand.ch\/it\/esperienze\/matrimonio-e-luna-di-miele\/","og_locale":"it_IT","og_type":"article","og_title":"Matrimonio e luna di miele - Offizielle Seite Thail\u00e4ndisches Fremdenverkehrsamt","og_description":"Nella Terra del Sorriso gli sposi possono iniziare la loro luna di miele su una spiaggia di sabbia bianca sotto il caldo sole thailandese.","og_url":"https:\/\/www.tourismthailand.ch\/it\/esperienze\/matrimonio-e-luna-di-miele\/","og_site_name":"Offizielle Seite Thail\u00e4ndisches Fremdenverkehrsamt","article_publisher":"https:\/\/www.facebook.com\/TATSwitzerland","article_modified_time":"2020-12-07T14:39:07+00:00","og_image":[{"width":1920,"height":1081,"url":"https:\/\/www.tourismthailand.ch\/wp-content\/uploads\/2018\/03\/4.7_0001_Wedding_Honeymoon.jpg","type":"image\/jpeg"}],"twitter_card":"summary_large_image","twitter_misc":{"Est. reading time":"4 minutes"},"schema":{"@context":"https:\/\/schema.org","@graph":[{"@type":"WebPage","@id":"https:\/\/www.tourismthailand.ch\/it\/esperienze\/matrimonio-e-luna-di-miele\/","url":"https:\/\/www.tourismthailand.ch\/it\/esperienze\/matrimonio-e-luna-di-miele\/","name":"Matrimonio e luna di miele - Offizielle Seite Thail\u00e4ndisches Fremdenverkehrsamt","isPartOf":{"@id":"https:\/\/www.tourismthailand.ch\/it\/#website"},"primaryImageOfPage":{"@id":"https:\/\/www.tourismthailand.ch\/it\/esperienze\/matrimonio-e-luna-di-miele\/#primaryimage"},"image":{"@id":"https:\/\/www.tourismthailand.ch\/it\/esperienze\/matrimonio-e-luna-di-miele\/#primaryimage"},"thumbnailUrl":"https:\/\/www.tourismthailand.ch\/wp-content\/uploads\/2018\/03\/4.7_0001_Wedding_Honeymoon.jpg","datePublished":"2020-11-27T10:15:24+00:00","dateModified":"2020-12-07T14:39:07+00:00","description":"Nella Terra del Sorriso gli sposi possono iniziare la loro luna di miele su una spiaggia di sabbia bianca sotto il caldo sole thailandese.","breadcrumb":{"@id":"https:\/\/www.tourismthailand.ch\/it\/esperienze\/matrimonio-e-luna-di-miele\/#breadcrumb"},"inLanguage":"it-CH","potentialAction":[{"@type":"ReadAction","target":["https:\/\/www.tourismthailand.ch\/it\/esperienze\/matrimonio-e-luna-di-miele\/"]}]},{"@type":"ImageObject","inLanguage":"it-CH","@id":"https:\/\/www.tourismthailand.ch\/it\/esperienze\/matrimonio-e-luna-di-miele\/#primaryimage","url":"https:\/\/www.tourismthailand.ch\/wp-content\/uploads\/2018\/03\/4.7_0001_Wedding_Honeymoon.jpg","contentUrl":"https:\/\/www.tourismthailand.ch\/wp-content\/uploads\/2018\/03\/4.7_0001_Wedding_Honeymoon.jpg","width":1920,"height":1081,"caption":"Young happy couple in holidays enjoying the tropical climate on the Island, relaxing with books and digital tablet on a hammock."},{"@type":"BreadcrumbList","@id":"https:\/\/www.tourismthailand.ch\/it\/esperienze\/matrimonio-e-luna-di-miele\/#breadcrumb","itemListElement":[{"@type":"ListItem","position":1,"name":"Startseite","item":"https:\/\/www.tourismthailand.ch\/it\/"},{"@type":"ListItem","position":2,"name":"Esperienze","item":"https:\/\/www.tourismthailand.ch\/it\/esperienze\/"},{"@type":"ListItem","position":3,"name":"Matrimonio e luna di miele"}]},{"@type":"WebSite","@id":"https:\/\/www.tourismthailand.ch\/it\/#website","url":"https:\/\/www.tourismthailand.ch\/it\/","name":"Offizielle Seite Thail\u00e4ndisches Fremdenverkehrsamt","description":"tourismthailand.ch","potentialAction":[{"@type":"SearchAction","target":{"@type":"EntryPoint","urlTemplate":"https:\/\/www.tourismthailand.ch\/it\/?s={search_term_string}"},"query-input":{"@type":"PropertyValueSpecification","valueRequired":true,"valueName":"search_term_string"}}],"inLanguage":"it-CH"}]}},"_links":{"self":[{"href":"https:\/\/www.tourismthailand.ch\/it\/wp-json\/wp\/v2\/pages\/5267","targetHints":{"allow":["GET"]}}],"collection":[{"href":"https:\/\/www.tourismthailand.ch\/it\/wp-json\/wp\/v2\/pages"}],"about":[{"href":"https:\/\/www.tourismthailand.ch\/it\/wp-json\/wp\/v2\/types\/page"}],"author":[{"embeddable":true,"href":"https:\/\/www.tourismthailand.ch\/it\/wp-json\/wp\/v2\/users\/1"}],"replies":[{"embeddable":true,"href":"https:\/\/www.tourismthailand.ch\/it\/wp-json\/wp\/v2\/comments?post=5267"}],"version-history":[{"count":0,"href":"https:\/\/www.tourismthailand.ch\/it\/wp-json\/wp\/v2\/pages\/5267\/revisions"}],"up":[{"embeddable":true,"href":"https:\/\/www.tourismthailand.ch\/it\/wp-json\/wp\/v2\/pages\/5166"}],"wp:featuredmedia":[{"embeddable":true,"href":"https:\/\/www.tourismthailand.ch\/it\/wp-json\/wp\/v2\/media\/4686"}],"wp:attachment":[{"href":"https:\/\/www.tourismthailand.ch\/it\/wp-json\/wp\/v2\/media?parent=5267"}],"curies":[{"name":"wp","href":"https:\/\/api.w.org\/{rel}","templated":true}]}}