{"id":5253,"date":"2020-11-27T10:34:06","date_gmt":"2020-11-27T09:34:06","guid":{"rendered":"https:\/\/www.tourismthailand.ch\/esperienze\/lifestyle-e-shopping\/"},"modified":"2020-12-07T14:44:05","modified_gmt":"2020-12-07T13:44:05","slug":"lifestyle-e-shopping","status":"publish","type":"page","link":"https:\/\/www.tourismthailand.ch\/it\/esperienze\/lifestyle-e-shopping\/","title":{"rendered":"Lifestyle e Shopping"},"content":{"rendered":"<div class=\"wpb-content-wrapper\"><p>[vc_row][vc_column][vc_column_text]<\/p>\n<h2>Thailandia paradiso dello shopping<\/h2>\n<p>[\/vc_column_text][vc_column_text]Lo shopping \u00e8 sicuramente una delle attivit\u00e0 pi\u00f9 popolari per i visitatori del Regno di Thailandia. Qui troverete non solo un&#8217;incredibile variet\u00e0 di prodotti, ma anche un gran numero di negozi diversi; dai moderni centri commerciali e grandi magazzini completamente climatizzati alle innumerevoli bancarelle e mercatini, lo shopper &#8211; sia chi ama passeggiare che chi cerca occasioni &#8211; trover\u00e0 ogni possibilit\u00e0. L&#8217;offerta spazia dal noto e unico artigianato ad una vasta scelta di articoli di lusso internazionali. Soprattutto gli articoli artigianali tradizionali, disponibili solo in Tailandia si caratterizzano per la loro qualit\u00e0 di prima classe &#8211; un risultato della vecchia cultura tradizionale e delle distinte abilit\u00e0 artigianali dei thailandesi. Oltre a Bangkok, che naturalmente offre la pi\u00f9 grande variet\u00e0 di opportunit\u00e0 di shopping, ci sono anche numerose opportunit\u00e0 di shopping in altre citt\u00e0 e localit\u00e0 turistiche.[\/vc_column_text][vc_empty_space]<div class=\"mkdf-image-gallery  mkdf-ig-grid-type mkdf-normal-space  mkdf-image-behavior-lightbox\">\n\t<div class=\"mkdf-ig-inner mkdf-outer-space mkdf-ig-grid mkdf-ig-four-columns\">\n\t\t\t\t\t<div class=\"mkdf-ig-image mkdf-item-space\">\n\t\t\t\t<div class=\"mkdf-ig-image-inner\">\n\t\t\t\t\t\t\t\t\t\t\t<a itemprop=\"image\" class=\"mkdf-ig-lightbox\" href=\"https:\/\/www.tourismthailand.ch\/wp-content\/uploads\/2018\/03\/4.5_0004_Khao-Lak-Thailand.jpg\" data-rel=\"prettyPhoto[image_gallery_pretty_photo-286]\" title=\"4.5_0004_Khao-Lak,-Thailand\">\n\t\t\t\t\t\t\t\t\t\t\t<img loading=\"lazy\" decoding=\"async\" src=\"https:\/\/www.tourismthailand.ch\/wp-content\/uploads\/2018\/03\/4.5_0004_Khao-Lak-Thailand-310x310.jpg\" alt=\"\" width=\"310\" height=\"310\" \/>\t\t\t\t\t\t\t\t\t\t\t<\/a>\n\t\t\t\t\t\t\t\t\t<\/div>\n\t\t\t<\/div>\n\t\t\t\t\t<div class=\"mkdf-ig-image mkdf-item-space\">\n\t\t\t\t<div class=\"mkdf-ig-image-inner\">\n\t\t\t\t\t\t\t\t\t\t\t<a itemprop=\"image\" class=\"mkdf-ig-lightbox\" href=\"https:\/\/www.tourismthailand.ch\/wp-content\/uploads\/2018\/03\/4.5_0002_Shopping-2.jpg\" data-rel=\"prettyPhoto[image_gallery_pretty_photo-286]\" title=\"4.5_0002_Shopping-(2)\">\n\t\t\t\t\t\t\t\t\t\t\t<img loading=\"lazy\" decoding=\"async\" src=\"https:\/\/www.tourismthailand.ch\/wp-content\/uploads\/2018\/03\/4.5_0002_Shopping-2-310x310.jpg\" alt=\"\" width=\"310\" height=\"310\" \/>\t\t\t\t\t\t\t\t\t\t\t<\/a>\n\t\t\t\t\t\t\t\t\t<\/div>\n\t\t\t<\/div>\n\t\t\t\t\t<div class=\"mkdf-ig-image mkdf-item-space\">\n\t\t\t\t<div class=\"mkdf-ig-image-inner\">\n\t\t\t\t\t\t\t\t\t\t\t<a itemprop=\"image\" class=\"mkdf-ig-lightbox\" href=\"https:\/\/www.tourismthailand.ch\/wp-content\/uploads\/2018\/03\/4.5_0001_Shopping.jpg\" data-rel=\"prettyPhoto[image_gallery_pretty_photo-286]\" title=\"4.5_0001_Shopping\">\n\t\t\t\t\t\t\t\t\t\t\t<img loading=\"lazy\" decoding=\"async\" src=\"https:\/\/www.tourismthailand.ch\/wp-content\/uploads\/2018\/03\/4.5_0001_Shopping-310x310.jpg\" alt=\"\" width=\"310\" height=\"310\" \/>\t\t\t\t\t\t\t\t\t\t\t<\/a>\n\t\t\t\t\t\t\t\t\t<\/div>\n\t\t\t<\/div>\n\t\t\t\t\t<div class=\"mkdf-ig-image mkdf-item-space\">\n\t\t\t\t<div class=\"mkdf-ig-image-inner\">\n\t\t\t\t\t\t\t\t\t\t\t<a itemprop=\"image\" class=\"mkdf-ig-lightbox\" href=\"https:\/\/www.tourismthailand.ch\/wp-content\/uploads\/2018\/03\/4.5_0000_Thong-Sala-the-main-town-in-Ko-Phangan-island.jpg\" data-rel=\"prettyPhoto[image_gallery_pretty_photo-286]\" title=\"4.5_0000_Thong-Sala,-the-main-town-in-Ko-Phangan-island\">\n\t\t\t\t\t\t\t\t\t\t\t<img loading=\"lazy\" decoding=\"async\" src=\"https:\/\/www.tourismthailand.ch\/wp-content\/uploads\/2018\/03\/4.5_0000_Thong-Sala-the-main-town-in-Ko-Phangan-island-310x310.jpg\" alt=\"\" width=\"310\" height=\"310\" \/>\t\t\t\t\t\t\t\t\t\t\t<\/a>\n\t\t\t\t\t\t\t\t\t<\/div>\n\t\t\t<\/div>\n\t\t\t<\/div>\n<\/div>[vc_column_text]<\/p>\n<h3>Shopping in Bangkok<\/h3>\n<p>I moderni centri commerciali di Bangkok colpiscono soprattutto per la loro variet\u00e0 di negozi, ristoranti, servizi e intrattenimento, dove nessun desiderio rimane insoddisfatto. La maggior parte dei centri commerciali si trova lungo Sukhumvit, Ploenchit e Silom Road. I centri commerciali pi\u00f9 popolari di Bangkok sono il Siam Centre, il complesso CentralWorld o il centro MBK (Mah Boonkrong). Il Siam Paragon \u00e8 considerato il pioniere dei centri commerciali e di ultima generazione. Su un totale di 500.000 m\u00b2, questo lussuoso grande magazzino offre oltre 250 negozi, decine di ristoranti, oltre 50 piste da bowling, 16 sale cinematografiche ad alta tecnologia e molto altro ancora. Il Siam Ocean World nel Siam Paragon, ad esempio, si estende su quattro piani; 30.000 abitanti del mare di oltre 400 specie diverse, questo enorme acquario pu\u00f2 anche essere visitato con barche a fondo di vetro.<\/p>\n<p>I numerosi mercati e bazar di Bangkok permettono ai visitatori di immergersi in un mondo dello shopping completamente nuovo e divertente almeno quanto i numerosi centri commerciali. Una visita a uno dei tanti mercati di frutta, pesce, verdura e fiori freschi, dove si possono trovare frutta, pesce, verdura e fiori, diventer\u00e0 sicuramente una festa dei sensi. Tessuti di tutti i tipi possono essere acquistati anche in Thailandia. Molti noti marchi di moda che producono in Asia offrono le loro creazioni qui, in negozi originali a prezzi molto pi\u00f9 bassi che in Europa. Le numerose sartorie producono in pochi giorni abiti, costumi o camicie perfetti a prezzi incredibilmente bassi. La Sukhumvit Road nel centro della citt\u00e0 si trasforma ogni sera in un colorato bazar, dove tutti coloro che amano mercanteggiare possono fare ottimi affari. Anche i numerosi mercati tradizionali all&#8217;aperto di Bangkok meritano sempre una visita.<\/p>\n<p>Probabilmente il mercato pi\u00f9 famoso di Bangkok \u00e8 davvero un mercato superlativo: il leggendario Chatuchak Weekend Market offre tutto ci\u00f2 che il cuore desidera su una superficie di quasi 40 ettari. Nelle fino a 15.000 bancarelle non c&#8217;\u00e8 niente che non si possa trovare. Tessili, alimentari, articoli per la casa e mobili, libri e riviste di antiquariato e antiquariato, artigianato tailandese o animali domestici &#8211; al Chatuchak Weekend Market si pu\u00f2 trovare di tutto.<\/p>\n<p>A Pak Klong Talaat, il mercato dei fiori di Bangkok, si possono trovare tonnellate di bellissimi fiori e prodotti freschi di ogni tipo. Con bancarelle colorate qui tutto delizia il cuore degli amanti dei fiori: dalle orchidee thailandesi e altri fiori esotici alle piante in vaso e ai fiori artificiali di tutte le forme e colori. Un caleidoscopio fiorito di profumi di rose, crisantemi e altre bellezze accompagna i visitatori del mercato. Le migliori e pi\u00f9 fresche offerte sono disponibili al mattino presto. Nel pomeriggio e alla sera, i cacciatori di occasioni si guadagnano il loro denaro. Il mercato notturno Asiatique the Riverfront \u00e8 un ottimo posto per fare shopping dopo il tramonto e offre un programma di intrattenimento vario ogni sera.<\/p>\n<p>Numerosi mercati galleggianti a Bangkok e dintorni sono rimasti dall&#8217;epoca in cui Bangkok era conosciuta come la &#8220;Venezia dell&#8217;Est&#8221; e le vie d&#8217;acqua avevano ancora un ruolo centrale nella capitale thailandese come vie di trasporto e commercio. Oltre al famoso mercato galleggiante di Damnoen Saduak a circa 100 chilometri da Bangkok e al mercato galleggiante di Amphawa nella provincia di Samut Songkhram, ci sono anche numerosi mercati galleggianti pi\u00f9 piccoli nella stessa Bangkok, che spesso si svolgono solo nei fine settimana, come il mercato galleggiante di Taling Chan nel nord di Thonburi.[\/vc_column_text][vc_empty_space][vc_column_text]<\/p>\n<h3>Shopping a Chiang Mai<\/h3>\n<p>La &#8220;Rosa del Nord&#8221; \u00e8 ancora oggi all&#8217;altezza della sua reputazione di centro artigianale tradizionale. Grazie ai prodotti in seta, cotone, argento, ceramica, ecc., la citt\u00e0 \u00e8 il primo posto della Thailandia per tutti gli amanti dell&#8217;arte e dell&#8217;artigianato. In particolare gli ombrelli dipinti a mano in carta di gelso sono un souvenir molto apprezzato dai visitatori di tutto il mondo. Il mercato notturno ogni sera nel centro della citt\u00e0 offre questi prodotti artigianali e se siete alla ricerca di prodotti di marca pi\u00f9 internazionali, il Central Shoppingcenter sulla Huay Kaew Road \u00e8 il posto dove andare.[\/vc_column_text][vc_empty_space][vc_column_text]<\/p>\n<h3>Shopping a Phuket<\/h3>\n<p>L&#8217;isola da sogno nel sud della Thailandia offre ai suoi visitatori non solo spiagge di sabbia con frange di palme, ma anche una vasta scelta di centri commerciali. Solo nel centro della citt\u00e0 di Phuket Town si trovano numerosi centri commerciali come Ocean Plaza o il Robinson Mall. Appena fuori citt\u00e0 si trova il centro commerciale Central Festival con oltre 180 negozi. Direttamente dalla spiaggia al centro commerciale, questo \u00e8 reso possibile da Jungceylon, il pi\u00f9 grande complesso commerciale di Patong Beach. Se siete alla ricerca di prodotti pi\u00f9 tradizionali, i numerosi mercati dell&#8217;isola sono un buon posto dove andare: I pi\u00f9 grandi sono a Phuket Town e Patong. Ma anche a Kata, Karon o in molti altri angoli dell&#8217;isola ci sono mercati che offrono pi\u00f9 dei soliti prodotti tessili e artigianali.[\/vc_column_text][vc_empty_space][vc_column_text]<\/p>\n<h3>Shopping a Koh Samui<\/h3>\n<p>Anche se non c&#8217;\u00e8 un grande centro commerciale in questa isola paradisiaca delle noci di cocco, i visitatori desiderosi di acquistare troveranno numerosi piccoli negozi e mercati sparsi per tutta l&#8217;isola. Soprattutto nel centro turistico di Chaweng, lungo Beach Road si allineano boutique, sartorie e bancarelle per soddisfare ogni desiderio di shopping. Un po&#8217; pi\u00f9 tradizionale e originale con numerosi prodotti artigianali \u00e8 il mercato di Nathon, la capitale di Koh Samui. Anche a Lamai Beach o nel Villaggio dei Pescatori di Bophut Beach i turisti trovano numerose possibilit\u00e0 di fare acquisti di tessuti, artigianato o souvenir.[\/vc_column_text][vc_empty_space][vc_column_text]<\/p>\n<h3>Abbigliamento<\/h3>\n<p>Gli acquisti particolarmente economici che si possono fare in Tailandia sono i vestiti: sia prodotti pronti per uomo e donna, sia vestiti su misura. C&#8217;\u00e8 anche un&#8217;ampia scelta di accessori soprattutto di pelletteria, che hanno un ottimo rapporto qualit\u00e0-prezzo.<\/p>\n<p>Abbigliamento pronto all&#8217;uso: la Thailandia \u00e8 uno dei maggiori produttori di abbigliamento pronto all&#8217;uso al mondo, che non solo produce abiti per i negozi locali e i grandi magazzini, ma li esporta sempre pi\u00f9 spesso. Partendo dalle T-shirt e dai jeans, che sono ancora oggi hit da esportazione, la gamma di prodotti si \u00e8 ampliata fino a raggiungere una grande variet\u00e0 di moda di standard internazionale in termini di qualit\u00e0 e design originale. Nei grandi centri commerciali ci sono boutique di moda che offrono creazioni internazionali e pezzi di stilisti thailandesi nel design pi\u00f9 trendy. Abbigliamento pi\u00f9 economico \u00e8 disponibile presso le onnipresenti bancarelle di strada o nel centro commerciale MBK di Bangkok.<\/p>\n<p>Abbigliamento su misura: economico e facile da trovare in Thailandia. Ci sono letteralmente migliaia di negozi, grandi e piccoli, che in pochi giorni realizzano abiti perfettamente aderenti a qualsiasi stile. I negozi di sartoria possono suggerire modelli o copiare i capi portati dai clienti, ma \u00e8 anche possibile scegliere tra una vasta gamma di tessuti (sia di produzione nazionale che importati).<\/p>\n<p>Pelletteria: oltre all&#8217;industria dell&#8217;abbigliamento tessile, esiste una produzione completa di pelletteria di qualit\u00e0. Rinomate per la loro durata e per i loro bellissimi disegni sono le scarpe &#8211; sia finite che su misura -, le giacche di pelle, le cinture, le borse, le valigie, le borse da viaggio e le valigie, i portafogli e molti altri oggetti. Speciali negozi di pelletteria in tutta la citt\u00e0 e nelle bancarelle di strada offrono una vasta gamma di prodotti a prezzi molto ragionevoli.[\/vc_column_text][vc_empty_space][vc_column_text]<\/p>\n<h3>Bellissimi tessuti<\/h3>\n<p>L&#8217;Asia \u00e8 sempre stata famosa per i suoi tessuti e la Thailandia in particolare pu\u00f2 contare su una lunga tradizione di produzione di tessuti pregiati, tessuti a mano. La pi\u00f9 famosa \u00e8 la seta thailandese, famosa in tutto il mondo e probabilmente il prodotto pi\u00f9 acquistato in Thailandia, ma sono disponibili anche prodotti in cotone e prodotti batik.<\/p>\n<p>Seta thailandese: prodotta in innumerevoli colori e modelli, la seta thailandese \u00e8 tradizionalmente utilizzata per l&#8217;abbigliamento. Pu\u00f2 essere acquistato al metro o come moda finita. Negli ultimi anni sono stati prodotti anche tessuti pi\u00f9 pesanti adatti all&#8217;arredamento della casa come tende e rivestimenti di mobili imbottiti. Questo materiale \u00e8 adatto per tovagliette, tovaglioli, cravatte e sciarpe, oltre che per squisite copertine per una vasta gamma di souvenir: dai portagioie ai quaderni.<\/p>\n<p>Seta Matmie: un tipo speciale di seta thailandese \u00e8 la seta Matmie, che ha la sua origine nel nord-est della Thailandia. I fili di seta vengono legati prima della tintura e poi lavorati a mano in bellissime trame con disegni elaborati e colori ricchi. Una volta forma d&#8217;arte quasi dimenticata, la produzione di seta Matmie \u00e8 stata ripresa negli ultimi anni da un programma di sostegno tailandese della regina Sirikit. Oggi la seta Matmie \u00e8 un successo nel settore della moda e anche la regina e altri membri della famiglia reale preferiscono questo materiale.<\/p>\n<p>Cotone e batik: anche il cotone thailandese \u00e8 diventato popolare quasi quanto la seta. Essendo un tessuto caratterizzato da struttura fine e resistenza, il cotone thailandese \u00e8 prodotto in una vasta gamma di colori, stampe e disegni ricamati e si pu\u00f2 trovare in una grande variet\u00e0 di prodotti: dalla biancheria da letto alle tovaglie, federe, ponti e borse. Degni di nota sono anche i prodotti in cotone delle trib\u00f9 delle colline e i disegni batik. I primi sono caratterizzati da ricchi ricami e disegni accattivanti e sono acquisti particolarmente attraenti. Molto diversi nello stile, ma altrettanto interessanti sono i prodotti batik che vengono prodotti in diversi atelier di Bangkok.[\/vc_column_text][vc_empty_space height=&#8221;108px&#8221;][\/vc_column][\/vc_row]<\/p>\n<\/div>","protected":false},"excerpt":{"rendered":"<p>[vc_row][vc_column][vc_column_text] Thailandia paradiso dello shopping [\/vc_column_text][vc_column_text]Lo shopping \u00e8 sicuramente una delle attivit\u00e0 pi\u00f9 popolari per i visitatori del Regno di Thailandia. Qui troverete non solo un&#8217;incredibile variet\u00e0 di prodotti, ma anche un gran numero di negozi diversi; dai moderni centri commerciali e grandi magazzini completamente climatizzati alle innumerevoli bancarelle e mercatini, lo shopper &#8211; sia chi ama passeggiare che chi cerca occasioni &#8211; trover\u00e0 ogni possibilit\u00e0. L&#8217;offerta spazia dal noto e unico artigianato ad una vasta scelta di articoli di lusso internazionali. Soprattutto gli articoli artigianali tradizionali, disponibili [&hellip;]<\/p>\n","protected":false},"author":1,"featured_media":4674,"parent":5166,"menu_order":0,"comment_status":"closed","ping_status":"closed","template":"","meta":{"footnotes":""},"class_list":["post-5253","page","type-page","status-publish","has-post-thumbnail","hentry"],"yoast_head":"<!-- This site is optimized with the Yoast SEO plugin v27.4 - https:\/\/yoast.com\/product\/yoast-seo-wordpress\/ -->\n<title>Lifestyle e Shopping - Ente Nazionale del Turismo Thailandese<\/title>\n<meta name=\"description\" content=\"Lo shopping \u00e8 sicuramente una delle attivit\u00e0 pi\u00f9 popolari per i visitatori del Regno di Thailandia.\" \/>\n<meta name=\"robots\" content=\"index, follow, max-snippet:-1, max-image-preview:large, max-video-preview:-1\" \/>\n<link rel=\"canonical\" href=\"https:\/\/www.tourismthailand.ch\/it\/esperienze\/lifestyle-e-shopping\/\" \/>\n<meta property=\"og:locale\" content=\"it_IT\" \/>\n<meta property=\"og:type\" content=\"article\" \/>\n<meta property=\"og:title\" content=\"Lifestyle e Shopping - Ente Nazionale del Turismo Thailandese\" \/>\n<meta property=\"og:description\" content=\"Lo shopping \u00e8 sicuramente una delle attivit\u00e0 pi\u00f9 popolari per i visitatori del Regno di Thailandia.\" \/>\n<meta property=\"og:url\" content=\"https:\/\/www.tourismthailand.ch\/it\/esperienze\/lifestyle-e-shopping\/\" \/>\n<meta property=\"og:site_name\" content=\"Offizielle Seite Thail\u00e4ndisches Fremdenverkehrsamt\" \/>\n<meta property=\"article:publisher\" content=\"https:\/\/www.facebook.com\/TATSwitzerland\" \/>\n<meta property=\"article:modified_time\" content=\"2020-12-07T13:44:05+00:00\" \/>\n<meta property=\"og:image\" content=\"https:\/\/www.tourismthailand.ch\/wp-content\/uploads\/2018\/03\/4.5_0005_Hintergrund.jpg\" \/>\n\t<meta property=\"og:image:width\" content=\"1920\" \/>\n\t<meta property=\"og:image:height\" content=\"1080\" \/>\n\t<meta property=\"og:image:type\" content=\"image\/jpeg\" \/>\n<meta name=\"twitter:card\" content=\"summary_large_image\" \/>\n<meta name=\"twitter:label1\" content=\"Est. reading time\" \/>\n\t<meta name=\"twitter:data1\" content=\"9 minutes\" \/>\n<script type=\"application\/ld+json\" class=\"yoast-schema-graph\">{\"@context\":\"https:\\\/\\\/schema.org\",\"@graph\":[{\"@type\":\"WebPage\",\"@id\":\"https:\\\/\\\/www.tourismthailand.ch\\\/it\\\/esperienze\\\/lifestyle-e-shopping\\\/\",\"url\":\"https:\\\/\\\/www.tourismthailand.ch\\\/it\\\/esperienze\\\/lifestyle-e-shopping\\\/\",\"name\":\"Lifestyle e Shopping - Ente Nazionale del Turismo Thailandese\",\"isPartOf\":{\"@id\":\"https:\\\/\\\/www.tourismthailand.ch\\\/it\\\/#website\"},\"primaryImageOfPage\":{\"@id\":\"https:\\\/\\\/www.tourismthailand.ch\\\/it\\\/esperienze\\\/lifestyle-e-shopping\\\/#primaryimage\"},\"image\":{\"@id\":\"https:\\\/\\\/www.tourismthailand.ch\\\/it\\\/esperienze\\\/lifestyle-e-shopping\\\/#primaryimage\"},\"thumbnailUrl\":\"https:\\\/\\\/www.tourismthailand.ch\\\/wp-content\\\/uploads\\\/2018\\\/03\\\/4.5_0005_Hintergrund.jpg\",\"datePublished\":\"2020-11-27T09:34:06+00:00\",\"dateModified\":\"2020-12-07T13:44:05+00:00\",\"description\":\"Lo shopping \u00e8 sicuramente una delle attivit\u00e0 pi\u00f9 popolari per i visitatori del Regno di Thailandia.\",\"breadcrumb\":{\"@id\":\"https:\\\/\\\/www.tourismthailand.ch\\\/it\\\/esperienze\\\/lifestyle-e-shopping\\\/#breadcrumb\"},\"inLanguage\":\"it-CH\",\"potentialAction\":[{\"@type\":\"ReadAction\",\"target\":[\"https:\\\/\\\/www.tourismthailand.ch\\\/it\\\/esperienze\\\/lifestyle-e-shopping\\\/\"]}]},{\"@type\":\"ImageObject\",\"inLanguage\":\"it-CH\",\"@id\":\"https:\\\/\\\/www.tourismthailand.ch\\\/it\\\/esperienze\\\/lifestyle-e-shopping\\\/#primaryimage\",\"url\":\"https:\\\/\\\/www.tourismthailand.ch\\\/wp-content\\\/uploads\\\/2018\\\/03\\\/4.5_0005_Hintergrund.jpg\",\"contentUrl\":\"https:\\\/\\\/www.tourismthailand.ch\\\/wp-content\\\/uploads\\\/2018\\\/03\\\/4.5_0005_Hintergrund.jpg\",\"width\":1920,\"height\":1080,\"caption\":\"Chatuchak Weekend Market in Bangkok mitvielen farbigen Standd\u00e4chern von oben\"},{\"@type\":\"BreadcrumbList\",\"@id\":\"https:\\\/\\\/www.tourismthailand.ch\\\/it\\\/esperienze\\\/lifestyle-e-shopping\\\/#breadcrumb\",\"itemListElement\":[{\"@type\":\"ListItem\",\"position\":1,\"name\":\"Startseite\",\"item\":\"https:\\\/\\\/www.tourismthailand.ch\\\/it\\\/\"},{\"@type\":\"ListItem\",\"position\":2,\"name\":\"Esperienze\",\"item\":\"https:\\\/\\\/www.tourismthailand.ch\\\/it\\\/esperienze\\\/\"},{\"@type\":\"ListItem\",\"position\":3,\"name\":\"Lifestyle e Shopping\"}]},{\"@type\":\"WebSite\",\"@id\":\"https:\\\/\\\/www.tourismthailand.ch\\\/it\\\/#website\",\"url\":\"https:\\\/\\\/www.tourismthailand.ch\\\/it\\\/\",\"name\":\"Offizielle Seite Thail\u00e4ndisches Fremdenverkehrsamt\",\"description\":\"tourismthailand.ch\",\"potentialAction\":[{\"@type\":\"SearchAction\",\"target\":{\"@type\":\"EntryPoint\",\"urlTemplate\":\"https:\\\/\\\/www.tourismthailand.ch\\\/it\\\/?s={search_term_string}\"},\"query-input\":{\"@type\":\"PropertyValueSpecification\",\"valueRequired\":true,\"valueName\":\"search_term_string\"}}],\"inLanguage\":\"it-CH\"}]}<\/script>\n<!-- \/ Yoast SEO plugin. -->","yoast_head_json":{"title":"Lifestyle e Shopping - Ente Nazionale del Turismo Thailandese","description":"Lo shopping \u00e8 sicuramente una delle attivit\u00e0 pi\u00f9 popolari per i visitatori del Regno di Thailandia.","robots":{"index":"index","follow":"follow","max-snippet":"max-snippet:-1","max-image-preview":"max-image-preview:large","max-video-preview":"max-video-preview:-1"},"canonical":"https:\/\/www.tourismthailand.ch\/it\/esperienze\/lifestyle-e-shopping\/","og_locale":"it_IT","og_type":"article","og_title":"Lifestyle e Shopping - Ente Nazionale del Turismo Thailandese","og_description":"Lo shopping \u00e8 sicuramente una delle attivit\u00e0 pi\u00f9 popolari per i visitatori del Regno di Thailandia.","og_url":"https:\/\/www.tourismthailand.ch\/it\/esperienze\/lifestyle-e-shopping\/","og_site_name":"Offizielle Seite Thail\u00e4ndisches Fremdenverkehrsamt","article_publisher":"https:\/\/www.facebook.com\/TATSwitzerland","article_modified_time":"2020-12-07T13:44:05+00:00","og_image":[{"width":1920,"height":1080,"url":"https:\/\/www.tourismthailand.ch\/wp-content\/uploads\/2018\/03\/4.5_0005_Hintergrund.jpg","type":"image\/jpeg"}],"twitter_card":"summary_large_image","twitter_misc":{"Est. reading time":"9 minutes"},"schema":{"@context":"https:\/\/schema.org","@graph":[{"@type":"WebPage","@id":"https:\/\/www.tourismthailand.ch\/it\/esperienze\/lifestyle-e-shopping\/","url":"https:\/\/www.tourismthailand.ch\/it\/esperienze\/lifestyle-e-shopping\/","name":"Lifestyle e Shopping - Ente Nazionale del Turismo Thailandese","isPartOf":{"@id":"https:\/\/www.tourismthailand.ch\/it\/#website"},"primaryImageOfPage":{"@id":"https:\/\/www.tourismthailand.ch\/it\/esperienze\/lifestyle-e-shopping\/#primaryimage"},"image":{"@id":"https:\/\/www.tourismthailand.ch\/it\/esperienze\/lifestyle-e-shopping\/#primaryimage"},"thumbnailUrl":"https:\/\/www.tourismthailand.ch\/wp-content\/uploads\/2018\/03\/4.5_0005_Hintergrund.jpg","datePublished":"2020-11-27T09:34:06+00:00","dateModified":"2020-12-07T13:44:05+00:00","description":"Lo shopping \u00e8 sicuramente una delle attivit\u00e0 pi\u00f9 popolari per i visitatori del Regno di Thailandia.","breadcrumb":{"@id":"https:\/\/www.tourismthailand.ch\/it\/esperienze\/lifestyle-e-shopping\/#breadcrumb"},"inLanguage":"it-CH","potentialAction":[{"@type":"ReadAction","target":["https:\/\/www.tourismthailand.ch\/it\/esperienze\/lifestyle-e-shopping\/"]}]},{"@type":"ImageObject","inLanguage":"it-CH","@id":"https:\/\/www.tourismthailand.ch\/it\/esperienze\/lifestyle-e-shopping\/#primaryimage","url":"https:\/\/www.tourismthailand.ch\/wp-content\/uploads\/2018\/03\/4.5_0005_Hintergrund.jpg","contentUrl":"https:\/\/www.tourismthailand.ch\/wp-content\/uploads\/2018\/03\/4.5_0005_Hintergrund.jpg","width":1920,"height":1080,"caption":"Chatuchak Weekend Market in Bangkok mitvielen farbigen Standd\u00e4chern von oben"},{"@type":"BreadcrumbList","@id":"https:\/\/www.tourismthailand.ch\/it\/esperienze\/lifestyle-e-shopping\/#breadcrumb","itemListElement":[{"@type":"ListItem","position":1,"name":"Startseite","item":"https:\/\/www.tourismthailand.ch\/it\/"},{"@type":"ListItem","position":2,"name":"Esperienze","item":"https:\/\/www.tourismthailand.ch\/it\/esperienze\/"},{"@type":"ListItem","position":3,"name":"Lifestyle e Shopping"}]},{"@type":"WebSite","@id":"https:\/\/www.tourismthailand.ch\/it\/#website","url":"https:\/\/www.tourismthailand.ch\/it\/","name":"Offizielle Seite Thail\u00e4ndisches Fremdenverkehrsamt","description":"tourismthailand.ch","potentialAction":[{"@type":"SearchAction","target":{"@type":"EntryPoint","urlTemplate":"https:\/\/www.tourismthailand.ch\/it\/?s={search_term_string}"},"query-input":{"@type":"PropertyValueSpecification","valueRequired":true,"valueName":"search_term_string"}}],"inLanguage":"it-CH"}]}},"_links":{"self":[{"href":"https:\/\/www.tourismthailand.ch\/it\/wp-json\/wp\/v2\/pages\/5253","targetHints":{"allow":["GET"]}}],"collection":[{"href":"https:\/\/www.tourismthailand.ch\/it\/wp-json\/wp\/v2\/pages"}],"about":[{"href":"https:\/\/www.tourismthailand.ch\/it\/wp-json\/wp\/v2\/types\/page"}],"author":[{"embeddable":true,"href":"https:\/\/www.tourismthailand.ch\/it\/wp-json\/wp\/v2\/users\/1"}],"replies":[{"embeddable":true,"href":"https:\/\/www.tourismthailand.ch\/it\/wp-json\/wp\/v2\/comments?post=5253"}],"version-history":[{"count":0,"href":"https:\/\/www.tourismthailand.ch\/it\/wp-json\/wp\/v2\/pages\/5253\/revisions"}],"up":[{"embeddable":true,"href":"https:\/\/www.tourismthailand.ch\/it\/wp-json\/wp\/v2\/pages\/5166"}],"wp:featuredmedia":[{"embeddable":true,"href":"https:\/\/www.tourismthailand.ch\/it\/wp-json\/wp\/v2\/media\/4674"}],"wp:attachment":[{"href":"https:\/\/www.tourismthailand.ch\/it\/wp-json\/wp\/v2\/media?parent=5253"}],"curies":[{"name":"wp","href":"https:\/\/api.w.org\/{rel}","templated":true}]}}