{"id":5229,"date":"2020-11-27T09:22:53","date_gmt":"2020-11-27T08:22:53","guid":{"rendered":"https:\/\/www.tourismthailand.ch\/esperienze\/delizie-gastronomiche\/"},"modified":"2020-12-07T14:20:52","modified_gmt":"2020-12-07T13:20:52","slug":"delizie-gastronomiche","status":"publish","type":"page","link":"https:\/\/www.tourismthailand.ch\/it\/esperienze\/delizie-gastronomiche\/","title":{"rendered":"Delizie gastronomiche"},"content":{"rendered":"<div class=\"wpb-content-wrapper\"><p>[vc_row][vc_column][vc_column_text]<\/p>\n<h2>Piccante, gustoso e sano<\/h2>\n<p>[\/vc_column_text][vc_column_text]Cosa viene servito in Tailandia come antipasto, cosa segue come piatto principale? Bene, \u00e8 qui che inizia la differenza di cultura alimentare tra Europa e Asia. I thailandesi non mangiano tre pasti regolari al giorno come noi bens\u00ec piccole porzioni nel corso della giornata. Le influenze dei paesi vicini come Cina, Laos, Myanmar e Malesia sono presenti nella cucina thailandese classica. Gli ingredienti preferiti dei thailandesi sono senza dubbio il riso, il pesce e la salsa di pesce fermentato. La cucina tailandese ha un sapore molto buono ed \u00e8 sempre preparata al momento, \u00e8 anche molto sana.[\/vc_column_text][vc_empty_space]<div class=\"mkdf-image-gallery  mkdf-ig-grid-type mkdf-normal-space  mkdf-image-behavior-lightbox\">\n\t<div class=\"mkdf-ig-inner mkdf-outer-space mkdf-ig-grid mkdf-ig-four-columns\">\n\t\t\t\t\t<div class=\"mkdf-ig-image mkdf-item-space\">\n\t\t\t\t<div class=\"mkdf-ig-image-inner\">\n\t\t\t\t\t\t\t\t\t\t\t<a itemprop=\"image\" class=\"mkdf-ig-lightbox\" href=\"https:\/\/www.tourismthailand.ch\/wp-content\/uploads\/2018\/03\/4.3_0010_Kulinarik1.jpg\" data-rel=\"prettyPhoto[image_gallery_pretty_photo-343]\" title=\"4.3_0010_Kulinarik1\">\n\t\t\t\t\t\t\t\t\t\t\t<img loading=\"lazy\" decoding=\"async\" src=\"https:\/\/www.tourismthailand.ch\/wp-content\/uploads\/2018\/03\/4.3_0010_Kulinarik1-310x310.jpg\" alt=\"\" width=\"310\" height=\"310\" \/>\t\t\t\t\t\t\t\t\t\t\t<\/a>\n\t\t\t\t\t\t\t\t\t<\/div>\n\t\t\t<\/div>\n\t\t\t\t\t<div class=\"mkdf-ig-image mkdf-item-space\">\n\t\t\t\t<div class=\"mkdf-ig-image-inner\">\n\t\t\t\t\t\t\t\t\t\t\t<a itemprop=\"image\" class=\"mkdf-ig-lightbox\" href=\"https:\/\/www.tourismthailand.ch\/wp-content\/uploads\/2018\/03\/4.3_0008_Kulinarik3.jpg\" data-rel=\"prettyPhoto[image_gallery_pretty_photo-343]\" title=\"4.3_0008_Kulinarik3\">\n\t\t\t\t\t\t\t\t\t\t\t<img loading=\"lazy\" decoding=\"async\" src=\"https:\/\/www.tourismthailand.ch\/wp-content\/uploads\/2018\/03\/4.3_0008_Kulinarik3-310x310.jpg\" alt=\"\" width=\"310\" height=\"310\" \/>\t\t\t\t\t\t\t\t\t\t\t<\/a>\n\t\t\t\t\t\t\t\t\t<\/div>\n\t\t\t<\/div>\n\t\t\t\t\t<div class=\"mkdf-ig-image mkdf-item-space\">\n\t\t\t\t<div class=\"mkdf-ig-image-inner\">\n\t\t\t\t\t\t\t\t\t\t\t<a itemprop=\"image\" class=\"mkdf-ig-lightbox\" href=\"https:\/\/www.tourismthailand.ch\/wp-content\/uploads\/2018\/03\/4.3_0013_Hintergrund.jpg\" data-rel=\"prettyPhoto[image_gallery_pretty_photo-343]\" title=\"4.3_0013_Hintergrund\">\n\t\t\t\t\t\t\t\t\t\t\t<img loading=\"lazy\" decoding=\"async\" src=\"https:\/\/www.tourismthailand.ch\/wp-content\/uploads\/2018\/03\/4.3_0013_Hintergrund-310x310.jpg\" alt=\"\" width=\"310\" height=\"310\" \/>\t\t\t\t\t\t\t\t\t\t\t<\/a>\n\t\t\t\t\t\t\t\t\t<\/div>\n\t\t\t<\/div>\n\t\t\t\t\t<div class=\"mkdf-ig-image mkdf-item-space\">\n\t\t\t\t<div class=\"mkdf-ig-image-inner\">\n\t\t\t\t\t\t\t\t\t\t\t<a itemprop=\"image\" class=\"mkdf-ig-lightbox\" href=\"https:\/\/www.tourismthailand.ch\/wp-content\/uploads\/2018\/03\/4.3_0000_Thai-Fruit.jpg\" data-rel=\"prettyPhoto[image_gallery_pretty_photo-343]\" title=\"4.3_0000_Thai Fruit\">\n\t\t\t\t\t\t\t\t\t\t\t<img loading=\"lazy\" decoding=\"async\" src=\"https:\/\/www.tourismthailand.ch\/wp-content\/uploads\/2018\/03\/4.3_0000_Thai-Fruit-310x310.jpg\" alt=\"\" width=\"310\" height=\"310\" \/>\t\t\t\t\t\t\t\t\t\t\t<\/a>\n\t\t\t\t\t\t\t\t\t<\/div>\n\t\t\t<\/div>\n\t\t\t<\/div>\n<\/div>[vc_column_text]<\/p>\n<h3>Il cibo come esperienza<\/h3>\n<p>In Tailandia mangiare \u00e8 molto pi\u00f9 che mangiare. \u00c8 un rituale quotidiano e piacevole. Per il pasto comune si usano ingredienti coltivati personalmente o comprati freschi al mercato. Non c&#8217;\u00e8 differenza tra antipasti e portate principali. Tutto viene servito insieme e mangiato insieme intorno a un tavolo. Invano si cerca un coltello sul tavolo. Il cibo viene tagliato a pezzettini, in modo che bastino solo un cucchiaio e una forchetta. L&#8217;espressione thailandese di \u00abfame\u00bb significa letteralmente &#8220;voglio mangiare il riso&#8221;. Sia che si tratti di pesce, carne o verdure, l&#8217;accompagnamento principale per quasi tutti i pasti \u00e8 il riso. In Thailandia oltre nel piatto principale il riso si trova anche nei dolci[\/vc_column_text][vc_empty_space][vc_column_text]<\/p>\n<h3>Dal mare<\/h3>\n<p>Poich\u00e9 il pesce e i frutti di mare sono abbondanti in Thailandia questi due alimenti si trovano in molti piatti. I tailandesi amano il pesce fresco, ecco perch\u00e9 si possono trovare i migliori ristoranti di pesce direttamente in riva al mare.[\/vc_column_text][vc_empty_space][vc_column_text]<\/p>\n<h3>La carne come ingrediente aggiuntivo<\/h3>\n<p>Il pesce \u00e8 certamente il prodotto animale pi\u00f9 consumato in Thailandia. Tuttavia, molti piatti tradizionali tailandesi contengono carne e pollame. Nella maggior parte dei curry vengono utilizzati sia il maiale che il pollo. Il tradizionale Kaeng Phet, il curry rosso thailandese pu\u00f2 essere arricchito individualmente con carne. La differenza rispetto al curry indiano \u00e8 che non si usa una miscela di spezie, ma si usa una pasta di curry fatta in casa per condire. Una specialit\u00e0 \u00e8 il curry rosso con l&#8217;anatra alla griglia, che un tempo era riservato alla corte reale.[\/vc_column_text][vc_empty_space][vc_column_text]<\/p>\n<h3>Dolci<\/h3>\n<p>Invece della mousse al cioccolato o della torta Sacher, c&#8217;\u00e8 un modo molto pi\u00f9 sano e delizioso di godersi i dolci lati della vita in Thailandia. Frutta deliziosa viene servita a colazione o come dessert. Un&#8217;altra dolce tentazione \u00e8, per esempio, il riso al mango. Ma attenzione, i dolci tailandesi sono molto dolci! L&#8217;elenco delle prelibatezze thailandesi sembra infinito. Gamberoni arrostiti con spaghetti e coriandolo, calamari in salsa agrodolce o pollo al curry e cocco &#8211; non ci sono limiti all&#8217;immaginazione nella cucina thailandese. La cosa pi\u00f9 importante sono certamente gli ingredienti biologici: pesce fresco dal mare, verdure ed erbe aromatiche appena raccolte. Una volta raccolti tutti gli ingredienti, il cibo non viene bollito ma piuttosto cotto o fritto. In questo modo il cibo non perde vitamine e sostanze nutritive importanti. Ma non \u00e8 importante solo il cibo, in Thailandia l&#8217;occhio mangia insieme al cibo ed \u00e8 abituato a elaborate decorazioni. L&#8217;intagliatore creativo realizza magnifiche creazioni con vari tipi di frutta e verdura.[\/vc_column_text][vc_empty_space][vc_column_text css=&#8221;.vc_custom_1602589968924{padding-top: 12px !important;padding-right: 12px !important;padding-bottom: 12px !important;padding-left: 12px !important;background-color: #ffcc05 !important;}&#8221;]<\/p>\n<h3>Attenzione!<\/h3>\n<p>Alcuni piatti sono conditi con piccoli peperoncini. Attenzione, come regola generale: pi\u00f9 piccoli sono i peperoncini, pi\u00f9 sono piccanti. Se non volete mangiare piccante indicate i piatti e chiedete: <strong>p\u00e4t mai?<\/strong> (\u00e8 piccante?). Se la risposta \u00e8 mai p\u00e4t (non piccante) non \u00e8 piccante; se la risposta \u00e8 p\u00e4t mak, ci si deve aspettare un pasto molto piccante. Un classico \u00e8 <strong>nam pla prik<\/strong>, una salsa di pesce salata con aglio, succo di lime e tanti peperoncini tritati. Viene sostituito dal ketchup in alcuni centri turistici ed \u00e8 disponibile solo su richiesta.[\/vc_column_text][vc_empty_space height=&#8221;108px&#8221;][\/vc_column][\/vc_row]<\/p>\n<\/div>","protected":false},"excerpt":{"rendered":"<p>[vc_row][vc_column][vc_column_text] Piccante, gustoso e sano [\/vc_column_text][vc_column_text]Cosa viene servito in Tailandia come antipasto, cosa segue come piatto principale? Bene, \u00e8 qui che inizia la differenza di cultura alimentare tra Europa e Asia. I thailandesi non mangiano tre pasti regolari al giorno come noi bens\u00ec piccole porzioni nel corso della giornata. Le influenze dei paesi vicini come Cina, Laos, Myanmar e Malesia sono presenti nella cucina thailandese classica. Gli ingredienti preferiti dei thailandesi sono senza dubbio il riso, il pesce e la salsa di pesce fermentato. La cucina tailandese ha [&hellip;]<\/p>\n","protected":false},"author":1,"featured_media":4582,"parent":5166,"menu_order":0,"comment_status":"closed","ping_status":"closed","template":"","meta":{"footnotes":""},"class_list":["post-5229","page","type-page","status-publish","has-post-thumbnail","hentry"],"yoast_head":"<!-- This site is optimized with the Yoast SEO plugin v27.4 - https:\/\/yoast.com\/product\/yoast-seo-wordpress\/ -->\n<title>Delizie gastronomiche - Offizielle Seite Thail\u00e4ndisches Fremdenverkehrsamt<\/title>\n<meta name=\"robots\" content=\"index, follow, max-snippet:-1, max-image-preview:large, max-video-preview:-1\" \/>\n<link rel=\"canonical\" href=\"https:\/\/www.tourismthailand.ch\/it\/esperienze\/delizie-gastronomiche\/\" \/>\n<meta property=\"og:locale\" content=\"it_IT\" \/>\n<meta property=\"og:type\" content=\"article\" \/>\n<meta property=\"og:title\" content=\"Delizie gastronomiche - Offizielle Seite Thail\u00e4ndisches Fremdenverkehrsamt\" \/>\n<meta property=\"og:description\" content=\"[vc_row][vc_column][vc_column_text] Piccante, gustoso e sano [\/vc_column_text][vc_column_text]Cosa viene servito in Tailandia come antipasto, cosa segue come piatto principale? Bene, \u00e8 qui che inizia la differenza di cultura alimentare tra Europa e Asia. I thailandesi non mangiano tre pasti regolari al giorno come noi bens\u00ec piccole porzioni nel corso della giornata. Le influenze dei paesi vicini come Cina, Laos, Myanmar e Malesia sono presenti nella cucina thailandese classica. Gli ingredienti preferiti dei thailandesi sono senza dubbio il riso, il pesce e la salsa di pesce fermentato. La cucina tailandese ha [&hellip;]\" \/>\n<meta property=\"og:url\" content=\"https:\/\/www.tourismthailand.ch\/it\/esperienze\/delizie-gastronomiche\/\" \/>\n<meta property=\"og:site_name\" content=\"Offizielle Seite Thail\u00e4ndisches Fremdenverkehrsamt\" \/>\n<meta property=\"article:publisher\" content=\"https:\/\/www.facebook.com\/TATSwitzerland\" \/>\n<meta property=\"article:modified_time\" content=\"2020-12-07T13:20:52+00:00\" \/>\n<meta property=\"og:image\" content=\"https:\/\/www.tourismthailand.ch\/wp-content\/uploads\/2018\/03\/4.3_0001_Thai-Food.jpg\" \/>\n\t<meta property=\"og:image:width\" content=\"1920\" \/>\n\t<meta property=\"og:image:height\" content=\"1080\" \/>\n\t<meta property=\"og:image:type\" content=\"image\/jpeg\" \/>\n<meta name=\"twitter:card\" content=\"summary_large_image\" \/>\n<meta name=\"twitter:label1\" content=\"Est. reading time\" \/>\n\t<meta name=\"twitter:data1\" content=\"4 minutes\" \/>\n<script type=\"application\/ld+json\" class=\"yoast-schema-graph\">{\"@context\":\"https:\\\/\\\/schema.org\",\"@graph\":[{\"@type\":\"WebPage\",\"@id\":\"https:\\\/\\\/www.tourismthailand.ch\\\/it\\\/esperienze\\\/delizie-gastronomiche\\\/\",\"url\":\"https:\\\/\\\/www.tourismthailand.ch\\\/it\\\/esperienze\\\/delizie-gastronomiche\\\/\",\"name\":\"Delizie gastronomiche - Offizielle Seite Thail\u00e4ndisches Fremdenverkehrsamt\",\"isPartOf\":{\"@id\":\"https:\\\/\\\/www.tourismthailand.ch\\\/it\\\/#website\"},\"primaryImageOfPage\":{\"@id\":\"https:\\\/\\\/www.tourismthailand.ch\\\/it\\\/esperienze\\\/delizie-gastronomiche\\\/#primaryimage\"},\"image\":{\"@id\":\"https:\\\/\\\/www.tourismthailand.ch\\\/it\\\/esperienze\\\/delizie-gastronomiche\\\/#primaryimage\"},\"thumbnailUrl\":\"https:\\\/\\\/www.tourismthailand.ch\\\/wp-content\\\/uploads\\\/2018\\\/03\\\/4.3_0001_Thai-Food.jpg\",\"datePublished\":\"2020-11-27T08:22:53+00:00\",\"dateModified\":\"2020-12-07T13:20:52+00:00\",\"breadcrumb\":{\"@id\":\"https:\\\/\\\/www.tourismthailand.ch\\\/it\\\/esperienze\\\/delizie-gastronomiche\\\/#breadcrumb\"},\"inLanguage\":\"it-CH\",\"potentialAction\":[{\"@type\":\"ReadAction\",\"target\":[\"https:\\\/\\\/www.tourismthailand.ch\\\/it\\\/esperienze\\\/delizie-gastronomiche\\\/\"]}]},{\"@type\":\"ImageObject\",\"inLanguage\":\"it-CH\",\"@id\":\"https:\\\/\\\/www.tourismthailand.ch\\\/it\\\/esperienze\\\/delizie-gastronomiche\\\/#primaryimage\",\"url\":\"https:\\\/\\\/www.tourismthailand.ch\\\/wp-content\\\/uploads\\\/2018\\\/03\\\/4.3_0001_Thai-Food.jpg\",\"contentUrl\":\"https:\\\/\\\/www.tourismthailand.ch\\\/wp-content\\\/uploads\\\/2018\\\/03\\\/4.3_0001_Thai-Food.jpg\",\"width\":1920,\"height\":1080,\"caption\":\"Verschiedene Th\u00e4il\u00e4ndische Gerichte angerichtet auf einem runden goldenen Teller\"},{\"@type\":\"BreadcrumbList\",\"@id\":\"https:\\\/\\\/www.tourismthailand.ch\\\/it\\\/esperienze\\\/delizie-gastronomiche\\\/#breadcrumb\",\"itemListElement\":[{\"@type\":\"ListItem\",\"position\":1,\"name\":\"Startseite\",\"item\":\"https:\\\/\\\/www.tourismthailand.ch\\\/it\\\/\"},{\"@type\":\"ListItem\",\"position\":2,\"name\":\"Esperienze\",\"item\":\"https:\\\/\\\/www.tourismthailand.ch\\\/it\\\/esperienze\\\/\"},{\"@type\":\"ListItem\",\"position\":3,\"name\":\"Delizie gastronomiche\"}]},{\"@type\":\"WebSite\",\"@id\":\"https:\\\/\\\/www.tourismthailand.ch\\\/it\\\/#website\",\"url\":\"https:\\\/\\\/www.tourismthailand.ch\\\/it\\\/\",\"name\":\"Offizielle Seite Thail\u00e4ndisches Fremdenverkehrsamt\",\"description\":\"tourismthailand.ch\",\"potentialAction\":[{\"@type\":\"SearchAction\",\"target\":{\"@type\":\"EntryPoint\",\"urlTemplate\":\"https:\\\/\\\/www.tourismthailand.ch\\\/it\\\/?s={search_term_string}\"},\"query-input\":{\"@type\":\"PropertyValueSpecification\",\"valueRequired\":true,\"valueName\":\"search_term_string\"}}],\"inLanguage\":\"it-CH\"}]}<\/script>\n<!-- \/ Yoast SEO plugin. -->","yoast_head_json":{"title":"Delizie gastronomiche - Offizielle Seite Thail\u00e4ndisches Fremdenverkehrsamt","robots":{"index":"index","follow":"follow","max-snippet":"max-snippet:-1","max-image-preview":"max-image-preview:large","max-video-preview":"max-video-preview:-1"},"canonical":"https:\/\/www.tourismthailand.ch\/it\/esperienze\/delizie-gastronomiche\/","og_locale":"it_IT","og_type":"article","og_title":"Delizie gastronomiche - Offizielle Seite Thail\u00e4ndisches Fremdenverkehrsamt","og_description":"[vc_row][vc_column][vc_column_text] Piccante, gustoso e sano [\/vc_column_text][vc_column_text]Cosa viene servito in Tailandia come antipasto, cosa segue come piatto principale? Bene, \u00e8 qui che inizia la differenza di cultura alimentare tra Europa e Asia. I thailandesi non mangiano tre pasti regolari al giorno come noi bens\u00ec piccole porzioni nel corso della giornata. Le influenze dei paesi vicini come Cina, Laos, Myanmar e Malesia sono presenti nella cucina thailandese classica. Gli ingredienti preferiti dei thailandesi sono senza dubbio il riso, il pesce e la salsa di pesce fermentato. La cucina tailandese ha [&hellip;]","og_url":"https:\/\/www.tourismthailand.ch\/it\/esperienze\/delizie-gastronomiche\/","og_site_name":"Offizielle Seite Thail\u00e4ndisches Fremdenverkehrsamt","article_publisher":"https:\/\/www.facebook.com\/TATSwitzerland","article_modified_time":"2020-12-07T13:20:52+00:00","og_image":[{"width":1920,"height":1080,"url":"https:\/\/www.tourismthailand.ch\/wp-content\/uploads\/2018\/03\/4.3_0001_Thai-Food.jpg","type":"image\/jpeg"}],"twitter_card":"summary_large_image","twitter_misc":{"Est. reading time":"4 minutes"},"schema":{"@context":"https:\/\/schema.org","@graph":[{"@type":"WebPage","@id":"https:\/\/www.tourismthailand.ch\/it\/esperienze\/delizie-gastronomiche\/","url":"https:\/\/www.tourismthailand.ch\/it\/esperienze\/delizie-gastronomiche\/","name":"Delizie gastronomiche - Offizielle Seite Thail\u00e4ndisches Fremdenverkehrsamt","isPartOf":{"@id":"https:\/\/www.tourismthailand.ch\/it\/#website"},"primaryImageOfPage":{"@id":"https:\/\/www.tourismthailand.ch\/it\/esperienze\/delizie-gastronomiche\/#primaryimage"},"image":{"@id":"https:\/\/www.tourismthailand.ch\/it\/esperienze\/delizie-gastronomiche\/#primaryimage"},"thumbnailUrl":"https:\/\/www.tourismthailand.ch\/wp-content\/uploads\/2018\/03\/4.3_0001_Thai-Food.jpg","datePublished":"2020-11-27T08:22:53+00:00","dateModified":"2020-12-07T13:20:52+00:00","breadcrumb":{"@id":"https:\/\/www.tourismthailand.ch\/it\/esperienze\/delizie-gastronomiche\/#breadcrumb"},"inLanguage":"it-CH","potentialAction":[{"@type":"ReadAction","target":["https:\/\/www.tourismthailand.ch\/it\/esperienze\/delizie-gastronomiche\/"]}]},{"@type":"ImageObject","inLanguage":"it-CH","@id":"https:\/\/www.tourismthailand.ch\/it\/esperienze\/delizie-gastronomiche\/#primaryimage","url":"https:\/\/www.tourismthailand.ch\/wp-content\/uploads\/2018\/03\/4.3_0001_Thai-Food.jpg","contentUrl":"https:\/\/www.tourismthailand.ch\/wp-content\/uploads\/2018\/03\/4.3_0001_Thai-Food.jpg","width":1920,"height":1080,"caption":"Verschiedene Th\u00e4il\u00e4ndische Gerichte angerichtet auf einem runden goldenen Teller"},{"@type":"BreadcrumbList","@id":"https:\/\/www.tourismthailand.ch\/it\/esperienze\/delizie-gastronomiche\/#breadcrumb","itemListElement":[{"@type":"ListItem","position":1,"name":"Startseite","item":"https:\/\/www.tourismthailand.ch\/it\/"},{"@type":"ListItem","position":2,"name":"Esperienze","item":"https:\/\/www.tourismthailand.ch\/it\/esperienze\/"},{"@type":"ListItem","position":3,"name":"Delizie gastronomiche"}]},{"@type":"WebSite","@id":"https:\/\/www.tourismthailand.ch\/it\/#website","url":"https:\/\/www.tourismthailand.ch\/it\/","name":"Offizielle Seite Thail\u00e4ndisches Fremdenverkehrsamt","description":"tourismthailand.ch","potentialAction":[{"@type":"SearchAction","target":{"@type":"EntryPoint","urlTemplate":"https:\/\/www.tourismthailand.ch\/it\/?s={search_term_string}"},"query-input":{"@type":"PropertyValueSpecification","valueRequired":true,"valueName":"search_term_string"}}],"inLanguage":"it-CH"}]}},"_links":{"self":[{"href":"https:\/\/www.tourismthailand.ch\/it\/wp-json\/wp\/v2\/pages\/5229","targetHints":{"allow":["GET"]}}],"collection":[{"href":"https:\/\/www.tourismthailand.ch\/it\/wp-json\/wp\/v2\/pages"}],"about":[{"href":"https:\/\/www.tourismthailand.ch\/it\/wp-json\/wp\/v2\/types\/page"}],"author":[{"embeddable":true,"href":"https:\/\/www.tourismthailand.ch\/it\/wp-json\/wp\/v2\/users\/1"}],"replies":[{"embeddable":true,"href":"https:\/\/www.tourismthailand.ch\/it\/wp-json\/wp\/v2\/comments?post=5229"}],"version-history":[{"count":0,"href":"https:\/\/www.tourismthailand.ch\/it\/wp-json\/wp\/v2\/pages\/5229\/revisions"}],"up":[{"embeddable":true,"href":"https:\/\/www.tourismthailand.ch\/it\/wp-json\/wp\/v2\/pages\/5166"}],"wp:featuredmedia":[{"embeddable":true,"href":"https:\/\/www.tourismthailand.ch\/it\/wp-json\/wp\/v2\/media\/4582"}],"wp:attachment":[{"href":"https:\/\/www.tourismthailand.ch\/it\/wp-json\/wp\/v2\/media?parent=5229"}],"curies":[{"name":"wp","href":"https:\/\/api.w.org\/{rel}","templated":true}]}}