{"id":5220,"date":"2020-11-27T09:08:38","date_gmt":"2020-11-27T08:08:38","guid":{"rendered":"https:\/\/www.tourismthailand.ch\/esperienze\/spa-e-benessere\/"},"modified":"2020-12-07T14:14:46","modified_gmt":"2020-12-07T13:14:46","slug":"spa-e-benessere","status":"publish","type":"page","link":"https:\/\/www.tourismthailand.ch\/it\/esperienze\/spa-e-benessere\/","title":{"rendered":"Spa e benessere"},"content":{"rendered":"<div class=\"wpb-content-wrapper\"><p>[vc_row][vc_column][vc_column_text]<\/p>\n<h2>L&#8217;oasi del benessere e del relax<\/h2>\n<p>[\/vc_column_text][vc_column_text]Il regno della Thailandia non \u00e8 accattivante solo per le sue pittoresche spiagge, ma soprattutto per l&#8217;ampia offerta di trattamenti benessere. Dal tradizionale massaggio thailandese alle belle strutture termali, le esigenze di benessere sono pienamente soddisfatte. L&#8217;offerta unica \u00e8 perfezionata da antichi saperi, riti e usanze tradizionali e stabilisce cos\u00ec degli standard a livello mondiale. Non a caso i thailandesi sono orgogliosi di essere il centro benessere dell&#8217;Asia: Quasi in ogni angolo si pu\u00f2 trovare una buona offerta per un massaggio, un trattamento del viso cos\u00ec come per lo yoga o la meditazione.<\/p>\n<p>Con una lunga storia di medicina tradizionale, sofisticate tecniche di massaggio e pratiche di meditazione buddista, la Thailandia \u00e8 ampiamente conosciuta come meta di viaggiatori attenti alla salute e alla ricerca di relax. La sempre maggiore velocit\u00e0 della vita quotidiana, combinata con lo stress costante e il ritmo frenetico, mette molte persone in uno stato permanente di tensione fisica e mentale. Un soggiorno in uno dei numerosi centri termali o di massaggio \u00e8 una manna per tutti coloro che desiderano rivitalizzare il corpo e la mente per ricaricare le batterie. L&#8217;arte della guarigione \u00e8 vista in Thailandia come un concetto olistico, che non consiste solo nel combattere i singoli sintomi, ma anche nel riportare in armonia corpo, anima e spirito. Oltre alle applicazioni classiche come il massaggio tradizionale tailandese, l&#8217;aromaterapia o la sauna alle erbe, si offrono anche bagni termali, yoga, meditazione e giusta alimentazione.[\/vc_column_text][vc_empty_space]<div class=\"mkdf-image-gallery  mkdf-ig-grid-type mkdf-normal-space  mkdf-image-behavior-lightbox\">\n\t<div class=\"mkdf-ig-inner mkdf-outer-space mkdf-ig-grid mkdf-ig-four-columns\">\n\t\t\t\t\t<div class=\"mkdf-ig-image mkdf-item-space\">\n\t\t\t\t<div class=\"mkdf-ig-image-inner\">\n\t\t\t\t\t\t\t\t\t\t\t<a itemprop=\"image\" class=\"mkdf-ig-lightbox\" href=\"https:\/\/www.tourismthailand.ch\/wp-content\/uploads\/2018\/03\/4.2_0006_Hintergrund.jpg\" data-rel=\"prettyPhoto[image_gallery_pretty_photo-844]\" title=\"4.2_0006_Hintergrund\">\n\t\t\t\t\t\t\t\t\t\t\t<img loading=\"lazy\" decoding=\"async\" src=\"https:\/\/www.tourismthailand.ch\/wp-content\/uploads\/2018\/03\/4.2_0006_Hintergrund-310x310.jpg\" alt=\"\" width=\"310\" height=\"310\" \/>\t\t\t\t\t\t\t\t\t\t\t<\/a>\n\t\t\t\t\t\t\t\t\t<\/div>\n\t\t\t<\/div>\n\t\t\t\t\t<div class=\"mkdf-ig-image mkdf-item-space\">\n\t\t\t\t<div class=\"mkdf-ig-image-inner\">\n\t\t\t\t\t\t\t\t\t\t\t<a itemprop=\"image\" class=\"mkdf-ig-lightbox\" href=\"https:\/\/www.tourismthailand.ch\/wp-content\/uploads\/2018\/03\/4.2_0002_spa3.jpg\" data-rel=\"prettyPhoto[image_gallery_pretty_photo-844]\" title=\"4.2_0002_spa3\">\n\t\t\t\t\t\t\t\t\t\t\t<img loading=\"lazy\" decoding=\"async\" src=\"https:\/\/www.tourismthailand.ch\/wp-content\/uploads\/2018\/03\/4.2_0002_spa3-310x310.jpg\" alt=\"\" width=\"310\" height=\"310\" \/>\t\t\t\t\t\t\t\t\t\t\t<\/a>\n\t\t\t\t\t\t\t\t\t<\/div>\n\t\t\t<\/div>\n\t\t\t\t\t<div class=\"mkdf-ig-image mkdf-item-space\">\n\t\t\t\t<div class=\"mkdf-ig-image-inner\">\n\t\t\t\t\t\t\t\t\t\t\t<a itemprop=\"image\" class=\"mkdf-ig-lightbox\" href=\"https:\/\/www.tourismthailand.ch\/wp-content\/uploads\/2018\/03\/4.2_0001_Strand.jpg\" data-rel=\"prettyPhoto[image_gallery_pretty_photo-844]\" title=\"4.2_0001_Strand\">\n\t\t\t\t\t\t\t\t\t\t\t<img loading=\"lazy\" decoding=\"async\" src=\"https:\/\/www.tourismthailand.ch\/wp-content\/uploads\/2018\/03\/4.2_0001_Strand-310x310.jpg\" alt=\"\" width=\"310\" height=\"310\" \/>\t\t\t\t\t\t\t\t\t\t\t<\/a>\n\t\t\t\t\t\t\t\t\t<\/div>\n\t\t\t<\/div>\n\t\t\t\t\t<div class=\"mkdf-ig-image mkdf-item-space\">\n\t\t\t\t<div class=\"mkdf-ig-image-inner\">\n\t\t\t\t\t\t\t\t\t\t\t<a itemprop=\"image\" class=\"mkdf-ig-lightbox\" href=\"https:\/\/www.tourismthailand.ch\/wp-content\/uploads\/2018\/03\/4.2_0005_spa.jpg\" data-rel=\"prettyPhoto[image_gallery_pretty_photo-844]\" title=\"4.2_0005_spa\">\n\t\t\t\t\t\t\t\t\t\t\t<img loading=\"lazy\" decoding=\"async\" src=\"https:\/\/www.tourismthailand.ch\/wp-content\/uploads\/2018\/03\/4.2_0005_spa-310x310.jpg\" alt=\"\" width=\"310\" height=\"310\" \/>\t\t\t\t\t\t\t\t\t\t\t<\/a>\n\t\t\t\t\t\t\t\t\t<\/div>\n\t\t\t<\/div>\n\t\t\t<\/div>\n<\/div>[vc_column_text]<\/p>\n<h3>Il massagio tradizionale thailandese<\/h3>\n<p>Il massaggio tradizionale thailandese deriva dall&#8217;antica medicina orientale e ha pi\u00f9 di 2&#8217;500 anni. Combina le tecniche di yoga e di digitopressione e stimola i punti energetici del corpo. Il massaggio thailandese dovrebbe essere inteso come una pratica spirituale vicina agli insegnamenti del Buddha. Se si \u00e8 in uno stato rilassato, quasi meditativo, il massaggiatore pu\u00f2 sentire meglio i punti energetici del corpo. Dopo attivit\u00e0 faticose o un lungo volo, i benefici sperimentati attraverso un massaggio tailandese difficilmente possono essere espressi a parole. I massaggi tailandesi possono essere praticati da professionisti addestrati sulla spiaggia (particolarmente economici), nei centri termali di molti hotel o in speciali centri di salute e centri diurni.[\/vc_column_text][vc_empty_space][vc_column_text]<\/p>\n<h3>Spa diurne<\/h3>\n<p>Non solo l&#8217;atmosfera invitante e le tecniche di massaggio tradizionali nei numerosi centri termali rendono la visita in questi luoghi un&#8217;esperienza speciale; la posizione idilliaca in un ambiente naturale e l&#8217;arredamento tradizionale combinato con il design contemporaneo creano l&#8217;ambiente thailandese unico. Non appena entrerete nelle oasi termali vi sentirete come se foste in un altro mondo, un mondo dove tutto avviene con molta pi\u00f9 calma e serenit\u00e0 di quanto non siate abituati nella vostra vita. Questi centri termali, che garantiscono un&#8217;esperienza di coccole unica, si trovano quasi ovunque in Thailandia.[\/vc_column_text][vc_empty_space][vc_column_text]<\/p>\n<h3>Meditazione<\/h3>\n<p>Oltre ad un benefico massaggio thailandese o ad altri trattamenti tradizionali di benessere, in Thailandia esiste un altro metodo di successo per riprendersi dallo stress a casa e raggiungere un profondo rilassamento: Numerosi monasteri del Paese aprono le loro porte a coloro che cercano la pace e la tranquillit\u00e0 e che desiderano imparare a trovare il loro equilibrio interiore nella vita quotidiana attraverso la meditazione. Un soggiorno di questo tipo ha gi\u00e0 aiutato molti visitatori occidentali ad affrontare meglio la vita frenetica nel loro Paese d&#8217;origine. Molti templi e centri di meditazione gestiti privatamente offrono ai viaggiatori stranieri l&#8217;opportunit\u00e0 di imparare l&#8217;alta arte della meditazione in una grande variet\u00e0 di ambienti, all&#8217;interno di mura intrise di storia. Ci sono diversi stili di meditazione, ma i pi\u00f9 comuni sono il Samatha (lo sviluppo della tranquillit\u00e0) e il Vipassana (lo sviluppo della visione chiara). Entrambi aiutano a concentrarsi meglio e a diventare pi\u00f9 equilibrati, il che porta ad un atteggiamento pi\u00f9 soddisfatto e ottimista.[\/vc_column_text][vc_empty_space][vc_column_text]<\/p>\n<h3>Cure detossinanti<\/h3>\n<p>La mancanza di sonno, la malnutrizione e la mancanza di esercizio fisico generano tossine nell&#8217;organismo e ostacolano le funzioni vitali. Durante una cura di disintossicazione si presta particolare attenzione ai cambiamenti dietetici, alla forma fisica e alla bellezza, al fine di eliminare queste tossine. La cucina tailandese offre una lista di prelibatezze fresche ideali per la disintossicazione.[\/vc_column_text][vc_empty_space height=&#8221;108px&#8221;][\/vc_column][\/vc_row]<\/p>\n<\/div>","protected":false},"excerpt":{"rendered":"<p>[vc_row][vc_column][vc_column_text] L&#8217;oasi del benessere e del relax [\/vc_column_text][vc_column_text]Il regno della Thailandia non \u00e8 accattivante solo per le sue pittoresche spiagge, ma soprattutto per l&#8217;ampia offerta di trattamenti benessere. Dal tradizionale massaggio thailandese alle belle strutture termali, le esigenze di benessere sono pienamente soddisfatte. L&#8217;offerta unica \u00e8 perfezionata da antichi saperi, riti e usanze tradizionali e stabilisce cos\u00ec degli standard a livello mondiale. Non a caso i thailandesi sono orgogliosi di essere il centro benessere dell&#8217;Asia: Quasi in ogni angolo si pu\u00f2 trovare una buona offerta per un massaggio, [&hellip;]<\/p>\n","protected":false},"author":1,"featured_media":4572,"parent":5166,"menu_order":0,"comment_status":"closed","ping_status":"closed","template":"","meta":{"footnotes":""},"class_list":["post-5220","page","type-page","status-publish","has-post-thumbnail","hentry"],"yoast_head":"<!-- This site is optimized with the Yoast SEO plugin v27.4 - https:\/\/yoast.com\/product\/yoast-seo-wordpress\/ -->\n<title>Spa e benessere - Ente Nazionale del Turismo Thailandese<\/title>\n<meta name=\"description\" content=\"Il regno della Thailandia non \u00e8 accattivante solo per le sue pittoresche spiagge, ma soprattutto per l\u2019ampia offerta di trattamenti benessere.\" \/>\n<meta name=\"robots\" content=\"index, follow, max-snippet:-1, max-image-preview:large, max-video-preview:-1\" \/>\n<link rel=\"canonical\" href=\"https:\/\/www.tourismthailand.ch\/it\/esperienze\/spa-e-benessere\/\" \/>\n<meta property=\"og:locale\" content=\"it_IT\" \/>\n<meta property=\"og:type\" content=\"article\" \/>\n<meta property=\"og:title\" content=\"Spa e benessere - Ente Nazionale del Turismo Thailandese\" \/>\n<meta property=\"og:description\" content=\"Il regno della Thailandia non \u00e8 accattivante solo per le sue pittoresche spiagge, ma soprattutto per l\u2019ampia offerta di trattamenti benessere.\" \/>\n<meta property=\"og:url\" content=\"https:\/\/www.tourismthailand.ch\/it\/esperienze\/spa-e-benessere\/\" \/>\n<meta property=\"og:site_name\" content=\"Offizielle Seite Thail\u00e4ndisches Fremdenverkehrsamt\" \/>\n<meta property=\"article:publisher\" content=\"https:\/\/www.facebook.com\/TATSwitzerland\" \/>\n<meta property=\"article:modified_time\" content=\"2020-12-07T13:14:46+00:00\" \/>\n<meta property=\"og:image\" content=\"https:\/\/www.tourismthailand.ch\/wp-content\/uploads\/2018\/03\/4.2_0003_spa2.jpg\" \/>\n\t<meta property=\"og:image:width\" content=\"1920\" \/>\n\t<meta property=\"og:image:height\" content=\"1080\" \/>\n\t<meta property=\"og:image:type\" content=\"image\/jpeg\" \/>\n<meta name=\"twitter:card\" content=\"summary_large_image\" \/>\n<meta name=\"twitter:label1\" content=\"Est. reading time\" \/>\n\t<meta name=\"twitter:data1\" content=\"4 minutes\" \/>\n<script type=\"application\/ld+json\" class=\"yoast-schema-graph\">{\"@context\":\"https:\\\/\\\/schema.org\",\"@graph\":[{\"@type\":\"WebPage\",\"@id\":\"https:\\\/\\\/www.tourismthailand.ch\\\/it\\\/esperienze\\\/spa-e-benessere\\\/\",\"url\":\"https:\\\/\\\/www.tourismthailand.ch\\\/it\\\/esperienze\\\/spa-e-benessere\\\/\",\"name\":\"Spa e benessere - Ente Nazionale del Turismo Thailandese\",\"isPartOf\":{\"@id\":\"https:\\\/\\\/www.tourismthailand.ch\\\/it\\\/#website\"},\"primaryImageOfPage\":{\"@id\":\"https:\\\/\\\/www.tourismthailand.ch\\\/it\\\/esperienze\\\/spa-e-benessere\\\/#primaryimage\"},\"image\":{\"@id\":\"https:\\\/\\\/www.tourismthailand.ch\\\/it\\\/esperienze\\\/spa-e-benessere\\\/#primaryimage\"},\"thumbnailUrl\":\"https:\\\/\\\/www.tourismthailand.ch\\\/wp-content\\\/uploads\\\/2018\\\/03\\\/4.2_0003_spa2.jpg\",\"datePublished\":\"2020-11-27T08:08:38+00:00\",\"dateModified\":\"2020-12-07T13:14:46+00:00\",\"description\":\"Il regno della Thailandia non \u00e8 accattivante solo per le sue pittoresche spiagge, ma soprattutto per l\u2019ampia offerta di trattamenti benessere.\",\"breadcrumb\":{\"@id\":\"https:\\\/\\\/www.tourismthailand.ch\\\/it\\\/esperienze\\\/spa-e-benessere\\\/#breadcrumb\"},\"inLanguage\":\"it-CH\",\"potentialAction\":[{\"@type\":\"ReadAction\",\"target\":[\"https:\\\/\\\/www.tourismthailand.ch\\\/it\\\/esperienze\\\/spa-e-benessere\\\/\"]}]},{\"@type\":\"ImageObject\",\"inLanguage\":\"it-CH\",\"@id\":\"https:\\\/\\\/www.tourismthailand.ch\\\/it\\\/esperienze\\\/spa-e-benessere\\\/#primaryimage\",\"url\":\"https:\\\/\\\/www.tourismthailand.ch\\\/wp-content\\\/uploads\\\/2018\\\/03\\\/4.2_0003_spa2.jpg\",\"contentUrl\":\"https:\\\/\\\/www.tourismthailand.ch\\\/wp-content\\\/uploads\\\/2018\\\/03\\\/4.2_0003_spa2.jpg\",\"width\":1920,\"height\":1080,\"caption\":\"Eine thail\u00e4ndische Fussmassage\"},{\"@type\":\"BreadcrumbList\",\"@id\":\"https:\\\/\\\/www.tourismthailand.ch\\\/it\\\/esperienze\\\/spa-e-benessere\\\/#breadcrumb\",\"itemListElement\":[{\"@type\":\"ListItem\",\"position\":1,\"name\":\"Startseite\",\"item\":\"https:\\\/\\\/www.tourismthailand.ch\\\/it\\\/\"},{\"@type\":\"ListItem\",\"position\":2,\"name\":\"Esperienze\",\"item\":\"https:\\\/\\\/www.tourismthailand.ch\\\/it\\\/esperienze\\\/\"},{\"@type\":\"ListItem\",\"position\":3,\"name\":\"Spa e benessere\"}]},{\"@type\":\"WebSite\",\"@id\":\"https:\\\/\\\/www.tourismthailand.ch\\\/it\\\/#website\",\"url\":\"https:\\\/\\\/www.tourismthailand.ch\\\/it\\\/\",\"name\":\"Offizielle Seite Thail\u00e4ndisches Fremdenverkehrsamt\",\"description\":\"tourismthailand.ch\",\"potentialAction\":[{\"@type\":\"SearchAction\",\"target\":{\"@type\":\"EntryPoint\",\"urlTemplate\":\"https:\\\/\\\/www.tourismthailand.ch\\\/it\\\/?s={search_term_string}\"},\"query-input\":{\"@type\":\"PropertyValueSpecification\",\"valueRequired\":true,\"valueName\":\"search_term_string\"}}],\"inLanguage\":\"it-CH\"}]}<\/script>\n<!-- \/ Yoast SEO plugin. -->","yoast_head_json":{"title":"Spa e benessere - Ente Nazionale del Turismo Thailandese","description":"Il regno della Thailandia non \u00e8 accattivante solo per le sue pittoresche spiagge, ma soprattutto per l\u2019ampia offerta di trattamenti benessere.","robots":{"index":"index","follow":"follow","max-snippet":"max-snippet:-1","max-image-preview":"max-image-preview:large","max-video-preview":"max-video-preview:-1"},"canonical":"https:\/\/www.tourismthailand.ch\/it\/esperienze\/spa-e-benessere\/","og_locale":"it_IT","og_type":"article","og_title":"Spa e benessere - Ente Nazionale del Turismo Thailandese","og_description":"Il regno della Thailandia non \u00e8 accattivante solo per le sue pittoresche spiagge, ma soprattutto per l\u2019ampia offerta di trattamenti benessere.","og_url":"https:\/\/www.tourismthailand.ch\/it\/esperienze\/spa-e-benessere\/","og_site_name":"Offizielle Seite Thail\u00e4ndisches Fremdenverkehrsamt","article_publisher":"https:\/\/www.facebook.com\/TATSwitzerland","article_modified_time":"2020-12-07T13:14:46+00:00","og_image":[{"width":1920,"height":1080,"url":"https:\/\/www.tourismthailand.ch\/wp-content\/uploads\/2018\/03\/4.2_0003_spa2.jpg","type":"image\/jpeg"}],"twitter_card":"summary_large_image","twitter_misc":{"Est. reading time":"4 minutes"},"schema":{"@context":"https:\/\/schema.org","@graph":[{"@type":"WebPage","@id":"https:\/\/www.tourismthailand.ch\/it\/esperienze\/spa-e-benessere\/","url":"https:\/\/www.tourismthailand.ch\/it\/esperienze\/spa-e-benessere\/","name":"Spa e benessere - Ente Nazionale del Turismo Thailandese","isPartOf":{"@id":"https:\/\/www.tourismthailand.ch\/it\/#website"},"primaryImageOfPage":{"@id":"https:\/\/www.tourismthailand.ch\/it\/esperienze\/spa-e-benessere\/#primaryimage"},"image":{"@id":"https:\/\/www.tourismthailand.ch\/it\/esperienze\/spa-e-benessere\/#primaryimage"},"thumbnailUrl":"https:\/\/www.tourismthailand.ch\/wp-content\/uploads\/2018\/03\/4.2_0003_spa2.jpg","datePublished":"2020-11-27T08:08:38+00:00","dateModified":"2020-12-07T13:14:46+00:00","description":"Il regno della Thailandia non \u00e8 accattivante solo per le sue pittoresche spiagge, ma soprattutto per l\u2019ampia offerta di trattamenti benessere.","breadcrumb":{"@id":"https:\/\/www.tourismthailand.ch\/it\/esperienze\/spa-e-benessere\/#breadcrumb"},"inLanguage":"it-CH","potentialAction":[{"@type":"ReadAction","target":["https:\/\/www.tourismthailand.ch\/it\/esperienze\/spa-e-benessere\/"]}]},{"@type":"ImageObject","inLanguage":"it-CH","@id":"https:\/\/www.tourismthailand.ch\/it\/esperienze\/spa-e-benessere\/#primaryimage","url":"https:\/\/www.tourismthailand.ch\/wp-content\/uploads\/2018\/03\/4.2_0003_spa2.jpg","contentUrl":"https:\/\/www.tourismthailand.ch\/wp-content\/uploads\/2018\/03\/4.2_0003_spa2.jpg","width":1920,"height":1080,"caption":"Eine thail\u00e4ndische Fussmassage"},{"@type":"BreadcrumbList","@id":"https:\/\/www.tourismthailand.ch\/it\/esperienze\/spa-e-benessere\/#breadcrumb","itemListElement":[{"@type":"ListItem","position":1,"name":"Startseite","item":"https:\/\/www.tourismthailand.ch\/it\/"},{"@type":"ListItem","position":2,"name":"Esperienze","item":"https:\/\/www.tourismthailand.ch\/it\/esperienze\/"},{"@type":"ListItem","position":3,"name":"Spa e benessere"}]},{"@type":"WebSite","@id":"https:\/\/www.tourismthailand.ch\/it\/#website","url":"https:\/\/www.tourismthailand.ch\/it\/","name":"Offizielle Seite Thail\u00e4ndisches Fremdenverkehrsamt","description":"tourismthailand.ch","potentialAction":[{"@type":"SearchAction","target":{"@type":"EntryPoint","urlTemplate":"https:\/\/www.tourismthailand.ch\/it\/?s={search_term_string}"},"query-input":{"@type":"PropertyValueSpecification","valueRequired":true,"valueName":"search_term_string"}}],"inLanguage":"it-CH"}]}},"_links":{"self":[{"href":"https:\/\/www.tourismthailand.ch\/it\/wp-json\/wp\/v2\/pages\/5220","targetHints":{"allow":["GET"]}}],"collection":[{"href":"https:\/\/www.tourismthailand.ch\/it\/wp-json\/wp\/v2\/pages"}],"about":[{"href":"https:\/\/www.tourismthailand.ch\/it\/wp-json\/wp\/v2\/types\/page"}],"author":[{"embeddable":true,"href":"https:\/\/www.tourismthailand.ch\/it\/wp-json\/wp\/v2\/users\/1"}],"replies":[{"embeddable":true,"href":"https:\/\/www.tourismthailand.ch\/it\/wp-json\/wp\/v2\/comments?post=5220"}],"version-history":[{"count":0,"href":"https:\/\/www.tourismthailand.ch\/it\/wp-json\/wp\/v2\/pages\/5220\/revisions"}],"up":[{"embeddable":true,"href":"https:\/\/www.tourismthailand.ch\/it\/wp-json\/wp\/v2\/pages\/5166"}],"wp:featuredmedia":[{"embeddable":true,"href":"https:\/\/www.tourismthailand.ch\/it\/wp-json\/wp\/v2\/media\/4572"}],"wp:attachment":[{"href":"https:\/\/www.tourismthailand.ch\/it\/wp-json\/wp\/v2\/media?parent=5220"}],"curies":[{"name":"wp","href":"https:\/\/api.w.org\/{rel}","templated":true}]}}