{"id":5174,"date":"2020-11-20T17:18:20","date_gmt":"2020-11-20T16:18:20","guid":{"rendered":"https:\/\/www.tourismthailand.ch\/esperienze\/isole-spiagge-e-mare\/"},"modified":"2020-12-07T14:03:47","modified_gmt":"2020-12-07T13:03:47","slug":"isole-spiagge-e-mare","status":"publish","type":"page","link":"https:\/\/www.tourismthailand.ch\/it\/esperienze\/isole-spiagge-e-mare\/","title":{"rendered":"Isole, spiagge e mare"},"content":{"rendered":"<div class=\"wpb-content-wrapper\"><p>[vc_row][vc_column][vc_column_text]<\/p>\n<h2>Via al Sud<\/h2>\n<p>[\/vc_column_text][vc_column_text]Cercate la vacanza perfetta con sole, spiaggia e mare? Allora la Thailandia \u00e8 la vostra meta ideale per le vacanze: acqua turchese, spiagge di sabbia fine e temperature calde tutto l&#8217;anno. Volete scoprire baie solitarie e paradisi isolani, concedervi il lusso e il benessere nei migliori hotel o conoscere la vita degli abitanti delle isole pi\u00f9 remote?<\/p>\n<p>Ogni spiaggia e isola thailandese ha un proprio carattere e una propria identit\u00e0 e quindi attira un tipo specifico di visitatore. Tipicamente e notevolmente, queste differenze possono esistere non solo tra le singole isole, ma anche tra due spiagge vicine. Se una spiaggia offre puro divertimento, la spiaggia pi\u00f9 vicina sulla stessa isola a pochi chilometri di distanza pu\u00f2 essere l&#8217;ideale per chi cerca una vacanza tranquilla.[\/vc_column_text][vc_empty_space]<div class=\"mkdf-image-gallery  mkdf-ig-grid-type mkdf-normal-space  mkdf-image-behavior-lightbox\">\n\t<div class=\"mkdf-ig-inner mkdf-outer-space mkdf-ig-grid mkdf-ig-four-columns\">\n\t\t\t\t\t<div class=\"mkdf-ig-image mkdf-item-space\">\n\t\t\t\t<div class=\"mkdf-ig-image-inner\">\n\t\t\t\t\t\t\t\t\t\t\t<a itemprop=\"image\" class=\"mkdf-ig-lightbox\" href=\"https:\/\/www.tourismthailand.ch\/wp-content\/uploads\/2018\/03\/4.1-_0017_Ko-Kho-Khao.jpg\" data-rel=\"prettyPhoto[image_gallery_pretty_photo-554]\" title=\"4.1-_0017_Ko-Kho-Khao\">\n\t\t\t\t\t\t\t\t\t\t\t<img loading=\"lazy\" decoding=\"async\" src=\"https:\/\/www.tourismthailand.ch\/wp-content\/uploads\/2018\/03\/4.1-_0017_Ko-Kho-Khao-310x310.jpg\" alt=\"\" width=\"310\" height=\"310\" \/>\t\t\t\t\t\t\t\t\t\t\t<\/a>\n\t\t\t\t\t\t\t\t\t<\/div>\n\t\t\t<\/div>\n\t\t\t\t\t<div class=\"mkdf-ig-image mkdf-item-space\">\n\t\t\t\t<div class=\"mkdf-ig-image-inner\">\n\t\t\t\t\t\t\t\t\t\t\t<a itemprop=\"image\" class=\"mkdf-ig-lightbox\" href=\"https:\/\/www.tourismthailand.ch\/wp-content\/uploads\/2018\/03\/4.1-_0011_Kradan-Island.jpg\" data-rel=\"prettyPhoto[image_gallery_pretty_photo-554]\" title=\"4.1-_0011_Kradan-Island\">\n\t\t\t\t\t\t\t\t\t\t\t<img loading=\"lazy\" decoding=\"async\" src=\"https:\/\/www.tourismthailand.ch\/wp-content\/uploads\/2018\/03\/4.1-_0011_Kradan-Island-310x310.jpg\" alt=\"\" width=\"310\" height=\"310\" \/>\t\t\t\t\t\t\t\t\t\t\t<\/a>\n\t\t\t\t\t\t\t\t\t<\/div>\n\t\t\t<\/div>\n\t\t\t\t\t<div class=\"mkdf-ig-image mkdf-item-space\">\n\t\t\t\t<div class=\"mkdf-ig-image-inner\">\n\t\t\t\t\t\t\t\t\t\t\t<a itemprop=\"image\" class=\"mkdf-ig-lightbox\" href=\"https:\/\/www.tourismthailand.ch\/wp-content\/uploads\/2018\/03\/4.1-_0006_Phang-Nga-Bay.jpg\" data-rel=\"prettyPhoto[image_gallery_pretty_photo-554]\" title=\"4.1-_0006_Phang-Nga-Bay\">\n\t\t\t\t\t\t\t\t\t\t\t<img loading=\"lazy\" decoding=\"async\" src=\"https:\/\/www.tourismthailand.ch\/wp-content\/uploads\/2018\/03\/4.1-_0006_Phang-Nga-Bay-310x310.jpg\" alt=\"\" width=\"310\" height=\"310\" \/>\t\t\t\t\t\t\t\t\t\t\t<\/a>\n\t\t\t\t\t\t\t\t\t<\/div>\n\t\t\t<\/div>\n\t\t\t\t\t<div class=\"mkdf-ig-image mkdf-item-space\">\n\t\t\t\t<div class=\"mkdf-ig-image-inner\">\n\t\t\t\t\t\t\t\t\t\t\t<a itemprop=\"image\" class=\"mkdf-ig-lightbox\" href=\"https:\/\/www.tourismthailand.ch\/wp-content\/uploads\/2018\/03\/4.1-_0001_Strand1.jpg\" data-rel=\"prettyPhoto[image_gallery_pretty_photo-554]\" title=\"4.1-_0001_Strand1\">\n\t\t\t\t\t\t\t\t\t\t\t<img loading=\"lazy\" decoding=\"async\" src=\"https:\/\/www.tourismthailand.ch\/wp-content\/uploads\/2018\/03\/4.1-_0001_Strand1-310x310.jpg\" alt=\"\" width=\"310\" height=\"310\" \/>\t\t\t\t\t\t\t\t\t\t\t<\/a>\n\t\t\t\t\t\t\t\t\t<\/div>\n\t\t\t<\/div>\n\t\t\t<\/div>\n<\/div>[vc_column_text]<\/p>\n<h3>Nuotare e fare il bagno in mare<\/h3>\n<p>Per gli appassionati di nuoto ci sono numerose spiagge che scendono a picco nel mare e sono quindi quasi incontaminate dalla bassa marea, permettendo di nuotare tutto il giorno. Per i bambini e i visitatori che vogliono solo sguazzare, ci sono spiagge poco profonde che invitano a fare lunghe passeggiate con i piedi nell&#8217;acqua.[\/vc_column_text][vc_empty_space][vc_column_text]<\/p>\n<h3>Divertimento e intrattenimento<\/h3>\n<p>Gli amanti della vita notturna e delle feste si danno da fare soprattutto nei centri delle popolari localit\u00e0 turistiche. A Patong Beach a Phuket si pu\u00f2 trovare divertimento 24 ore su 24. I venditori sulla spiaggia offrono prelibatezze culinarie e souvenir, numerosi stand gastronomici e piccole bancarelle del mercato invitano a passeggiare e si pu\u00f2 anche godere di un rilassante massaggio tradizionale. Non appena cala il crepuscolo, il lungomare si trasforma in un mare di luci colorate e i numerosi ristoranti, bar e locali aprono le porte per una lunga notte. Altrettanto vivace \u00e8 la spiaggia di Chaweng Beach a Koh Samui, dove i viaggiatori con lo zaino in spalla e i giramondo si scatenano lungo il lungomare dall&#8217;alba al tramonto. La vivace localit\u00e0 balneare di Pattaya \u00e8 anche una meta ideale per i viaggiatori in cerca di divertimento con centri commerciali, ristoranti, bar e molte attivit\u00e0 di sport acquatici.<\/p>\n<p>CONSIGLIO! I visitatori che preferiscono rilassarsi su una spiaggia tranquilla durante il giorno, ma vorrebbero fare qualcosa la sera, possono soggiornare negli angoli pi\u00f9 remoti di Phuket o Koh Samui, e la sera, dopo un breve tragitto in auto, si dirigono verso la vita notturna di questi luoghi affollati.<\/p>\n<p>Se volete combinare la vostra vacanza al mare con la conoscenza della cultura locale, potreste essere attratti da Cha-Am, Koh Samet o Rayong. Queste zone di villeggiatura sono ugualmente popolari tra gli ospiti thailandesi e stranieri. I viaggiatori pi\u00f9 avventurosi possono esplorare il paesaggio roccioso calcareo di Krabi in kayak o fare un&#8217;escursione nel Parco Nazionale Khao Sok non lontano dal popolare Khao Lak Bedeort. L&#8217;isola degli elefanti in gran parte incontaminata di Koh Chang offre l&#8217;ambiente ideale per gli amanti della natura che preferiscono rilassarsi su una spiaggia tranquilla e vogliono comunque esplorare la flora e la fauna tropicale dell&#8217;interno dell&#8217;isola.[\/vc_column_text][vc_empty_space][vc_column_text]<\/p>\n<h3>Riposo e svago<\/h3>\n<p>Per i viaggiatori in cerca di pace e tranquillit\u00e0, che non vogliono fare a meno delle infrastrutture della zona, luoghi come Hua Hin, Khao Lak, Krabi o le spiagge di Maenam a Koh Samui e Nai Thon a Phuket sono l&#8217;ideale. Per chi vuole vivere una vacanza in solitario ci sono molte piccole isole con alloggi semplici come Koh Phayam (Ranong), Koh Mak (Trat), Koh Jum (Krabi) o Koh Kradan (Trang). Qui troverete spiagge deserte, tanta pace e natura incontaminata. Le coppie innamorate e le coppie in luna di miele in cerca di un rifugio romantico sono ben curate su piccole isole con confortevoli hotel come Koh Phangan, Koh Racha o Koh Yao Noi. Le famiglie sono particolarmente ben soddisfatte a Khao Lak o Hua Hin, dove \u00e8 disponibile una variet\u00e0 di hotel per famiglie. Ma anche la spiaggia Lamai a Koh Samui o la spiaggia Bang Thao a Phuket sono ideali per una vacanza attiva in famiglia.<\/p>\n<h4>I consigli degli esperti &#8211; gioielli nascosti<\/h4>\n<p>Il Mare delle Andamane meridionale \u00e8 perfetto per il giro delle isole in Thailandia. Ma dove andare?<\/p>\n<p>Koh Phayam a due ore di barca dal molo di Ranong, Ko Phayam \u00e8 conosciuta sia per le sue lunghe spiagge di sabbia bianca sia per gli anacardi coltivati sull&#8217;isola. Il mare lungo la costa \u00e8 circondato da splendide barriere coralline. Le pi\u00f9 belle sono sul lato ovest dell&#8217;isola, dove ci sono anche bungalow per i visitatori. La spiaggia migliore su cui soggiornare \u00e8 Hat Kham, si trova nella parte meridionale, con sabbia bianca in una zona tranquilla.<\/p>\n<p><strong>Isole Raya<br \/>\n<\/strong>Le Isole Racha sono principalmente conosciute come eccellenti destinazioni per le immersioni e lo snorkeling in Thailandia, situate a circa 12 km a sud di Phuket, Racha Noi \u00e8 disabitata, ma ci sono alcune eccellenti opportunit\u00e0 di immersione nella zona. Racha Yai ha diversi bungalow e resort se volete trascorrere uno o pi\u00f9 giorni sull&#8217;isola.<\/p>\n<p><strong>Ko Yao Noi &amp; Ko Yao Yai<br \/>\n<\/strong>Koh Yao Noi e Koh Yao Yai sono due isole nel mezzo della baia di Phang Nga, equidistanti da Phuket e dalla terraferma Krabi. Mentre il ritmo di sviluppo sta accelerando, soprattutto a Koh Yao Noi, le isole rimangono un tranquillo rifugio lontano dalla folla di Phuket. Altre attivit\u00e0 sull&#8217;isola includono pesca, kayak, escursioni a piedi, snorkeling e nuoto.<\/p>\n<p><strong>Ko Jum<br \/>\n<\/strong>Piccola, tranquilla e silenziosa, Koh Jum \u00e8 una delle isole pi\u00f9 rilassanti della Thailandia. Situata a met\u00e0 strada tra Ao Nang e Koh Lanta, questa piccola isola ospita alcune delle spiagge pi\u00f9 tranquille e deserte della Thailandia e piccoli bungalow resort.<\/p>\n<p><strong>Ko Ngai<br \/>\n<\/strong>Koh Ngai (anche chiamata Koh Hai) \u00e8 una piccola ma bellissima isola sul Mare delle Andamane. Privata, idilliaca, con un bellissimo paesaggio, una spiaggia di sabbia bianca e acqua di mare cristallina. Quindi se volete fare island hopping in Thailandia, dovreste assolutamente visitare quest&#8217;isola.<\/p>\n<p><strong>Ko Muk<br \/>\n<\/strong>Ko Muk \u00e8 una vera destinazione da sogno. Su quest&#8217;isola che appartiene alla regione di Trang co sono pochissimi turisti. \u00c8 tranquilla, ha spiagge affascinanti ed \u00e8 perfetta per fare un salto alle isole circostanti come Koh Kradan o Koh Ngai. Koh Muk si trova sulla costa occidentale della Thailandia nel Mare delle Andamane, ma \u00e8 sconosciuto a molti viaggiatori.<\/p>\n<p><strong>Ko Kradan<br \/>\n<\/strong>Tra le tante isole, Koh Kradan \u00e8 probabilmente la pi\u00f9 conosciuta e la pi\u00f9 bella di Trang. L&#8217;isola \u00e8 costituita da grandi spiagge bianche e polverose, acque smeraldine e coralli di acqua bassa.<\/p>\n<p><strong>Ko Lipe<br \/>\n<\/strong>Le caratteristiche principali di Koh Lipe sono le barriere coralline naturali, la bellezza di un&#8217;enorme baia aperta e una spiaggia di sabbia.[\/vc_column_text][vc_empty_space height=&#8221;108px&#8221;][\/vc_column][\/vc_row]<\/p>\n<\/div>","protected":false},"excerpt":{"rendered":"<p>[vc_row][vc_column][vc_column_text] Via al Sud [\/vc_column_text][vc_column_text]Cercate la vacanza perfetta con sole, spiaggia e mare? Allora la Thailandia \u00e8 la vostra meta ideale per le vacanze: acqua turchese, spiagge di sabbia fine e temperature calde tutto l&#8217;anno. Volete scoprire baie solitarie e paradisi isolani, concedervi il lusso e il benessere nei migliori hotel o conoscere la vita degli abitanti delle isole pi\u00f9 remote? Ogni spiaggia e isola thailandese ha un proprio carattere e una propria identit\u00e0 e quindi attira un tipo specifico di visitatore. Tipicamente e notevolmente, queste differenze possono [&hellip;]<\/p>\n","protected":false},"author":1,"featured_media":4800,"parent":5166,"menu_order":0,"comment_status":"closed","ping_status":"closed","template":"","meta":{"footnotes":""},"class_list":["post-5174","page","type-page","status-publish","has-post-thumbnail","hentry"],"yoast_head":"<!-- This site is optimized with the Yoast SEO plugin v27.4 - https:\/\/yoast.com\/product\/yoast-seo-wordpress\/ -->\n<title>Isole, spiagge e mare - Offizielle Seite Thail\u00e4ndisches Fremdenverkehrsamt<\/title>\n<meta name=\"robots\" content=\"index, follow, max-snippet:-1, max-image-preview:large, max-video-preview:-1\" \/>\n<link rel=\"canonical\" href=\"https:\/\/www.tourismthailand.ch\/it\/esperienze\/isole-spiagge-e-mare\/\" \/>\n<meta property=\"og:locale\" content=\"it_IT\" \/>\n<meta property=\"og:type\" content=\"article\" \/>\n<meta property=\"og:title\" content=\"Isole, spiagge e mare - Offizielle Seite Thail\u00e4ndisches Fremdenverkehrsamt\" \/>\n<meta property=\"og:description\" content=\"[vc_row][vc_column][vc_column_text] Via al Sud [\/vc_column_text][vc_column_text]Cercate la vacanza perfetta con sole, spiaggia e mare? Allora la Thailandia \u00e8 la vostra meta ideale per le vacanze: acqua turchese, spiagge di sabbia fine e temperature calde tutto l&#8217;anno. Volete scoprire baie solitarie e paradisi isolani, concedervi il lusso e il benessere nei migliori hotel o conoscere la vita degli abitanti delle isole pi\u00f9 remote? Ogni spiaggia e isola thailandese ha un proprio carattere e una propria identit\u00e0 e quindi attira un tipo specifico di visitatore. Tipicamente e notevolmente, queste differenze possono [&hellip;]\" \/>\n<meta property=\"og:url\" content=\"https:\/\/www.tourismthailand.ch\/it\/esperienze\/isole-spiagge-e-mare\/\" \/>\n<meta property=\"og:site_name\" content=\"Offizielle Seite Thail\u00e4ndisches Fremdenverkehrsamt\" \/>\n<meta property=\"article:publisher\" content=\"https:\/\/www.facebook.com\/TATSwitzerland\" \/>\n<meta property=\"article:modified_time\" content=\"2020-12-07T13:03:47+00:00\" \/>\n<meta property=\"og:image\" content=\"https:\/\/www.tourismthailand.ch\/wp-content\/uploads\/2020\/10\/Khao-Lak_0010_Hintergrund.jpg\" \/>\n\t<meta property=\"og:image:width\" content=\"1920\" \/>\n\t<meta property=\"og:image:height\" content=\"833\" \/>\n\t<meta property=\"og:image:type\" content=\"image\/jpeg\" \/>\n<meta name=\"twitter:card\" content=\"summary_large_image\" \/>\n<meta name=\"twitter:label1\" content=\"Est. reading time\" \/>\n\t<meta name=\"twitter:data1\" content=\"6 minutes\" \/>\n<script type=\"application\/ld+json\" class=\"yoast-schema-graph\">{\"@context\":\"https:\\\/\\\/schema.org\",\"@graph\":[{\"@type\":\"WebPage\",\"@id\":\"https:\\\/\\\/www.tourismthailand.ch\\\/it\\\/esperienze\\\/isole-spiagge-e-mare\\\/\",\"url\":\"https:\\\/\\\/www.tourismthailand.ch\\\/it\\\/esperienze\\\/isole-spiagge-e-mare\\\/\",\"name\":\"Isole, spiagge e mare - Offizielle Seite Thail\u00e4ndisches Fremdenverkehrsamt\",\"isPartOf\":{\"@id\":\"https:\\\/\\\/www.tourismthailand.ch\\\/it\\\/#website\"},\"primaryImageOfPage\":{\"@id\":\"https:\\\/\\\/www.tourismthailand.ch\\\/it\\\/esperienze\\\/isole-spiagge-e-mare\\\/#primaryimage\"},\"image\":{\"@id\":\"https:\\\/\\\/www.tourismthailand.ch\\\/it\\\/esperienze\\\/isole-spiagge-e-mare\\\/#primaryimage\"},\"thumbnailUrl\":\"https:\\\/\\\/www.tourismthailand.ch\\\/wp-content\\\/uploads\\\/2020\\\/10\\\/Khao-Lak_0010_Hintergrund.jpg\",\"datePublished\":\"2020-11-20T16:18:20+00:00\",\"dateModified\":\"2020-12-07T13:03:47+00:00\",\"breadcrumb\":{\"@id\":\"https:\\\/\\\/www.tourismthailand.ch\\\/it\\\/esperienze\\\/isole-spiagge-e-mare\\\/#breadcrumb\"},\"inLanguage\":\"it-CH\",\"potentialAction\":[{\"@type\":\"ReadAction\",\"target\":[\"https:\\\/\\\/www.tourismthailand.ch\\\/it\\\/esperienze\\\/isole-spiagge-e-mare\\\/\"]}]},{\"@type\":\"ImageObject\",\"inLanguage\":\"it-CH\",\"@id\":\"https:\\\/\\\/www.tourismthailand.ch\\\/it\\\/esperienze\\\/isole-spiagge-e-mare\\\/#primaryimage\",\"url\":\"https:\\\/\\\/www.tourismthailand.ch\\\/wp-content\\\/uploads\\\/2020\\\/10\\\/Khao-Lak_0010_Hintergrund.jpg\",\"contentUrl\":\"https:\\\/\\\/www.tourismthailand.ch\\\/wp-content\\\/uploads\\\/2020\\\/10\\\/Khao-Lak_0010_Hintergrund.jpg\",\"width\":1920,\"height\":833,\"caption\":\"Khao Lak strahlen weisser Strand\"},{\"@type\":\"BreadcrumbList\",\"@id\":\"https:\\\/\\\/www.tourismthailand.ch\\\/it\\\/esperienze\\\/isole-spiagge-e-mare\\\/#breadcrumb\",\"itemListElement\":[{\"@type\":\"ListItem\",\"position\":1,\"name\":\"Startseite\",\"item\":\"https:\\\/\\\/www.tourismthailand.ch\\\/it\\\/\"},{\"@type\":\"ListItem\",\"position\":2,\"name\":\"Esperienze\",\"item\":\"https:\\\/\\\/www.tourismthailand.ch\\\/it\\\/esperienze\\\/\"},{\"@type\":\"ListItem\",\"position\":3,\"name\":\"Isole, spiagge e mare\"}]},{\"@type\":\"WebSite\",\"@id\":\"https:\\\/\\\/www.tourismthailand.ch\\\/it\\\/#website\",\"url\":\"https:\\\/\\\/www.tourismthailand.ch\\\/it\\\/\",\"name\":\"Offizielle Seite Thail\u00e4ndisches Fremdenverkehrsamt\",\"description\":\"tourismthailand.ch\",\"potentialAction\":[{\"@type\":\"SearchAction\",\"target\":{\"@type\":\"EntryPoint\",\"urlTemplate\":\"https:\\\/\\\/www.tourismthailand.ch\\\/it\\\/?s={search_term_string}\"},\"query-input\":{\"@type\":\"PropertyValueSpecification\",\"valueRequired\":true,\"valueName\":\"search_term_string\"}}],\"inLanguage\":\"it-CH\"}]}<\/script>\n<!-- \/ Yoast SEO plugin. -->","yoast_head_json":{"title":"Isole, spiagge e mare - Offizielle Seite Thail\u00e4ndisches Fremdenverkehrsamt","robots":{"index":"index","follow":"follow","max-snippet":"max-snippet:-1","max-image-preview":"max-image-preview:large","max-video-preview":"max-video-preview:-1"},"canonical":"https:\/\/www.tourismthailand.ch\/it\/esperienze\/isole-spiagge-e-mare\/","og_locale":"it_IT","og_type":"article","og_title":"Isole, spiagge e mare - Offizielle Seite Thail\u00e4ndisches Fremdenverkehrsamt","og_description":"[vc_row][vc_column][vc_column_text] Via al Sud [\/vc_column_text][vc_column_text]Cercate la vacanza perfetta con sole, spiaggia e mare? Allora la Thailandia \u00e8 la vostra meta ideale per le vacanze: acqua turchese, spiagge di sabbia fine e temperature calde tutto l&#8217;anno. Volete scoprire baie solitarie e paradisi isolani, concedervi il lusso e il benessere nei migliori hotel o conoscere la vita degli abitanti delle isole pi\u00f9 remote? Ogni spiaggia e isola thailandese ha un proprio carattere e una propria identit\u00e0 e quindi attira un tipo specifico di visitatore. Tipicamente e notevolmente, queste differenze possono [&hellip;]","og_url":"https:\/\/www.tourismthailand.ch\/it\/esperienze\/isole-spiagge-e-mare\/","og_site_name":"Offizielle Seite Thail\u00e4ndisches Fremdenverkehrsamt","article_publisher":"https:\/\/www.facebook.com\/TATSwitzerland","article_modified_time":"2020-12-07T13:03:47+00:00","og_image":[{"width":1920,"height":833,"url":"https:\/\/www.tourismthailand.ch\/wp-content\/uploads\/2020\/10\/Khao-Lak_0010_Hintergrund.jpg","type":"image\/jpeg"}],"twitter_card":"summary_large_image","twitter_misc":{"Est. reading time":"6 minutes"},"schema":{"@context":"https:\/\/schema.org","@graph":[{"@type":"WebPage","@id":"https:\/\/www.tourismthailand.ch\/it\/esperienze\/isole-spiagge-e-mare\/","url":"https:\/\/www.tourismthailand.ch\/it\/esperienze\/isole-spiagge-e-mare\/","name":"Isole, spiagge e mare - Offizielle Seite Thail\u00e4ndisches Fremdenverkehrsamt","isPartOf":{"@id":"https:\/\/www.tourismthailand.ch\/it\/#website"},"primaryImageOfPage":{"@id":"https:\/\/www.tourismthailand.ch\/it\/esperienze\/isole-spiagge-e-mare\/#primaryimage"},"image":{"@id":"https:\/\/www.tourismthailand.ch\/it\/esperienze\/isole-spiagge-e-mare\/#primaryimage"},"thumbnailUrl":"https:\/\/www.tourismthailand.ch\/wp-content\/uploads\/2020\/10\/Khao-Lak_0010_Hintergrund.jpg","datePublished":"2020-11-20T16:18:20+00:00","dateModified":"2020-12-07T13:03:47+00:00","breadcrumb":{"@id":"https:\/\/www.tourismthailand.ch\/it\/esperienze\/isole-spiagge-e-mare\/#breadcrumb"},"inLanguage":"it-CH","potentialAction":[{"@type":"ReadAction","target":["https:\/\/www.tourismthailand.ch\/it\/esperienze\/isole-spiagge-e-mare\/"]}]},{"@type":"ImageObject","inLanguage":"it-CH","@id":"https:\/\/www.tourismthailand.ch\/it\/esperienze\/isole-spiagge-e-mare\/#primaryimage","url":"https:\/\/www.tourismthailand.ch\/wp-content\/uploads\/2020\/10\/Khao-Lak_0010_Hintergrund.jpg","contentUrl":"https:\/\/www.tourismthailand.ch\/wp-content\/uploads\/2020\/10\/Khao-Lak_0010_Hintergrund.jpg","width":1920,"height":833,"caption":"Khao Lak strahlen weisser Strand"},{"@type":"BreadcrumbList","@id":"https:\/\/www.tourismthailand.ch\/it\/esperienze\/isole-spiagge-e-mare\/#breadcrumb","itemListElement":[{"@type":"ListItem","position":1,"name":"Startseite","item":"https:\/\/www.tourismthailand.ch\/it\/"},{"@type":"ListItem","position":2,"name":"Esperienze","item":"https:\/\/www.tourismthailand.ch\/it\/esperienze\/"},{"@type":"ListItem","position":3,"name":"Isole, spiagge e mare"}]},{"@type":"WebSite","@id":"https:\/\/www.tourismthailand.ch\/it\/#website","url":"https:\/\/www.tourismthailand.ch\/it\/","name":"Offizielle Seite Thail\u00e4ndisches Fremdenverkehrsamt","description":"tourismthailand.ch","potentialAction":[{"@type":"SearchAction","target":{"@type":"EntryPoint","urlTemplate":"https:\/\/www.tourismthailand.ch\/it\/?s={search_term_string}"},"query-input":{"@type":"PropertyValueSpecification","valueRequired":true,"valueName":"search_term_string"}}],"inLanguage":"it-CH"}]}},"_links":{"self":[{"href":"https:\/\/www.tourismthailand.ch\/it\/wp-json\/wp\/v2\/pages\/5174","targetHints":{"allow":["GET"]}}],"collection":[{"href":"https:\/\/www.tourismthailand.ch\/it\/wp-json\/wp\/v2\/pages"}],"about":[{"href":"https:\/\/www.tourismthailand.ch\/it\/wp-json\/wp\/v2\/types\/page"}],"author":[{"embeddable":true,"href":"https:\/\/www.tourismthailand.ch\/it\/wp-json\/wp\/v2\/users\/1"}],"replies":[{"embeddable":true,"href":"https:\/\/www.tourismthailand.ch\/it\/wp-json\/wp\/v2\/comments?post=5174"}],"version-history":[{"count":0,"href":"https:\/\/www.tourismthailand.ch\/it\/wp-json\/wp\/v2\/pages\/5174\/revisions"}],"up":[{"embeddable":true,"href":"https:\/\/www.tourismthailand.ch\/it\/wp-json\/wp\/v2\/pages\/5166"}],"wp:featuredmedia":[{"embeddable":true,"href":"https:\/\/www.tourismthailand.ch\/it\/wp-json\/wp\/v2\/media\/4800"}],"wp:attachment":[{"href":"https:\/\/www.tourismthailand.ch\/it\/wp-json\/wp\/v2\/media?parent=5174"}],"curies":[{"name":"wp","href":"https:\/\/api.w.org\/{rel}","templated":true}]}}