{"id":5156,"date":"2020-11-20T15:21:48","date_gmt":"2020-11-20T14:21:48","guid":{"rendered":"https:\/\/www.tourismthailand.ch\/informazioni-di-viaggio\/sprache\/"},"modified":"2020-12-07T12:08:43","modified_gmt":"2020-12-07T11:08:43","slug":"lingua","status":"publish","type":"page","link":"https:\/\/www.tourismthailand.ch\/it\/informazioni-di-viaggio\/lingua\/","title":{"rendered":"Lingua"},"content":{"rendered":"<div class=\"wpb-content-wrapper\"><p>[vc_row][vc_column][vc_column_text]<\/p>\n<h2 id=\"tw-target-text\" class=\"tw-data-text tw-text-large XcVN5d tw-ta\" data-placeholder=\"\u00dcbersetzung\"><span lang=\"th\">\u0e14\u0e35\u0e43\u0e08\u0e17\u0e35\u0e48\u0e44\u0e14\u0e49\u0e1e\u0e1a\u0e04\u0e38\u0e13 &#8211; E&#8217; un piacere vedervi.<br \/>\n<\/span><\/h2>\n<p>[\/vc_column_text][vc_column_text]Nelle regioni pi\u00f9 popolose come Bangkok, Phuket o Koh Samui di solito si pu\u00f2 parlare inglese. Per i viaggi in regioni meno note si raccomanda di avere almeno una conoscenza rudimentale della lingua e della scrittura tailandese. Soprattutto nelle zone rurali non ci si pu\u00f2 aspettare di poter comunicare in inglese e nemmeno di vedere iscrizioni in lettere latine. Tra le trib\u00f9 di montagna della Thailandia settentrionale, la lingua cinese \u00e8 abbastanza diffusa. Il thailandese \u00e8 una lingua a tono monosillabico, cio\u00e8 il tono non pende sulla frase come in tedesco, ma ogni sillaba porta uno dei 5 toni. Toni diversi indicano un diverso significato di una parola. A seconda dell&#8217;et\u00e0 e del sesso del parlante e della persona a cui si rivolge cambia anche la lingua. Per esempio, le donne usano la particella &#8220;kha&#8221;, gli uomini &#8220;khrap&#8221;.[\/vc_column_text][vc_empty_space][\/vc_column][\/vc_row][vc_row][vc_column][vc_column_text]<\/p>\n<h2>Piccolo vocabolario Thai<\/h2>\n<p>Imparare una nuova lingua non \u00e8 un compito facile. Abbiamo messo insieme per voi alcune parole\/frasi thailandesi pi\u00f9 semplici che sicuramente renderanno la vostra vita pi\u00f9 facile quando viaggerete in Thailandia. &#8220;Kha&#8221; e &#8220;Krap&#8221; sono parole magiche in lingua Thai. Alla fine di una richiesta, di una domanda e di molte frasi di circostanza, la donna dovrebbe aggiungere la parola &#8220;Kha&#8221; e l&#8217;uomo la parola &#8220;Krap&#8221;.[\/vc_column_text][vc_empty_space][vc_raw_html]PHRhYmxlPgo8dGJvZHk+Cjx0cj4KPHRkPkNpYW8gLyBidW9uZ2lvcm5vPC90ZD4KPHRkPlNBLVdBLURFRTwvdGQ+CjwvdHI+Cjx0cj4KPHRkPkNvbWUgc3RhdGU\/IENvbWUgc3RhPzwvdGQ+Cjx0ZD5TQS1CWS1ERUUtTUFJPC90ZD4KPC90cj4KPHRyPgo8dGQ+SW8gc3RvIGJlbmUgLyBUdXR0byBiZW5lPC90ZD4KPHRkPlNBLUJZLURFRTwvdGQ+CjwvdHI+Cjx0cj4KPHRkPkdyYXppZTwvdGQ+Cjx0ZD5LT0ItS1VOPC90ZD4KPC90cj4KPHRyPgo8dGQ+R3JhemllIG1vbHRlPC90ZD4KPHRkPktPQi1LVU4tTUFHPC90ZD4KPC90cj4KPHRyPgo8dGQ+QXJyaXZlZGVyY2k8L3RkPgo8dGQ+TEEtR09OPC90ZD4KPC90cj4KPHRyPgo8dGQ+QnVvbmEgZm9ydHVuYTwvdGQ+Cjx0ZD5DSE9LLURFRTwvdGQ+CjwvdHI+Cjx0cj4KPHRkPkNpIHZlZHJlbW8gcHJlc3RvIC8gQWxsYSBwcm9zc2ltYSB2b2x0YTwvdGQ+Cjx0ZD5QT0ItR0FOLU1BSTwvdGQ+CjwvdHI+Cjx0cj4KPHRkPk1pIHNjdXNpIC8gU2N1c2F0ZTwvdGQ+Cjx0ZD5LT1ItVE9EPC90ZD4KPC90cj4KPHRyPgo8dGQ+QmVuZTwvdGQ+Cjx0ZD5ERUU8L3RkPgo8L3RyPgo8dHI+Cjx0ZD5Ob24gYmVuZSAvIE1hbGU8L3RkPgo8dGQ+TUFJLURFRTwvdGQ+CjwvdHI+Cjx0cj4KPHRkPkphPC90ZD4KPHRkPkNIQUk8L3RkPgo8L3RyPgo8dHI+Cjx0ZD5OZWluPC90ZD4KPHRkPk1BSTwvdGQ+CjwvdHI+Cjx0cj4KPHRkPlBpY2NhbnRlPC90ZD4KPHRkPlBFRDwvdGQ+CjwvdHI+Cjx0cj4KPHRkPk5vbiBwaWNjYW50ZTwvdGQ+Cjx0ZD5NQUktUEVEPC90ZD4KPC90cj4KPHRyPgo8dGQ+UGVyIGZhdm9yZTwvdGQ+Cjx0ZD5LQS1SVS1OQTwvdGQ+CjwvdHI+Cjx0cj4KPHRkPklsIGNvbnRvIHBlciBmYXZvcmU8L3RkPgo8dGQ+S0VCLVRBTkc8L3RkPgo8L3RyPgo8dHI+Cjx0ZD5CdW9ubyAvIGd1c3Rvc288L3RkPgo8dGQ+QVItUk9ZPC90ZD4KPC90cj4KPHRyPgo8dGQ+QWl1dG88L3RkPgo8dGQ+Q1VBWS1EVUFZPC90ZD4KPC90cj4KPHRyPgo8dGQ+RmFtZTwvdGQ+Cjx0ZD5IRUlXPC90ZD4KPC90cj4KPHRyPgo8dGQ+U29ubyBzYXRvbGxvPC90ZD4KPHRkPkFJTS1MQUVXPC90ZD4KPC90cj4KPHRyPgo8dGQ+TmVzc3VuIHByb2JsZW1hPC90ZD4KPHRkPk1BSS1QRU4tUkFJPC90ZD4KPC90cj4KPHRyPgo8dGQ+Q29udmVuaWVudGU8L3RkPgo8dGQ+VE9PSzwvdGQ+CjwvdHI+Cjx0cj4KPHRkPkNvc3Rvc288L3RkPgo8dGQ+QU5HPC90ZD4KPC90cj4KPHRyPgo8dGQ+Tm9uIGNhcGlzY288L3RkPgo8dGQ+TUFJLUtBVy1KQUk8L3RkPgo8L3RyPgo8dHI+Cjx0ZD5IbyB1biBwcm9ibGVtYTwvdGQ+Cjx0ZD5DSEFOLU1FRS1QQU4tSEE8L3RkPgo8L3RyPgo8dHI+Cjx0ZD5Eb3bigJnDqCBpbCBiYWdubz88L3RkPgo8dGQ+SE9ORy1OQU0tWVUtTkFJPC90ZD4KPC90cj4KPHRyPgo8dGQ+MTwvdGQ+Cjx0ZD4xPC90ZD4KPC90cj4KPHRyPgo8dGQ+MjwvdGQ+Cjx0ZD4yPC90ZD4KPC90cj4KPHRyPgo8dGQ+MzwvdGQ+Cjx0ZD4zPC90ZD4KPC90cj4KPHRyPgo8dGQ+NDwvdGQ+Cjx0ZD40PC90ZD4KPC90cj4KPHRyPgo8dGQ+NTwvdGQ+Cjx0ZD41PC90ZD4KPC90cj4KPHRyPgo8dGQ+NjwvdGQ+Cjx0ZD42PC90ZD4KPC90cj4KPHRyPgo8dGQ+NzwvdGQ+Cjx0ZD43PC90ZD4KPC90cj4KPHRyPgo8dGQ+ODwvdGQ+Cjx0ZD44PC90ZD4KPC90cj4KPHRyPgo8dGQ+OTwvdGQ+Cjx0ZD45PC90ZD4KPC90cj4KPHRyPgo8dGQ+MTA8L3RkPgo8dGQ+MTA8L3RkPgo8L3RyPgo8L3Rib2R5Pgo8L3RhYmxlPg==[\/vc_raw_html][\/vc_column][\/vc_row][vc_row][vc_column][vc_empty_space height=&#8221;108px&#8221;][\/vc_column][\/vc_row]<\/p>\n<\/div>","protected":false},"excerpt":{"rendered":"<p>[vc_row][vc_column][vc_column_text] \u0e14\u0e35\u0e43\u0e08\u0e17\u0e35\u0e48\u0e44\u0e14\u0e49\u0e1e\u0e1a\u0e04\u0e38\u0e13 &#8211; E&#8217; un piacere vedervi. [\/vc_column_text][vc_column_text]Nelle regioni pi\u00f9 popolose come Bangkok, Phuket o Koh Samui di solito si pu\u00f2 parlare inglese. Per i viaggi in regioni meno note si raccomanda di avere almeno una conoscenza rudimentale della lingua e della scrittura tailandese. Soprattutto nelle zone rurali non ci si pu\u00f2 aspettare di poter comunicare in inglese e nemmeno di vedere iscrizioni in lettere latine. Tra le trib\u00f9 di montagna della Thailandia settentrionale, la lingua cinese \u00e8 abbastanza diffusa. Il thailandese \u00e8 una lingua a tono monosillabico, [&hellip;]<\/p>\n","protected":false},"author":1,"featured_media":4764,"parent":5113,"menu_order":0,"comment_status":"closed","ping_status":"closed","template":"","meta":{"footnotes":""},"class_list":["post-5156","page","type-page","status-publish","has-post-thumbnail","hentry"],"yoast_head":"<!-- This site is optimized with the Yoast SEO plugin v27.4 - https:\/\/yoast.com\/product\/yoast-seo-wordpress\/ -->\n<title>Lingua - Offizielle Seite Thail\u00e4ndisches Fremdenverkehrsamt<\/title>\n<meta name=\"robots\" content=\"index, follow, max-snippet:-1, max-image-preview:large, max-video-preview:-1\" \/>\n<link rel=\"canonical\" href=\"https:\/\/www.tourismthailand.ch\/it\/informazioni-di-viaggio\/lingua\/\" \/>\n<meta property=\"og:locale\" content=\"it_IT\" \/>\n<meta property=\"og:type\" content=\"article\" \/>\n<meta property=\"og:title\" content=\"Lingua - Offizielle Seite Thail\u00e4ndisches Fremdenverkehrsamt\" \/>\n<meta property=\"og:description\" content=\"[vc_row][vc_column][vc_column_text] \u0e14\u0e35\u0e43\u0e08\u0e17\u0e35\u0e48\u0e44\u0e14\u0e49\u0e1e\u0e1a\u0e04\u0e38\u0e13 &#8211; E&#8217; un piacere vedervi. [\/vc_column_text][vc_column_text]Nelle regioni pi\u00f9 popolose come Bangkok, Phuket o Koh Samui di solito si pu\u00f2 parlare inglese. Per i viaggi in regioni meno note si raccomanda di avere almeno una conoscenza rudimentale della lingua e della scrittura tailandese. Soprattutto nelle zone rurali non ci si pu\u00f2 aspettare di poter comunicare in inglese e nemmeno di vedere iscrizioni in lettere latine. Tra le trib\u00f9 di montagna della Thailandia settentrionale, la lingua cinese \u00e8 abbastanza diffusa. Il thailandese \u00e8 una lingua a tono monosillabico, [&hellip;]\" \/>\n<meta property=\"og:url\" content=\"https:\/\/www.tourismthailand.ch\/it\/informazioni-di-viaggio\/lingua\/\" \/>\n<meta property=\"og:site_name\" content=\"Offizielle Seite Thail\u00e4ndisches Fremdenverkehrsamt\" \/>\n<meta property=\"article:publisher\" content=\"https:\/\/www.facebook.com\/TATSwitzerland\" \/>\n<meta property=\"article:modified_time\" content=\"2020-12-07T11:08:43+00:00\" \/>\n<meta property=\"og:image\" content=\"https:\/\/www.tourismthailand.ch\/wp-content\/uploads\/2018\/03\/Sprache.jpg\" \/>\n\t<meta property=\"og:image:width\" content=\"1920\" \/>\n\t<meta property=\"og:image:height\" content=\"1080\" \/>\n\t<meta property=\"og:image:type\" content=\"image\/jpeg\" \/>\n<meta name=\"twitter:card\" content=\"summary_large_image\" \/>\n<meta name=\"twitter:label1\" content=\"Est. reading time\" \/>\n\t<meta name=\"twitter:data1\" content=\"3 minutes\" \/>\n<script type=\"application\/ld+json\" class=\"yoast-schema-graph\">{\"@context\":\"https:\\\/\\\/schema.org\",\"@graph\":[{\"@type\":\"WebPage\",\"@id\":\"https:\\\/\\\/www.tourismthailand.ch\\\/it\\\/informazioni-di-viaggio\\\/lingua\\\/\",\"url\":\"https:\\\/\\\/www.tourismthailand.ch\\\/it\\\/informazioni-di-viaggio\\\/lingua\\\/\",\"name\":\"Lingua - Offizielle Seite Thail\u00e4ndisches Fremdenverkehrsamt\",\"isPartOf\":{\"@id\":\"https:\\\/\\\/www.tourismthailand.ch\\\/it\\\/#website\"},\"primaryImageOfPage\":{\"@id\":\"https:\\\/\\\/www.tourismthailand.ch\\\/it\\\/informazioni-di-viaggio\\\/lingua\\\/#primaryimage\"},\"image\":{\"@id\":\"https:\\\/\\\/www.tourismthailand.ch\\\/it\\\/informazioni-di-viaggio\\\/lingua\\\/#primaryimage\"},\"thumbnailUrl\":\"https:\\\/\\\/www.tourismthailand.ch\\\/wp-content\\\/uploads\\\/2018\\\/03\\\/Sprache.jpg\",\"datePublished\":\"2020-11-20T14:21:48+00:00\",\"dateModified\":\"2020-12-07T11:08:43+00:00\",\"breadcrumb\":{\"@id\":\"https:\\\/\\\/www.tourismthailand.ch\\\/it\\\/informazioni-di-viaggio\\\/lingua\\\/#breadcrumb\"},\"inLanguage\":\"it-CH\",\"potentialAction\":[{\"@type\":\"ReadAction\",\"target\":[\"https:\\\/\\\/www.tourismthailand.ch\\\/it\\\/informazioni-di-viaggio\\\/lingua\\\/\"]}]},{\"@type\":\"ImageObject\",\"inLanguage\":\"it-CH\",\"@id\":\"https:\\\/\\\/www.tourismthailand.ch\\\/it\\\/informazioni-di-viaggio\\\/lingua\\\/#primaryimage\",\"url\":\"https:\\\/\\\/www.tourismthailand.ch\\\/wp-content\\\/uploads\\\/2018\\\/03\\\/Sprache.jpg\",\"contentUrl\":\"https:\\\/\\\/www.tourismthailand.ch\\\/wp-content\\\/uploads\\\/2018\\\/03\\\/Sprache.jpg\",\"width\":1920,\"height\":1080},{\"@type\":\"BreadcrumbList\",\"@id\":\"https:\\\/\\\/www.tourismthailand.ch\\\/it\\\/informazioni-di-viaggio\\\/lingua\\\/#breadcrumb\",\"itemListElement\":[{\"@type\":\"ListItem\",\"position\":1,\"name\":\"Startseite\",\"item\":\"https:\\\/\\\/www.tourismthailand.ch\\\/it\\\/\"},{\"@type\":\"ListItem\",\"position\":2,\"name\":\"Informazioni di viaggio\",\"item\":\"https:\\\/\\\/www.tourismthailand.ch\\\/it\\\/informazioni-di-viaggio\\\/\"},{\"@type\":\"ListItem\",\"position\":3,\"name\":\"Lingua\"}]},{\"@type\":\"WebSite\",\"@id\":\"https:\\\/\\\/www.tourismthailand.ch\\\/it\\\/#website\",\"url\":\"https:\\\/\\\/www.tourismthailand.ch\\\/it\\\/\",\"name\":\"Offizielle Seite Thail\u00e4ndisches Fremdenverkehrsamt\",\"description\":\"tourismthailand.ch\",\"potentialAction\":[{\"@type\":\"SearchAction\",\"target\":{\"@type\":\"EntryPoint\",\"urlTemplate\":\"https:\\\/\\\/www.tourismthailand.ch\\\/it\\\/?s={search_term_string}\"},\"query-input\":{\"@type\":\"PropertyValueSpecification\",\"valueRequired\":true,\"valueName\":\"search_term_string\"}}],\"inLanguage\":\"it-CH\"}]}<\/script>\n<!-- \/ Yoast SEO plugin. -->","yoast_head_json":{"title":"Lingua - Offizielle Seite Thail\u00e4ndisches Fremdenverkehrsamt","robots":{"index":"index","follow":"follow","max-snippet":"max-snippet:-1","max-image-preview":"max-image-preview:large","max-video-preview":"max-video-preview:-1"},"canonical":"https:\/\/www.tourismthailand.ch\/it\/informazioni-di-viaggio\/lingua\/","og_locale":"it_IT","og_type":"article","og_title":"Lingua - Offizielle Seite Thail\u00e4ndisches Fremdenverkehrsamt","og_description":"[vc_row][vc_column][vc_column_text] \u0e14\u0e35\u0e43\u0e08\u0e17\u0e35\u0e48\u0e44\u0e14\u0e49\u0e1e\u0e1a\u0e04\u0e38\u0e13 &#8211; E&#8217; un piacere vedervi. [\/vc_column_text][vc_column_text]Nelle regioni pi\u00f9 popolose come Bangkok, Phuket o Koh Samui di solito si pu\u00f2 parlare inglese. Per i viaggi in regioni meno note si raccomanda di avere almeno una conoscenza rudimentale della lingua e della scrittura tailandese. Soprattutto nelle zone rurali non ci si pu\u00f2 aspettare di poter comunicare in inglese e nemmeno di vedere iscrizioni in lettere latine. Tra le trib\u00f9 di montagna della Thailandia settentrionale, la lingua cinese \u00e8 abbastanza diffusa. Il thailandese \u00e8 una lingua a tono monosillabico, [&hellip;]","og_url":"https:\/\/www.tourismthailand.ch\/it\/informazioni-di-viaggio\/lingua\/","og_site_name":"Offizielle Seite Thail\u00e4ndisches Fremdenverkehrsamt","article_publisher":"https:\/\/www.facebook.com\/TATSwitzerland","article_modified_time":"2020-12-07T11:08:43+00:00","og_image":[{"width":1920,"height":1080,"url":"https:\/\/www.tourismthailand.ch\/wp-content\/uploads\/2018\/03\/Sprache.jpg","type":"image\/jpeg"}],"twitter_card":"summary_large_image","twitter_misc":{"Est. reading time":"3 minutes"},"schema":{"@context":"https:\/\/schema.org","@graph":[{"@type":"WebPage","@id":"https:\/\/www.tourismthailand.ch\/it\/informazioni-di-viaggio\/lingua\/","url":"https:\/\/www.tourismthailand.ch\/it\/informazioni-di-viaggio\/lingua\/","name":"Lingua - Offizielle Seite Thail\u00e4ndisches Fremdenverkehrsamt","isPartOf":{"@id":"https:\/\/www.tourismthailand.ch\/it\/#website"},"primaryImageOfPage":{"@id":"https:\/\/www.tourismthailand.ch\/it\/informazioni-di-viaggio\/lingua\/#primaryimage"},"image":{"@id":"https:\/\/www.tourismthailand.ch\/it\/informazioni-di-viaggio\/lingua\/#primaryimage"},"thumbnailUrl":"https:\/\/www.tourismthailand.ch\/wp-content\/uploads\/2018\/03\/Sprache.jpg","datePublished":"2020-11-20T14:21:48+00:00","dateModified":"2020-12-07T11:08:43+00:00","breadcrumb":{"@id":"https:\/\/www.tourismthailand.ch\/it\/informazioni-di-viaggio\/lingua\/#breadcrumb"},"inLanguage":"it-CH","potentialAction":[{"@type":"ReadAction","target":["https:\/\/www.tourismthailand.ch\/it\/informazioni-di-viaggio\/lingua\/"]}]},{"@type":"ImageObject","inLanguage":"it-CH","@id":"https:\/\/www.tourismthailand.ch\/it\/informazioni-di-viaggio\/lingua\/#primaryimage","url":"https:\/\/www.tourismthailand.ch\/wp-content\/uploads\/2018\/03\/Sprache.jpg","contentUrl":"https:\/\/www.tourismthailand.ch\/wp-content\/uploads\/2018\/03\/Sprache.jpg","width":1920,"height":1080},{"@type":"BreadcrumbList","@id":"https:\/\/www.tourismthailand.ch\/it\/informazioni-di-viaggio\/lingua\/#breadcrumb","itemListElement":[{"@type":"ListItem","position":1,"name":"Startseite","item":"https:\/\/www.tourismthailand.ch\/it\/"},{"@type":"ListItem","position":2,"name":"Informazioni di viaggio","item":"https:\/\/www.tourismthailand.ch\/it\/informazioni-di-viaggio\/"},{"@type":"ListItem","position":3,"name":"Lingua"}]},{"@type":"WebSite","@id":"https:\/\/www.tourismthailand.ch\/it\/#website","url":"https:\/\/www.tourismthailand.ch\/it\/","name":"Offizielle Seite Thail\u00e4ndisches Fremdenverkehrsamt","description":"tourismthailand.ch","potentialAction":[{"@type":"SearchAction","target":{"@type":"EntryPoint","urlTemplate":"https:\/\/www.tourismthailand.ch\/it\/?s={search_term_string}"},"query-input":{"@type":"PropertyValueSpecification","valueRequired":true,"valueName":"search_term_string"}}],"inLanguage":"it-CH"}]}},"_links":{"self":[{"href":"https:\/\/www.tourismthailand.ch\/it\/wp-json\/wp\/v2\/pages\/5156","targetHints":{"allow":["GET"]}}],"collection":[{"href":"https:\/\/www.tourismthailand.ch\/it\/wp-json\/wp\/v2\/pages"}],"about":[{"href":"https:\/\/www.tourismthailand.ch\/it\/wp-json\/wp\/v2\/types\/page"}],"author":[{"embeddable":true,"href":"https:\/\/www.tourismthailand.ch\/it\/wp-json\/wp\/v2\/users\/1"}],"replies":[{"embeddable":true,"href":"https:\/\/www.tourismthailand.ch\/it\/wp-json\/wp\/v2\/comments?post=5156"}],"version-history":[{"count":0,"href":"https:\/\/www.tourismthailand.ch\/it\/wp-json\/wp\/v2\/pages\/5156\/revisions"}],"up":[{"embeddable":true,"href":"https:\/\/www.tourismthailand.ch\/it\/wp-json\/wp\/v2\/pages\/5113"}],"wp:featuredmedia":[{"embeddable":true,"href":"https:\/\/www.tourismthailand.ch\/it\/wp-json\/wp\/v2\/media\/4764"}],"wp:attachment":[{"href":"https:\/\/www.tourismthailand.ch\/it\/wp-json\/wp\/v2\/media?parent=5156"}],"curies":[{"name":"wp","href":"https:\/\/api.w.org\/{rel}","templated":true}]}}