{"id":5132,"date":"2020-11-20T13:20:12","date_gmt":"2020-11-20T12:20:12","guid":{"rendered":"https:\/\/www.tourismthailand.ch\/informazioni-di-viaggio\/periodo-di-viaggio-e-clima\/"},"modified":"2020-12-03T11:09:35","modified_gmt":"2020-12-03T10:09:35","slug":"periodo-di-viaggio-e-clima","status":"publish","type":"page","link":"https:\/\/www.tourismthailand.ch\/it\/informazioni-di-viaggio\/periodo-di-viaggio-e-clima\/","title":{"rendered":"Periodo di viaggio e clima"},"content":{"rendered":"<div class=\"wpb-content-wrapper\"><p>[vc_row][vc_column][vc_column_text]<\/p>\n<h2>Periodo consigliato<\/h2>\n<p>[\/vc_column_text][vc_column_text]La Thailandia \u00e8 una destinazione per tutto l&#8217;anno. Sebbene l&#8217;inverno europeo sia considerato la principale stagione di viaggio, la Thailandia con il suo tipico clima equatoriale \u00e8 facile da percorrere tutto l&#8217;anno.<\/p>\n<p>Il monsone del sud-ovest porta brevi piogge tropicali da giugno a settembre in gran parte del Paese. Il monsone del nord-est porta aria pi\u00f9 fresca da novembre a febbraio. Fortunatamente, la Thailandia meridionale ha due zone climatiche diverse, la costa del Mare delle Andamane e la costa del Golfo, quindi c&#8217;\u00e8 sempre un momento adatto per viaggiare in Thailandia. La costa del Mare delle Andamane con le sue numerose localit\u00e0 balneari come Phuket, Krabi o Khao Lak \u00e8 ideale per fare il bagno da novembre a marzo. Durante i caldi mesi estivi, le regioni intorno a Ko Samui, Koh Phangan, Koh Tao, Chumphon, Khanom e Hua Hin sul Golfo di Thailandia sono pi\u00f9 adatte per il nuoto.<\/p>\n<p>In generale, il clima in Thailandia \u00e8 molto piacevole, bisogna dimenticate il paragone con il clima europeo, il meteo in Thailandia significa precipitazioni calde di tanto in tanto, sole di tanto in tanto e nuvole nel cielo.[\/vc_column_text][vc_empty_space][vc_column_text]<\/p>\n<h3>In sostanza, si possono distinguere tre stagioni:<\/h3>\n<p>Nella &#8220;stagione fredda&#8221;, da novembre a marzo, le temperature medie diurne in tutto il Paese sono molto piacevoli intorno ai 25\u00b0. Solo raramente si raggiungono temperature superiori ai 30\u00b0. Al nord invece fa spesso freddo e nelle zone montane pi\u00f9 alte pu\u00f2 anche gelare. Questo periodo dell&#8217;anno \u00e8 la stagione pi\u00f9 piacevole per molti visitatori e per questo viene chiamata la principale stagione di viaggio.<\/p>\n<p>La &#8220;stagione calda&#8221; da marzo a maggio \u00e8 per lo pi\u00f9 secca e porta temperature ben oltre i 30\u00b0. L&#8217;umidit\u00e0 \u00e8 al suo massimo durante questo periodo per cui un soggiorno nelle zone di montagna pi\u00f9 alte o al mare \u00e8 pi\u00f9 piacevole.<\/p>\n<p>Durante la &#8220;stagione verde&#8221; da giugno a ottobre ci sono spesso piogge tropicali, per lo pi\u00f9 brevi ma molto abbondanti. I viaggiatori particolarmente esperti preferiscono questo periodo dell&#8217;anno perch\u00e9 tutto brilla in un verde lussureggiante e si hanno molte attrazioni poco frequentate e tutte per s\u00e9.[\/vc_column_text][vc_empty_space height=&#8221;108px&#8221;][\/vc_column][\/vc_row]<\/p>\n<\/div>","protected":false},"excerpt":{"rendered":"<p>[vc_row][vc_column][vc_column_text] Periodo consigliato [\/vc_column_text][vc_column_text]La Thailandia \u00e8 una destinazione per tutto l&#8217;anno. Sebbene l&#8217;inverno europeo sia considerato la principale stagione di viaggio, la Thailandia con il suo tipico clima equatoriale \u00e8 facile da percorrere tutto l&#8217;anno. Il monsone del sud-ovest porta brevi piogge tropicali da giugno a settembre in gran parte del Paese. Il monsone del nord-est porta aria pi\u00f9 fresca da novembre a febbraio. Fortunatamente, la Thailandia meridionale ha due zone climatiche diverse, la costa del Mare delle Andamane e la costa del Golfo, quindi c&#8217;\u00e8 sempre un [&hellip;]<\/p>\n","protected":false},"author":1,"featured_media":4294,"parent":5113,"menu_order":0,"comment_status":"closed","ping_status":"closed","template":"","meta":{"footnotes":""},"class_list":["post-5132","page","type-page","status-publish","has-post-thumbnail","hentry"],"yoast_head":"<!-- This site is optimized with the Yoast SEO plugin v27.5 - https:\/\/yoast.com\/product\/yoast-seo-wordpress\/ -->\n<title>Periodo di viaggio e clima - Offizielle Seite Thail\u00e4ndisches Fremdenverkehrsamt<\/title>\n<meta name=\"robots\" content=\"index, follow, max-snippet:-1, max-image-preview:large, max-video-preview:-1\" \/>\n<link rel=\"canonical\" href=\"https:\/\/www.tourismthailand.ch\/it\/informazioni-di-viaggio\/periodo-di-viaggio-e-clima\/\" \/>\n<meta property=\"og:locale\" content=\"it_IT\" \/>\n<meta property=\"og:type\" content=\"article\" \/>\n<meta property=\"og:title\" content=\"Periodo di viaggio e clima - Offizielle Seite Thail\u00e4ndisches Fremdenverkehrsamt\" \/>\n<meta property=\"og:description\" content=\"[vc_row][vc_column][vc_column_text] Periodo consigliato [\/vc_column_text][vc_column_text]La Thailandia \u00e8 una destinazione per tutto l&#8217;anno. Sebbene l&#8217;inverno europeo sia considerato la principale stagione di viaggio, la Thailandia con il suo tipico clima equatoriale \u00e8 facile da percorrere tutto l&#8217;anno. Il monsone del sud-ovest porta brevi piogge tropicali da giugno a settembre in gran parte del Paese. Il monsone del nord-est porta aria pi\u00f9 fresca da novembre a febbraio. Fortunatamente, la Thailandia meridionale ha due zone climatiche diverse, la costa del Mare delle Andamane e la costa del Golfo, quindi c&#8217;\u00e8 sempre un [&hellip;]\" \/>\n<meta property=\"og:url\" content=\"https:\/\/www.tourismthailand.ch\/it\/informazioni-di-viaggio\/periodo-di-viaggio-e-clima\/\" \/>\n<meta property=\"og:site_name\" content=\"Offizielle Seite Thail\u00e4ndisches Fremdenverkehrsamt\" \/>\n<meta property=\"article:publisher\" content=\"https:\/\/www.facebook.com\/TATSwitzerland\" \/>\n<meta property=\"article:modified_time\" content=\"2020-12-03T10:09:35+00:00\" \/>\n<meta property=\"og:image\" content=\"https:\/\/www.tourismthailand.ch\/wp-content\/uploads\/2018\/03\/Kanchanaburi-_0000_waterfall-Erawan-in-Kanchanburi.jpg\" \/>\n\t<meta property=\"og:image:width\" content=\"1920\" \/>\n\t<meta property=\"og:image:height\" content=\"1080\" \/>\n\t<meta property=\"og:image:type\" content=\"image\/jpeg\" \/>\n<meta name=\"twitter:card\" content=\"summary_large_image\" \/>\n<meta name=\"twitter:label1\" content=\"Est. reading time\" \/>\n\t<meta name=\"twitter:data1\" content=\"2 minutes\" \/>\n<script type=\"application\/ld+json\" class=\"yoast-schema-graph\">{\"@context\":\"https:\\\/\\\/schema.org\",\"@graph\":[{\"@type\":\"WebPage\",\"@id\":\"https:\\\/\\\/www.tourismthailand.ch\\\/it\\\/informazioni-di-viaggio\\\/periodo-di-viaggio-e-clima\\\/\",\"url\":\"https:\\\/\\\/www.tourismthailand.ch\\\/it\\\/informazioni-di-viaggio\\\/periodo-di-viaggio-e-clima\\\/\",\"name\":\"Periodo di viaggio e clima - Offizielle Seite Thail\u00e4ndisches Fremdenverkehrsamt\",\"isPartOf\":{\"@id\":\"https:\\\/\\\/www.tourismthailand.ch\\\/it\\\/#website\"},\"primaryImageOfPage\":{\"@id\":\"https:\\\/\\\/www.tourismthailand.ch\\\/it\\\/informazioni-di-viaggio\\\/periodo-di-viaggio-e-clima\\\/#primaryimage\"},\"image\":{\"@id\":\"https:\\\/\\\/www.tourismthailand.ch\\\/it\\\/informazioni-di-viaggio\\\/periodo-di-viaggio-e-clima\\\/#primaryimage\"},\"thumbnailUrl\":\"https:\\\/\\\/www.tourismthailand.ch\\\/wp-content\\\/uploads\\\/2018\\\/03\\\/Kanchanaburi-_0000_waterfall-Erawan-in-Kanchanburi.jpg\",\"datePublished\":\"2020-11-20T12:20:12+00:00\",\"dateModified\":\"2020-12-03T10:09:35+00:00\",\"breadcrumb\":{\"@id\":\"https:\\\/\\\/www.tourismthailand.ch\\\/it\\\/informazioni-di-viaggio\\\/periodo-di-viaggio-e-clima\\\/#breadcrumb\"},\"inLanguage\":\"it-CH\",\"potentialAction\":[{\"@type\":\"ReadAction\",\"target\":[\"https:\\\/\\\/www.tourismthailand.ch\\\/it\\\/informazioni-di-viaggio\\\/periodo-di-viaggio-e-clima\\\/\"]}]},{\"@type\":\"ImageObject\",\"inLanguage\":\"it-CH\",\"@id\":\"https:\\\/\\\/www.tourismthailand.ch\\\/it\\\/informazioni-di-viaggio\\\/periodo-di-viaggio-e-clima\\\/#primaryimage\",\"url\":\"https:\\\/\\\/www.tourismthailand.ch\\\/wp-content\\\/uploads\\\/2018\\\/03\\\/Kanchanaburi-_0000_waterfall-Erawan-in-Kanchanburi.jpg\",\"contentUrl\":\"https:\\\/\\\/www.tourismthailand.ch\\\/wp-content\\\/uploads\\\/2018\\\/03\\\/Kanchanaburi-_0000_waterfall-Erawan-in-Kanchanburi.jpg\",\"width\":1920,\"height\":1080,\"caption\":\"Kanchanaburi Wasserfall\"},{\"@type\":\"BreadcrumbList\",\"@id\":\"https:\\\/\\\/www.tourismthailand.ch\\\/it\\\/informazioni-di-viaggio\\\/periodo-di-viaggio-e-clima\\\/#breadcrumb\",\"itemListElement\":[{\"@type\":\"ListItem\",\"position\":1,\"name\":\"Startseite\",\"item\":\"https:\\\/\\\/www.tourismthailand.ch\\\/it\\\/\"},{\"@type\":\"ListItem\",\"position\":2,\"name\":\"Informazioni di viaggio\",\"item\":\"https:\\\/\\\/www.tourismthailand.ch\\\/it\\\/informazioni-di-viaggio\\\/\"},{\"@type\":\"ListItem\",\"position\":3,\"name\":\"Periodo di viaggio e clima\"}]},{\"@type\":\"WebSite\",\"@id\":\"https:\\\/\\\/www.tourismthailand.ch\\\/it\\\/#website\",\"url\":\"https:\\\/\\\/www.tourismthailand.ch\\\/it\\\/\",\"name\":\"Offizielle Seite Thail\u00e4ndisches Fremdenverkehrsamt\",\"description\":\"tourismthailand.ch\",\"potentialAction\":[{\"@type\":\"SearchAction\",\"target\":{\"@type\":\"EntryPoint\",\"urlTemplate\":\"https:\\\/\\\/www.tourismthailand.ch\\\/it\\\/?s={search_term_string}\"},\"query-input\":{\"@type\":\"PropertyValueSpecification\",\"valueRequired\":true,\"valueName\":\"search_term_string\"}}],\"inLanguage\":\"it-CH\"}]}<\/script>\n<!-- \/ Yoast SEO plugin. -->","yoast_head_json":{"title":"Periodo di viaggio e clima - Offizielle Seite Thail\u00e4ndisches Fremdenverkehrsamt","robots":{"index":"index","follow":"follow","max-snippet":"max-snippet:-1","max-image-preview":"max-image-preview:large","max-video-preview":"max-video-preview:-1"},"canonical":"https:\/\/www.tourismthailand.ch\/it\/informazioni-di-viaggio\/periodo-di-viaggio-e-clima\/","og_locale":"it_IT","og_type":"article","og_title":"Periodo di viaggio e clima - Offizielle Seite Thail\u00e4ndisches Fremdenverkehrsamt","og_description":"[vc_row][vc_column][vc_column_text] Periodo consigliato [\/vc_column_text][vc_column_text]La Thailandia \u00e8 una destinazione per tutto l&#8217;anno. Sebbene l&#8217;inverno europeo sia considerato la principale stagione di viaggio, la Thailandia con il suo tipico clima equatoriale \u00e8 facile da percorrere tutto l&#8217;anno. Il monsone del sud-ovest porta brevi piogge tropicali da giugno a settembre in gran parte del Paese. Il monsone del nord-est porta aria pi\u00f9 fresca da novembre a febbraio. Fortunatamente, la Thailandia meridionale ha due zone climatiche diverse, la costa del Mare delle Andamane e la costa del Golfo, quindi c&#8217;\u00e8 sempre un [&hellip;]","og_url":"https:\/\/www.tourismthailand.ch\/it\/informazioni-di-viaggio\/periodo-di-viaggio-e-clima\/","og_site_name":"Offizielle Seite Thail\u00e4ndisches Fremdenverkehrsamt","article_publisher":"https:\/\/www.facebook.com\/TATSwitzerland","article_modified_time":"2020-12-03T10:09:35+00:00","og_image":[{"width":1920,"height":1080,"url":"https:\/\/www.tourismthailand.ch\/wp-content\/uploads\/2018\/03\/Kanchanaburi-_0000_waterfall-Erawan-in-Kanchanburi.jpg","type":"image\/jpeg"}],"twitter_card":"summary_large_image","twitter_misc":{"Est. reading time":"2 minutes"},"schema":{"@context":"https:\/\/schema.org","@graph":[{"@type":"WebPage","@id":"https:\/\/www.tourismthailand.ch\/it\/informazioni-di-viaggio\/periodo-di-viaggio-e-clima\/","url":"https:\/\/www.tourismthailand.ch\/it\/informazioni-di-viaggio\/periodo-di-viaggio-e-clima\/","name":"Periodo di viaggio e clima - Offizielle Seite Thail\u00e4ndisches Fremdenverkehrsamt","isPartOf":{"@id":"https:\/\/www.tourismthailand.ch\/it\/#website"},"primaryImageOfPage":{"@id":"https:\/\/www.tourismthailand.ch\/it\/informazioni-di-viaggio\/periodo-di-viaggio-e-clima\/#primaryimage"},"image":{"@id":"https:\/\/www.tourismthailand.ch\/it\/informazioni-di-viaggio\/periodo-di-viaggio-e-clima\/#primaryimage"},"thumbnailUrl":"https:\/\/www.tourismthailand.ch\/wp-content\/uploads\/2018\/03\/Kanchanaburi-_0000_waterfall-Erawan-in-Kanchanburi.jpg","datePublished":"2020-11-20T12:20:12+00:00","dateModified":"2020-12-03T10:09:35+00:00","breadcrumb":{"@id":"https:\/\/www.tourismthailand.ch\/it\/informazioni-di-viaggio\/periodo-di-viaggio-e-clima\/#breadcrumb"},"inLanguage":"it-CH","potentialAction":[{"@type":"ReadAction","target":["https:\/\/www.tourismthailand.ch\/it\/informazioni-di-viaggio\/periodo-di-viaggio-e-clima\/"]}]},{"@type":"ImageObject","inLanguage":"it-CH","@id":"https:\/\/www.tourismthailand.ch\/it\/informazioni-di-viaggio\/periodo-di-viaggio-e-clima\/#primaryimage","url":"https:\/\/www.tourismthailand.ch\/wp-content\/uploads\/2018\/03\/Kanchanaburi-_0000_waterfall-Erawan-in-Kanchanburi.jpg","contentUrl":"https:\/\/www.tourismthailand.ch\/wp-content\/uploads\/2018\/03\/Kanchanaburi-_0000_waterfall-Erawan-in-Kanchanburi.jpg","width":1920,"height":1080,"caption":"Kanchanaburi Wasserfall"},{"@type":"BreadcrumbList","@id":"https:\/\/www.tourismthailand.ch\/it\/informazioni-di-viaggio\/periodo-di-viaggio-e-clima\/#breadcrumb","itemListElement":[{"@type":"ListItem","position":1,"name":"Startseite","item":"https:\/\/www.tourismthailand.ch\/it\/"},{"@type":"ListItem","position":2,"name":"Informazioni di viaggio","item":"https:\/\/www.tourismthailand.ch\/it\/informazioni-di-viaggio\/"},{"@type":"ListItem","position":3,"name":"Periodo di viaggio e clima"}]},{"@type":"WebSite","@id":"https:\/\/www.tourismthailand.ch\/it\/#website","url":"https:\/\/www.tourismthailand.ch\/it\/","name":"Offizielle Seite Thail\u00e4ndisches Fremdenverkehrsamt","description":"tourismthailand.ch","potentialAction":[{"@type":"SearchAction","target":{"@type":"EntryPoint","urlTemplate":"https:\/\/www.tourismthailand.ch\/it\/?s={search_term_string}"},"query-input":{"@type":"PropertyValueSpecification","valueRequired":true,"valueName":"search_term_string"}}],"inLanguage":"it-CH"}]}},"_links":{"self":[{"href":"https:\/\/www.tourismthailand.ch\/it\/wp-json\/wp\/v2\/pages\/5132","targetHints":{"allow":["GET"]}}],"collection":[{"href":"https:\/\/www.tourismthailand.ch\/it\/wp-json\/wp\/v2\/pages"}],"about":[{"href":"https:\/\/www.tourismthailand.ch\/it\/wp-json\/wp\/v2\/types\/page"}],"author":[{"embeddable":true,"href":"https:\/\/www.tourismthailand.ch\/it\/wp-json\/wp\/v2\/users\/1"}],"replies":[{"embeddable":true,"href":"https:\/\/www.tourismthailand.ch\/it\/wp-json\/wp\/v2\/comments?post=5132"}],"version-history":[{"count":0,"href":"https:\/\/www.tourismthailand.ch\/it\/wp-json\/wp\/v2\/pages\/5132\/revisions"}],"up":[{"embeddable":true,"href":"https:\/\/www.tourismthailand.ch\/it\/wp-json\/wp\/v2\/pages\/5113"}],"wp:featuredmedia":[{"embeddable":true,"href":"https:\/\/www.tourismthailand.ch\/it\/wp-json\/wp\/v2\/media\/4294"}],"wp:attachment":[{"href":"https:\/\/www.tourismthailand.ch\/it\/wp-json\/wp\/v2\/media?parent=5132"}],"curies":[{"name":"wp","href":"https:\/\/api.w.org\/{rel}","templated":true}]}}