{"id":5107,"date":"2020-11-20T11:20:41","date_gmt":"2020-11-20T10:20:41","guid":{"rendered":"https:\/\/www.tourismthailand.ch\/informazioni-generali-sulla-thailandia\/"},"modified":"2022-01-04T17:06:42","modified_gmt":"2022-01-04T16:06:42","slug":"informazioni-generali-sulla-thailandia","status":"publish","type":"page","link":"https:\/\/www.tourismthailand.ch\/it\/informazioni-sulla-thailandia\/informazioni-generali-sulla-thailandia\/","title":{"rendered":"Informazioni generali sulla Thailandia"},"content":{"rendered":"<div class=\"wpb-content-wrapper\"><p>[vc_row][vc_column][vc_column_text]<\/p>\n<h2>Vacanze<\/h2>\n<p>[\/vc_column_text][vc_empty_space]<div class=\"mkdf-tabs  mkdf-tabs-standard\">\n\t<ul class=\"mkdf-tabs-nav clearfix\">\n\t\t\t\t\t<li>\n\t\t\t\t\t\t\t\t\t<a href=\"#tab-gennaio\">Gennaio<\/a>\n\t\t\t\t\t\t\t<\/li>\n\t\t\t\t\t<li>\n\t\t\t\t\t\t\t\t\t<a href=\"#tab-febbraio\">Febbraio<\/a>\n\t\t\t\t\t\t\t<\/li>\n\t\t\t\t\t<li>\n\t\t\t\t\t\t\t\t\t<a href=\"#tab-marzo\">Marzo<\/a>\n\t\t\t\t\t\t\t<\/li>\n\t\t\t\t\t<li>\n\t\t\t\t\t\t\t\t\t<a href=\"#tab-aprile\">Aprile<\/a>\n\t\t\t\t\t\t\t<\/li>\n\t\t\t\t\t<li>\n\t\t\t\t\t\t\t\t\t<a href=\"#tab-maggio\">Maggio<\/a>\n\t\t\t\t\t\t\t<\/li>\n\t\t\t\t\t<li>\n\t\t\t\t\t\t\t\t\t<a href=\"#tab-giugno\">Giugno<\/a>\n\t\t\t\t\t\t\t<\/li>\n\t\t\t\t\t<li>\n\t\t\t\t\t\t\t\t\t<a href=\"#tab-luglio\">Luglio<\/a>\n\t\t\t\t\t\t\t<\/li>\n\t\t\t\t\t<li>\n\t\t\t\t\t\t\t\t\t<a href=\"#tab-agosto\">Agosto<\/a>\n\t\t\t\t\t\t\t<\/li>\n\t\t\t\t\t<li>\n\t\t\t\t\t\t\t\t\t<a href=\"#tab-settembre\">Settembre<\/a>\n\t\t\t\t\t\t\t<\/li>\n\t\t\t\t\t<li>\n\t\t\t\t\t\t\t\t\t<a href=\"#tab-ottobre\">Ottobre<\/a>\n\t\t\t\t\t\t\t<\/li>\n\t\t\t\t\t<li>\n\t\t\t\t\t\t\t\t\t<a href=\"#tab-novembre\">Novembre<\/a>\n\t\t\t\t\t\t\t<\/li>\n\t\t\t\t\t<li>\n\t\t\t\t\t\t\t\t\t<a href=\"#tab-dicembre\">Dicembre<\/a>\n\t\t\t\t\t\t\t<\/li>\n\t\t\t<\/ul>\n\t<div class=\"mkdf-tab-container\" id=\"tab-gennaio-470\">[vc_raw_html]JTNDdGFibGUlM0UlMEElM0N0Ym9keSUzRSUwQSUwOSUwQSUwOSUwQSUwOSUzQ3RyJTNFJTBBJTA5JTNDdGQlM0UwMS4wMS4yMDIyJTNDJTJGdGQlM0UlMEElMDklM0N0ZCUzRUNhcG9kYW5ubyUzQyUyRnRkJTNFJTBBJTA5JTNDdGQlM0VGZXN0YSUyMG5hemlvbmFsZSUzQyUyRnRkJTNFJTBBJTA5JTNDJTJGdHIlM0UlMEElMEElM0MlMkZ0Ym9keSUzRSUwQSUzQyUyRnRhYmxlJTNF[\/vc_raw_html]<\/div><div class=\"mkdf-tab-container\" id=\"tab-febbraio-978\">[vc_raw_html]JTNDdGFibGUlM0UlMEElM0N0Ym9keSUzRSUwQSUwQSUzQ3RyJTNFJTBBJTA5JTNDdGQlM0UxNi4wMi4yMDIyJTNDJTJGdGQlM0UlMEElMDklM0N0ZCUzRU1ha2hhJTIwQnVjaGElM0MlMkZ0ZCUzRSUwQSUwOSUzQ3RkJTNFRmVzdGElMjBuYXppb25hbGUlM0MlMkZ0ZCUzRSUwQSUwOSUzQyUyRnRyJTNFJTBBJTA5JTNDdHIlM0UlMEElMDklM0N0ZCUzRTE0LjAyLjIwMjIlM0MlMkZ0ZCUzRSUwQSUwOSUzQ3RkJTNFU2FuJTIwVmFsZW50aW5vJTNDJTJGdGQlM0UlMEElMDklM0N0ZCUzRUZlc3RhJTIwbyUyMGNvbW1lbW9yYXppb25lJTNDJTJGdGQlM0UlMEElMDklM0MlMkZ0ciUzRSUwQSUwOSUwOSUwQSUzQyUyRnRib2R5JTNFJTBBJTNDJTJGdGFibGUlM0U=[\/vc_raw_html]<\/div><div class=\"mkdf-tab-container\" id=\"tab-marzo-437\">[vc_raw_html]JTNDdGFibGUlM0UlMEElM0N0Ym9keSUzRSUwQSUzQ3RyJTNFJTBBJTA5JTA5JTNDdGQlM0VOZXNzdW4lMjBnaW9ybm8lMjBmZXN0aXZvJTNDJTJGdGQlM0UlMEElMDklM0MlMkZ0ciUzRSUwQSUwQSUwOSUwOSUwQSUzQyUyRnRib2R5JTNFJTBBJTNDJTJGdGFibGUlM0U=[\/vc_raw_html]<\/div><div class=\"mkdf-tab-container\" id=\"tab-aprile-993\">[vc_raw_html]JTNDdGFibGUlM0UlMEElM0N0Ym9keSUzRSUwQSUzQ3RyJTNFJTBBJTA5JTNDdGQlM0UwNi4wNC4yMDIyJTNDJTJGdGQlM0UlMEElMDklM0N0ZCUzRUdpb3JubyUyMGRlbGxhJTIwTWVtb3JpYSUyMGRpJTIwQ2hha3JpJTNDJTJGdGQlM0UlMEElMDklM0N0ZCUzRUZlc3RhJTIwbmF6aW9uYWxlJTNDJTJGdGQlM0UlMEElMDklM0MlMkZ0ciUzRSUwQSUwOSUzQ3RyJTNFJTBBJTA5JTNDdGQlM0UxMy4wNC4yMDIyJTNDJTJGdGQlM0UlMEElMDklM0N0ZCUzRUZlc3RpdmFsJTIwZGklMjBTb25na3JhbiUyMCUyOGNhcG9kYW5ubyUyMGRlbCUyMGNhbGVuZGFyaW8lMjBsdW5pc29sYXJlJTIwYnVkZGhpc3RhJTI5JTNDJTJGdGQlM0UlMEElMDklM0N0ZCUzRSUyMEZlc3RhJTIwbmF6aW9uYWxlJTNDJTJGdGQlM0UlMEElMDklM0MlMkZ0ciUzRSUwQSUwOSUzQ3RyJTNFJTBBJTA5JTNDdGQlM0UxNC4wNC4yMDIyJTNDJTJGdGQlM0UlMEElMDklM0N0ZCUzRUZlc3RpdmFsJTIwZGklMjBTb25na3JhbiUyMCUzQyUyRnRkJTNFJTBBJTA5JTNDdGQlM0VGZXN0YSUyMG5hemlvbmFsZSUzQyUyRnRkJTNFJTBBJTA5JTNDJTJGdHIlM0UlMEElMDklM0N0ciUzRSUwQSUwOSUzQ3RkJTNFMTUuMDQuMjAyMiUzQyUyRnRkJTNFJTBBJTA5JTNDdGQlM0VGZXN0aXZhbCUyMGRpJTIwU29uZ2tyYW4lMjAlM0MlMkZ0ZCUzRSUwQSUwOSUzQ3RkJTNFRmVzdGElMjBuYXppb25hbGUlM0MlMkZ0ZCUzRSUwQSUwOSUzQyUyRnRyJTNFJTBBJTBBJTA5JTA5JTBBJTNDJTJGdGJvZHklM0UlMEElM0MlMkZ0YWJsZSUzRQ==[\/vc_raw_html]<\/div><div class=\"mkdf-tab-container\" id=\"tab-maggio-861\">[vc_raw_html]JTNDdGFibGUlM0UlMEElM0N0Ym9keSUzRSUwQSUzQ3RyJTNFJTBBJTA5JTBBJTA5JTNDdHIlM0UlMEElMDklM0N0ZCUzRTA0LjA1LjIwMjIlM0MlMkZ0ZCUzRSUwQSUwOSUzQ3RkJTNFR2lvcm5vJTIwZGVsbCUyN2luY29yb25hemlvbmUlM0MlMkZ0ZCUzRSUwQSUwOSUzQ3RkJTNFRmVzdGElMjBuYXppb25hbGUlM0MlMkZ0ZCUzRSUwQSUwOSUzQyUyRnRyJTNFJTBBJTA5JTNDdHIlM0UlMEElMDklM0N0ZCUzRTA2LjA1LjIwMjIlM0MlMkZ0ZCUzRSUwQSUwOSUzQ3RkJTNFVmlzYWtoYSUyMEJ1Y2hhJTIwJTI4bGElMjBwaSVDMyVCOSUyMGltcG9ydGFudGUlMjBmZXN0YSUyMGJ1ZGRpc3RhJTI5JTNDJTJGdGQlM0UlMEElMDklM0N0ZCUzRUZlc3RhJTIwbmF6aW9uYWxlJTNDJTJGdGQlM0UlMEElMDklM0MlMkZ0ciUzRSUwQSUwOSUwOSUwQSUzQyUyRnRib2R5JTNFJTBBJTNDJTJGdGFibGUlM0U=[\/vc_raw_html]<\/div><div class=\"mkdf-tab-container\" id=\"tab-giugno-591\">[vc_raw_html]JTNDdGFibGUlM0UlMEElM0N0Ym9keSUzRSUwQSUzQ3RyJTNFJTBBJTA5JTNDdGQlM0UwMy4wNi4yMDIyJTNDJTJGdGQlM0UlMEElMDklM0N0ZCUzRUFubml2ZXJzYXJpbyUyMGRlbGxhJTIwbmFzY2l0YSUyMGRpJTIwUy4lMjBNLiUyMGxhJTIwUmVnaW5hJTIwU3V0aGlkYSUzQyUyRnRkJTNFJTBBJTA5JTNDdGQlM0VGZXN0YSUyMG5hemlvbmFsZSUzQyUyRnRkJTNFJTBBJTA5JTNDJTJGdHIlM0UlMEElMDklM0N0ciUzRSUwQSUwOSUwOSUwQSUzQyUyRnRib2R5JTNFJTBBJTNDJTJGdGFibGUlM0U=[\/vc_raw_html]<\/div><div class=\"mkdf-tab-container\" id=\"tab-luglio-156\">[vc_raw_html]JTNDdGFibGUlM0UlMEElM0N0Ym9keSUzRSUwQSUzQ3RyJTNFJTBBJTNDdGQlM0UxMy4wNy4yMDIyJTNDJTJGdGQlM0UlMEElMDklM0N0ZCUzRUFzYW5oYSUyMEJ1Y2hhJTIwJTI4QXNhbGhhJTIwQnVjaGElMjklMjAlRTIlODAlOTMlMjBpbCUyMGdpb3JubyUyMHByaW1hJTIwZGVsbCUyN2luaXppbyUyMGRlbGxhJTIwUXVhcmVzaW1hJTIwYnVkZGlzdGElM0MlMkZ0ZCUzRSUwQSUwOSUzQ3RkJTNFRmVzdGElMjBuYXppb25hbGUlM0MlMkZ0ZCUzRSUwQSUwOSUzQyUyRnRyJTNFJTBBJTA5JTNDdHIlM0UlMEElMDklM0N0ZCUzRTE0LjA3LjIwMjIlM0MlMkZ0ZCUzRSUwQSUwOSUzQ3RkJTNFS2hhbyUyMFBoYW5zYSUyMCUyOHByaW1vJTIwZ2lvcm5vJTIwZGVsbGElMjBRdWFyZXNpbWElMjBCdWRkaXN0YSUyOSUzQyUyRnRkJTNFJTBBJTA5JTNDdGQlM0VGZXN0YSUyMG5hemlvbmFsZSUzQyUyRnRkJTNFJTBBJTA5JTNDJTJGdHIlM0UlMEElMDklM0N0ZCUzRTI4LjA3LjIwMjIlM0MlMkZ0ZCUzRSUwQSUwOSUzQ3RkJTNFQW5uaXZlcnNhcmlvJTIwZGVsbGElMjBuYXNjaXRhJTIwZGklMjBTLiUyME0uJTIwaWwlMjBSZSUyMFZhamlyYWxvbmdrb3JuJTNDJTJGdGQlM0UlMEElMDklM0N0ZCUzRUZlc3RhJTIwbmF6aW9uYWxlJTNDJTJGdGQlM0UlMEElMDklM0MlMkZ0ciUzRSUwQSUwOSUwQSUzQyUyRnRib2R5JTNFJTBBJTNDJTJGdGFibGUlM0U=[\/vc_raw_html]<\/div><div class=\"mkdf-tab-container\" id=\"tab-agosto-612\">[vc_raw_html]JTNDdGFibGUlM0UlMEElM0N0Ym9keSUzRSUwQSUzQ3RyJTNFJTBBJTA5JTNDdGQlM0UxMi4wOC4yMDIyJTNDJTJGdGQlM0UlMEElMDklM0N0ZCUzRUFubml2ZXJzYXJpbyUyMGRlbGxhJTIwbmFzY2l0YSUyMGRlbGxhJTIwUmVnaW5hJTIwU2lyaWtpdCUyMCVFMiU4MCU5MyUyMEZlc3RhJTIwZGVsbGElMjBtYW1tYSUzQyUyRnRkJTNFJTBBJTA5JTNDdGQlM0VGZXN0YSUyMG5hemlvbmFsZSUzQyUyRnRkJTNFJTBBJTA5JTNDJTJGdHIlM0UlMEElMDklM0N0ciUzRSUwQSUwOSUzQ3RkJTNFMTIuMDguMjAyMiUzQyUyRnRkJTNFJTBBJTA5JTNDdGQlM0VGZXN0YSUyMGRlbGxhJTIwbWFtbWElM0MlMkZ0ZCUzRSUwQSUwOSUzQ3RkJTNFRmVzdGElMjBuYXppb25hbGUlM0MlMkZ0ZCUzRSUwQSUwOSUzQyUyRnRyJTNFJTBBJTBBJTA5JTA5JTBBJTNDJTJGdGJvZHklM0UlMEElM0MlMkZ0YWJsZSUzRQ==[\/vc_raw_html]<\/div><div class=\"mkdf-tab-container\" id=\"tab-settembre-25\">[vc_raw_html]JTNDdGFibGUlM0UlMEElM0N0Ym9keSUzRSUwQSUzQ3RyJTNFJTBBJTA5JTA5JTNDdGQlM0VOZXNzdW4lMjBnaW9ybm8lMjBmZXN0aXZvJTNDJTJGdGQlM0UlMEElMDklM0MlMkZ0ciUzRSUwQSUwQSUwOSUwOSUwQSUzQyUyRnRib2R5JTNFJTBBJTNDJTJGdGFibGUlM0U=[\/vc_raw_html]<\/div><div class=\"mkdf-tab-container\" id=\"tab-ottobre-611\">[vc_raw_html]JTNDdGFibGUlM0UlMEElM0N0Ym9keSUzRSUwQSUzQ3RyJTNFJTBBJTA5JTA5JTNDdGQlM0UxMy4xMC4yMDIyJTNDJTJGdGQlM0UlMEElMDklMDklM0N0ZCUzRUFubml2ZXJzYXJpbyUyMGRlbGxhJTIwbW9ydGUlMjBkaSUyMFMuTS4lMjBpbCUyMFJlJTIwQmh1bWlib2wlM0MlMkZ0ZCUzRSUwQSUwOSUwOSUzQ3RkJTNFRmVzdGElMjBuYXppb25hbGUlM0MlMkZ0ZCUzRSUwQSUwOSUwOSUzQyUyRnRyJTNFJTBBJTA5JTA5JTNDdHIlM0UlMEElMDklMDklM0N0ZCUzRTIzLjEwLjIwMjIlM0MlMkZ0ZCUzRSUwQSUwOSUwOSUzQ3RkJTNFR2lvcm5vJTIwZGklMjBDaHVsYWxvbmdrb3JuJTIwJUUyJTgwJTkzJTIwQ29tbWVtb3JhemlvbmUlMjBkaSUyMFJlJTIwUmFtYSUyMDUlM0MlMkZ0ZCUzRSUwQSUwOSUwOSUzQ3RkJTNFRmVzdGElMjBuYXppb25hbGUlM0MlMkZ0ZCUzRSUwQSUwOSUwOSUzQyUyRnRyJTNFJTBBJTA5JTA5JTBBJTNDJTJGdGJvZHklM0UlMEElM0MlMkZ0YWJsZSUzRQ==[\/vc_raw_html]<\/div><div class=\"mkdf-tab-container\" id=\"tab-novembre-80\">[vc_raw_html]JTNDdGFibGUlM0UlMEElM0N0Ym9keSUzRSUwQSUzQ3RyJTNFJTBBJTA5JTA5JTNDdGQlM0UlM0N0ZCUzRTA5LjExLjIwMjIlM0MlMkZ0ZCUzRSUwQSUwOSUwOSUzQ3RkJTNFTG95JTIwS3JhdGhvbmclM0MlMkZ0ZCUzRSUwQSUwOSUwOSUzQ3RkJTNFRmVzdGElMjBvJTIwY29tbWVtb3JhemlvbmUlM0MlMkZ0ZCUzRSUwQSUwOSUwOSUzQyUyRnRyJTNFJTBBJTA5JTA5JTBBJTNDJTJGdGJvZHklM0UlMEElM0MlMkZ0YWJsZSUzRQ==[\/vc_raw_html]<\/div><div class=\"mkdf-tab-container\" id=\"tab-dicembre-57\">[vc_raw_html]JTNDdGFibGUlM0UlMEElM0N0Ym9keSUzRSUwQSUzQ3RyJTNFJTBBJTA5JTNDdGQlM0UwNS4xMi4yMDIyJTNDJTJGdGQlM0UlMEElMDklM0N0ZCUzRUFubml2ZXJzYXJpbyUyMGRlbGxhJTIwbmFzY2l0YSUyMGRpJTIwUy5NLiUyMGlsJTIwUmUlMjBCaHVtaWJvbCUzQyUyRnRkJTNFJTBBJTA5JTNDdGQlM0VGZXN0YSUyMG5hemlvbmFsZSUzQyUyRnRkJTNFJTBBJTA5JTNDJTJGdHIlM0UlMEElMDklM0N0ciUzRSUwQSUwOSUzQ3RkJTNFMTAuMTIuMjAyMiUzQyUyRnRkJTNFJTBBJTA5JTNDdGQlM0VHaW9ybm8lMjBkZWxsYSUyMENvc3RpdHV6aW9uZSUzQyUyRnRkJTNFJTBBJTA5JTNDdGQlM0VGZXN0YSUyMG5hemlvbmFsZSUzQyUyRnRkJTNFJTBBJTA5JTNDJTJGdHIlM0UlMEElMDklMEElMEElM0MlMkZ0Ym9keSUzRSUwQSUzQyUyRnRhYmxlJTNF[\/vc_raw_html]<\/div><\/div>[vc_empty_space][vc_column_text]Con i suoi magnifici templi, la natura esotica e le spiagge spettacolari, la Thailandia \u00e8 una destinazione davvero affascinante, la cui cultura unica ispira ogni anno viaggiatori da tutto il mondo. Famosa in tutto il mondo \u00e8 anche la sana e deliziosa cucina thailandese e naturalmente il calore dei thailandesi, che ha fatto guadagnare al regno il soprannome di &#8220;Terra del Sorriso&#8221;.<\/p>\n<h3>Terra del sorriso e le gaffe dei turisti<\/h3>\n<p>&#8230;ma con un Mai Pen Rai, si pu\u00f2 aggiustare quasi tutto<\/p>\n<p>Senza una preparazione adeguata, le vacanze tailandesi possono diventare una pura questione di fortuna: I thailandesi hanno un approccio ben ponderato nel contatto sociale, e questo non vale solo per il noto cerimoniale del saluto. Ma fortunatamente la gente del posto \u00e8 tollerante nei confronti degli stranieri e trascura spesso gli errori commessi involontariamente con un &#8220;Mai Pen Rai&#8221; (non importa).<\/p>\n<h3>La Wai<\/h3>\n<p>Il cerimoniale di saluto dei thailandesi ha un enorme fascino. Le mani sono piegate in piano come in una preghiera, la testa leggermente abbassata e sul volto viene evocato un sorriso amichevole. La posizione delle mani \u00e8 indice della posizione sociale o dell&#8217;et\u00e0 della persona che si saluta. Se le mani sono tenute all&#8217;altezza della fronte o sopra la testa allora questo \u00e8 un segno speciale di rispetto.<\/p>\n<h3>Testa e piedi<\/h3>\n<p>In ogni circostanza si dovrebbe evitare di toccare un thailandese in testa perch\u00e9 questa \u00e8 considerata la sede della dignit\u00e0 spirituale &#8211; umana. \u00c8 la sede dell&#8217;anima e quindi la parte pi\u00f9 sacra del corpo. Anche una carezza amorevolmente intesa sulla testa di un bambino ha spesso l&#8217;effetto opposto. Inoltre, non si dovrebbe mai guardare dall&#8217;alto in basso la testa di un&#8217;altra persona, cosa che non sempre pu\u00f2 essere evitata dagli europei normalmente alti. . Il piede, invece, \u00e8 sporco, indegno e quindi offensivo!<\/p>\n<p>Anche la sovrapposizione delle gambe, comune in Occidente, \u00e8 tollerata solo se nascosta sotto il tavolo. Dopotutto, la suola potrebbe accidentalmente indicare la persona opposta. Nelle citt\u00e0 pi\u00f9 grandi si pu\u00f2 essere un po&#8217; pi\u00f9 rilassati con queste abitudini.<\/p>\n<h3>Sempre educati<\/h3>\n<p>Prima di entrare nella sala di preghiera di un tempio o nell&#8217;abitazione di una casa privata, \u00e8 consuetudine togliersi le scarpe. Quando si visitano i siti religiosi, si deve prestare la stessa attenzione all&#8217;abbigliamento e al comportamento come negli altri Paesi. Anche i monaci buddisti, le statue di Buddha e altri simboli religiosi dovrebbero essere trattati con il dovuto rispetto. Si raccomanda inoltre vivamente di evitare qualsiasi commento critico sulla rispettabilissima casa reale. I thailandesi sono un popolo molto educato, riservato ed estremamente amichevole. Pertanto i turisti non dovrebbero mai mostrare la loro rabbia e dovrebbero rimanere calmi ed educati anche in caso di litigi, basta mostrare un &#8220;Jai Yen&#8221; thailandese (sangue freddo).<\/p>\n<h3>Difficile Da Credere<\/h3>\n<p>Z\u00e4rtliLa tenerezza non si dimostra facilmente nella vita di societ\u00e0, nemmeno davanti alla famiglia. Anche le giovani coppie innamorate di solito non si tengono per mano in pubblico. Inoltre, non \u00e8 possibile per gli uomini thailandesi corteggiare le donne in pubblico. Le turiste che viaggiano da sole non devono temere di essere avvicinate in modo inopportuno da uomini del posto.[\/vc_column_text][vc_empty_space height=&#8221;108px&#8221;][\/vc_column][\/vc_row]<\/p>\n<\/div>","protected":false},"excerpt":{"rendered":"<p>[vc_row][vc_column][vc_column_text] Vacanze [\/vc_column_text][vc_empty_space][vc_empty_space][vc_column_text]Con i suoi magnifici templi, la natura esotica e le spiagge spettacolari, la Thailandia \u00e8 una destinazione davvero affascinante, la cui cultura unica ispira ogni anno viaggiatori da tutto il mondo. Famosa in tutto il mondo \u00e8 anche la sana e deliziosa cucina thailandese e naturalmente il calore dei thailandesi, che ha fatto guadagnare al regno il soprannome di &#8220;Terra del Sorriso&#8221;. Terra del sorriso e le gaffe dei turisti &#8230;ma con un Mai Pen Rai, si pu\u00f2 aggiustare quasi tutto Senza una preparazione adeguata, le [&hellip;]<\/p>\n","protected":false},"author":1,"featured_media":4726,"parent":5333,"menu_order":0,"comment_status":"closed","ping_status":"closed","template":"","meta":{"footnotes":""},"class_list":["post-5107","page","type-page","status-publish","has-post-thumbnail","hentry"],"yoast_head":"<!-- This site is optimized with the Yoast SEO plugin v27.5 - https:\/\/yoast.com\/product\/yoast-seo-wordpress\/ -->\n<title>Informazioni generali sulla Thailandia - Offizielle Seite Thail\u00e4ndisches Fremdenverkehrsamt<\/title>\n<meta name=\"robots\" content=\"index, follow, max-snippet:-1, max-image-preview:large, max-video-preview:-1\" \/>\n<link rel=\"canonical\" href=\"https:\/\/www.tourismthailand.ch\/it\/informazioni-sulla-thailandia\/informazioni-generali-sulla-thailandia\/\" \/>\n<meta property=\"og:locale\" content=\"it_IT\" \/>\n<meta property=\"og:type\" content=\"article\" \/>\n<meta property=\"og:title\" content=\"Informazioni generali sulla Thailandia - Offizielle Seite Thail\u00e4ndisches Fremdenverkehrsamt\" \/>\n<meta property=\"og:description\" content=\"[vc_row][vc_column][vc_column_text] Vacanze [\/vc_column_text][vc_empty_space][vc_empty_space][vc_column_text]Con i suoi magnifici templi, la natura esotica e le spiagge spettacolari, la Thailandia \u00e8 una destinazione davvero affascinante, la cui cultura unica ispira ogni anno viaggiatori da tutto il mondo. Famosa in tutto il mondo \u00e8 anche la sana e deliziosa cucina thailandese e naturalmente il calore dei thailandesi, che ha fatto guadagnare al regno il soprannome di &#8220;Terra del Sorriso&#8221;. Terra del sorriso e le gaffe dei turisti &#8230;ma con un Mai Pen Rai, si pu\u00f2 aggiustare quasi tutto Senza una preparazione adeguata, le [&hellip;]\" \/>\n<meta property=\"og:url\" content=\"https:\/\/www.tourismthailand.ch\/it\/informazioni-sulla-thailandia\/informazioni-generali-sulla-thailandia\/\" \/>\n<meta property=\"og:site_name\" content=\"Offizielle Seite Thail\u00e4ndisches Fremdenverkehrsamt\" \/>\n<meta property=\"article:publisher\" content=\"https:\/\/www.facebook.com\/TATSwitzerland\" \/>\n<meta property=\"article:modified_time\" content=\"2022-01-04T16:06:42+00:00\" \/>\n<meta property=\"og:image\" content=\"https:\/\/www.tourismthailand.ch\/wp-content\/uploads\/2018\/03\/6.0_0001_Hintergrund.jpg\" \/>\n\t<meta property=\"og:image:width\" content=\"1920\" \/>\n\t<meta property=\"og:image:height\" content=\"1080\" \/>\n\t<meta property=\"og:image:type\" content=\"image\/jpeg\" \/>\n<meta name=\"twitter:card\" content=\"summary_large_image\" \/>\n<meta name=\"twitter:label1\" content=\"Est. reading time\" \/>\n\t<meta name=\"twitter:data1\" content=\"6 minutes\" \/>\n<script type=\"application\/ld+json\" class=\"yoast-schema-graph\">{\"@context\":\"https:\\\/\\\/schema.org\",\"@graph\":[{\"@type\":\"WebPage\",\"@id\":\"https:\\\/\\\/www.tourismthailand.ch\\\/it\\\/informazioni-sulla-thailandia\\\/informazioni-generali-sulla-thailandia\\\/\",\"url\":\"https:\\\/\\\/www.tourismthailand.ch\\\/it\\\/informazioni-sulla-thailandia\\\/informazioni-generali-sulla-thailandia\\\/\",\"name\":\"Informazioni generali sulla Thailandia - Offizielle Seite Thail\u00e4ndisches Fremdenverkehrsamt\",\"isPartOf\":{\"@id\":\"https:\\\/\\\/www.tourismthailand.ch\\\/it\\\/#website\"},\"primaryImageOfPage\":{\"@id\":\"https:\\\/\\\/www.tourismthailand.ch\\\/it\\\/informazioni-sulla-thailandia\\\/informazioni-generali-sulla-thailandia\\\/#primaryimage\"},\"image\":{\"@id\":\"https:\\\/\\\/www.tourismthailand.ch\\\/it\\\/informazioni-sulla-thailandia\\\/informazioni-generali-sulla-thailandia\\\/#primaryimage\"},\"thumbnailUrl\":\"https:\\\/\\\/www.tourismthailand.ch\\\/wp-content\\\/uploads\\\/2018\\\/03\\\/6.0_0001_Hintergrund.jpg\",\"datePublished\":\"2020-11-20T10:20:41+00:00\",\"dateModified\":\"2022-01-04T16:06:42+00:00\",\"breadcrumb\":{\"@id\":\"https:\\\/\\\/www.tourismthailand.ch\\\/it\\\/informazioni-sulla-thailandia\\\/informazioni-generali-sulla-thailandia\\\/#breadcrumb\"},\"inLanguage\":\"it-CH\",\"potentialAction\":[{\"@type\":\"ReadAction\",\"target\":[\"https:\\\/\\\/www.tourismthailand.ch\\\/it\\\/informazioni-sulla-thailandia\\\/informazioni-generali-sulla-thailandia\\\/\"]}]},{\"@type\":\"ImageObject\",\"inLanguage\":\"it-CH\",\"@id\":\"https:\\\/\\\/www.tourismthailand.ch\\\/it\\\/informazioni-sulla-thailandia\\\/informazioni-generali-sulla-thailandia\\\/#primaryimage\",\"url\":\"https:\\\/\\\/www.tourismthailand.ch\\\/wp-content\\\/uploads\\\/2018\\\/03\\\/6.0_0001_Hintergrund.jpg\",\"contentUrl\":\"https:\\\/\\\/www.tourismthailand.ch\\\/wp-content\\\/uploads\\\/2018\\\/03\\\/6.0_0001_Hintergrund.jpg\",\"width\":1920,\"height\":1080,\"caption\":\"Zwei \u00e4ltere Thail\u00e4nderinnen sitzen auf Stohballen mit zwei jungen Thais und\"},{\"@type\":\"BreadcrumbList\",\"@id\":\"https:\\\/\\\/www.tourismthailand.ch\\\/it\\\/informazioni-sulla-thailandia\\\/informazioni-generali-sulla-thailandia\\\/#breadcrumb\",\"itemListElement\":[{\"@type\":\"ListItem\",\"position\":1,\"name\":\"Startseite\",\"item\":\"https:\\\/\\\/www.tourismthailand.ch\\\/it\\\/\"},{\"@type\":\"ListItem\",\"position\":2,\"name\":\"Informazioni sulla Thailandia\",\"item\":\"https:\\\/\\\/www.tourismthailand.ch\\\/it\\\/informazioni-sulla-thailandia\\\/\"},{\"@type\":\"ListItem\",\"position\":3,\"name\":\"Informazioni generali sulla Thailandia\"}]},{\"@type\":\"WebSite\",\"@id\":\"https:\\\/\\\/www.tourismthailand.ch\\\/it\\\/#website\",\"url\":\"https:\\\/\\\/www.tourismthailand.ch\\\/it\\\/\",\"name\":\"Offizielle Seite Thail\u00e4ndisches Fremdenverkehrsamt\",\"description\":\"tourismthailand.ch\",\"potentialAction\":[{\"@type\":\"SearchAction\",\"target\":{\"@type\":\"EntryPoint\",\"urlTemplate\":\"https:\\\/\\\/www.tourismthailand.ch\\\/it\\\/?s={search_term_string}\"},\"query-input\":{\"@type\":\"PropertyValueSpecification\",\"valueRequired\":true,\"valueName\":\"search_term_string\"}}],\"inLanguage\":\"it-CH\"}]}<\/script>\n<!-- \/ Yoast SEO plugin. -->","yoast_head_json":{"title":"Informazioni generali sulla Thailandia - Offizielle Seite Thail\u00e4ndisches Fremdenverkehrsamt","robots":{"index":"index","follow":"follow","max-snippet":"max-snippet:-1","max-image-preview":"max-image-preview:large","max-video-preview":"max-video-preview:-1"},"canonical":"https:\/\/www.tourismthailand.ch\/it\/informazioni-sulla-thailandia\/informazioni-generali-sulla-thailandia\/","og_locale":"it_IT","og_type":"article","og_title":"Informazioni generali sulla Thailandia - Offizielle Seite Thail\u00e4ndisches Fremdenverkehrsamt","og_description":"[vc_row][vc_column][vc_column_text] Vacanze [\/vc_column_text][vc_empty_space][vc_empty_space][vc_column_text]Con i suoi magnifici templi, la natura esotica e le spiagge spettacolari, la Thailandia \u00e8 una destinazione davvero affascinante, la cui cultura unica ispira ogni anno viaggiatori da tutto il mondo. Famosa in tutto il mondo \u00e8 anche la sana e deliziosa cucina thailandese e naturalmente il calore dei thailandesi, che ha fatto guadagnare al regno il soprannome di &#8220;Terra del Sorriso&#8221;. Terra del sorriso e le gaffe dei turisti &#8230;ma con un Mai Pen Rai, si pu\u00f2 aggiustare quasi tutto Senza una preparazione adeguata, le [&hellip;]","og_url":"https:\/\/www.tourismthailand.ch\/it\/informazioni-sulla-thailandia\/informazioni-generali-sulla-thailandia\/","og_site_name":"Offizielle Seite Thail\u00e4ndisches Fremdenverkehrsamt","article_publisher":"https:\/\/www.facebook.com\/TATSwitzerland","article_modified_time":"2022-01-04T16:06:42+00:00","og_image":[{"width":1920,"height":1080,"url":"https:\/\/www.tourismthailand.ch\/wp-content\/uploads\/2018\/03\/6.0_0001_Hintergrund.jpg","type":"image\/jpeg"}],"twitter_card":"summary_large_image","twitter_misc":{"Est. reading time":"6 minutes"},"schema":{"@context":"https:\/\/schema.org","@graph":[{"@type":"WebPage","@id":"https:\/\/www.tourismthailand.ch\/it\/informazioni-sulla-thailandia\/informazioni-generali-sulla-thailandia\/","url":"https:\/\/www.tourismthailand.ch\/it\/informazioni-sulla-thailandia\/informazioni-generali-sulla-thailandia\/","name":"Informazioni generali sulla Thailandia - Offizielle Seite Thail\u00e4ndisches Fremdenverkehrsamt","isPartOf":{"@id":"https:\/\/www.tourismthailand.ch\/it\/#website"},"primaryImageOfPage":{"@id":"https:\/\/www.tourismthailand.ch\/it\/informazioni-sulla-thailandia\/informazioni-generali-sulla-thailandia\/#primaryimage"},"image":{"@id":"https:\/\/www.tourismthailand.ch\/it\/informazioni-sulla-thailandia\/informazioni-generali-sulla-thailandia\/#primaryimage"},"thumbnailUrl":"https:\/\/www.tourismthailand.ch\/wp-content\/uploads\/2018\/03\/6.0_0001_Hintergrund.jpg","datePublished":"2020-11-20T10:20:41+00:00","dateModified":"2022-01-04T16:06:42+00:00","breadcrumb":{"@id":"https:\/\/www.tourismthailand.ch\/it\/informazioni-sulla-thailandia\/informazioni-generali-sulla-thailandia\/#breadcrumb"},"inLanguage":"it-CH","potentialAction":[{"@type":"ReadAction","target":["https:\/\/www.tourismthailand.ch\/it\/informazioni-sulla-thailandia\/informazioni-generali-sulla-thailandia\/"]}]},{"@type":"ImageObject","inLanguage":"it-CH","@id":"https:\/\/www.tourismthailand.ch\/it\/informazioni-sulla-thailandia\/informazioni-generali-sulla-thailandia\/#primaryimage","url":"https:\/\/www.tourismthailand.ch\/wp-content\/uploads\/2018\/03\/6.0_0001_Hintergrund.jpg","contentUrl":"https:\/\/www.tourismthailand.ch\/wp-content\/uploads\/2018\/03\/6.0_0001_Hintergrund.jpg","width":1920,"height":1080,"caption":"Zwei \u00e4ltere Thail\u00e4nderinnen sitzen auf Stohballen mit zwei jungen Thais und"},{"@type":"BreadcrumbList","@id":"https:\/\/www.tourismthailand.ch\/it\/informazioni-sulla-thailandia\/informazioni-generali-sulla-thailandia\/#breadcrumb","itemListElement":[{"@type":"ListItem","position":1,"name":"Startseite","item":"https:\/\/www.tourismthailand.ch\/it\/"},{"@type":"ListItem","position":2,"name":"Informazioni sulla Thailandia","item":"https:\/\/www.tourismthailand.ch\/it\/informazioni-sulla-thailandia\/"},{"@type":"ListItem","position":3,"name":"Informazioni generali sulla Thailandia"}]},{"@type":"WebSite","@id":"https:\/\/www.tourismthailand.ch\/it\/#website","url":"https:\/\/www.tourismthailand.ch\/it\/","name":"Offizielle Seite Thail\u00e4ndisches Fremdenverkehrsamt","description":"tourismthailand.ch","potentialAction":[{"@type":"SearchAction","target":{"@type":"EntryPoint","urlTemplate":"https:\/\/www.tourismthailand.ch\/it\/?s={search_term_string}"},"query-input":{"@type":"PropertyValueSpecification","valueRequired":true,"valueName":"search_term_string"}}],"inLanguage":"it-CH"}]}},"_links":{"self":[{"href":"https:\/\/www.tourismthailand.ch\/it\/wp-json\/wp\/v2\/pages\/5107","targetHints":{"allow":["GET"]}}],"collection":[{"href":"https:\/\/www.tourismthailand.ch\/it\/wp-json\/wp\/v2\/pages"}],"about":[{"href":"https:\/\/www.tourismthailand.ch\/it\/wp-json\/wp\/v2\/types\/page"}],"author":[{"embeddable":true,"href":"https:\/\/www.tourismthailand.ch\/it\/wp-json\/wp\/v2\/users\/1"}],"replies":[{"embeddable":true,"href":"https:\/\/www.tourismthailand.ch\/it\/wp-json\/wp\/v2\/comments?post=5107"}],"version-history":[{"count":3,"href":"https:\/\/www.tourismthailand.ch\/it\/wp-json\/wp\/v2\/pages\/5107\/revisions"}],"predecessor-version":[{"id":6894,"href":"https:\/\/www.tourismthailand.ch\/it\/wp-json\/wp\/v2\/pages\/5107\/revisions\/6894"}],"up":[{"embeddable":true,"href":"https:\/\/www.tourismthailand.ch\/it\/wp-json\/wp\/v2\/pages\/5333"}],"wp:featuredmedia":[{"embeddable":true,"href":"https:\/\/www.tourismthailand.ch\/it\/wp-json\/wp\/v2\/media\/4726"}],"wp:attachment":[{"href":"https:\/\/www.tourismthailand.ch\/it\/wp-json\/wp\/v2\/media?parent=5107"}],"curies":[{"name":"wp","href":"https:\/\/api.w.org\/{rel}","templated":true}]}}