{"id":5098,"date":"2020-11-19T15:07:24","date_gmt":"2020-11-19T14:07:24","guid":{"rendered":"https:\/\/www.tourismthailand.ch\/religione\/"},"modified":"2020-12-07T10:50:35","modified_gmt":"2020-12-07T09:50:35","slug":"religione","status":"publish","type":"page","link":"https:\/\/www.tourismthailand.ch\/it\/informazioni-sulla-thailandia\/religione\/","title":{"rendered":"Religione"},"content":{"rendered":"<div class=\"wpb-content-wrapper\"><p>[vc_row][vc_column][vc_column_text]<\/p>\n<h2>Una cultura plasmata dal buddismo<\/h2>\n<p>[\/vc_column_text][vc_column_text]Poich\u00e9 quasi il 95% del popolo thailandese \u00e8 buddista, anche l&#8217;intera cultura thailandese \u00e8 influenzata dal buddismo &#8211; solo nell&#8217;estremo sud del Paese gran parte della popolazione \u00e8 musulmana. Il buddismo \u00e8 probabilmente la religione pi\u00f9 tollerante del mondo e questa caratteristica si riflette anche nella popolazione. Quasi ogni thailandese maschio entra in un monastero una volta nella sua vita per diverse settimane per praticare la meditazione e studiare gli insegnamenti buddisti. Non importa dove si viaggia in Thailandia, si incontrano monaci ovunque e si dovrebbero trattare con il dovuto rispetto. Molti monaci anziani sono molto venerati e non \u00e8 insolito vedere i loro quadri sulle pareti di negozi e case o sulle decorazioni dei taxi. In vielen kleineren St\u00e4dten und D\u00f6rfern ist der \u00f6rtliche Tempel das Zentrum des sozialen und religi\u00f6sen Lebens. In molte piccole citt\u00e0 e villaggi il tempio locale \u00e8 il centro della vita sociale e religiosa.<\/p>\n<p>In generale, il buddismo \u00e8 considerato pi\u00f9 una filosofia di vita, non necessariamente una religione. Ancora oggi il buddismo thailandese \u00e8 influenzato anche da altre credenze, che sono resti di un animismo e di un induismo secolari. L&#8217;esempio pi\u00f9 noto sono le case fantasma, che si trovano di fronte a quasi tutti gli edifici thailandesi e che dovrebbero offrire un rifugio agli spiriti che vivono nella propriet\u00e0. Le donazioni regolari hanno lo scopo di calmare gli spiriti della casa. \u00c8 anche abbastanza comune che i monaci buddisti siano invitati alla dedicazione di nuove case e negozi. Se camminate con attenzione a Bangkok, noterete anche i numerosi santuari con immagini di Buddha o di divinit\u00e0 ind\u00f9, dove i thailandesi pregano, accendono l&#8217;incenso e depongono fiori.<\/p>\n<p>Nel Buddismo la meditazione \u00e8 considerata uno dei modi essenziali per raggiungere la conoscenza di s\u00e9. I visitatori interessati possono apprendere le basi di questa pratica in molti templi sparsi in tutto il regno. I visitatori possono entrare in contatto diretto con i monaci per approfondire la loro conoscenza del Buddismo e studiare gli insegnamenti del Buddha.<\/p>\n<p>Il calendario thailandese \u00e8 dominato dalle festivit\u00e0 buddiste, che vengono celebrate in tutto il Paese durante tutto l&#8217;anno.[\/vc_column_text][vc_empty_space]<div class=\"mkdf-image-gallery  mkdf-ig-grid-type mkdf-normal-space  mkdf-image-behavior-lightbox\">\n\t<div class=\"mkdf-ig-inner mkdf-outer-space mkdf-ig-grid mkdf-ig-four-columns\">\n\t\t\t\t\t<div class=\"mkdf-ig-image mkdf-item-space\">\n\t\t\t\t<div class=\"mkdf-ig-image-inner\">\n\t\t\t\t\t\t\t\t\t\t\t<a itemprop=\"image\" class=\"mkdf-ig-lightbox\" href=\"https:\/\/www.tourismthailand.ch\/wp-content\/uploads\/2018\/03\/6.3_0003_Religion1.jpg\" data-rel=\"prettyPhoto[image_gallery_pretty_photo-946]\" title=\"6.3_0003_Religion1\">\n\t\t\t\t\t\t\t\t\t\t\t<img loading=\"lazy\" decoding=\"async\" src=\"https:\/\/www.tourismthailand.ch\/wp-content\/uploads\/2018\/03\/6.3_0003_Religion1-310x310.jpg\" alt=\"\" width=\"310\" height=\"310\" \/>\t\t\t\t\t\t\t\t\t\t\t<\/a>\n\t\t\t\t\t\t\t\t\t<\/div>\n\t\t\t<\/div>\n\t\t\t\t\t<div class=\"mkdf-ig-image mkdf-item-space\">\n\t\t\t\t<div class=\"mkdf-ig-image-inner\">\n\t\t\t\t\t\t\t\t\t\t\t<a itemprop=\"image\" class=\"mkdf-ig-lightbox\" href=\"https:\/\/www.tourismthailand.ch\/wp-content\/uploads\/2018\/03\/6.3_0002_Religion2.jpg\" data-rel=\"prettyPhoto[image_gallery_pretty_photo-946]\" title=\"6.3_0002_Religion2\">\n\t\t\t\t\t\t\t\t\t\t\t<img loading=\"lazy\" decoding=\"async\" src=\"https:\/\/www.tourismthailand.ch\/wp-content\/uploads\/2018\/03\/6.3_0002_Religion2-310x310.jpg\" alt=\"\" width=\"310\" height=\"310\" \/>\t\t\t\t\t\t\t\t\t\t\t<\/a>\n\t\t\t\t\t\t\t\t\t<\/div>\n\t\t\t<\/div>\n\t\t\t\t\t<div class=\"mkdf-ig-image mkdf-item-space\">\n\t\t\t\t<div class=\"mkdf-ig-image-inner\">\n\t\t\t\t\t\t\t\t\t\t\t<a itemprop=\"image\" class=\"mkdf-ig-lightbox\" href=\"https:\/\/www.tourismthailand.ch\/wp-content\/uploads\/2018\/03\/6.3_0001_Sukhothai-Thailand.jpg\" data-rel=\"prettyPhoto[image_gallery_pretty_photo-946]\" title=\"6.3_0001_Sukhothai,-Thailand\">\n\t\t\t\t\t\t\t\t\t\t\t<img loading=\"lazy\" decoding=\"async\" src=\"https:\/\/www.tourismthailand.ch\/wp-content\/uploads\/2018\/03\/6.3_0001_Sukhothai-Thailand-310x310.jpg\" alt=\"\" width=\"310\" height=\"310\" \/>\t\t\t\t\t\t\t\t\t\t\t<\/a>\n\t\t\t\t\t\t\t\t\t<\/div>\n\t\t\t<\/div>\n\t\t\t\t\t<div class=\"mkdf-ig-image mkdf-item-space\">\n\t\t\t\t<div class=\"mkdf-ig-image-inner\">\n\t\t\t\t\t\t\t\t\t\t\t<a itemprop=\"image\" class=\"mkdf-ig-lightbox\" href=\"https:\/\/www.tourismthailand.ch\/wp-content\/uploads\/2018\/03\/6.3_0004_Religion.jpg\" data-rel=\"prettyPhoto[image_gallery_pretty_photo-946]\" title=\"6.3_0004_Religion\">\n\t\t\t\t\t\t\t\t\t\t\t<img loading=\"lazy\" decoding=\"async\" src=\"https:\/\/www.tourismthailand.ch\/wp-content\/uploads\/2018\/03\/6.3_0004_Religion-310x310.jpg\" alt=\"\" width=\"310\" height=\"310\" \/>\t\t\t\t\t\t\t\t\t\t\t<\/a>\n\t\t\t\t\t\t\t\t\t<\/div>\n\t\t\t<\/div>\n\t\t\t<\/div>\n<\/div>[vc_empty_space height=&#8221;108px&#8221;][\/vc_column][\/vc_row]<\/p>\n<\/div>","protected":false},"excerpt":{"rendered":"<p>[vc_row][vc_column][vc_column_text] Una cultura plasmata dal buddismo [\/vc_column_text][vc_column_text]Poich\u00e9 quasi il 95% del popolo thailandese \u00e8 buddista, anche l&#8217;intera cultura thailandese \u00e8 influenzata dal buddismo &#8211; solo nell&#8217;estremo sud del Paese gran parte della popolazione \u00e8 musulmana. Il buddismo \u00e8 probabilmente la religione pi\u00f9 tollerante del mondo e questa caratteristica si riflette anche nella popolazione. Quasi ogni thailandese maschio entra in un monastero una volta nella sua vita per diverse settimane per praticare la meditazione e studiare gli insegnamenti buddisti. Non importa dove si viaggia in Thailandia, si incontrano monaci [&hellip;]<\/p>\n","protected":false},"author":1,"featured_media":4750,"parent":5333,"menu_order":0,"comment_status":"closed","ping_status":"closed","template":"","meta":{"footnotes":""},"class_list":["post-5098","page","type-page","status-publish","has-post-thumbnail","hentry"],"yoast_head":"<!-- This site is optimized with the Yoast SEO plugin v27.5 - https:\/\/yoast.com\/product\/yoast-seo-wordpress\/ -->\n<title>Religione - Offizielle Seite Thail\u00e4ndisches Fremdenverkehrsamt<\/title>\n<meta name=\"description\" content=\"Una cultura plasmata dal buddismo. Poich\u00e9 quasi il 95% del popolo thailandese \u00e8 buddista, anche l\u2019intera cultura thailandese \u00e8 influenzata dal buddismo.\" \/>\n<meta name=\"robots\" content=\"index, follow, max-snippet:-1, max-image-preview:large, max-video-preview:-1\" \/>\n<link rel=\"canonical\" href=\"https:\/\/www.tourismthailand.ch\/it\/informazioni-sulla-thailandia\/religione\/\" \/>\n<meta property=\"og:locale\" content=\"it_IT\" \/>\n<meta property=\"og:type\" content=\"article\" \/>\n<meta property=\"og:title\" content=\"Religione - Offizielle Seite Thail\u00e4ndisches Fremdenverkehrsamt\" \/>\n<meta property=\"og:description\" content=\"Una cultura plasmata dal buddismo. Poich\u00e9 quasi il 95% del popolo thailandese \u00e8 buddista, anche l\u2019intera cultura thailandese \u00e8 influenzata dal buddismo.\" \/>\n<meta property=\"og:url\" content=\"https:\/\/www.tourismthailand.ch\/it\/informazioni-sulla-thailandia\/religione\/\" \/>\n<meta property=\"og:site_name\" content=\"Offizielle Seite Thail\u00e4ndisches Fremdenverkehrsamt\" \/>\n<meta property=\"article:publisher\" content=\"https:\/\/www.facebook.com\/TATSwitzerland\" \/>\n<meta property=\"article:modified_time\" content=\"2020-12-07T09:50:35+00:00\" \/>\n<meta property=\"og:image\" content=\"https:\/\/www.tourismthailand.ch\/wp-content\/uploads\/2018\/03\/6.3_0005_Hintergrund.jpg\" \/>\n\t<meta property=\"og:image:width\" content=\"1920\" \/>\n\t<meta property=\"og:image:height\" content=\"1080\" \/>\n\t<meta property=\"og:image:type\" content=\"image\/jpeg\" \/>\n<meta name=\"twitter:card\" content=\"summary_large_image\" \/>\n<meta name=\"twitter:label1\" content=\"Est. reading time\" \/>\n\t<meta name=\"twitter:data1\" content=\"2 minutes\" \/>\n<script type=\"application\/ld+json\" class=\"yoast-schema-graph\">{\"@context\":\"https:\\\/\\\/schema.org\",\"@graph\":[{\"@type\":\"WebPage\",\"@id\":\"https:\\\/\\\/www.tourismthailand.ch\\\/it\\\/informazioni-sulla-thailandia\\\/religione\\\/\",\"url\":\"https:\\\/\\\/www.tourismthailand.ch\\\/it\\\/informazioni-sulla-thailandia\\\/religione\\\/\",\"name\":\"Religione - Offizielle Seite Thail\u00e4ndisches Fremdenverkehrsamt\",\"isPartOf\":{\"@id\":\"https:\\\/\\\/www.tourismthailand.ch\\\/it\\\/#website\"},\"primaryImageOfPage\":{\"@id\":\"https:\\\/\\\/www.tourismthailand.ch\\\/it\\\/informazioni-sulla-thailandia\\\/religione\\\/#primaryimage\"},\"image\":{\"@id\":\"https:\\\/\\\/www.tourismthailand.ch\\\/it\\\/informazioni-sulla-thailandia\\\/religione\\\/#primaryimage\"},\"thumbnailUrl\":\"https:\\\/\\\/www.tourismthailand.ch\\\/wp-content\\\/uploads\\\/2018\\\/03\\\/6.3_0005_Hintergrund.jpg\",\"datePublished\":\"2020-11-19T14:07:24+00:00\",\"dateModified\":\"2020-12-07T09:50:35+00:00\",\"description\":\"Una cultura plasmata dal buddismo. Poich\u00e9 quasi il 95% del popolo thailandese \u00e8 buddista, anche l\u2019intera cultura thailandese \u00e8 influenzata dal buddismo.\",\"breadcrumb\":{\"@id\":\"https:\\\/\\\/www.tourismthailand.ch\\\/it\\\/informazioni-sulla-thailandia\\\/religione\\\/#breadcrumb\"},\"inLanguage\":\"it-CH\",\"potentialAction\":[{\"@type\":\"ReadAction\",\"target\":[\"https:\\\/\\\/www.tourismthailand.ch\\\/it\\\/informazioni-sulla-thailandia\\\/religione\\\/\"]}]},{\"@type\":\"ImageObject\",\"inLanguage\":\"it-CH\",\"@id\":\"https:\\\/\\\/www.tourismthailand.ch\\\/it\\\/informazioni-sulla-thailandia\\\/religione\\\/#primaryimage\",\"url\":\"https:\\\/\\\/www.tourismthailand.ch\\\/wp-content\\\/uploads\\\/2018\\\/03\\\/6.3_0005_Hintergrund.jpg\",\"contentUrl\":\"https:\\\/\\\/www.tourismthailand.ch\\\/wp-content\\\/uploads\\\/2018\\\/03\\\/6.3_0005_Hintergrund.jpg\",\"width\":1920,\"height\":1080,\"caption\":\"Jedes Jahr im November beginnt in Thailand wieder das buddhistische Lichterfest Yi Peng, ein jahrhundertealtes Fest der Lanna im Norden Thailands, das in Chiang Mai besonders gross gefeiert wird. Der buddhistischen Religion.\"},{\"@type\":\"BreadcrumbList\",\"@id\":\"https:\\\/\\\/www.tourismthailand.ch\\\/it\\\/informazioni-sulla-thailandia\\\/religione\\\/#breadcrumb\",\"itemListElement\":[{\"@type\":\"ListItem\",\"position\":1,\"name\":\"Startseite\",\"item\":\"https:\\\/\\\/www.tourismthailand.ch\\\/it\\\/\"},{\"@type\":\"ListItem\",\"position\":2,\"name\":\"Informazioni sulla Thailandia\",\"item\":\"https:\\\/\\\/www.tourismthailand.ch\\\/it\\\/informazioni-sulla-thailandia\\\/\"},{\"@type\":\"ListItem\",\"position\":3,\"name\":\"Religione\"}]},{\"@type\":\"WebSite\",\"@id\":\"https:\\\/\\\/www.tourismthailand.ch\\\/it\\\/#website\",\"url\":\"https:\\\/\\\/www.tourismthailand.ch\\\/it\\\/\",\"name\":\"Offizielle Seite Thail\u00e4ndisches Fremdenverkehrsamt\",\"description\":\"tourismthailand.ch\",\"potentialAction\":[{\"@type\":\"SearchAction\",\"target\":{\"@type\":\"EntryPoint\",\"urlTemplate\":\"https:\\\/\\\/www.tourismthailand.ch\\\/it\\\/?s={search_term_string}\"},\"query-input\":{\"@type\":\"PropertyValueSpecification\",\"valueRequired\":true,\"valueName\":\"search_term_string\"}}],\"inLanguage\":\"it-CH\"}]}<\/script>\n<!-- \/ Yoast SEO plugin. -->","yoast_head_json":{"title":"Religione - Offizielle Seite Thail\u00e4ndisches Fremdenverkehrsamt","description":"Una cultura plasmata dal buddismo. Poich\u00e9 quasi il 95% del popolo thailandese \u00e8 buddista, anche l\u2019intera cultura thailandese \u00e8 influenzata dal buddismo.","robots":{"index":"index","follow":"follow","max-snippet":"max-snippet:-1","max-image-preview":"max-image-preview:large","max-video-preview":"max-video-preview:-1"},"canonical":"https:\/\/www.tourismthailand.ch\/it\/informazioni-sulla-thailandia\/religione\/","og_locale":"it_IT","og_type":"article","og_title":"Religione - Offizielle Seite Thail\u00e4ndisches Fremdenverkehrsamt","og_description":"Una cultura plasmata dal buddismo. Poich\u00e9 quasi il 95% del popolo thailandese \u00e8 buddista, anche l\u2019intera cultura thailandese \u00e8 influenzata dal buddismo.","og_url":"https:\/\/www.tourismthailand.ch\/it\/informazioni-sulla-thailandia\/religione\/","og_site_name":"Offizielle Seite Thail\u00e4ndisches Fremdenverkehrsamt","article_publisher":"https:\/\/www.facebook.com\/TATSwitzerland","article_modified_time":"2020-12-07T09:50:35+00:00","og_image":[{"width":1920,"height":1080,"url":"https:\/\/www.tourismthailand.ch\/wp-content\/uploads\/2018\/03\/6.3_0005_Hintergrund.jpg","type":"image\/jpeg"}],"twitter_card":"summary_large_image","twitter_misc":{"Est. reading time":"2 minutes"},"schema":{"@context":"https:\/\/schema.org","@graph":[{"@type":"WebPage","@id":"https:\/\/www.tourismthailand.ch\/it\/informazioni-sulla-thailandia\/religione\/","url":"https:\/\/www.tourismthailand.ch\/it\/informazioni-sulla-thailandia\/religione\/","name":"Religione - Offizielle Seite Thail\u00e4ndisches Fremdenverkehrsamt","isPartOf":{"@id":"https:\/\/www.tourismthailand.ch\/it\/#website"},"primaryImageOfPage":{"@id":"https:\/\/www.tourismthailand.ch\/it\/informazioni-sulla-thailandia\/religione\/#primaryimage"},"image":{"@id":"https:\/\/www.tourismthailand.ch\/it\/informazioni-sulla-thailandia\/religione\/#primaryimage"},"thumbnailUrl":"https:\/\/www.tourismthailand.ch\/wp-content\/uploads\/2018\/03\/6.3_0005_Hintergrund.jpg","datePublished":"2020-11-19T14:07:24+00:00","dateModified":"2020-12-07T09:50:35+00:00","description":"Una cultura plasmata dal buddismo. Poich\u00e9 quasi il 95% del popolo thailandese \u00e8 buddista, anche l\u2019intera cultura thailandese \u00e8 influenzata dal buddismo.","breadcrumb":{"@id":"https:\/\/www.tourismthailand.ch\/it\/informazioni-sulla-thailandia\/religione\/#breadcrumb"},"inLanguage":"it-CH","potentialAction":[{"@type":"ReadAction","target":["https:\/\/www.tourismthailand.ch\/it\/informazioni-sulla-thailandia\/religione\/"]}]},{"@type":"ImageObject","inLanguage":"it-CH","@id":"https:\/\/www.tourismthailand.ch\/it\/informazioni-sulla-thailandia\/religione\/#primaryimage","url":"https:\/\/www.tourismthailand.ch\/wp-content\/uploads\/2018\/03\/6.3_0005_Hintergrund.jpg","contentUrl":"https:\/\/www.tourismthailand.ch\/wp-content\/uploads\/2018\/03\/6.3_0005_Hintergrund.jpg","width":1920,"height":1080,"caption":"Jedes Jahr im November beginnt in Thailand wieder das buddhistische Lichterfest Yi Peng, ein jahrhundertealtes Fest der Lanna im Norden Thailands, das in Chiang Mai besonders gross gefeiert wird. Der buddhistischen Religion."},{"@type":"BreadcrumbList","@id":"https:\/\/www.tourismthailand.ch\/it\/informazioni-sulla-thailandia\/religione\/#breadcrumb","itemListElement":[{"@type":"ListItem","position":1,"name":"Startseite","item":"https:\/\/www.tourismthailand.ch\/it\/"},{"@type":"ListItem","position":2,"name":"Informazioni sulla Thailandia","item":"https:\/\/www.tourismthailand.ch\/it\/informazioni-sulla-thailandia\/"},{"@type":"ListItem","position":3,"name":"Religione"}]},{"@type":"WebSite","@id":"https:\/\/www.tourismthailand.ch\/it\/#website","url":"https:\/\/www.tourismthailand.ch\/it\/","name":"Offizielle Seite Thail\u00e4ndisches Fremdenverkehrsamt","description":"tourismthailand.ch","potentialAction":[{"@type":"SearchAction","target":{"@type":"EntryPoint","urlTemplate":"https:\/\/www.tourismthailand.ch\/it\/?s={search_term_string}"},"query-input":{"@type":"PropertyValueSpecification","valueRequired":true,"valueName":"search_term_string"}}],"inLanguage":"it-CH"}]}},"_links":{"self":[{"href":"https:\/\/www.tourismthailand.ch\/it\/wp-json\/wp\/v2\/pages\/5098","targetHints":{"allow":["GET"]}}],"collection":[{"href":"https:\/\/www.tourismthailand.ch\/it\/wp-json\/wp\/v2\/pages"}],"about":[{"href":"https:\/\/www.tourismthailand.ch\/it\/wp-json\/wp\/v2\/types\/page"}],"author":[{"embeddable":true,"href":"https:\/\/www.tourismthailand.ch\/it\/wp-json\/wp\/v2\/users\/1"}],"replies":[{"embeddable":true,"href":"https:\/\/www.tourismthailand.ch\/it\/wp-json\/wp\/v2\/comments?post=5098"}],"version-history":[{"count":0,"href":"https:\/\/www.tourismthailand.ch\/it\/wp-json\/wp\/v2\/pages\/5098\/revisions"}],"up":[{"embeddable":true,"href":"https:\/\/www.tourismthailand.ch\/it\/wp-json\/wp\/v2\/pages\/5333"}],"wp:featuredmedia":[{"embeddable":true,"href":"https:\/\/www.tourismthailand.ch\/it\/wp-json\/wp\/v2\/media\/4750"}],"wp:attachment":[{"href":"https:\/\/www.tourismthailand.ch\/it\/wp-json\/wp\/v2\/media?parent=5098"}],"curies":[{"name":"wp","href":"https:\/\/api.w.org\/{rel}","templated":true}]}}