{"id":5358,"date":"2020-11-27T14:56:45","date_gmt":"2020-11-27T13:56:45","guid":{"rendered":"https:\/\/www.tourismthailand.ch\/informations-pour-le-voyage\/duree-du-voyage-et-informations-sur-le-climat\/"},"modified":"2021-01-13T16:21:09","modified_gmt":"2021-01-13T15:21:09","slug":"duree-du-voyage-et-informations-sur-le-climat","status":"publish","type":"page","link":"https:\/\/www.tourismthailand.ch\/fr\/informations-pour-le-voyage\/duree-du-voyage-et-informations-sur-le-climat\/","title":{"rendered":"P\u00e9riode de voyage et informations sur le climat"},"content":{"rendered":"<div class=\"wpb-content-wrapper\"><p>[vc_row][vc_column][vc_column_text]<\/p>\n<h2>P\u00e9riode de voyage recommand\u00e9e pour la Tha\u00eflande<\/h2>\n<p>[\/vc_column_text][vc_column_text]La Tha\u00eflande est une destination accessible aux touristes tout au long de l&#8217;ann\u00e9e. Bien que l&#8217;hiver europ\u00e9en soit consid\u00e9r\u00e9 comme la principale saison pour y voyager, la Tha\u00eflande, avec son climat \u00e9quatorial typique, est une destination visitable durant toute l\u2019ann\u00e9e.<\/p>\n<p>La mousson du sud-ouest am\u00e8ne de courtes averses tropicales de juin \u00e0 septembre dans une grande partie du pays. La mousson du nord-est apporte quant-\u00e0-elle de l&#8217;air plus frais de novembre \u00e0 f\u00e9vrier. La mousson du sud-ouest am\u00e8ne de courtes averses tropicales de juin \u00e0 septembre dans une grande partie du pays. La mousson du nord-est apporte quant-\u00e0-elle de l&#8217;air plus frais de novembre \u00e0 f\u00e9vrier. Heureusement, le sud de la Tha\u00eflande dispose de deux zones climatiques diff\u00e9rentes, celle de la c\u00f4te de la mer d&#8217;Andaman et celle de la c\u00f4te du Golfe. Il y a donc toujours une p\u00e9riode de voyage appropri\u00e9e pour ceux qui veulent profiter de vacances ensoleill\u00e9es. La c\u00f4te de la mer d&#8217;Andaman, avec ses nombreuses stations baln\u00e9aires telles que Phuket, Krabi ou Khao Lak, est id\u00e9ale pour la baignade de novembre \u00e0 mars. Pendant les mois chauds de l&#8217;\u00e9t\u00e9, cependant, les r\u00e9gions autour de Ko Samui, Koh Phangan, Koh Tao, Chumphon, Khanom et Hua Hin sur le Golfe de Tha\u00eflande sont beaucoup plus propices \u00e0 la baignade.<\/p>\n<p>En g\u00e9n\u00e9ral, le climat en Tha\u00eflande est pour la plupart des gens beaucoup plus agr\u00e9able qu&#8217;en Suisse. Les jours de pluie Europ\u00e9ens ne peuvent \u00eatre compar\u00e9s avec la pluie en Tha\u00eflande, qui signifie g\u00e9n\u00e9ralement une averse lors de temp\u00e9ratures chaudes altern\u00e9e avec du soleil et de temps en temps des nuages dans le ciel.[\/vc_column_text][vc_empty_space][vc_column_text]<\/p>\n<h3>Fondamentalement, on peut distinguer trois saisons :<\/h3>\n<p>Pendant la &#8220;saison fra\u00eeche&#8221;, de novembre \u00e0 mars, les temp\u00e9ratures diurnes moyennes dans tout le pays sont tr\u00e8s agr\u00e9ables, aux alentours de 25\u00b0 Celsius. Les temp\u00e9ratures sup\u00e9rieures \u00e0 30\u00b0 ne sont que rarement atteintes. Au nord, en revanche, la temp\u00e9rature se rafra\u00eechit consid\u00e9rablement et, dans les r\u00e9gions montagneuses plus \u00e9lev\u00e9es, il peut m\u00eame y avoir du gel. Cette p\u00e9riode de l&#8217;ann\u00e9e est la plus agr\u00e9able pour de nombreux visiteurs et est donc consid\u00e9r\u00e9e comme la meilleure saison pour voyager.<\/p>\n<p>La &#8220;saison chaude&#8221; de mars \u00e0 mai est principalement s\u00e8che et entra\u00eene des temp\u00e9ratures d\u00e9passant largement les 30\u00b0 Celsius. L&#8217;humidit\u00e9 est \u00e0 son maximum pendant cette p\u00e9riode, de sorte qu&#8217;un s\u00e9jour dans les zones de haute montagne ou au bord de la mer est des plus agr\u00e9ables.<\/p>\n<p>Pendant la &#8220;saison verte&#8221;, de juin \u00e0 octobre, il y a souvent des averses tropicales, g\u00e9n\u00e9ralement courtes mais tr\u00e8s fortes. Les voyageurs particuli\u00e8rement exp\u00e9riment\u00e9s pr\u00e9f\u00e8rent cette p\u00e9riode de l&#8217;ann\u00e9e, car la nature brille dans une couleur verte riche et de nombreuses attractions sont d\u00e9laiss\u00e9es par les touristes par rapport au reste de l\u2019ann\u00e9e, ce qui permet d\u2019en profiter pleinement.[\/vc_column_text][vc_empty_space height=&#8221;108px&#8221;][\/vc_column][\/vc_row]<\/p>\n<\/div>","protected":false},"excerpt":{"rendered":"<p>[vc_row][vc_column][vc_column_text] P\u00e9riode de voyage recommand\u00e9e pour la Tha\u00eflande [\/vc_column_text][vc_column_text]La Tha\u00eflande est une destination accessible aux touristes tout au long de l&#8217;ann\u00e9e. Bien que l&#8217;hiver europ\u00e9en soit consid\u00e9r\u00e9 comme la principale saison pour y voyager, la Tha\u00eflande, avec son climat \u00e9quatorial typique, est une destination visitable durant toute l\u2019ann\u00e9e. La mousson du sud-ouest am\u00e8ne de courtes averses tropicales de juin \u00e0 septembre dans une grande partie du pays. La mousson du nord-est apporte quant-\u00e0-elle de l&#8217;air plus frais de novembre \u00e0 f\u00e9vrier. La mousson du sud-ouest am\u00e8ne de courtes [&hellip;]<\/p>\n","protected":false},"author":1,"featured_media":4293,"parent":4861,"menu_order":0,"comment_status":"closed","ping_status":"closed","template":"","meta":{"footnotes":""},"class_list":["post-5358","page","type-page","status-publish","has-post-thumbnail","hentry"],"yoast_head":"<!-- This site is optimized with the Yoast SEO plugin v27.4 - https:\/\/yoast.com\/product\/yoast-seo-wordpress\/ -->\n<title>P\u00e9riode de voyage et informations sur le climat - Offizielle Seite Thail\u00e4ndisches Fremdenverkehrsamt<\/title>\n<meta name=\"description\" content=\"La Tha\u00eflande est une destination accessible aux touristes tout au long de l&#039;ann\u00e9e. Bien que l&#039;hiver europ\u00e9en soit consid\u00e9r\u00e9 comme la principale saison pour y voyager, la Tha\u00eflande, avec son climat \u00e9quatorial typique, est une destination visitable durant toute l\u2019ann\u00e9e.\" \/>\n<meta name=\"robots\" content=\"index, follow, max-snippet:-1, max-image-preview:large, max-video-preview:-1\" \/>\n<link rel=\"canonical\" href=\"https:\/\/www.tourismthailand.ch\/fr\/informations-pour-le-voyage\/duree-du-voyage-et-informations-sur-le-climat\/\" \/>\n<meta property=\"og:locale\" content=\"fr_FR\" \/>\n<meta property=\"og:type\" content=\"article\" \/>\n<meta property=\"og:title\" content=\"P\u00e9riode de voyage et informations sur le climat - Offizielle Seite Thail\u00e4ndisches Fremdenverkehrsamt\" \/>\n<meta property=\"og:description\" content=\"La Tha\u00eflande est une destination accessible aux touristes tout au long de l&#039;ann\u00e9e. Bien que l&#039;hiver europ\u00e9en soit consid\u00e9r\u00e9 comme la principale saison pour y voyager, la Tha\u00eflande, avec son climat \u00e9quatorial typique, est une destination visitable durant toute l\u2019ann\u00e9e.\" \/>\n<meta property=\"og:url\" content=\"https:\/\/www.tourismthailand.ch\/fr\/informations-pour-le-voyage\/duree-du-voyage-et-informations-sur-le-climat\/\" \/>\n<meta property=\"og:site_name\" content=\"Offizielle Seite Thail\u00e4ndisches Fremdenverkehrsamt\" \/>\n<meta property=\"article:publisher\" content=\"https:\/\/www.facebook.com\/TATSwitzerland\" \/>\n<meta property=\"article:modified_time\" content=\"2021-01-13T15:21:09+00:00\" \/>\n<meta property=\"og:image\" content=\"https:\/\/www.tourismthailand.ch\/wp-content\/uploads\/2018\/03\/Kanchanaburi-_0000_waterfall-Erawan-in-Kanchanburi.jpg\" \/>\n\t<meta property=\"og:image:width\" content=\"1920\" \/>\n\t<meta property=\"og:image:height\" content=\"1080\" \/>\n\t<meta property=\"og:image:type\" content=\"image\/jpeg\" \/>\n<meta name=\"twitter:card\" content=\"summary_large_image\" \/>\n<meta name=\"twitter:label1\" content=\"Est. reading time\" \/>\n\t<meta name=\"twitter:data1\" content=\"3 minutes\" \/>\n<script type=\"application\/ld+json\" class=\"yoast-schema-graph\">{\"@context\":\"https:\\\/\\\/schema.org\",\"@graph\":[{\"@type\":\"WebPage\",\"@id\":\"https:\\\/\\\/www.tourismthailand.ch\\\/fr\\\/informations-pour-le-voyage\\\/duree-du-voyage-et-informations-sur-le-climat\\\/\",\"url\":\"https:\\\/\\\/www.tourismthailand.ch\\\/fr\\\/informations-pour-le-voyage\\\/duree-du-voyage-et-informations-sur-le-climat\\\/\",\"name\":\"P\u00e9riode de voyage et informations sur le climat - Offizielle Seite Thail\u00e4ndisches Fremdenverkehrsamt\",\"isPartOf\":{\"@id\":\"https:\\\/\\\/www.tourismthailand.ch\\\/fr\\\/#website\"},\"primaryImageOfPage\":{\"@id\":\"https:\\\/\\\/www.tourismthailand.ch\\\/fr\\\/informations-pour-le-voyage\\\/duree-du-voyage-et-informations-sur-le-climat\\\/#primaryimage\"},\"image\":{\"@id\":\"https:\\\/\\\/www.tourismthailand.ch\\\/fr\\\/informations-pour-le-voyage\\\/duree-du-voyage-et-informations-sur-le-climat\\\/#primaryimage\"},\"thumbnailUrl\":\"https:\\\/\\\/www.tourismthailand.ch\\\/wp-content\\\/uploads\\\/2018\\\/03\\\/Kanchanaburi-_0000_waterfall-Erawan-in-Kanchanburi.jpg\",\"datePublished\":\"2020-11-27T13:56:45+00:00\",\"dateModified\":\"2021-01-13T15:21:09+00:00\",\"description\":\"La Tha\u00eflande est une destination accessible aux touristes tout au long de l'ann\u00e9e. Bien que l'hiver europ\u00e9en soit consid\u00e9r\u00e9 comme la principale saison pour y voyager, la Tha\u00eflande, avec son climat \u00e9quatorial typique, est une destination visitable durant toute l\u2019ann\u00e9e.\",\"breadcrumb\":{\"@id\":\"https:\\\/\\\/www.tourismthailand.ch\\\/fr\\\/informations-pour-le-voyage\\\/duree-du-voyage-et-informations-sur-le-climat\\\/#breadcrumb\"},\"inLanguage\":\"fr-CH\",\"potentialAction\":[{\"@type\":\"ReadAction\",\"target\":[\"https:\\\/\\\/www.tourismthailand.ch\\\/fr\\\/informations-pour-le-voyage\\\/duree-du-voyage-et-informations-sur-le-climat\\\/\"]}]},{\"@type\":\"ImageObject\",\"inLanguage\":\"fr-CH\",\"@id\":\"https:\\\/\\\/www.tourismthailand.ch\\\/fr\\\/informations-pour-le-voyage\\\/duree-du-voyage-et-informations-sur-le-climat\\\/#primaryimage\",\"url\":\"https:\\\/\\\/www.tourismthailand.ch\\\/wp-content\\\/uploads\\\/2018\\\/03\\\/Kanchanaburi-_0000_waterfall-Erawan-in-Kanchanburi.jpg\",\"contentUrl\":\"https:\\\/\\\/www.tourismthailand.ch\\\/wp-content\\\/uploads\\\/2018\\\/03\\\/Kanchanaburi-_0000_waterfall-Erawan-in-Kanchanburi.jpg\",\"width\":1920,\"height\":1080,\"caption\":\"Kanchanaburi Wasserfall\"},{\"@type\":\"BreadcrumbList\",\"@id\":\"https:\\\/\\\/www.tourismthailand.ch\\\/fr\\\/informations-pour-le-voyage\\\/duree-du-voyage-et-informations-sur-le-climat\\\/#breadcrumb\",\"itemListElement\":[{\"@type\":\"ListItem\",\"position\":1,\"name\":\"Startseite\",\"item\":\"https:\\\/\\\/www.tourismthailand.ch\\\/fr\\\/\"},{\"@type\":\"ListItem\",\"position\":2,\"name\":\"Informations pour le voyage\",\"item\":\"https:\\\/\\\/www.tourismthailand.ch\\\/fr\\\/informations-pour-le-voyage\\\/\"},{\"@type\":\"ListItem\",\"position\":3,\"name\":\"P\u00e9riode de voyage et informations sur le climat\"}]},{\"@type\":\"WebSite\",\"@id\":\"https:\\\/\\\/www.tourismthailand.ch\\\/fr\\\/#website\",\"url\":\"https:\\\/\\\/www.tourismthailand.ch\\\/fr\\\/\",\"name\":\"Offizielle Seite Thail\u00e4ndisches Fremdenverkehrsamt\",\"description\":\"tourismthailand.ch\",\"potentialAction\":[{\"@type\":\"SearchAction\",\"target\":{\"@type\":\"EntryPoint\",\"urlTemplate\":\"https:\\\/\\\/www.tourismthailand.ch\\\/fr\\\/?s={search_term_string}\"},\"query-input\":{\"@type\":\"PropertyValueSpecification\",\"valueRequired\":true,\"valueName\":\"search_term_string\"}}],\"inLanguage\":\"fr-CH\"}]}<\/script>\n<!-- \/ Yoast SEO plugin. -->","yoast_head_json":{"title":"P\u00e9riode de voyage et informations sur le climat - Offizielle Seite Thail\u00e4ndisches Fremdenverkehrsamt","description":"La Tha\u00eflande est une destination accessible aux touristes tout au long de l'ann\u00e9e. Bien que l'hiver europ\u00e9en soit consid\u00e9r\u00e9 comme la principale saison pour y voyager, la Tha\u00eflande, avec son climat \u00e9quatorial typique, est une destination visitable durant toute l\u2019ann\u00e9e.","robots":{"index":"index","follow":"follow","max-snippet":"max-snippet:-1","max-image-preview":"max-image-preview:large","max-video-preview":"max-video-preview:-1"},"canonical":"https:\/\/www.tourismthailand.ch\/fr\/informations-pour-le-voyage\/duree-du-voyage-et-informations-sur-le-climat\/","og_locale":"fr_FR","og_type":"article","og_title":"P\u00e9riode de voyage et informations sur le climat - Offizielle Seite Thail\u00e4ndisches Fremdenverkehrsamt","og_description":"La Tha\u00eflande est une destination accessible aux touristes tout au long de l'ann\u00e9e. Bien que l'hiver europ\u00e9en soit consid\u00e9r\u00e9 comme la principale saison pour y voyager, la Tha\u00eflande, avec son climat \u00e9quatorial typique, est une destination visitable durant toute l\u2019ann\u00e9e.","og_url":"https:\/\/www.tourismthailand.ch\/fr\/informations-pour-le-voyage\/duree-du-voyage-et-informations-sur-le-climat\/","og_site_name":"Offizielle Seite Thail\u00e4ndisches Fremdenverkehrsamt","article_publisher":"https:\/\/www.facebook.com\/TATSwitzerland","article_modified_time":"2021-01-13T15:21:09+00:00","og_image":[{"width":1920,"height":1080,"url":"https:\/\/www.tourismthailand.ch\/wp-content\/uploads\/2018\/03\/Kanchanaburi-_0000_waterfall-Erawan-in-Kanchanburi.jpg","type":"image\/jpeg"}],"twitter_card":"summary_large_image","twitter_misc":{"Est. reading time":"3 minutes"},"schema":{"@context":"https:\/\/schema.org","@graph":[{"@type":"WebPage","@id":"https:\/\/www.tourismthailand.ch\/fr\/informations-pour-le-voyage\/duree-du-voyage-et-informations-sur-le-climat\/","url":"https:\/\/www.tourismthailand.ch\/fr\/informations-pour-le-voyage\/duree-du-voyage-et-informations-sur-le-climat\/","name":"P\u00e9riode de voyage et informations sur le climat - Offizielle Seite Thail\u00e4ndisches Fremdenverkehrsamt","isPartOf":{"@id":"https:\/\/www.tourismthailand.ch\/fr\/#website"},"primaryImageOfPage":{"@id":"https:\/\/www.tourismthailand.ch\/fr\/informations-pour-le-voyage\/duree-du-voyage-et-informations-sur-le-climat\/#primaryimage"},"image":{"@id":"https:\/\/www.tourismthailand.ch\/fr\/informations-pour-le-voyage\/duree-du-voyage-et-informations-sur-le-climat\/#primaryimage"},"thumbnailUrl":"https:\/\/www.tourismthailand.ch\/wp-content\/uploads\/2018\/03\/Kanchanaburi-_0000_waterfall-Erawan-in-Kanchanburi.jpg","datePublished":"2020-11-27T13:56:45+00:00","dateModified":"2021-01-13T15:21:09+00:00","description":"La Tha\u00eflande est une destination accessible aux touristes tout au long de l'ann\u00e9e. Bien que l'hiver europ\u00e9en soit consid\u00e9r\u00e9 comme la principale saison pour y voyager, la Tha\u00eflande, avec son climat \u00e9quatorial typique, est une destination visitable durant toute l\u2019ann\u00e9e.","breadcrumb":{"@id":"https:\/\/www.tourismthailand.ch\/fr\/informations-pour-le-voyage\/duree-du-voyage-et-informations-sur-le-climat\/#breadcrumb"},"inLanguage":"fr-CH","potentialAction":[{"@type":"ReadAction","target":["https:\/\/www.tourismthailand.ch\/fr\/informations-pour-le-voyage\/duree-du-voyage-et-informations-sur-le-climat\/"]}]},{"@type":"ImageObject","inLanguage":"fr-CH","@id":"https:\/\/www.tourismthailand.ch\/fr\/informations-pour-le-voyage\/duree-du-voyage-et-informations-sur-le-climat\/#primaryimage","url":"https:\/\/www.tourismthailand.ch\/wp-content\/uploads\/2018\/03\/Kanchanaburi-_0000_waterfall-Erawan-in-Kanchanburi.jpg","contentUrl":"https:\/\/www.tourismthailand.ch\/wp-content\/uploads\/2018\/03\/Kanchanaburi-_0000_waterfall-Erawan-in-Kanchanburi.jpg","width":1920,"height":1080,"caption":"Kanchanaburi Wasserfall"},{"@type":"BreadcrumbList","@id":"https:\/\/www.tourismthailand.ch\/fr\/informations-pour-le-voyage\/duree-du-voyage-et-informations-sur-le-climat\/#breadcrumb","itemListElement":[{"@type":"ListItem","position":1,"name":"Startseite","item":"https:\/\/www.tourismthailand.ch\/fr\/"},{"@type":"ListItem","position":2,"name":"Informations pour le voyage","item":"https:\/\/www.tourismthailand.ch\/fr\/informations-pour-le-voyage\/"},{"@type":"ListItem","position":3,"name":"P\u00e9riode de voyage et informations sur le climat"}]},{"@type":"WebSite","@id":"https:\/\/www.tourismthailand.ch\/fr\/#website","url":"https:\/\/www.tourismthailand.ch\/fr\/","name":"Offizielle Seite Thail\u00e4ndisches Fremdenverkehrsamt","description":"tourismthailand.ch","potentialAction":[{"@type":"SearchAction","target":{"@type":"EntryPoint","urlTemplate":"https:\/\/www.tourismthailand.ch\/fr\/?s={search_term_string}"},"query-input":{"@type":"PropertyValueSpecification","valueRequired":true,"valueName":"search_term_string"}}],"inLanguage":"fr-CH"}]}},"_links":{"self":[{"href":"https:\/\/www.tourismthailand.ch\/fr\/wp-json\/wp\/v2\/pages\/5358","targetHints":{"allow":["GET"]}}],"collection":[{"href":"https:\/\/www.tourismthailand.ch\/fr\/wp-json\/wp\/v2\/pages"}],"about":[{"href":"https:\/\/www.tourismthailand.ch\/fr\/wp-json\/wp\/v2\/types\/page"}],"author":[{"embeddable":true,"href":"https:\/\/www.tourismthailand.ch\/fr\/wp-json\/wp\/v2\/users\/1"}],"replies":[{"embeddable":true,"href":"https:\/\/www.tourismthailand.ch\/fr\/wp-json\/wp\/v2\/comments?post=5358"}],"version-history":[{"count":3,"href":"https:\/\/www.tourismthailand.ch\/fr\/wp-json\/wp\/v2\/pages\/5358\/revisions"}],"predecessor-version":[{"id":5981,"href":"https:\/\/www.tourismthailand.ch\/fr\/wp-json\/wp\/v2\/pages\/5358\/revisions\/5981"}],"up":[{"embeddable":true,"href":"https:\/\/www.tourismthailand.ch\/fr\/wp-json\/wp\/v2\/pages\/4861"}],"wp:featuredmedia":[{"embeddable":true,"href":"https:\/\/www.tourismthailand.ch\/fr\/wp-json\/wp\/v2\/media\/4293"}],"wp:attachment":[{"href":"https:\/\/www.tourismthailand.ch\/fr\/wp-json\/wp\/v2\/media?parent=5358"}],"curies":[{"name":"wp","href":"https:\/\/api.w.org\/{rel}","templated":true}]}}