{"id":5147,"date":"2020-11-20T15:07:27","date_gmt":"2020-11-20T14:07:27","guid":{"rendered":"https:\/\/www.tourismthailand.ch\/informations-pour-le-voyage\/la-langue\/"},"modified":"2020-12-07T12:07:40","modified_gmt":"2020-12-07T11:07:40","slug":"la-langue","status":"publish","type":"page","link":"https:\/\/www.tourismthailand.ch\/fr\/informations-pour-le-voyage\/la-langue\/","title":{"rendered":"La langue"},"content":{"rendered":"<div class=\"wpb-content-wrapper\"><p>[vc_row][vc_column][vc_column_text]<\/p>\n<h2 id=\"tw-target-text\" class=\"tw-data-text tw-text-large XcVN5d tw-ta\" data-placeholder=\"\u00dcbersetzung\"><span lang=\"th\">\u0e14\u0e35\u0e43\u0e08\u0e17\u0e35\u0e48\u0e44\u0e14\u0e49\u0e1e\u0e1a\u0e04\u0e38\u0e13 &#8211; Ravi de vous voir.<br \/>\n<\/span><\/h2>\n<p>[\/vc_column_text][vc_column_text]Dans les r\u00e9gions populaires aupr\u00e8s des touristes telles que Bangkok, Phuket ou Koh Samui, on peut partir du principe que l&#8217;anglais peut \u00eatre utilis\u00e9 pour bien communiquer. Pour les voyages dans des r\u00e9gions moins connues, il est recommand\u00e9 d&#8217;emporter au moins une connaissance de base de la langue et de l&#8217;\u00e9criture tha\u00eflandaises. En particulier dans les zones rurales, il ne faut pas s\u2019attendre \u00e0 pouvoir converser en anglais ou m\u00eame \u00e0 voir des inscriptions en lettres latines. Parmi les tribus des collines du nord de la Tha\u00eflande, des connaissances en langue chinoise sont plus pertinentes. Le tha\u00ef est une langue \u00e0 tons monosyllabiques, c&#8217;est-\u00e0-dire que le ton ne s&#8217;accroche pas \u00e0 la phrase comme en fran\u00e7ais, mais que chaque syllabe porte un des 5 tons. Des sons diff\u00e9rents d\u00e9notent une signification diff\u00e9rente d&#8217;un mot. La langue change \u00e9galement en fonction de l&#8217;\u00e2ge et du sexe de l&#8217;orateur et de la personne \u00e0 laquelle il s&#8217;adresse. Par exemple, les femmes utilisent la particule &#8220;kha&#8221;, les hommes &#8220;khrap&#8221;.[\/vc_column_text][vc_empty_space][\/vc_column][\/vc_row][vc_row][vc_column][vc_column_text]<\/p>\n<h2>Petit dictionnaire thailandais<\/h2>\n<p>L\u2019apprentissage d\u2019une nouvelle langue n&#8217;est pas une t\u00e2che facile. Nous avons \u00e0 cet effet compil\u00e9 certains des mots\/phrases tha\u00eflandais les plus \u00e9l\u00e9mentaires qui vous faciliteront certainement la vie lors de votre voyage en Tha\u00eflande. &#8220;Kha&#8221; et &#8220;Krap&#8221; sont des mots magiques dans la langue tha\u00eflandaise. A la fin d&#8217;une demande, d&#8217;une question et de nombreuses d\u00e9clarations, il est coutume pour la femme d\u2019ajouter le mot &#8220;Kha&#8221; et pour l&#8217;homme le mot &#8220;Krap&#8221;.[\/vc_column_text][vc_empty_space][vc_raw_html]PHRhYmxlPgo8dGJvZHk+Cjx0cj4KPHRkPkJvbmpvdXI8L3RkPgo8dGQ+U0EtV0EtREVFPC90ZD4KPC90cj4KPHRyPgo8dGQ+Q29tbWVudCB2YXMtdHU\/PC90ZD4KPHRkPlNBLUJZLURFRS1NQUk8L3RkPgo8L3RyPgo8dHI+Cjx0ZD5KZSB2YWlzIGJpZW48L3RkPgo8dGQ+U0EtQlktREVFPC90ZD4KPC90cj4KPHRyPgo8dGQ+TWVyY2k8L3RkPgo8dGQ+S09CLUtVTjwvdGQ+CjwvdHI+Cjx0cj4KPHRkPk1lcmNpIGJlYXVjb3VwPC90ZD4KPHRkPktPQi1LVU4tTUFHPC90ZD4KPC90cj4KPHRyPgo8dGQ+QXUgcmV2b2lyPC90ZD4KPHRkPkxBLUdPTjwvdGQ+CjwvdHI+Cjx0cj4KPHRkPkJvbm5lIGNoYW5jZTwvdGQ+Cjx0ZD5DSE9LLURFRTwvdGQ+CjwvdHI+Cjx0cj4KPHRkPkEgbGEgcHJvY2hhaW5lPC90ZD4KPHRkPlBPQi1HQU4tTUFJPC90ZD4KPC90cj4KPHRyPgo8dGQ+RXhjdXNlei1tb2k8L3RkPgo8dGQ+S09SLVRPRDwvdGQ+CjwvdHI+Cjx0cj4KPHRkPkJpZW48L3RkPgo8dGQ+REVFPC90ZD4KPC90cj4KPHRyPgo8dGQ+UGFzIGJpZW48L3RkPgo8dGQ+TUFJLURFRTwvdGQ+CjwvdHI+Cjx0cj4KPHRkPk91aTwvdGQ+Cjx0ZD5DSEFJPC90ZD4KPC90cj4KPHRyPgo8dGQ+Tm9uPC90ZD4KPHRkPk1BSTwvdGQ+CjwvdHI+Cjx0cj4KPHRkPkVwaWPDqTwvdGQ+Cjx0ZD5QRUQ8L3RkPgo8L3RyPgo8dHI+Cjx0ZD5Ob24gw6lwaWPDqTwvdGQ+Cjx0ZD5NQUktUEVEPC90ZD4KPC90cj4KPHRyPgo8dGQ+U+KAmWlsIHZvdXMgcGxhw650PC90ZD4KPHRkPktBLVJVLU5BPC90ZD4KPC90cj4KPHRyPgo8dGQ+TOKAmWFkaXRpb24gc+KAmWlsIHZvdXMgcGxhw650PC90ZD4KPHRkPktFQi1UQU5HPC90ZD4KPC90cj4KPHRyPgo8dGQ+RMOpbGljaWV1eCE8L3RkPgo8dGQ+QVItUk9ZPC90ZD4KPC90cj4KPHRyPgo8dGQ+QSBs4oCZYWlkZSE8L3RkPgo8dGQ+Q1VBWS1EVUFZPC90ZD4KPC90cj4KPHRyPgo8dGQ+RmFpbTwvdGQ+Cjx0ZD5IRUlXPC90ZD4KPC90cj4KPHRyPgo8dGQ+SmUgc3VpcyByZXB1PC90ZD4KPHRkPkFJTS1MQUVXPC90ZD4KPC90cj4KPHRyPgo8dGQ+UGFzIGRlIHByb2Jsw6htZTwvdGQ+Cjx0ZD5NQUktUEVOLVJBSTwvdGQ+CjwvdHI+Cjx0cj4KPHRkPkJvbiBtYXJjaMOpPC90ZD4KPHRkPlRPT0s8L3RkPgo8L3RyPgo8dHI+Cjx0ZD5DaGVyPC90ZD4KPHRkPkFORzwvdGQ+CjwvdHI+Cjx0cj4KPHRkPkplIG5lIGNvbXByZW5kcyBwYXM8L3RkPgo8dGQ+TUFJLUtBVy1KQUk8L3RkPgo8L3RyPgo8dHI+Cjx0ZD5K4oCZYWkgdW4gcHJvYmzDqG1lPC90ZD4KPHRkPkNIQU4tTUVFLVBBTi1IQTwvdGQ+CjwvdHI+Cjx0cj4KPHRkPk\/DuSBzb250IGxlcyB0b2lsZXR0ZXM\/PC90ZD4KPHRkPkhPTkctTkFNLVlVLU5BSTwvdGQ+CjwvdHI+Cjx0cj4KPHRkPjE8L3RkPgo8dGQ+VW48L3RkPgo8L3RyPgo8dHI+Cjx0ZD4yPC90ZD4KPHRkPkRldXg8L3RkPgo8L3RyPgo8dHI+Cjx0ZD4zPC90ZD4KPHRkPlRyb2lzPC90ZD4KPC90cj4KPHRyPgo8dGQ+NDwvdGQ+Cjx0ZD5RdWF0cmU8L3RkPgo8L3RyPgo8dHI+Cjx0ZD41PC90ZD4KPHRkPkNpbnE8L3RkPgo8L3RyPgo8dHI+Cjx0ZD42PC90ZD4KPHRkPlNpeDwvdGQ+CjwvdHI+Cjx0cj4KPHRkPjc8L3RkPgo8dGQ+U2VwdDwvdGQ+CjwvdHI+Cjx0cj4KPHRkPjg8L3RkPgo8dGQ+SHVpdDwvdGQ+CjwvdHI+Cjx0cj4KPHRkPjk8L3RkPgo8dGQ+TmV1ZjwvdGQ+CjwvdHI+Cjx0cj4KPHRkPjEwPC90ZD4KPHRkPkRpeDwvdGQ+CjwvdHI+CjwvdGJvZHk+CjwvdGFibGU+[\/vc_raw_html][\/vc_column][\/vc_row][vc_row][vc_column][vc_empty_space height=&#8221;108px&#8221;][\/vc_column][\/vc_row]<\/p>\n<\/div>","protected":false},"excerpt":{"rendered":"<p>[vc_row][vc_column][vc_column_text] \u0e14\u0e35\u0e43\u0e08\u0e17\u0e35\u0e48\u0e44\u0e14\u0e49\u0e1e\u0e1a\u0e04\u0e38\u0e13 &#8211; Ravi de vous voir. [\/vc_column_text][vc_column_text]Dans les r\u00e9gions populaires aupr\u00e8s des touristes telles que Bangkok, Phuket ou Koh Samui, on peut partir du principe que l&#8217;anglais peut \u00eatre utilis\u00e9 pour bien communiquer. Pour les voyages dans des r\u00e9gions moins connues, il est recommand\u00e9 d&#8217;emporter au moins une connaissance de base de la langue et de l&#8217;\u00e9criture tha\u00eflandaises. En particulier dans les zones rurales, il ne faut pas s\u2019attendre \u00e0 pouvoir converser en anglais ou m\u00eame \u00e0 voir des inscriptions en lettres latines. Parmi les tribus des [&hellip;]<\/p>\n","protected":false},"author":1,"featured_media":4763,"parent":4861,"menu_order":0,"comment_status":"closed","ping_status":"closed","template":"","meta":{"footnotes":""},"class_list":["post-5147","page","type-page","status-publish","has-post-thumbnail","hentry"],"yoast_head":"<!-- This site is optimized with the Yoast SEO plugin v27.4 - https:\/\/yoast.com\/product\/yoast-seo-wordpress\/ -->\n<title>La langue - Offizielle Seite Thail\u00e4ndisches Fremdenverkehrsamt<\/title>\n<meta name=\"robots\" content=\"index, follow, max-snippet:-1, max-image-preview:large, max-video-preview:-1\" \/>\n<link rel=\"canonical\" href=\"https:\/\/www.tourismthailand.ch\/fr\/informations-pour-le-voyage\/la-langue\/\" \/>\n<meta property=\"og:locale\" content=\"fr_FR\" \/>\n<meta property=\"og:type\" content=\"article\" \/>\n<meta property=\"og:title\" content=\"La langue - Offizielle Seite Thail\u00e4ndisches Fremdenverkehrsamt\" \/>\n<meta property=\"og:description\" content=\"[vc_row][vc_column][vc_column_text] \u0e14\u0e35\u0e43\u0e08\u0e17\u0e35\u0e48\u0e44\u0e14\u0e49\u0e1e\u0e1a\u0e04\u0e38\u0e13 &#8211; Ravi de vous voir. [\/vc_column_text][vc_column_text]Dans les r\u00e9gions populaires aupr\u00e8s des touristes telles que Bangkok, Phuket ou Koh Samui, on peut partir du principe que l&#8217;anglais peut \u00eatre utilis\u00e9 pour bien communiquer. Pour les voyages dans des r\u00e9gions moins connues, il est recommand\u00e9 d&#8217;emporter au moins une connaissance de base de la langue et de l&#8217;\u00e9criture tha\u00eflandaises. En particulier dans les zones rurales, il ne faut pas s\u2019attendre \u00e0 pouvoir converser en anglais ou m\u00eame \u00e0 voir des inscriptions en lettres latines. Parmi les tribus des [&hellip;]\" \/>\n<meta property=\"og:url\" content=\"https:\/\/www.tourismthailand.ch\/fr\/informations-pour-le-voyage\/la-langue\/\" \/>\n<meta property=\"og:site_name\" content=\"Offizielle Seite Thail\u00e4ndisches Fremdenverkehrsamt\" \/>\n<meta property=\"article:publisher\" content=\"https:\/\/www.facebook.com\/TATSwitzerland\" \/>\n<meta property=\"article:modified_time\" content=\"2020-12-07T11:07:40+00:00\" \/>\n<meta property=\"og:image\" content=\"https:\/\/www.tourismthailand.ch\/wp-content\/uploads\/2018\/03\/Sprache.jpg\" \/>\n\t<meta property=\"og:image:width\" content=\"1920\" \/>\n\t<meta property=\"og:image:height\" content=\"1080\" \/>\n\t<meta property=\"og:image:type\" content=\"image\/jpeg\" \/>\n<meta name=\"twitter:card\" content=\"summary_large_image\" \/>\n<meta name=\"twitter:label1\" content=\"Est. reading time\" \/>\n\t<meta name=\"twitter:data1\" content=\"4 minutes\" \/>\n<script type=\"application\/ld+json\" class=\"yoast-schema-graph\">{\"@context\":\"https:\\\/\\\/schema.org\",\"@graph\":[{\"@type\":\"WebPage\",\"@id\":\"https:\\\/\\\/www.tourismthailand.ch\\\/fr\\\/informations-pour-le-voyage\\\/la-langue\\\/\",\"url\":\"https:\\\/\\\/www.tourismthailand.ch\\\/fr\\\/informations-pour-le-voyage\\\/la-langue\\\/\",\"name\":\"La langue - Offizielle Seite Thail\u00e4ndisches Fremdenverkehrsamt\",\"isPartOf\":{\"@id\":\"https:\\\/\\\/www.tourismthailand.ch\\\/fr\\\/#website\"},\"primaryImageOfPage\":{\"@id\":\"https:\\\/\\\/www.tourismthailand.ch\\\/fr\\\/informations-pour-le-voyage\\\/la-langue\\\/#primaryimage\"},\"image\":{\"@id\":\"https:\\\/\\\/www.tourismthailand.ch\\\/fr\\\/informations-pour-le-voyage\\\/la-langue\\\/#primaryimage\"},\"thumbnailUrl\":\"https:\\\/\\\/www.tourismthailand.ch\\\/wp-content\\\/uploads\\\/2018\\\/03\\\/Sprache.jpg\",\"datePublished\":\"2020-11-20T14:07:27+00:00\",\"dateModified\":\"2020-12-07T11:07:40+00:00\",\"breadcrumb\":{\"@id\":\"https:\\\/\\\/www.tourismthailand.ch\\\/fr\\\/informations-pour-le-voyage\\\/la-langue\\\/#breadcrumb\"},\"inLanguage\":\"fr-CH\",\"potentialAction\":[{\"@type\":\"ReadAction\",\"target\":[\"https:\\\/\\\/www.tourismthailand.ch\\\/fr\\\/informations-pour-le-voyage\\\/la-langue\\\/\"]}]},{\"@type\":\"ImageObject\",\"inLanguage\":\"fr-CH\",\"@id\":\"https:\\\/\\\/www.tourismthailand.ch\\\/fr\\\/informations-pour-le-voyage\\\/la-langue\\\/#primaryimage\",\"url\":\"https:\\\/\\\/www.tourismthailand.ch\\\/wp-content\\\/uploads\\\/2018\\\/03\\\/Sprache.jpg\",\"contentUrl\":\"https:\\\/\\\/www.tourismthailand.ch\\\/wp-content\\\/uploads\\\/2018\\\/03\\\/Sprache.jpg\",\"width\":1920,\"height\":1080},{\"@type\":\"BreadcrumbList\",\"@id\":\"https:\\\/\\\/www.tourismthailand.ch\\\/fr\\\/informations-pour-le-voyage\\\/la-langue\\\/#breadcrumb\",\"itemListElement\":[{\"@type\":\"ListItem\",\"position\":1,\"name\":\"Startseite\",\"item\":\"https:\\\/\\\/www.tourismthailand.ch\\\/fr\\\/\"},{\"@type\":\"ListItem\",\"position\":2,\"name\":\"Informations pour le voyage\",\"item\":\"https:\\\/\\\/www.tourismthailand.ch\\\/fr\\\/informations-pour-le-voyage\\\/\"},{\"@type\":\"ListItem\",\"position\":3,\"name\":\"La langue\"}]},{\"@type\":\"WebSite\",\"@id\":\"https:\\\/\\\/www.tourismthailand.ch\\\/fr\\\/#website\",\"url\":\"https:\\\/\\\/www.tourismthailand.ch\\\/fr\\\/\",\"name\":\"Offizielle Seite Thail\u00e4ndisches Fremdenverkehrsamt\",\"description\":\"tourismthailand.ch\",\"potentialAction\":[{\"@type\":\"SearchAction\",\"target\":{\"@type\":\"EntryPoint\",\"urlTemplate\":\"https:\\\/\\\/www.tourismthailand.ch\\\/fr\\\/?s={search_term_string}\"},\"query-input\":{\"@type\":\"PropertyValueSpecification\",\"valueRequired\":true,\"valueName\":\"search_term_string\"}}],\"inLanguage\":\"fr-CH\"}]}<\/script>\n<!-- \/ Yoast SEO plugin. -->","yoast_head_json":{"title":"La langue - Offizielle Seite Thail\u00e4ndisches Fremdenverkehrsamt","robots":{"index":"index","follow":"follow","max-snippet":"max-snippet:-1","max-image-preview":"max-image-preview:large","max-video-preview":"max-video-preview:-1"},"canonical":"https:\/\/www.tourismthailand.ch\/fr\/informations-pour-le-voyage\/la-langue\/","og_locale":"fr_FR","og_type":"article","og_title":"La langue - Offizielle Seite Thail\u00e4ndisches Fremdenverkehrsamt","og_description":"[vc_row][vc_column][vc_column_text] \u0e14\u0e35\u0e43\u0e08\u0e17\u0e35\u0e48\u0e44\u0e14\u0e49\u0e1e\u0e1a\u0e04\u0e38\u0e13 &#8211; Ravi de vous voir. [\/vc_column_text][vc_column_text]Dans les r\u00e9gions populaires aupr\u00e8s des touristes telles que Bangkok, Phuket ou Koh Samui, on peut partir du principe que l&#8217;anglais peut \u00eatre utilis\u00e9 pour bien communiquer. Pour les voyages dans des r\u00e9gions moins connues, il est recommand\u00e9 d&#8217;emporter au moins une connaissance de base de la langue et de l&#8217;\u00e9criture tha\u00eflandaises. En particulier dans les zones rurales, il ne faut pas s\u2019attendre \u00e0 pouvoir converser en anglais ou m\u00eame \u00e0 voir des inscriptions en lettres latines. Parmi les tribus des [&hellip;]","og_url":"https:\/\/www.tourismthailand.ch\/fr\/informations-pour-le-voyage\/la-langue\/","og_site_name":"Offizielle Seite Thail\u00e4ndisches Fremdenverkehrsamt","article_publisher":"https:\/\/www.facebook.com\/TATSwitzerland","article_modified_time":"2020-12-07T11:07:40+00:00","og_image":[{"width":1920,"height":1080,"url":"https:\/\/www.tourismthailand.ch\/wp-content\/uploads\/2018\/03\/Sprache.jpg","type":"image\/jpeg"}],"twitter_card":"summary_large_image","twitter_misc":{"Est. reading time":"4 minutes"},"schema":{"@context":"https:\/\/schema.org","@graph":[{"@type":"WebPage","@id":"https:\/\/www.tourismthailand.ch\/fr\/informations-pour-le-voyage\/la-langue\/","url":"https:\/\/www.tourismthailand.ch\/fr\/informations-pour-le-voyage\/la-langue\/","name":"La langue - Offizielle Seite Thail\u00e4ndisches Fremdenverkehrsamt","isPartOf":{"@id":"https:\/\/www.tourismthailand.ch\/fr\/#website"},"primaryImageOfPage":{"@id":"https:\/\/www.tourismthailand.ch\/fr\/informations-pour-le-voyage\/la-langue\/#primaryimage"},"image":{"@id":"https:\/\/www.tourismthailand.ch\/fr\/informations-pour-le-voyage\/la-langue\/#primaryimage"},"thumbnailUrl":"https:\/\/www.tourismthailand.ch\/wp-content\/uploads\/2018\/03\/Sprache.jpg","datePublished":"2020-11-20T14:07:27+00:00","dateModified":"2020-12-07T11:07:40+00:00","breadcrumb":{"@id":"https:\/\/www.tourismthailand.ch\/fr\/informations-pour-le-voyage\/la-langue\/#breadcrumb"},"inLanguage":"fr-CH","potentialAction":[{"@type":"ReadAction","target":["https:\/\/www.tourismthailand.ch\/fr\/informations-pour-le-voyage\/la-langue\/"]}]},{"@type":"ImageObject","inLanguage":"fr-CH","@id":"https:\/\/www.tourismthailand.ch\/fr\/informations-pour-le-voyage\/la-langue\/#primaryimage","url":"https:\/\/www.tourismthailand.ch\/wp-content\/uploads\/2018\/03\/Sprache.jpg","contentUrl":"https:\/\/www.tourismthailand.ch\/wp-content\/uploads\/2018\/03\/Sprache.jpg","width":1920,"height":1080},{"@type":"BreadcrumbList","@id":"https:\/\/www.tourismthailand.ch\/fr\/informations-pour-le-voyage\/la-langue\/#breadcrumb","itemListElement":[{"@type":"ListItem","position":1,"name":"Startseite","item":"https:\/\/www.tourismthailand.ch\/fr\/"},{"@type":"ListItem","position":2,"name":"Informations pour le voyage","item":"https:\/\/www.tourismthailand.ch\/fr\/informations-pour-le-voyage\/"},{"@type":"ListItem","position":3,"name":"La langue"}]},{"@type":"WebSite","@id":"https:\/\/www.tourismthailand.ch\/fr\/#website","url":"https:\/\/www.tourismthailand.ch\/fr\/","name":"Offizielle Seite Thail\u00e4ndisches Fremdenverkehrsamt","description":"tourismthailand.ch","potentialAction":[{"@type":"SearchAction","target":{"@type":"EntryPoint","urlTemplate":"https:\/\/www.tourismthailand.ch\/fr\/?s={search_term_string}"},"query-input":{"@type":"PropertyValueSpecification","valueRequired":true,"valueName":"search_term_string"}}],"inLanguage":"fr-CH"}]}},"_links":{"self":[{"href":"https:\/\/www.tourismthailand.ch\/fr\/wp-json\/wp\/v2\/pages\/5147","targetHints":{"allow":["GET"]}}],"collection":[{"href":"https:\/\/www.tourismthailand.ch\/fr\/wp-json\/wp\/v2\/pages"}],"about":[{"href":"https:\/\/www.tourismthailand.ch\/fr\/wp-json\/wp\/v2\/types\/page"}],"author":[{"embeddable":true,"href":"https:\/\/www.tourismthailand.ch\/fr\/wp-json\/wp\/v2\/users\/1"}],"replies":[{"embeddable":true,"href":"https:\/\/www.tourismthailand.ch\/fr\/wp-json\/wp\/v2\/comments?post=5147"}],"version-history":[{"count":0,"href":"https:\/\/www.tourismthailand.ch\/fr\/wp-json\/wp\/v2\/pages\/5147\/revisions"}],"up":[{"embeddable":true,"href":"https:\/\/www.tourismthailand.ch\/fr\/wp-json\/wp\/v2\/pages\/4861"}],"wp:featuredmedia":[{"embeddable":true,"href":"https:\/\/www.tourismthailand.ch\/fr\/wp-json\/wp\/v2\/media\/4763"}],"wp:attachment":[{"href":"https:\/\/www.tourismthailand.ch\/fr\/wp-json\/wp\/v2\/media?parent=5147"}],"curies":[{"name":"wp","href":"https:\/\/api.w.org\/{rel}","templated":true}]}}