{"id":4955,"date":"2020-11-16T14:27:25","date_gmt":"2020-11-16T13:27:25","guid":{"rendered":"https:\/\/www.tourismthailand.ch\/experiences\/voyager-de-maniere-durable\/"},"modified":"2025-08-20T09:10:37","modified_gmt":"2025-08-20T07:10:37","slug":"voyager-de-maniere-durable","status":"publish","type":"page","link":"https:\/\/www.tourismthailand.ch\/fr\/experiences\/voyager-de-maniere-durable\/","title":{"rendered":"Voyager de mani\u00e8re durable"},"content":{"rendered":"<div class=\"wpb-content-wrapper\"><p>[vc_row][vc_column][vc_column_text]<\/p>\n<h2 class=\"mkdf-page-title entry-title\">Voyager de mani\u00e8re durable<\/h2>\n<p>[\/vc_column_text][vc_column_text]Il existe de nombreuses possibilit\u00e9s pour rendre un s\u00e9jour en Tha\u00eflande \u00e9cologiquement compatible, proche de la nature et en m\u00eame temps \u00e0 pied d&#8217;\u00e9galit\u00e9 avec les locaux. Gr\u00e2ce aux diff\u00e9rents prix et cat\u00e9gorisations qui existent \u00e0 l&#8217;\u00e9chelle nationale, il est facile pour les voyageurs d&#8217;identifier les h\u00f4tels ou les agences de voyage qui op\u00e8rent de mani\u00e8re durable et les activit\u00e9s respectueuses de l&#8217;environnement qui sont disponibles. En Tha\u00eflande, 17 % du pays est d\u00e9clar\u00e9 zone prot\u00e9g\u00e9e. Les amoureux de la nature ont le choix entre 127 parcs nationaux, parcs nationaux marins, r\u00e9serves naturelles et r\u00e9serves de faune sauvage. Non seulement on prot\u00e8ge l&#8217;environnement en faisant de la randonn\u00e9e, en observant les oiseaux ou en m\u00e9ditant dans la nature, mais les aventuriers peuvent aussi profiter de diverses activit\u00e9s \u00e9cologiques comme les excursions en v\u00e9lo de montagne, le rafting en eau vive ou l&#8217;escalade. La Thai Eco Tourism and Adventure Travel Association [TEATA] propose sur son site web <a target=\"_blank\" href=\"https:\/\/www.teata.or.th\" rel=\"noopener\">www.teata.or.th<\/a> des informations d\u00e9taill\u00e9es sur les diff\u00e9rentes possibilit\u00e9s pour passer des vacances respectueuses de l&#8217;environnement en Tha\u00eflande.[\/vc_column_text][vc_empty_space][vc_column_text]<\/p>\n<h3>H\u00f4tels et resorts \u00e9cologiques<\/h3>\n<p>Le programme &#8220;Green leaf&#8221; destin\u00e9 aux h\u00f4tels et aux resorts est la premi\u00e8re \u00e9tape vers l\u2019\u00e9tablissement de normes de qualit\u00e9 \u00e9cologique dans l&#8217;industrie du tourisme. La Green Leaf Foundation, par exemple, a \u00e9labor\u00e9 des listes de contr\u00f4le pour les h\u00f4tels soucieux du respect de l\u2019environnement. Celles-ci ont trait \u00e0 une utilisation \u00e9conome de l&#8217;eau et de l&#8217;\u00e9nergie, \u00e0 l&#8217;\u00e9limination \u00e9cologique des d\u00e9chets, \u00e0 l&#8217;utilisation de produits respectueux de l&#8217;environnement, \u00e0 la protection contre le bruit, \u00e0 la coop\u00e9ration avec les repr\u00e9sentants et les organisations des communaut\u00e9s locales et \u00e9galement au recyclage. Le respect de ces crit\u00e8res est certifi\u00e9 par un maximum de cinq &#8220;Green Leafs&#8221; (feuilles vertes). Ce prix, reconnu au niveau national, a maintenant \u00e9t\u00e9 d\u00e9cern\u00e9 \u00e0 plus de 100 h\u00f4tels en Tha\u00eflande. Un aper\u00e7u des h\u00f4tels Green Leaf est disponible ici. De plus amples informations sur la fondation sont disponibles sur le site officiel <a target=\"_blank\" href=\"https:\/\/www.greenleafthai.org\" rel=\"noopener\">www.greenleafthai.org<\/a>.[\/vc_column_text][vc_empty_space][vc_column_text]<\/p>\n<h3>H\u00e9bergement chez l&#8217;habitant<\/h3>\n<p>De plus en plus populaires sont les s\u00e9jours dits &#8221; chez l\u2019habitant &#8220;, dans lesquels les visiteurs vivent avec les locaux sous un m\u00eame toit pour se familiariser et s\u2019impr\u00e9gner du mode de vie du peuple tha\u00eflandais. Ici, les visiteurs ont un aper\u00e7u de la vie quotidienne de leurs h\u00f4tes et vivent la culture s\u00e9culaire tha\u00eflandaise de mani\u00e8re intensive. Outre les \u00e9changes culturels, il existe une vari\u00e9t\u00e9 d&#8217;activit\u00e9s praticables en fonction du lieu o\u00f9 l&#8217;on se trouve : dans de nombreux endroits, les visiteurs peuvent aider \u00e0 fabriquer des produits artisanaux locaux ou obtenir des explications de premi\u00e8re main sur la cuisine tha\u00eflandaise traditionnelle. Que ce soit avec les tribus de montagne du nord de la Tha\u00eflande, dans un village de p\u00eacheurs sur la mer d&#8217;Andaman ou avec des riziculteurs du centre ou du nord-est de la Tha\u00eflande, en de nombreux endroits, les Tha\u00eflandais offrent aux voyageurs int\u00e9ress\u00e9s un h\u00e9bergement sous leur propre toit. Les autorit\u00e9s locales ou des organisations telles que le Community Based Tourism Institute <a target=\"_blank\" href=\"http:\/\/cbtnetwork.org\/\" rel=\"noopener\">cbtnetwork.org<\/a>, soutiennent ces projets de tourisme durable et agissent g\u00e9n\u00e9ralement en tant qu&#8217;interm\u00e9diaires. La pr\u00e9servation et la protection de la culture ainsi que de la population locale constituent une part importante des voyages \u00e0 caract\u00e8re \u00e9cologique.[\/vc_column_text][vc_empty_space height=&#8221;108px&#8221;][\/vc_column][\/vc_row]<\/p>\n<\/div>","protected":false},"excerpt":{"rendered":"<p>[vc_row][vc_column][vc_column_text] Voyager de mani\u00e8re durable [\/vc_column_text][vc_column_text]Il existe de nombreuses possibilit\u00e9s pour rendre un s\u00e9jour en Tha\u00eflande \u00e9cologiquement compatible, proche de la nature et en m\u00eame temps \u00e0 pied d&#8217;\u00e9galit\u00e9 avec les locaux. Gr\u00e2ce aux diff\u00e9rents prix et cat\u00e9gorisations qui existent \u00e0 l&#8217;\u00e9chelle nationale, il est facile pour les voyageurs d&#8217;identifier les h\u00f4tels ou les agences de voyage qui op\u00e8rent de mani\u00e8re durable et les activit\u00e9s respectueuses de l&#8217;environnement qui sont disponibles. En Tha\u00eflande, 17 % du pays est d\u00e9clar\u00e9 zone prot\u00e9g\u00e9e. Les amoureux de la nature ont le [&hellip;]<\/p>\n","protected":false},"author":1,"featured_media":4777,"parent":4898,"menu_order":0,"comment_status":"closed","ping_status":"closed","template":"","meta":{"footnotes":""},"class_list":["post-4955","page","type-page","status-publish","has-post-thumbnail","hentry"],"yoast_head":"<!-- This site is optimized with the Yoast SEO plugin v27.4 - https:\/\/yoast.com\/product\/yoast-seo-wordpress\/ -->\n<title>Voyager de mani\u00e8re durable - Office National du tourisme Thailandais<\/title>\n<meta name=\"description\" content=\"Il existe de nombreuses possibilit\u00e9s pour rendre un s\u00e9jour en Tha\u00eflande \u00e9cologiquement compatible, proche de la nature et en m\u00eame temps \u00e0 pied d&#039;\u00e9galit\u00e9 avec les locaux.\" \/>\n<meta name=\"robots\" content=\"index, follow, max-snippet:-1, max-image-preview:large, max-video-preview:-1\" \/>\n<link rel=\"canonical\" href=\"https:\/\/www.tourismthailand.ch\/fr\/experiences\/voyager-de-maniere-durable\/\" \/>\n<meta property=\"og:locale\" content=\"fr_FR\" \/>\n<meta property=\"og:type\" content=\"article\" \/>\n<meta property=\"og:title\" content=\"Voyager de mani\u00e8re durable - Office National du tourisme Thailandais\" \/>\n<meta property=\"og:description\" content=\"Il existe de nombreuses possibilit\u00e9s pour rendre un s\u00e9jour en Tha\u00eflande \u00e9cologiquement compatible, proche de la nature et en m\u00eame temps \u00e0 pied d&#039;\u00e9galit\u00e9 avec les locaux.\" \/>\n<meta property=\"og:url\" content=\"https:\/\/www.tourismthailand.ch\/fr\/experiences\/voyager-de-maniere-durable\/\" \/>\n<meta property=\"og:site_name\" content=\"Offizielle Seite Thail\u00e4ndisches Fremdenverkehrsamt\" \/>\n<meta property=\"article:publisher\" content=\"https:\/\/www.facebook.com\/TATSwitzerland\" \/>\n<meta property=\"article:modified_time\" content=\"2025-08-20T07:10:37+00:00\" \/>\n<meta property=\"og:image\" content=\"https:\/\/www.tourismthailand.ch\/wp-content\/uploads\/2018\/03\/5.3_0006_Hintergrund.jpg\" \/>\n\t<meta property=\"og:image:width\" content=\"1920\" \/>\n\t<meta property=\"og:image:height\" content=\"1080\" \/>\n\t<meta property=\"og:image:type\" content=\"image\/jpeg\" \/>\n<meta name=\"twitter:card\" content=\"summary_large_image\" \/>\n<meta name=\"twitter:label1\" content=\"Est. reading time\" \/>\n\t<meta name=\"twitter:data1\" content=\"4 minutes\" \/>\n<script type=\"application\/ld+json\" class=\"yoast-schema-graph\">{\"@context\":\"https:\\\/\\\/schema.org\",\"@graph\":[{\"@type\":\"WebPage\",\"@id\":\"https:\\\/\\\/www.tourismthailand.ch\\\/fr\\\/experiences\\\/voyager-de-maniere-durable\\\/\",\"url\":\"https:\\\/\\\/www.tourismthailand.ch\\\/fr\\\/experiences\\\/voyager-de-maniere-durable\\\/\",\"name\":\"Voyager de mani\u00e8re durable - Office National du tourisme Thailandais\",\"isPartOf\":{\"@id\":\"https:\\\/\\\/www.tourismthailand.ch\\\/fr\\\/#website\"},\"primaryImageOfPage\":{\"@id\":\"https:\\\/\\\/www.tourismthailand.ch\\\/fr\\\/experiences\\\/voyager-de-maniere-durable\\\/#primaryimage\"},\"image\":{\"@id\":\"https:\\\/\\\/www.tourismthailand.ch\\\/fr\\\/experiences\\\/voyager-de-maniere-durable\\\/#primaryimage\"},\"thumbnailUrl\":\"https:\\\/\\\/www.tourismthailand.ch\\\/wp-content\\\/uploads\\\/2018\\\/03\\\/5.3_0006_Hintergrund.jpg\",\"datePublished\":\"2020-11-16T13:27:25+00:00\",\"dateModified\":\"2025-08-20T07:10:37+00:00\",\"description\":\"Il existe de nombreuses possibilit\u00e9s pour rendre un s\u00e9jour en Tha\u00eflande \u00e9cologiquement compatible, proche de la nature et en m\u00eame temps \u00e0 pied d'\u00e9galit\u00e9 avec les locaux.\",\"breadcrumb\":{\"@id\":\"https:\\\/\\\/www.tourismthailand.ch\\\/fr\\\/experiences\\\/voyager-de-maniere-durable\\\/#breadcrumb\"},\"inLanguage\":\"fr-CH\",\"potentialAction\":[{\"@type\":\"ReadAction\",\"target\":[\"https:\\\/\\\/www.tourismthailand.ch\\\/fr\\\/experiences\\\/voyager-de-maniere-durable\\\/\"]}]},{\"@type\":\"ImageObject\",\"inLanguage\":\"fr-CH\",\"@id\":\"https:\\\/\\\/www.tourismthailand.ch\\\/fr\\\/experiences\\\/voyager-de-maniere-durable\\\/#primaryimage\",\"url\":\"https:\\\/\\\/www.tourismthailand.ch\\\/wp-content\\\/uploads\\\/2018\\\/03\\\/5.3_0006_Hintergrund.jpg\",\"contentUrl\":\"https:\\\/\\\/www.tourismthailand.ch\\\/wp-content\\\/uploads\\\/2018\\\/03\\\/5.3_0006_Hintergrund.jpg\",\"width\":1920,\"height\":1080,\"caption\":\"Der Zug f\u00e4hrt \u00fcber die Death Railway in Thailand.\"},{\"@type\":\"BreadcrumbList\",\"@id\":\"https:\\\/\\\/www.tourismthailand.ch\\\/fr\\\/experiences\\\/voyager-de-maniere-durable\\\/#breadcrumb\",\"itemListElement\":[{\"@type\":\"ListItem\",\"position\":1,\"name\":\"Startseite\",\"item\":\"https:\\\/\\\/www.tourismthailand.ch\\\/fr\\\/\"},{\"@type\":\"ListItem\",\"position\":2,\"name\":\"Exp\u00e9riences\",\"item\":\"https:\\\/\\\/www.tourismthailand.ch\\\/fr\\\/experiences\\\/\"},{\"@type\":\"ListItem\",\"position\":3,\"name\":\"Voyager de mani\u00e8re durable\"}]},{\"@type\":\"WebSite\",\"@id\":\"https:\\\/\\\/www.tourismthailand.ch\\\/fr\\\/#website\",\"url\":\"https:\\\/\\\/www.tourismthailand.ch\\\/fr\\\/\",\"name\":\"Offizielle Seite Thail\u00e4ndisches Fremdenverkehrsamt\",\"description\":\"tourismthailand.ch\",\"potentialAction\":[{\"@type\":\"SearchAction\",\"target\":{\"@type\":\"EntryPoint\",\"urlTemplate\":\"https:\\\/\\\/www.tourismthailand.ch\\\/fr\\\/?s={search_term_string}\"},\"query-input\":{\"@type\":\"PropertyValueSpecification\",\"valueRequired\":true,\"valueName\":\"search_term_string\"}}],\"inLanguage\":\"fr-CH\"}]}<\/script>\n<!-- \/ Yoast SEO plugin. -->","yoast_head_json":{"title":"Voyager de mani\u00e8re durable - Office National du tourisme Thailandais","description":"Il existe de nombreuses possibilit\u00e9s pour rendre un s\u00e9jour en Tha\u00eflande \u00e9cologiquement compatible, proche de la nature et en m\u00eame temps \u00e0 pied d'\u00e9galit\u00e9 avec les locaux.","robots":{"index":"index","follow":"follow","max-snippet":"max-snippet:-1","max-image-preview":"max-image-preview:large","max-video-preview":"max-video-preview:-1"},"canonical":"https:\/\/www.tourismthailand.ch\/fr\/experiences\/voyager-de-maniere-durable\/","og_locale":"fr_FR","og_type":"article","og_title":"Voyager de mani\u00e8re durable - Office National du tourisme Thailandais","og_description":"Il existe de nombreuses possibilit\u00e9s pour rendre un s\u00e9jour en Tha\u00eflande \u00e9cologiquement compatible, proche de la nature et en m\u00eame temps \u00e0 pied d'\u00e9galit\u00e9 avec les locaux.","og_url":"https:\/\/www.tourismthailand.ch\/fr\/experiences\/voyager-de-maniere-durable\/","og_site_name":"Offizielle Seite Thail\u00e4ndisches Fremdenverkehrsamt","article_publisher":"https:\/\/www.facebook.com\/TATSwitzerland","article_modified_time":"2025-08-20T07:10:37+00:00","og_image":[{"width":1920,"height":1080,"url":"https:\/\/www.tourismthailand.ch\/wp-content\/uploads\/2018\/03\/5.3_0006_Hintergrund.jpg","type":"image\/jpeg"}],"twitter_card":"summary_large_image","twitter_misc":{"Est. reading time":"4 minutes"},"schema":{"@context":"https:\/\/schema.org","@graph":[{"@type":"WebPage","@id":"https:\/\/www.tourismthailand.ch\/fr\/experiences\/voyager-de-maniere-durable\/","url":"https:\/\/www.tourismthailand.ch\/fr\/experiences\/voyager-de-maniere-durable\/","name":"Voyager de mani\u00e8re durable - Office National du tourisme Thailandais","isPartOf":{"@id":"https:\/\/www.tourismthailand.ch\/fr\/#website"},"primaryImageOfPage":{"@id":"https:\/\/www.tourismthailand.ch\/fr\/experiences\/voyager-de-maniere-durable\/#primaryimage"},"image":{"@id":"https:\/\/www.tourismthailand.ch\/fr\/experiences\/voyager-de-maniere-durable\/#primaryimage"},"thumbnailUrl":"https:\/\/www.tourismthailand.ch\/wp-content\/uploads\/2018\/03\/5.3_0006_Hintergrund.jpg","datePublished":"2020-11-16T13:27:25+00:00","dateModified":"2025-08-20T07:10:37+00:00","description":"Il existe de nombreuses possibilit\u00e9s pour rendre un s\u00e9jour en Tha\u00eflande \u00e9cologiquement compatible, proche de la nature et en m\u00eame temps \u00e0 pied d'\u00e9galit\u00e9 avec les locaux.","breadcrumb":{"@id":"https:\/\/www.tourismthailand.ch\/fr\/experiences\/voyager-de-maniere-durable\/#breadcrumb"},"inLanguage":"fr-CH","potentialAction":[{"@type":"ReadAction","target":["https:\/\/www.tourismthailand.ch\/fr\/experiences\/voyager-de-maniere-durable\/"]}]},{"@type":"ImageObject","inLanguage":"fr-CH","@id":"https:\/\/www.tourismthailand.ch\/fr\/experiences\/voyager-de-maniere-durable\/#primaryimage","url":"https:\/\/www.tourismthailand.ch\/wp-content\/uploads\/2018\/03\/5.3_0006_Hintergrund.jpg","contentUrl":"https:\/\/www.tourismthailand.ch\/wp-content\/uploads\/2018\/03\/5.3_0006_Hintergrund.jpg","width":1920,"height":1080,"caption":"Der Zug f\u00e4hrt \u00fcber die Death Railway in Thailand."},{"@type":"BreadcrumbList","@id":"https:\/\/www.tourismthailand.ch\/fr\/experiences\/voyager-de-maniere-durable\/#breadcrumb","itemListElement":[{"@type":"ListItem","position":1,"name":"Startseite","item":"https:\/\/www.tourismthailand.ch\/fr\/"},{"@type":"ListItem","position":2,"name":"Exp\u00e9riences","item":"https:\/\/www.tourismthailand.ch\/fr\/experiences\/"},{"@type":"ListItem","position":3,"name":"Voyager de mani\u00e8re durable"}]},{"@type":"WebSite","@id":"https:\/\/www.tourismthailand.ch\/fr\/#website","url":"https:\/\/www.tourismthailand.ch\/fr\/","name":"Offizielle Seite Thail\u00e4ndisches Fremdenverkehrsamt","description":"tourismthailand.ch","potentialAction":[{"@type":"SearchAction","target":{"@type":"EntryPoint","urlTemplate":"https:\/\/www.tourismthailand.ch\/fr\/?s={search_term_string}"},"query-input":{"@type":"PropertyValueSpecification","valueRequired":true,"valueName":"search_term_string"}}],"inLanguage":"fr-CH"}]}},"_links":{"self":[{"href":"https:\/\/www.tourismthailand.ch\/fr\/wp-json\/wp\/v2\/pages\/4955","targetHints":{"allow":["GET"]}}],"collection":[{"href":"https:\/\/www.tourismthailand.ch\/fr\/wp-json\/wp\/v2\/pages"}],"about":[{"href":"https:\/\/www.tourismthailand.ch\/fr\/wp-json\/wp\/v2\/types\/page"}],"author":[{"embeddable":true,"href":"https:\/\/www.tourismthailand.ch\/fr\/wp-json\/wp\/v2\/users\/1"}],"replies":[{"embeddable":true,"href":"https:\/\/www.tourismthailand.ch\/fr\/wp-json\/wp\/v2\/comments?post=4955"}],"version-history":[{"count":3,"href":"https:\/\/www.tourismthailand.ch\/fr\/wp-json\/wp\/v2\/pages\/4955\/revisions"}],"predecessor-version":[{"id":9153,"href":"https:\/\/www.tourismthailand.ch\/fr\/wp-json\/wp\/v2\/pages\/4955\/revisions\/9153"}],"up":[{"embeddable":true,"href":"https:\/\/www.tourismthailand.ch\/fr\/wp-json\/wp\/v2\/pages\/4898"}],"wp:featuredmedia":[{"embeddable":true,"href":"https:\/\/www.tourismthailand.ch\/fr\/wp-json\/wp\/v2\/media\/4777"}],"wp:attachment":[{"href":"https:\/\/www.tourismthailand.ch\/fr\/wp-json\/wp\/v2\/media?parent=4955"}],"curies":[{"name":"wp","href":"https:\/\/api.w.org\/{rel}","templated":true}]}}