{"id":4939,"date":"2020-11-16T13:49:41","date_gmt":"2020-11-16T12:49:41","guid":{"rendered":"https:\/\/www.tourismthailand.ch\/experiences\/la-thailande-en-famille\/"},"modified":"2021-01-13T16:31:54","modified_gmt":"2021-01-13T15:31:54","slug":"la-thailande-en-famille","status":"publish","type":"page","link":"https:\/\/www.tourismthailand.ch\/fr\/experiences\/la-thailande-en-famille\/","title":{"rendered":"La Tha\u00eflande en famille"},"content":{"rendered":"<div class=\"wpb-content-wrapper\"><p>[vc_row][vc_column][vc_column_text]<\/p>\n<h2>Des activit\u00e9s pour passer les vacances en famille<\/h2>\n<p>Partout au pays du sourire, les familles trouveront une vari\u00e9t\u00e9 d&#8217;activit\u00e9s et de curiosit\u00e9s pour petits et grands.[\/vc_column_text][vc_column_text]Qu&#8217;il s&#8217;agisse d&#8217;une baignade sur les plages de sable bord\u00e9es de palmiers, d&#8217;une excursion dans le monde sous-marin ou d&#8217;une visite aux \u00e9l\u00e9phants &#8211; un voyage en Tha\u00eflande est synonyme de plaisir, de vari\u00e9t\u00e9 et de d\u00e9tente pour toute la famille : chacun peut faire trouver son compte en adr\u00e9naline lors d\u2019une excursion en cano\u00eb dans une grotte de stalactites ou d&#8217;une promenade en radeau dans les for\u00eats de mangroves. Des animaux exotiques dans la jungle et des animaux marins impressionnants assurent des rencontres avec les animaux. Des exp\u00e9riences culinaires sont assur\u00e9es gr\u00e2ce \u00e0 la cuisine tha\u00eflandaise vari\u00e9e et saine. Dans l\u2019un des nombreux restaurants, chacun dans la famille est s\u00fbr de trouver un nouveau plat pr\u00e9f\u00e9r\u00e9 et gr\u00e2ce au fabuleux rapport qualit\u00e9-prix, on peut souvent \u00e9viter de regarder la liste des prix de trop pr\u00e8s.<\/p>\n<p>L&#8217;excellente infrastructure du pays permet de voyager facilement en famille. Que ce soit en voiture de location, qu&#8217;il est pr\u00e9f\u00e9rable de r\u00e9server depuis la Suisse, en autocar climatis\u00e9 ou en train, il existe de nombreux moyens de locomotion disponibles, et \u00e0 moindre co\u00fbt. Pour \u00e9tendre le champ des possibilit\u00e9s, rien ne vaut un vol int\u00e9rieur. Dans chaque partie du royaume, des d\u00e9couvertes passionnantes attendent les enfants. M\u00eame dans la capitale Bangkok, un tour en tuk-tuk ou en Skytrain moderne est une excellente fa\u00e7on d&#8217;explorer la ville : les temples bouddhistes, les march\u00e9s color\u00e9s, les parcs \u00e0 th\u00e8me comme Dreamworld ou encore le mus\u00e9e de cire de Madame Tussauds. Au d\u00e9part de Bangkok, des destinations attrayantes pour des excursions et des voyages de courte dur\u00e9e attirent les visiteurs : comme le c\u00e9l\u00e8bre pont sur la rivi\u00e8re Kwai dans la jungle de Kanchanaburi ou les plages bord\u00e9es de palmiers, ou dans la station baln\u00e9aire de Hua Hin ou encore sur l&#8217;\u00eele de Koh Samet. Pour ceux qui veulent d\u00e9couvrir la Tha\u00eflande de mani\u00e8re intensive lors d&#8217;un voyage aller-retour, les agences de voyage proposent des voyages aller-retour sp\u00e9ciaux pour les familles.<\/p>\n<p>Dans la culture tha\u00eflandaise, la famille joue un r\u00f4le central et les Tha\u00eflandais sont donc non seulement accueillants envers les invit\u00e9s mais aussi et surtout pour les enfants. Les enfants sont des compagnons constants et sont les bienvenus partout. Il n&#8217;est pas rare de voir des serveuses dans les restaurants se promener en compagnie de petits enfants, pour que les clients occidentaux puissent profiter de leur repas en toute tranquillit\u00e9. Les parents n&#8217;ont pas non plus \u00e0 s&#8217;inqui\u00e9ter si des adolescents ou des enfants plus \u00e2g\u00e9s veulent partir seuls en visite exploratoire. Cette convivialit\u00e9 vis-\u00e0-vis des enfants s&#8217;applique \u00e9galement dans les h\u00f4tels, o\u00f9 l&#8217;on trouve souvent des r\u00e9ductions pour les familles ou des suites familiales bon march\u00e9, en plus des offres habituelles telles que les piscines pour enfants, les clubs pour enfants, les aires de jeux et les garderies. Les enfants aiment la Tha\u00eflande et s\u2019accommodent g\u00e9n\u00e9ralement assez bien au d\u00e9calage horaire ainsi qu\u2019au changement climatique, en tout cas bien mieux que leurs parents ne le pensent. Une fois rentr\u00e9s chez eux, ils relatent avec des yeux \u00e9carquill\u00e9s et brillants d\u2019excitation les nombreuses exp\u00e9riences passionnantes qu\u2019ils ont v\u00e9cues en Tha\u00eflande.[\/vc_column_text][vc_empty_space]<div class=\"mkdf-image-gallery  mkdf-ig-grid-type mkdf-normal-space  mkdf-image-behavior-lightbox\">\n\t<div class=\"mkdf-ig-inner mkdf-outer-space mkdf-ig-grid mkdf-ig-four-columns\">\n\t\t\t\t\t<div class=\"mkdf-ig-image mkdf-item-space\">\n\t\t\t\t<div class=\"mkdf-ig-image-inner\">\n\t\t\t\t\t\t\t\t\t\t\t<a itemprop=\"image\" class=\"mkdf-ig-lightbox\" href=\"https:\/\/www.tourismthailand.ch\/wp-content\/uploads\/2018\/03\/4.6_0003_Hintergrund.jpg\" data-rel=\"prettyPhoto[image_gallery_pretty_photo-869]\" title=\"4.6_0003_Hintergrund\">\n\t\t\t\t\t\t\t\t\t\t\t<img loading=\"lazy\" decoding=\"async\" src=\"https:\/\/www.tourismthailand.ch\/wp-content\/uploads\/2018\/03\/4.6_0003_Hintergrund-310x310.jpg\" alt=\"\" width=\"310\" height=\"310\" \/>\t\t\t\t\t\t\t\t\t\t\t<\/a>\n\t\t\t\t\t\t\t\t\t<\/div>\n\t\t\t<\/div>\n\t\t\t\t\t<div class=\"mkdf-ig-image mkdf-item-space\">\n\t\t\t\t<div class=\"mkdf-ig-image-inner\">\n\t\t\t\t\t\t\t\t\t\t\t<a itemprop=\"image\" class=\"mkdf-ig-lightbox\" href=\"https:\/\/www.tourismthailand.ch\/wp-content\/uploads\/2018\/03\/4.6_0002_Familie1.jpg\" data-rel=\"prettyPhoto[image_gallery_pretty_photo-869]\" title=\"4.6_0002_Familie1\">\n\t\t\t\t\t\t\t\t\t\t\t<img loading=\"lazy\" decoding=\"async\" src=\"https:\/\/www.tourismthailand.ch\/wp-content\/uploads\/2018\/03\/4.6_0002_Familie1-310x310.jpg\" alt=\"\" width=\"310\" height=\"310\" \/>\t\t\t\t\t\t\t\t\t\t\t<\/a>\n\t\t\t\t\t\t\t\t\t<\/div>\n\t\t\t<\/div>\n\t\t\t\t\t<div class=\"mkdf-ig-image mkdf-item-space\">\n\t\t\t\t<div class=\"mkdf-ig-image-inner\">\n\t\t\t\t\t\t\t\t\t\t\t<a itemprop=\"image\" class=\"mkdf-ig-lightbox\" href=\"https:\/\/www.tourismthailand.ch\/wp-content\/uploads\/2018\/03\/4.6_0000_Krathong_Familie.jpg\" data-rel=\"prettyPhoto[image_gallery_pretty_photo-869]\" title=\"4.6_0000_Krathong_Familie\">\n\t\t\t\t\t\t\t\t\t\t\t<img loading=\"lazy\" decoding=\"async\" src=\"https:\/\/www.tourismthailand.ch\/wp-content\/uploads\/2018\/03\/4.6_0000_Krathong_Familie-310x310.jpg\" alt=\"\" width=\"310\" height=\"310\" \/>\t\t\t\t\t\t\t\t\t\t\t<\/a>\n\t\t\t\t\t\t\t\t\t<\/div>\n\t\t\t<\/div>\n\t\t\t<\/div>\n<\/div>[vc_column_text]<\/p>\n<h3>Bangkok<\/h3>\n<p>M\u00eame si la m\u00e9tropole de Bangkok ne semble pas, \u00e0 premi\u00e8re vue, \u00eatre un endroit appropri\u00e9 pour les enfants, il existe l\u00e0-bas de nombreuses attractions qui garantissent des journ\u00e9es passionnantes pour toute la famille. Non seulement les attractions sp\u00e9cialis\u00e9es pour les familles inspirent les enfants, mais souvent ils sont tout aussi enthousiastes que leurs parents \u00e0 l&#8217;\u00e9gard des magnifiques temples et des tr\u00e9sors culturels qu\u2019ils ont la possibilit\u00e9 de visiter.<\/p>\n<p>Le grand parc d&#8217;attractions Dream World, situ\u00e9 dans la banlieue de Bangkok pr\u00e8s de l&#8217;a\u00e9roport, offre de nombreuses attractions pour les petits et les grands : la Dream World Plaza avec diverses r\u00e9pliques de l&#8217;architecture europ\u00e9enne et des divertissements pour les enfants, le Dream Garden avec un lac, des man\u00e8ges et des maquettes des Sept Merveilles du monde, et le Fantasy Land avec divers man\u00e8ges ainsi que le Adventure Land avec des scooters et une montagne russe avec des gondoles suspendues. De plus amples informations sont disponibles \u00e0 l&#8217;adresse suivante : https:\/\/www.dreamworld.co.th\/<\/p>\n<p>Au Mus\u00e9e de la d\u00e9couverte pour enfants (Children\u2019s Discovery Museum), les enfants int\u00e8grent de mani\u00e8re ludique des informations sur des sujets int\u00e9ressants dans les domaines de la science, de la culture et de la soci\u00e9t\u00e9, de la nature et de l&#8217;environnement. Le mus\u00e9e propose \u00e9galement un large \u00e9ventail d&#8217;autres activit\u00e9s et de jeux pour les enfants dans trois b\u00e2timents d&#8217;exposition et un espace ext\u00e9rieur.<\/p>\n<p>Siam Park City est une combinaison de parc d&#8217;attractions et de parc aquatique dans l&#8217;est de Bangkok. Il y a un lac avec une plage et des vagues artificielles, une piscine ressemblant \u00e0 une rivi\u00e8re, de nombreux longs toboggans aquatiques, des man\u00e8ges, un dinotopia avec plus de 10 dinosaures \u00e0 commande automatique, un zoo et des aires de jeux pour enfants. De temps en temps, des programmes culturels sont pr\u00e9sent\u00e9s dans un amphith\u00e9\u00e2tre. De plus amples informations sont disponibles sur le site <a target=\"_blank\" href=\"https:\/\/www.siamparkcity.com\" rel=\"noopener\">www.siamparkcity.com<\/a>.<\/p>\n<p>Pour une excursion d&#8217;une journ\u00e9e \u00e0 partir de Bangkok, les attractions suivantes pr\u00e9sentent un profil int\u00e9ressant :<\/p>\n<p>Le Pattaya Park est un m\u00e9lange de piscine d&#8217;aventure et de parc d&#8217;attractions. Sur la vaste zone situ\u00e9e directement au bord de la mer, on trouve des toboggans aquatiques, des cours d&#8217;eau cr\u00e9\u00e9s artificiellement, des possibilit\u00e9s de baignade et diverses attractions. Le complexe comprend \u00e9galement un h\u00f4tel avec des restaurants et la Pattaya Park Tower, qui offre des vues spectaculaires sur la c\u00f4te du Golfe de Tha\u00eflande.<\/p>\n<p>La vieille ville dans la province de Samut Prakan est \u00e0 environ une heure de route de Bangkok. Dans un m\u00e9lange de mus\u00e9e en plein air et de parc d&#8217;attractions, on trouve des reproductions de b\u00e2timents \u00e0 \u00e9chelle r\u00e9duite, monuments et structures religieux de toute la Tha\u00eflande rassembl\u00e9es sur un seul et immense site, mais il existe aussi de nombreux originaux, comme des maisons de village traditionnelles qui ont \u00e9t\u00e9 reconstruites sur la base de leur emplacement rural sur place.[\/vc_column_text][vc_empty_space][vc_column_text]<\/p>\n<h3>Chiang Mai<\/h3>\n<p>Qui pense \u00e0 Chiang Mai associe g\u00e9n\u00e9ralement la ville \u00e0 des temples s\u00e9culaires et \u00e0 son artisanat traditionnel. La &#8220;Rose du Nord&#8221;, riche en culture, propose non seulement une nature pr\u00e9serv\u00e9e et de nombreux parcs nationaux \u00e0 ses visiteurs, mais aussi d\u2019innombrables d\u00e9couvertes d\u2019animaux, pour toute la famille.<\/p>\n<p>Au Mus\u00e9e des insectes et des merveilles naturelles du monde (Museum of World Insects and Natural Wonders), les visiteurs peuvent se faire une id\u00e9e de la vie fascinante des insectes. Des papillons et des col\u00e9opt\u00e8res aux nids de gu\u00eapes, cette exposition contient tout ce qu&#8217;on peut imaginer sur les insectes d\u2019ici ou d\u2019ailleurs.[\/vc_column_text][vc_empty_space][vc_column_text]<\/p>\n<h3>Phuket<\/h3>\n<p>Outre les plages de r\u00eave bord\u00e9es de palmiers, aux eaux cristallines et \u00e0 la beaut\u00e9 naturelle spectaculaire, l&#8217;\u00eele offre \u00e9galement quelques attractions sp\u00e9cialement destin\u00e9es \u00e0 ses plus jeunes h\u00f4tes.<\/p>\n<p>Le grand parc \u00e0 th\u00e8me Phuket Fantasea offre de nombreuses activit\u00e9s et divertissements pour petits et grands : un village \u00e0 th\u00e8me, des jeux vari\u00e9s, des spectacles et de nombreux magasins. Le brillant spectacle de la salle de th\u00e9\u00e2tre emm\u00e8ne le public dans le monde tha\u00eflandais des mythes et des l\u00e9gendes tous les soirs. De plus amples informations sont disponibles sous le lien suivant : <a href=\"http:\/\/www.phuket-fantasea.com\">www.phuket-fantasea.com<\/a><\/p>\n<p>Au Dinopark, les visiteurs peuvent swinguer avec leurs clubs sur un terrain de golf miniature dans un environnement pr\u00e9historique. Chacun des 18 trous a sa propre disposition avec des r\u00e9pliques authentiques de dinosaures, des rochers, la jungle et bien plus encore. Pour plus d&#8217;informations, consulter le lien www.dinopark.com.<\/p>\n<p>Dans le parc aquatique Splash Jungle, les enfants s\u2019en donnent \u00e0 c\u0153ur joie sur les 22\u201900 m\u00e8tres carr\u00e9s aquatiques. Le parc est divis\u00e9 en sept r\u00e9gions th\u00e9matiques : L&#8217;Afrique, l&#8217;Asie, l&#8217;Europe du Nord, le P\u00f4le Nord et l&#8217;Inca Maya. Autour de la Splash Jungle se trouve la &#8220;Lazy River&#8221;, une voie d&#8217;eau de 335 m\u00e8tres de long sur laquelle les visiteurs peuvent faire une promenade en bateau d\u00e9contract\u00e9e \u00e0 travers les diff\u00e9rents mondes th\u00e9matiques. Les autres points forts sont la &#8220;piscine \u00e0 vagues&#8221; (Wave Pool) et la &#8220;piscine de jeux aquatiques&#8221; (Aqua Play Fool) avec diverses attractions aquatiques pour toute la famille. De plus amples informations sont disponibles sur le site <a href=\"https:\/\/splashjungle.com\/\">splashjungle.com<\/a>.<\/p>\n<p>Les sports nautiques tels que le kayak, le cano\u00eb ou le snorkeling sont amusants pour toute la famille et ne doivent pas \u00eatre d\u00e9laiss\u00e9s lors d&#8217;un s\u00e9jour sur l&#8217;une des \u00eeles tha\u00eflandaises.<\/p>\n<p>Bien entendu, il existe \u00e9galement de nombreux autres lieux de vacances tels que Koh Samui, Hua Hin, Khao Lak ou Koh Chang, avec de nombreuses activit\u00e9s ainsi que des h\u00f4tels adapt\u00e9s aux familles.[\/vc_column_text][vc_empty_space height=&#8221;108px&#8221;][\/vc_column][\/vc_row]<\/p>\n<\/div>","protected":false},"excerpt":{"rendered":"<p>[vc_row][vc_column][vc_column_text] Des activit\u00e9s pour passer les vacances en famille Partout au pays du sourire, les familles trouveront une vari\u00e9t\u00e9 d&#8217;activit\u00e9s et de curiosit\u00e9s pour petits et grands.[\/vc_column_text][vc_column_text]Qu&#8217;il s&#8217;agisse d&#8217;une baignade sur les plages de sable bord\u00e9es de palmiers, d&#8217;une excursion dans le monde sous-marin ou d&#8217;une visite aux \u00e9l\u00e9phants &#8211; un voyage en Tha\u00eflande est synonyme de plaisir, de vari\u00e9t\u00e9 et de d\u00e9tente pour toute la famille : chacun peut faire trouver son compte en adr\u00e9naline lors d\u2019une excursion en cano\u00eb dans une grotte de stalactites ou d&#8217;une [&hellip;]<\/p>\n","protected":false},"author":1,"featured_media":4677,"parent":4898,"menu_order":0,"comment_status":"closed","ping_status":"closed","template":"","meta":{"footnotes":""},"class_list":["post-4939","page","type-page","status-publish","has-post-thumbnail","hentry"],"yoast_head":"<!-- This site is optimized with the Yoast SEO plugin v27.4 - https:\/\/yoast.com\/product\/yoast-seo-wordpress\/ -->\n<title>La Tha\u00eflande en famille - Offizielle Seite Thail\u00e4ndisches Fremdenverkehrsamt<\/title>\n<meta name=\"description\" content=\"Partout au pays du sourire, les familles trouveront une vari\u00e9t\u00e9 d&#039;activit\u00e9s et de curiosit\u00e9s pour petits et grands.\" \/>\n<meta name=\"robots\" content=\"index, follow, max-snippet:-1, max-image-preview:large, max-video-preview:-1\" \/>\n<link rel=\"canonical\" href=\"https:\/\/www.tourismthailand.ch\/fr\/experiences\/la-thailande-en-famille\/\" \/>\n<meta property=\"og:locale\" content=\"fr_FR\" \/>\n<meta property=\"og:type\" content=\"article\" \/>\n<meta property=\"og:title\" content=\"La Tha\u00eflande en famille - Offizielle Seite Thail\u00e4ndisches Fremdenverkehrsamt\" \/>\n<meta property=\"og:description\" content=\"Partout au pays du sourire, les familles trouveront une vari\u00e9t\u00e9 d&#039;activit\u00e9s et de curiosit\u00e9s pour petits et grands.\" \/>\n<meta property=\"og:url\" content=\"https:\/\/www.tourismthailand.ch\/fr\/experiences\/la-thailande-en-famille\/\" \/>\n<meta property=\"og:site_name\" content=\"Offizielle Seite Thail\u00e4ndisches Fremdenverkehrsamt\" \/>\n<meta property=\"article:publisher\" content=\"https:\/\/www.facebook.com\/TATSwitzerland\" \/>\n<meta property=\"article:modified_time\" content=\"2021-01-13T15:31:54+00:00\" \/>\n<meta property=\"og:image\" content=\"https:\/\/www.tourismthailand.ch\/wp-content\/uploads\/2018\/03\/4.6_0001_Familie2.jpg\" \/>\n\t<meta property=\"og:image:width\" content=\"1920\" \/>\n\t<meta property=\"og:image:height\" content=\"1080\" \/>\n\t<meta property=\"og:image:type\" content=\"image\/jpeg\" \/>\n<meta name=\"twitter:card\" content=\"summary_large_image\" \/>\n<meta name=\"twitter:label1\" content=\"Est. reading time\" \/>\n\t<meta name=\"twitter:data1\" content=\"7 minutes\" \/>\n<script type=\"application\/ld+json\" class=\"yoast-schema-graph\">{\"@context\":\"https:\\\/\\\/schema.org\",\"@graph\":[{\"@type\":\"WebPage\",\"@id\":\"https:\\\/\\\/www.tourismthailand.ch\\\/fr\\\/experiences\\\/la-thailande-en-famille\\\/\",\"url\":\"https:\\\/\\\/www.tourismthailand.ch\\\/fr\\\/experiences\\\/la-thailande-en-famille\\\/\",\"name\":\"La Tha\u00eflande en famille - Offizielle Seite Thail\u00e4ndisches Fremdenverkehrsamt\",\"isPartOf\":{\"@id\":\"https:\\\/\\\/www.tourismthailand.ch\\\/fr\\\/#website\"},\"primaryImageOfPage\":{\"@id\":\"https:\\\/\\\/www.tourismthailand.ch\\\/fr\\\/experiences\\\/la-thailande-en-famille\\\/#primaryimage\"},\"image\":{\"@id\":\"https:\\\/\\\/www.tourismthailand.ch\\\/fr\\\/experiences\\\/la-thailande-en-famille\\\/#primaryimage\"},\"thumbnailUrl\":\"https:\\\/\\\/www.tourismthailand.ch\\\/wp-content\\\/uploads\\\/2018\\\/03\\\/4.6_0001_Familie2.jpg\",\"datePublished\":\"2020-11-16T12:49:41+00:00\",\"dateModified\":\"2021-01-13T15:31:54+00:00\",\"description\":\"Partout au pays du sourire, les familles trouveront une vari\u00e9t\u00e9 d'activit\u00e9s et de curiosit\u00e9s pour petits et grands.\",\"breadcrumb\":{\"@id\":\"https:\\\/\\\/www.tourismthailand.ch\\\/fr\\\/experiences\\\/la-thailande-en-famille\\\/#breadcrumb\"},\"inLanguage\":\"fr-CH\",\"potentialAction\":[{\"@type\":\"ReadAction\",\"target\":[\"https:\\\/\\\/www.tourismthailand.ch\\\/fr\\\/experiences\\\/la-thailande-en-famille\\\/\"]}]},{\"@type\":\"ImageObject\",\"inLanguage\":\"fr-CH\",\"@id\":\"https:\\\/\\\/www.tourismthailand.ch\\\/fr\\\/experiences\\\/la-thailande-en-famille\\\/#primaryimage\",\"url\":\"https:\\\/\\\/www.tourismthailand.ch\\\/wp-content\\\/uploads\\\/2018\\\/03\\\/4.6_0001_Familie2.jpg\",\"contentUrl\":\"https:\\\/\\\/www.tourismthailand.ch\\\/wp-content\\\/uploads\\\/2018\\\/03\\\/4.6_0001_Familie2.jpg\",\"width\":1920,\"height\":1080,\"caption\":\"Eine Mutter und ihr Kind sitzen auf einer Schaukel am Strand und grinsen einander unter Palmen an.\"},{\"@type\":\"BreadcrumbList\",\"@id\":\"https:\\\/\\\/www.tourismthailand.ch\\\/fr\\\/experiences\\\/la-thailande-en-famille\\\/#breadcrumb\",\"itemListElement\":[{\"@type\":\"ListItem\",\"position\":1,\"name\":\"Startseite\",\"item\":\"https:\\\/\\\/www.tourismthailand.ch\\\/fr\\\/\"},{\"@type\":\"ListItem\",\"position\":2,\"name\":\"Exp\u00e9riences\",\"item\":\"https:\\\/\\\/www.tourismthailand.ch\\\/fr\\\/experiences\\\/\"},{\"@type\":\"ListItem\",\"position\":3,\"name\":\"La Tha\u00eflande en famille\"}]},{\"@type\":\"WebSite\",\"@id\":\"https:\\\/\\\/www.tourismthailand.ch\\\/fr\\\/#website\",\"url\":\"https:\\\/\\\/www.tourismthailand.ch\\\/fr\\\/\",\"name\":\"Offizielle Seite Thail\u00e4ndisches Fremdenverkehrsamt\",\"description\":\"tourismthailand.ch\",\"potentialAction\":[{\"@type\":\"SearchAction\",\"target\":{\"@type\":\"EntryPoint\",\"urlTemplate\":\"https:\\\/\\\/www.tourismthailand.ch\\\/fr\\\/?s={search_term_string}\"},\"query-input\":{\"@type\":\"PropertyValueSpecification\",\"valueRequired\":true,\"valueName\":\"search_term_string\"}}],\"inLanguage\":\"fr-CH\"}]}<\/script>\n<!-- \/ Yoast SEO plugin. -->","yoast_head_json":{"title":"La Tha\u00eflande en famille - Offizielle Seite Thail\u00e4ndisches Fremdenverkehrsamt","description":"Partout au pays du sourire, les familles trouveront une vari\u00e9t\u00e9 d'activit\u00e9s et de curiosit\u00e9s pour petits et grands.","robots":{"index":"index","follow":"follow","max-snippet":"max-snippet:-1","max-image-preview":"max-image-preview:large","max-video-preview":"max-video-preview:-1"},"canonical":"https:\/\/www.tourismthailand.ch\/fr\/experiences\/la-thailande-en-famille\/","og_locale":"fr_FR","og_type":"article","og_title":"La Tha\u00eflande en famille - Offizielle Seite Thail\u00e4ndisches Fremdenverkehrsamt","og_description":"Partout au pays du sourire, les familles trouveront une vari\u00e9t\u00e9 d'activit\u00e9s et de curiosit\u00e9s pour petits et grands.","og_url":"https:\/\/www.tourismthailand.ch\/fr\/experiences\/la-thailande-en-famille\/","og_site_name":"Offizielle Seite Thail\u00e4ndisches Fremdenverkehrsamt","article_publisher":"https:\/\/www.facebook.com\/TATSwitzerland","article_modified_time":"2021-01-13T15:31:54+00:00","og_image":[{"width":1920,"height":1080,"url":"https:\/\/www.tourismthailand.ch\/wp-content\/uploads\/2018\/03\/4.6_0001_Familie2.jpg","type":"image\/jpeg"}],"twitter_card":"summary_large_image","twitter_misc":{"Est. reading time":"7 minutes"},"schema":{"@context":"https:\/\/schema.org","@graph":[{"@type":"WebPage","@id":"https:\/\/www.tourismthailand.ch\/fr\/experiences\/la-thailande-en-famille\/","url":"https:\/\/www.tourismthailand.ch\/fr\/experiences\/la-thailande-en-famille\/","name":"La Tha\u00eflande en famille - Offizielle Seite Thail\u00e4ndisches Fremdenverkehrsamt","isPartOf":{"@id":"https:\/\/www.tourismthailand.ch\/fr\/#website"},"primaryImageOfPage":{"@id":"https:\/\/www.tourismthailand.ch\/fr\/experiences\/la-thailande-en-famille\/#primaryimage"},"image":{"@id":"https:\/\/www.tourismthailand.ch\/fr\/experiences\/la-thailande-en-famille\/#primaryimage"},"thumbnailUrl":"https:\/\/www.tourismthailand.ch\/wp-content\/uploads\/2018\/03\/4.6_0001_Familie2.jpg","datePublished":"2020-11-16T12:49:41+00:00","dateModified":"2021-01-13T15:31:54+00:00","description":"Partout au pays du sourire, les familles trouveront une vari\u00e9t\u00e9 d'activit\u00e9s et de curiosit\u00e9s pour petits et grands.","breadcrumb":{"@id":"https:\/\/www.tourismthailand.ch\/fr\/experiences\/la-thailande-en-famille\/#breadcrumb"},"inLanguage":"fr-CH","potentialAction":[{"@type":"ReadAction","target":["https:\/\/www.tourismthailand.ch\/fr\/experiences\/la-thailande-en-famille\/"]}]},{"@type":"ImageObject","inLanguage":"fr-CH","@id":"https:\/\/www.tourismthailand.ch\/fr\/experiences\/la-thailande-en-famille\/#primaryimage","url":"https:\/\/www.tourismthailand.ch\/wp-content\/uploads\/2018\/03\/4.6_0001_Familie2.jpg","contentUrl":"https:\/\/www.tourismthailand.ch\/wp-content\/uploads\/2018\/03\/4.6_0001_Familie2.jpg","width":1920,"height":1080,"caption":"Eine Mutter und ihr Kind sitzen auf einer Schaukel am Strand und grinsen einander unter Palmen an."},{"@type":"BreadcrumbList","@id":"https:\/\/www.tourismthailand.ch\/fr\/experiences\/la-thailande-en-famille\/#breadcrumb","itemListElement":[{"@type":"ListItem","position":1,"name":"Startseite","item":"https:\/\/www.tourismthailand.ch\/fr\/"},{"@type":"ListItem","position":2,"name":"Exp\u00e9riences","item":"https:\/\/www.tourismthailand.ch\/fr\/experiences\/"},{"@type":"ListItem","position":3,"name":"La Tha\u00eflande en famille"}]},{"@type":"WebSite","@id":"https:\/\/www.tourismthailand.ch\/fr\/#website","url":"https:\/\/www.tourismthailand.ch\/fr\/","name":"Offizielle Seite Thail\u00e4ndisches Fremdenverkehrsamt","description":"tourismthailand.ch","potentialAction":[{"@type":"SearchAction","target":{"@type":"EntryPoint","urlTemplate":"https:\/\/www.tourismthailand.ch\/fr\/?s={search_term_string}"},"query-input":{"@type":"PropertyValueSpecification","valueRequired":true,"valueName":"search_term_string"}}],"inLanguage":"fr-CH"}]}},"_links":{"self":[{"href":"https:\/\/www.tourismthailand.ch\/fr\/wp-json\/wp\/v2\/pages\/4939","targetHints":{"allow":["GET"]}}],"collection":[{"href":"https:\/\/www.tourismthailand.ch\/fr\/wp-json\/wp\/v2\/pages"}],"about":[{"href":"https:\/\/www.tourismthailand.ch\/fr\/wp-json\/wp\/v2\/types\/page"}],"author":[{"embeddable":true,"href":"https:\/\/www.tourismthailand.ch\/fr\/wp-json\/wp\/v2\/users\/1"}],"replies":[{"embeddable":true,"href":"https:\/\/www.tourismthailand.ch\/fr\/wp-json\/wp\/v2\/comments?post=4939"}],"version-history":[{"count":5,"href":"https:\/\/www.tourismthailand.ch\/fr\/wp-json\/wp\/v2\/pages\/4939\/revisions"}],"predecessor-version":[{"id":5987,"href":"https:\/\/www.tourismthailand.ch\/fr\/wp-json\/wp\/v2\/pages\/4939\/revisions\/5987"}],"up":[{"embeddable":true,"href":"https:\/\/www.tourismthailand.ch\/fr\/wp-json\/wp\/v2\/pages\/4898"}],"wp:featuredmedia":[{"embeddable":true,"href":"https:\/\/www.tourismthailand.ch\/fr\/wp-json\/wp\/v2\/media\/4677"}],"wp:attachment":[{"href":"https:\/\/www.tourismthailand.ch\/fr\/wp-json\/wp\/v2\/media?parent=4939"}],"curies":[{"name":"wp","href":"https:\/\/api.w.org\/{rel}","templated":true}]}}