{"id":4912,"date":"2020-11-16T10:44:57","date_gmt":"2020-11-16T09:44:57","guid":{"rendered":"https:\/\/www.tourismthailand.ch\/experiences\/spa-wellness\/"},"modified":"2020-12-07T14:14:08","modified_gmt":"2020-12-07T13:14:08","slug":"spa-wellness","status":"publish","type":"page","link":"https:\/\/www.tourismthailand.ch\/fr\/experiences\/spa-wellness\/","title":{"rendered":"Spa &amp; Wellness"},"content":{"rendered":"<div class=\"wpb-content-wrapper\"><p>[vc_row][vc_column][vc_column_text]<\/p>\n<h2>Une oasis de bien-\u00eatre et de d\u00e9tente<\/h2>\n<p>[\/vc_column_text][vc_column_text]Le royaume de Tha\u00eflande est captivant non seulement par ses plages pittoresques, mais surtout par la large gamme de soins li\u00e9s au bien-\u00eatre qu&#8217;il propose. Du massage tha\u00eflandais traditionnel aux magnifiques installations thermales, les exigences en mati\u00e8re de bien-\u00eatre sont dans tous les cas pleinement satisfaites. Cette offre unique est perfectionn\u00e9e par des connaissances anciennes, des rites et des coutumes traditionnelles et \u00e9tablit par cons\u00e9quent des normes mondiales. Ce n&#8217;est pas sans raison que les Tha\u00eflandais sont fiers d&#8217;\u00eatre le centre de bien-\u00eatre de l&#8217;Asie : presque \u00e0 chaque coin de rue, on trouve une bonne offre pour un massage, un soin du visage, du yoga ou de la m\u00e9ditation.<\/p>\n<p>Avec une longue histoire dans la m\u00e9decine traditionnelle, des techniques de massage sophistiqu\u00e9es et des pratiques de m\u00e9ditation bouddhistes, la Tha\u00eflande est largement r\u00e9put\u00e9e comme une destination id\u00e9ale pour les voyageurs soucieux de leur sant\u00e9 et en qu\u00eate de d\u00e9tente. L&#8217;acc\u00e9l\u00e9ration constante de la vie quotidienne, combin\u00e9e \u00e0 un stress permanent et \u00e0 un rythme effr\u00e9n\u00e9, place de nombreuses personnes dans un \u00e9tat de tension physique et mentale permanent. Un s\u00e9jour dans l&#8217;un des nombreux spas ou centres de massage en Tha\u00eflande est une aubaine pour tous ceux qui souhaitent revitaliser leur corps et leur esprit afin de recharger leurs batteries \u00e9puis\u00e9es. L&#8217;art de gu\u00e9rir est consid\u00e9r\u00e9 en Tha\u00eflande comme un concept holistique, qui ne consiste pas seulement \u00e0 combattre des sympt\u00f4mes individuels, mais \u00e0 ramener le corps, l&#8217;\u00e2me et l&#8217;esprit en harmonie. Outre les applications classiques telles que le massage tha\u00eflandais traditionnel, l&#8217;aromath\u00e9rapie ou le sauna aux herbes, cela comprend \u00e9galement les bains thermaux, le yoga, la m\u00e9ditation et un r\u00e9gime alimentaire appropri\u00e9.[\/vc_column_text][vc_empty_space]<div class=\"mkdf-image-gallery  mkdf-ig-grid-type mkdf-normal-space  mkdf-image-behavior-lightbox\">\n\t<div class=\"mkdf-ig-inner mkdf-outer-space mkdf-ig-grid mkdf-ig-four-columns\">\n\t\t\t\t\t<div class=\"mkdf-ig-image mkdf-item-space\">\n\t\t\t\t<div class=\"mkdf-ig-image-inner\">\n\t\t\t\t\t\t\t\t\t\t\t<a itemprop=\"image\" class=\"mkdf-ig-lightbox\" href=\"https:\/\/www.tourismthailand.ch\/wp-content\/uploads\/2018\/03\/4.2_0006_Hintergrund.jpg\" data-rel=\"prettyPhoto[image_gallery_pretty_photo-607]\" title=\"4.2_0006_Hintergrund\">\n\t\t\t\t\t\t\t\t\t\t\t<img loading=\"lazy\" decoding=\"async\" src=\"https:\/\/www.tourismthailand.ch\/wp-content\/uploads\/2018\/03\/4.2_0006_Hintergrund-310x310.jpg\" alt=\"\" width=\"310\" height=\"310\" \/>\t\t\t\t\t\t\t\t\t\t\t<\/a>\n\t\t\t\t\t\t\t\t\t<\/div>\n\t\t\t<\/div>\n\t\t\t\t\t<div class=\"mkdf-ig-image mkdf-item-space\">\n\t\t\t\t<div class=\"mkdf-ig-image-inner\">\n\t\t\t\t\t\t\t\t\t\t\t<a itemprop=\"image\" class=\"mkdf-ig-lightbox\" href=\"https:\/\/www.tourismthailand.ch\/wp-content\/uploads\/2018\/03\/4.2_0002_spa3.jpg\" data-rel=\"prettyPhoto[image_gallery_pretty_photo-607]\" title=\"4.2_0002_spa3\">\n\t\t\t\t\t\t\t\t\t\t\t<img loading=\"lazy\" decoding=\"async\" src=\"https:\/\/www.tourismthailand.ch\/wp-content\/uploads\/2018\/03\/4.2_0002_spa3-310x310.jpg\" alt=\"\" width=\"310\" height=\"310\" \/>\t\t\t\t\t\t\t\t\t\t\t<\/a>\n\t\t\t\t\t\t\t\t\t<\/div>\n\t\t\t<\/div>\n\t\t\t\t\t<div class=\"mkdf-ig-image mkdf-item-space\">\n\t\t\t\t<div class=\"mkdf-ig-image-inner\">\n\t\t\t\t\t\t\t\t\t\t\t<a itemprop=\"image\" class=\"mkdf-ig-lightbox\" href=\"https:\/\/www.tourismthailand.ch\/wp-content\/uploads\/2018\/03\/4.2_0001_Strand.jpg\" data-rel=\"prettyPhoto[image_gallery_pretty_photo-607]\" title=\"4.2_0001_Strand\">\n\t\t\t\t\t\t\t\t\t\t\t<img loading=\"lazy\" decoding=\"async\" src=\"https:\/\/www.tourismthailand.ch\/wp-content\/uploads\/2018\/03\/4.2_0001_Strand-310x310.jpg\" alt=\"\" width=\"310\" height=\"310\" \/>\t\t\t\t\t\t\t\t\t\t\t<\/a>\n\t\t\t\t\t\t\t\t\t<\/div>\n\t\t\t<\/div>\n\t\t\t\t\t<div class=\"mkdf-ig-image mkdf-item-space\">\n\t\t\t\t<div class=\"mkdf-ig-image-inner\">\n\t\t\t\t\t\t\t\t\t\t\t<a itemprop=\"image\" class=\"mkdf-ig-lightbox\" href=\"https:\/\/www.tourismthailand.ch\/wp-content\/uploads\/2018\/03\/4.2_0005_spa.jpg\" data-rel=\"prettyPhoto[image_gallery_pretty_photo-607]\" title=\"4.2_0005_spa\">\n\t\t\t\t\t\t\t\t\t\t\t<img loading=\"lazy\" decoding=\"async\" src=\"https:\/\/www.tourismthailand.ch\/wp-content\/uploads\/2018\/03\/4.2_0005_spa-310x310.jpg\" alt=\"\" width=\"310\" height=\"310\" \/>\t\t\t\t\t\t\t\t\t\t\t<\/a>\n\t\t\t\t\t\t\t\t\t<\/div>\n\t\t\t<\/div>\n\t\t\t<\/div>\n<\/div>[vc_column_text]<\/p>\n<h3>Le massage tha\u00eflandais traditionnel<\/h3>\n<p>Le massage traditionnel tha\u00eflandais est un produit de la m\u00e9decine orientale ancienne et a plus de 2&#8217;500 ans. Il combine des techniques de yoga et d&#8217;acupression et stimule les points d&#8217;\u00e9nergie du corps. Le massage tha\u00eflandais doit \u00eatre compris comme une pratique spirituelle proche des enseignements du Bouddha. Si l&#8217;on est dans un \u00e9tat d\u00e9tendu, presque m\u00e9ditatif, le masseur peut mieux sentir les points d&#8217;\u00e9nergie du corps. Apr\u00e8s une longue randonn\u00e9e ou un long vol, les bienfaits d&#8217;un massage tha\u00eflandais sont tels qu\u2019il est difficile de trouver les mots pour les exprimer. Les massages tha\u00eflandais peuvent \u00eatre donn\u00e9s par des professionnels qualifi\u00e9s sur la plage (particuli\u00e8rement bon march\u00e9), dans les spas de nombreux h\u00f4tels ou dans des centres de sant\u00e9 et des Day Spas sp\u00e9ciaux.[\/vc_column_text][vc_empty_space][vc_column_text]<\/p>\n<h3>Day Spa<\/h3>\n<p>Non seulement l&#8217;atmosph\u00e8re accueillante et les techniques de massage traditionnelles des nombreux spas font de votre visite une exp\u00e9rience particuli\u00e8re, mais l&#8217;emplacement idyllique dans un environnement naturel et le d\u00e9cor traditionnel combin\u00e9 au design contemporain cr\u00e9ent une ambiance tha\u00eflandaise unique. D\u00e8s que vous entrerez dans les oasis thermales, vous aurez l&#8217;impression d&#8217;\u00eatre dans un autre monde, o\u00f9 tout se d\u00e9roule beaucoup plus calmement et sereinement que ce \u00e0 quoi vous \u00eates habitu\u00e9 dans la vie de tous les jours. De tels spas, qui garantissent une exp\u00e9rience de soins unique, se trouvent presque partout en Tha\u00eflande.[\/vc_column_text][vc_empty_space][vc_column_text]<\/p>\n<h3>M\u00e9ditation<\/h3>\n<p>En plus d&#8217;un massage tha\u00eflandais b\u00e9n\u00e9fique ou d&#8217;autres traitements de bien-\u00eatre traditionnels, il existe une autre m\u00e9thode efficace en Tha\u00eflande pour se remettre du stress de la routine et atteindre une relaxation profonde. De nombreux monast\u00e8res dans le pays ouvrent leurs portes \u00e0 ceux qui recherchent la paix et la tranquillit\u00e9 et qui souhaitent apprendre \u00e0 trouver leur \u00e9quilibre int\u00e9rieur dans la vie quotidienne par la m\u00e9ditation. Un tel s\u00e9jour a d\u00e9j\u00e0 aid\u00e9 de nombreux visiteurs occidentaux \u00e0 mieux faire face \u00e0 leur vie tr\u00e9pidante dans leur pays d&#8217;origine. De nombreux temples ainsi que des centres de m\u00e9ditation priv\u00e9s offrent aux voyageurs \u00e9trangers la possibilit\u00e9 d&#8217;apprendre le grand art de la m\u00e9ditation dans divers cadres, au sein de murs impr\u00e9gn\u00e9s d&#8217;histoire. Il existe une vari\u00e9t\u00e9 de styles de m\u00e9ditation, mais les plus courants sont Samatha (le d\u00e9veloppement de la tranquillit\u00e9) et Vipassana (le d\u00e9veloppement d&#8217;une vision claire). Tous deux aident \u00e0 mieux se concentrer et \u00e0 devenir plus \u00e9quilibr\u00e9, ce qui conduit en fin de compte \u00e0 une attitude plus satisfaite et plus optimiste.[\/vc_column_text][vc_empty_space][vc_column_text]<\/p>\n<h3>Cures Detox<\/h3>\n<p>Le manque de sommeil, la malnutrition et le manque d&#8217;exercice physique provoquent des toxines dans l&#8217;organisme et entravent les fonctions vitales. Lors d&#8217;une cure detox, une attention particuli\u00e8re est accord\u00e9e pendant plusieurs jours \u00e0 un changement de r\u00e9gime alimentaire, \u00e0 la forme physique et \u00e0 la beaut\u00e9 pour \u00e9liminer ces toxines. La cuisine tha\u00eflandaise propose une liste de d\u00e9lices frais qui sont id\u00e9alement adapt\u00e9s \u00e0 la detox.[\/vc_column_text][vc_empty_space height=&#8221;108px&#8221;][\/vc_column][\/vc_row]<\/p>\n<\/div>","protected":false},"excerpt":{"rendered":"<p>[vc_row][vc_column][vc_column_text] Une oasis de bien-\u00eatre et de d\u00e9tente [\/vc_column_text][vc_column_text]Le royaume de Tha\u00eflande est captivant non seulement par ses plages pittoresques, mais surtout par la large gamme de soins li\u00e9s au bien-\u00eatre qu&#8217;il propose. Du massage tha\u00eflandais traditionnel aux magnifiques installations thermales, les exigences en mati\u00e8re de bien-\u00eatre sont dans tous les cas pleinement satisfaites. Cette offre unique est perfectionn\u00e9e par des connaissances anciennes, des rites et des coutumes traditionnelles et \u00e9tablit par cons\u00e9quent des normes mondiales. Ce n&#8217;est pas sans raison que les Tha\u00eflandais sont fiers d&#8217;\u00eatre le [&hellip;]<\/p>\n","protected":false},"author":1,"featured_media":4571,"parent":4898,"menu_order":0,"comment_status":"closed","ping_status":"closed","template":"","meta":{"footnotes":""},"class_list":["post-4912","page","type-page","status-publish","has-post-thumbnail","hentry"],"yoast_head":"<!-- This site is optimized with the Yoast SEO plugin v27.5 - https:\/\/yoast.com\/product\/yoast-seo-wordpress\/ -->\n<title>Spa &amp; Wellness - Offizielle Seite Thail\u00e4ndisches Fremdenverkehrsamt<\/title>\n<meta name=\"description\" content=\"Le royaume de Tha\u00eflande est captivant non seulement par ses plages pittoresques, mais surtout par la large gamme de soins li\u00e9s au bien-\u00eatre qu\u2019il propose.\" \/>\n<meta name=\"robots\" content=\"index, follow, max-snippet:-1, max-image-preview:large, max-video-preview:-1\" \/>\n<link rel=\"canonical\" href=\"https:\/\/www.tourismthailand.ch\/fr\/experiences\/spa-wellness\/\" \/>\n<meta property=\"og:locale\" content=\"fr_FR\" \/>\n<meta property=\"og:type\" content=\"article\" \/>\n<meta property=\"og:title\" content=\"Spa &amp; Wellness - Offizielle Seite Thail\u00e4ndisches Fremdenverkehrsamt\" \/>\n<meta property=\"og:description\" content=\"Le royaume de Tha\u00eflande est captivant non seulement par ses plages pittoresques, mais surtout par la large gamme de soins li\u00e9s au bien-\u00eatre qu\u2019il propose.\" \/>\n<meta property=\"og:url\" content=\"https:\/\/www.tourismthailand.ch\/fr\/experiences\/spa-wellness\/\" \/>\n<meta property=\"og:site_name\" content=\"Offizielle Seite Thail\u00e4ndisches Fremdenverkehrsamt\" \/>\n<meta property=\"article:publisher\" content=\"https:\/\/www.facebook.com\/TATSwitzerland\" \/>\n<meta property=\"article:modified_time\" content=\"2020-12-07T13:14:08+00:00\" \/>\n<meta property=\"og:image\" content=\"https:\/\/www.tourismthailand.ch\/wp-content\/uploads\/2018\/03\/4.2_0003_spa2.jpg\" \/>\n\t<meta property=\"og:image:width\" content=\"1920\" \/>\n\t<meta property=\"og:image:height\" content=\"1080\" \/>\n\t<meta property=\"og:image:type\" content=\"image\/jpeg\" \/>\n<meta name=\"twitter:card\" content=\"summary_large_image\" \/>\n<meta name=\"twitter:label1\" content=\"Est. reading time\" \/>\n\t<meta name=\"twitter:data1\" content=\"5 minutes\" \/>\n<script type=\"application\/ld+json\" class=\"yoast-schema-graph\">{\"@context\":\"https:\\\/\\\/schema.org\",\"@graph\":[{\"@type\":\"WebPage\",\"@id\":\"https:\\\/\\\/www.tourismthailand.ch\\\/fr\\\/experiences\\\/spa-wellness\\\/\",\"url\":\"https:\\\/\\\/www.tourismthailand.ch\\\/fr\\\/experiences\\\/spa-wellness\\\/\",\"name\":\"Spa &amp; Wellness - Offizielle Seite Thail\u00e4ndisches Fremdenverkehrsamt\",\"isPartOf\":{\"@id\":\"https:\\\/\\\/www.tourismthailand.ch\\\/fr\\\/#website\"},\"primaryImageOfPage\":{\"@id\":\"https:\\\/\\\/www.tourismthailand.ch\\\/fr\\\/experiences\\\/spa-wellness\\\/#primaryimage\"},\"image\":{\"@id\":\"https:\\\/\\\/www.tourismthailand.ch\\\/fr\\\/experiences\\\/spa-wellness\\\/#primaryimage\"},\"thumbnailUrl\":\"https:\\\/\\\/www.tourismthailand.ch\\\/wp-content\\\/uploads\\\/2018\\\/03\\\/4.2_0003_spa2.jpg\",\"datePublished\":\"2020-11-16T09:44:57+00:00\",\"dateModified\":\"2020-12-07T13:14:08+00:00\",\"description\":\"Le royaume de Tha\u00eflande est captivant non seulement par ses plages pittoresques, mais surtout par la large gamme de soins li\u00e9s au bien-\u00eatre qu\u2019il propose.\",\"breadcrumb\":{\"@id\":\"https:\\\/\\\/www.tourismthailand.ch\\\/fr\\\/experiences\\\/spa-wellness\\\/#breadcrumb\"},\"inLanguage\":\"fr-CH\",\"potentialAction\":[{\"@type\":\"ReadAction\",\"target\":[\"https:\\\/\\\/www.tourismthailand.ch\\\/fr\\\/experiences\\\/spa-wellness\\\/\"]}]},{\"@type\":\"ImageObject\",\"inLanguage\":\"fr-CH\",\"@id\":\"https:\\\/\\\/www.tourismthailand.ch\\\/fr\\\/experiences\\\/spa-wellness\\\/#primaryimage\",\"url\":\"https:\\\/\\\/www.tourismthailand.ch\\\/wp-content\\\/uploads\\\/2018\\\/03\\\/4.2_0003_spa2.jpg\",\"contentUrl\":\"https:\\\/\\\/www.tourismthailand.ch\\\/wp-content\\\/uploads\\\/2018\\\/03\\\/4.2_0003_spa2.jpg\",\"width\":1920,\"height\":1080,\"caption\":\"Eine thail\u00e4ndische Fussmassage\"},{\"@type\":\"BreadcrumbList\",\"@id\":\"https:\\\/\\\/www.tourismthailand.ch\\\/fr\\\/experiences\\\/spa-wellness\\\/#breadcrumb\",\"itemListElement\":[{\"@type\":\"ListItem\",\"position\":1,\"name\":\"Startseite\",\"item\":\"https:\\\/\\\/www.tourismthailand.ch\\\/fr\\\/\"},{\"@type\":\"ListItem\",\"position\":2,\"name\":\"Exp\u00e9riences\",\"item\":\"https:\\\/\\\/www.tourismthailand.ch\\\/fr\\\/experiences\\\/\"},{\"@type\":\"ListItem\",\"position\":3,\"name\":\"Spa &amp; Wellness\"}]},{\"@type\":\"WebSite\",\"@id\":\"https:\\\/\\\/www.tourismthailand.ch\\\/fr\\\/#website\",\"url\":\"https:\\\/\\\/www.tourismthailand.ch\\\/fr\\\/\",\"name\":\"Offizielle Seite Thail\u00e4ndisches Fremdenverkehrsamt\",\"description\":\"tourismthailand.ch\",\"potentialAction\":[{\"@type\":\"SearchAction\",\"target\":{\"@type\":\"EntryPoint\",\"urlTemplate\":\"https:\\\/\\\/www.tourismthailand.ch\\\/fr\\\/?s={search_term_string}\"},\"query-input\":{\"@type\":\"PropertyValueSpecification\",\"valueRequired\":true,\"valueName\":\"search_term_string\"}}],\"inLanguage\":\"fr-CH\"}]}<\/script>\n<!-- \/ Yoast SEO plugin. -->","yoast_head_json":{"title":"Spa &amp; Wellness - Offizielle Seite Thail\u00e4ndisches Fremdenverkehrsamt","description":"Le royaume de Tha\u00eflande est captivant non seulement par ses plages pittoresques, mais surtout par la large gamme de soins li\u00e9s au bien-\u00eatre qu\u2019il propose.","robots":{"index":"index","follow":"follow","max-snippet":"max-snippet:-1","max-image-preview":"max-image-preview:large","max-video-preview":"max-video-preview:-1"},"canonical":"https:\/\/www.tourismthailand.ch\/fr\/experiences\/spa-wellness\/","og_locale":"fr_FR","og_type":"article","og_title":"Spa &amp; Wellness - Offizielle Seite Thail\u00e4ndisches Fremdenverkehrsamt","og_description":"Le royaume de Tha\u00eflande est captivant non seulement par ses plages pittoresques, mais surtout par la large gamme de soins li\u00e9s au bien-\u00eatre qu\u2019il propose.","og_url":"https:\/\/www.tourismthailand.ch\/fr\/experiences\/spa-wellness\/","og_site_name":"Offizielle Seite Thail\u00e4ndisches Fremdenverkehrsamt","article_publisher":"https:\/\/www.facebook.com\/TATSwitzerland","article_modified_time":"2020-12-07T13:14:08+00:00","og_image":[{"width":1920,"height":1080,"url":"https:\/\/www.tourismthailand.ch\/wp-content\/uploads\/2018\/03\/4.2_0003_spa2.jpg","type":"image\/jpeg"}],"twitter_card":"summary_large_image","twitter_misc":{"Est. reading time":"5 minutes"},"schema":{"@context":"https:\/\/schema.org","@graph":[{"@type":"WebPage","@id":"https:\/\/www.tourismthailand.ch\/fr\/experiences\/spa-wellness\/","url":"https:\/\/www.tourismthailand.ch\/fr\/experiences\/spa-wellness\/","name":"Spa &amp; Wellness - Offizielle Seite Thail\u00e4ndisches Fremdenverkehrsamt","isPartOf":{"@id":"https:\/\/www.tourismthailand.ch\/fr\/#website"},"primaryImageOfPage":{"@id":"https:\/\/www.tourismthailand.ch\/fr\/experiences\/spa-wellness\/#primaryimage"},"image":{"@id":"https:\/\/www.tourismthailand.ch\/fr\/experiences\/spa-wellness\/#primaryimage"},"thumbnailUrl":"https:\/\/www.tourismthailand.ch\/wp-content\/uploads\/2018\/03\/4.2_0003_spa2.jpg","datePublished":"2020-11-16T09:44:57+00:00","dateModified":"2020-12-07T13:14:08+00:00","description":"Le royaume de Tha\u00eflande est captivant non seulement par ses plages pittoresques, mais surtout par la large gamme de soins li\u00e9s au bien-\u00eatre qu\u2019il propose.","breadcrumb":{"@id":"https:\/\/www.tourismthailand.ch\/fr\/experiences\/spa-wellness\/#breadcrumb"},"inLanguage":"fr-CH","potentialAction":[{"@type":"ReadAction","target":["https:\/\/www.tourismthailand.ch\/fr\/experiences\/spa-wellness\/"]}]},{"@type":"ImageObject","inLanguage":"fr-CH","@id":"https:\/\/www.tourismthailand.ch\/fr\/experiences\/spa-wellness\/#primaryimage","url":"https:\/\/www.tourismthailand.ch\/wp-content\/uploads\/2018\/03\/4.2_0003_spa2.jpg","contentUrl":"https:\/\/www.tourismthailand.ch\/wp-content\/uploads\/2018\/03\/4.2_0003_spa2.jpg","width":1920,"height":1080,"caption":"Eine thail\u00e4ndische Fussmassage"},{"@type":"BreadcrumbList","@id":"https:\/\/www.tourismthailand.ch\/fr\/experiences\/spa-wellness\/#breadcrumb","itemListElement":[{"@type":"ListItem","position":1,"name":"Startseite","item":"https:\/\/www.tourismthailand.ch\/fr\/"},{"@type":"ListItem","position":2,"name":"Exp\u00e9riences","item":"https:\/\/www.tourismthailand.ch\/fr\/experiences\/"},{"@type":"ListItem","position":3,"name":"Spa &amp; Wellness"}]},{"@type":"WebSite","@id":"https:\/\/www.tourismthailand.ch\/fr\/#website","url":"https:\/\/www.tourismthailand.ch\/fr\/","name":"Offizielle Seite Thail\u00e4ndisches Fremdenverkehrsamt","description":"tourismthailand.ch","potentialAction":[{"@type":"SearchAction","target":{"@type":"EntryPoint","urlTemplate":"https:\/\/www.tourismthailand.ch\/fr\/?s={search_term_string}"},"query-input":{"@type":"PropertyValueSpecification","valueRequired":true,"valueName":"search_term_string"}}],"inLanguage":"fr-CH"}]}},"_links":{"self":[{"href":"https:\/\/www.tourismthailand.ch\/fr\/wp-json\/wp\/v2\/pages\/4912","targetHints":{"allow":["GET"]}}],"collection":[{"href":"https:\/\/www.tourismthailand.ch\/fr\/wp-json\/wp\/v2\/pages"}],"about":[{"href":"https:\/\/www.tourismthailand.ch\/fr\/wp-json\/wp\/v2\/types\/page"}],"author":[{"embeddable":true,"href":"https:\/\/www.tourismthailand.ch\/fr\/wp-json\/wp\/v2\/users\/1"}],"replies":[{"embeddable":true,"href":"https:\/\/www.tourismthailand.ch\/fr\/wp-json\/wp\/v2\/comments?post=4912"}],"version-history":[{"count":0,"href":"https:\/\/www.tourismthailand.ch\/fr\/wp-json\/wp\/v2\/pages\/4912\/revisions"}],"up":[{"embeddable":true,"href":"https:\/\/www.tourismthailand.ch\/fr\/wp-json\/wp\/v2\/pages\/4898"}],"wp:featuredmedia":[{"embeddable":true,"href":"https:\/\/www.tourismthailand.ch\/fr\/wp-json\/wp\/v2\/media\/4571"}],"wp:attachment":[{"href":"https:\/\/www.tourismthailand.ch\/fr\/wp-json\/wp\/v2\/media?parent=4912"}],"curies":[{"name":"wp","href":"https:\/\/api.w.org\/{rel}","templated":true}]}}