{"id":4909,"date":"2020-11-16T10:32:29","date_gmt":"2020-11-16T09:32:29","guid":{"rendered":"https:\/\/www.tourismthailand.ch\/experiences\/ile-plage-et-mer\/"},"modified":"2021-01-13T16:23:59","modified_gmt":"2021-01-13T15:23:59","slug":"ile-plage-et-mer","status":"publish","type":"page","link":"https:\/\/www.tourismthailand.ch\/fr\/experiences\/ile-plage-et-mer\/","title":{"rendered":"\u00cele, plage et mer"},"content":{"rendered":"<div class=\"wpb-content-wrapper\"><p>[vc_row][vc_column][vc_column_text]<\/p>\n<h2>En route vers le Sud<\/h2>\n<p>[\/vc_column_text][vc_column_text]Vous cherchez les vacances parfaites incluant soleil, plage et mer? Dans ce cas, la Tha\u00eflande est la destination id\u00e9ale: eaux turquoises, plages de sable fin et temp\u00e9ratures chaudes toute l&#8217;ann\u00e9e. Vous souhaitez d\u00e9couvrir des baies isol\u00e9es et des \u00eeles paradisiaques, vous offrir le luxe et le bien-\u00eatre des h\u00f4tels haut de gamme ou encore d\u00e9couvrir la vie des autochtones des \u00eeles plus \u00e9loign\u00e9es?<\/p>\n<p>Chaque plage et \u00eele tha\u00eflandaise dispose de son propre caract\u00e8re et de sa propre identit\u00e9, et attire par cons\u00e9quent un type de visiteur sp\u00e9cifique. Il est \u00e0 la fois fr\u00e9quent et remarquable que des diff\u00e9rences importantes puissent exister non seulement entre des \u00eeles isol\u00e9es mais m\u00eame entre deux plages voisines. Si une plage s\u2019oriente vers une offre de pur divertissement, la plage la plus proche sur la m\u00eame \u00eele, \u00e0 quelques kilom\u00e8tres seulement, peut \u00eatre id\u00e9ale pour ceux qui recherchent des vacances tranquilles et paisibles.[\/vc_column_text][vc_empty_space]<div class=\"mkdf-image-gallery  mkdf-ig-grid-type mkdf-normal-space  mkdf-image-behavior-lightbox\">\n\t<div class=\"mkdf-ig-inner mkdf-outer-space mkdf-ig-grid mkdf-ig-four-columns\">\n\t\t\t\t\t<div class=\"mkdf-ig-image mkdf-item-space\">\n\t\t\t\t<div class=\"mkdf-ig-image-inner\">\n\t\t\t\t\t\t\t\t\t\t\t<a itemprop=\"image\" class=\"mkdf-ig-lightbox\" href=\"https:\/\/www.tourismthailand.ch\/wp-content\/uploads\/2018\/03\/4.1-_0017_Ko-Kho-Khao.jpg\" data-rel=\"prettyPhoto[image_gallery_pretty_photo-484]\" title=\"4.1-_0017_Ko-Kho-Khao\">\n\t\t\t\t\t\t\t\t\t\t\t<img loading=\"lazy\" decoding=\"async\" src=\"https:\/\/www.tourismthailand.ch\/wp-content\/uploads\/2018\/03\/4.1-_0017_Ko-Kho-Khao-310x310.jpg\" alt=\"\" width=\"310\" height=\"310\" \/>\t\t\t\t\t\t\t\t\t\t\t<\/a>\n\t\t\t\t\t\t\t\t\t<\/div>\n\t\t\t<\/div>\n\t\t\t\t\t<div class=\"mkdf-ig-image mkdf-item-space\">\n\t\t\t\t<div class=\"mkdf-ig-image-inner\">\n\t\t\t\t\t\t\t\t\t\t\t<a itemprop=\"image\" class=\"mkdf-ig-lightbox\" href=\"https:\/\/www.tourismthailand.ch\/wp-content\/uploads\/2018\/03\/4.1-_0011_Kradan-Island.jpg\" data-rel=\"prettyPhoto[image_gallery_pretty_photo-484]\" title=\"4.1-_0011_Kradan-Island\">\n\t\t\t\t\t\t\t\t\t\t\t<img loading=\"lazy\" decoding=\"async\" src=\"https:\/\/www.tourismthailand.ch\/wp-content\/uploads\/2018\/03\/4.1-_0011_Kradan-Island-310x310.jpg\" alt=\"\" width=\"310\" height=\"310\" \/>\t\t\t\t\t\t\t\t\t\t\t<\/a>\n\t\t\t\t\t\t\t\t\t<\/div>\n\t\t\t<\/div>\n\t\t\t\t\t<div class=\"mkdf-ig-image mkdf-item-space\">\n\t\t\t\t<div class=\"mkdf-ig-image-inner\">\n\t\t\t\t\t\t\t\t\t\t\t<a itemprop=\"image\" class=\"mkdf-ig-lightbox\" href=\"https:\/\/www.tourismthailand.ch\/wp-content\/uploads\/2018\/03\/4.1-_0006_Phang-Nga-Bay.jpg\" data-rel=\"prettyPhoto[image_gallery_pretty_photo-484]\" title=\"4.1-_0006_Phang-Nga-Bay\">\n\t\t\t\t\t\t\t\t\t\t\t<img loading=\"lazy\" decoding=\"async\" src=\"https:\/\/www.tourismthailand.ch\/wp-content\/uploads\/2018\/03\/4.1-_0006_Phang-Nga-Bay-310x310.jpg\" alt=\"\" width=\"310\" height=\"310\" \/>\t\t\t\t\t\t\t\t\t\t\t<\/a>\n\t\t\t\t\t\t\t\t\t<\/div>\n\t\t\t<\/div>\n\t\t\t\t\t<div class=\"mkdf-ig-image mkdf-item-space\">\n\t\t\t\t<div class=\"mkdf-ig-image-inner\">\n\t\t\t\t\t\t\t\t\t\t\t<a itemprop=\"image\" class=\"mkdf-ig-lightbox\" href=\"https:\/\/www.tourismthailand.ch\/wp-content\/uploads\/2018\/03\/4.1-_0001_Strand1.jpg\" data-rel=\"prettyPhoto[image_gallery_pretty_photo-484]\" title=\"4.1-_0001_Strand1\">\n\t\t\t\t\t\t\t\t\t\t\t<img loading=\"lazy\" decoding=\"async\" src=\"https:\/\/www.tourismthailand.ch\/wp-content\/uploads\/2018\/03\/4.1-_0001_Strand1-310x310.jpg\" alt=\"\" width=\"310\" height=\"310\" \/>\t\t\t\t\t\t\t\t\t\t\t<\/a>\n\t\t\t\t\t\t\t\t\t<\/div>\n\t\t\t<\/div>\n\t\t\t<\/div>\n<\/div>[vc_column_text]<\/p>\n<h3>Nage et baignade<\/h3>\n<p>Pour les nageurs passionn\u00e9s conviennent parfaitement les nombreuses plages qui s&#8217;enfoncent fortement dans la mer et qui sont donc presque intouch\u00e9es par la mar\u00e9e basse, ce qui permet de s\u2019y baigner toute la journ\u00e9e. . Pour les enfants et les visiteurs qui souhaitent juste barboter en toute simplicit\u00e9, il y a des plages peu profondes permettant de faire de longues promenades le long de la plage, tout en gardant les pieds dans l&#8217;eau.[\/vc_column_text][vc_empty_space][vc_column_text]<\/p>\n<h3>Divertissement et sorties<\/h3>\n<p>Les noctambules et les f\u00eatards trouvent leur bonheur, en particulier dans les centres des stations touristiques populaires. \u00c0 Patong Beach \u00e0 Phuket, on trouve des divertissements 24 heures sur 24. Les vendeurs sur la plage proposent des d\u00e9lices culinaires et des souvenirs \u00e0 emporter, de nombreux \u00e9tals de nourriture et de petits march\u00e9s invitent \u00e0 fl\u00e2ner et il est \u00e9galement possible de profiter d&#8217;un massage tha\u00eflandais relaxant au centre des activit\u00e9s. Une fois le cr\u00e9puscule arriv\u00e9, la promenade se transforme en une mer color\u00e9e de lumi\u00e8res diverses et les nombreux restaurants, bars et clubs ouvrent leurs portes durant une nuit qui s\u2019annonce longue. La plage de Chaweng, \u00e0 Koh Samui, est tout aussi anim\u00e9e. Les backpackers et les globe-trotters s&#8217;y baladent de l&#8217;aube au cr\u00e9puscule. La station baln\u00e9aire anim\u00e9e de Pattaya est \u00e9galement une destination id\u00e9ale pour les voyageurs en qu\u00eate d&#8217;action et de divertissement, avec les centres commerciaux, les restaurants, les bars ainsi que les nombreuses activit\u00e9s nautiques qu\u2019elle propose.<\/p>\n<p>CONSEIL ! Les visiteurs qui pr\u00e9f\u00e8rent se d\u00e9tendre sur une plage tranquille pendant la journ\u00e9e, mais qui souhaitent tout de m\u00eame \u00eatre actifs une fois la nuit tomb\u00e9e, peuvent profiter des coins les plus recul\u00e9s de Phuket ou de Koh Samui. Le soir, apr\u00e8s un court trajet en voiture, les voil\u00e0 plong\u00e9s dans l\u2019animation de la vie nocturne.<\/p>\n<p>Si jamais l\u2019envie de combiner des vacances \u00e0 la plage avec la d\u00e9couverte de la culture locale survient, les destinations de Cha-Am, Koh Samet ou Rayong sauront combler cette derni\u00e8re. Ces zones de vacances rencontrent le m\u00eame succ\u00e8s aupr\u00e8s des h\u00f4tes tha\u00eflandais et \u00e9trangers. Les voyageurs plus aventureux peuvent explorer le paysage de roches calcaires de Krabi en kayak ou bien faire une randonn\u00e9e \u00e0 travers le parc national de Khao Sok, non loin de la populaire station baln\u00e9aire de Khao Lak. Ko Chang (litt\u00e9ralement l\u2019\u00eele \u00e9l\u00e9phant), offre un environnement id\u00e9al pour les amoureux de la nature qui pr\u00e9f\u00e8rent se d\u00e9tendre sur une plage tranquille tout en explorant la flore et la faune tropicales de l&#8217;int\u00e9rieur de l&#8217;\u00eele.[\/vc_column_text][vc_empty_space][vc_column_text]<\/p>\n<h3>Repos et d\u00e9tente<\/h3>\n<p>Pour les voyageurs en qu\u00eate de tranquillit\u00e9, qui ne veulent cependant pas renoncer aux infrastructures de la r\u00e9gion, pr\u00e9sentent des endroits comme Hua Hin, Khao Lak, Krabi ou les plages de Maenam \u00e0 Koh Samui et de Nai Thon \u00e0 Phuket le profil id\u00e9al. Quiconque souhaite vivre une v\u00e9ritable aventure \u00e0 la Robinson Cruso\u00e9, il existe de nombreuses petites \u00eeles avec un h\u00e9bergement simple comme par exemple Koh Phayam (Ranong), Koh Mak (Trat), Koh Jum (Krabi) ou encore Koh Kradan (Trang). Sur place, on trouve des plages d\u00e9sertes, du calme en quantit\u00e9 ainsi qu\u2019une nature intacte. Les couples amoureux ou en lune de miel \u00e0 la recherche d&#8217;un refuge romantique sont merveilleusement accueillis sur les petites \u00eeles avec des h\u00f4tels confortables tels que Koh Phangan, Koh Racha ou Koh Yao Noi. Les familles sont particuli\u00e8rement les bienvenues \u00e0 Khao Lak ou Hua Hin, o\u00f9 il existe une vari\u00e9t\u00e9 d&#8217;h\u00f4tels accueillants sp\u00e9cialis\u00e9s pour les familles. Mais la plage de Lamai \u00e0 Koh Samui ou encore la plage de Bang Thao \u00e0 Phuket sont \u00e9galement id\u00e9ales pour des vacances actives en famille.<\/p>\n<h4>Conseils d&#8217;initi\u00e9s \u2013 les perles cach\u00e9es<\/h4>\n<p>Le sud de la mer d&#8217;Andaman se pr\u00eate parfaitement \u00e0 la d\u00e9couverte d&#8217;\u00eeles diverses en Tha\u00eflande. Mais avec un tel choix, vers quelle destination se tourner ?<\/p>\n<p>Koh Phayam \u00e0 deux heures de bateau de la jet\u00e9e de Ranong, Ko Phayam est connue pour ses longues plages de sable blanc et pour les noix de cajou qui y poussent. La mer le long de la c\u00f4te est entour\u00e9e de magnifiques r\u00e9cifs coralliens. Les plus beaux se trouvent sur le c\u00f4t\u00e9 ouest de l&#8217;\u00eele, o\u00f9 sont \u00e9galement situ\u00e9s des bungalows pour les visiteurs. La meilleure plage pour s\u2019attarder un peu est celle de Hat Kham, situ\u00e9e dans la partie sud, avec du sable blanc dans une zone tranquille.<\/p>\n<p><strong>Raya Islands<br \/>\n<\/strong>Les \u00eeles Racha (ou \u00eeles Raya) sont principalement connues comme d&#8217;excellentes destinations de plong\u00e9e et de snorkeling en Tha\u00eflande. Situ\u00e9 \u00e0 environ 12 km au sud de Phuket, Racha Noi est inhabit\u00e9e, mais il existe d&#8217;excellentes possibilit\u00e9s de plong\u00e9e dans les environs. Racha Yai dispose de plusieurs bungalows et resorts si le souhait du visiteur est de passer un ou plusieurs jours sur l&#8217;\u00eele.<\/p>\n<p><strong>Ko Yao Noi &amp; Ko Yao Yai<br \/>\n<\/strong>Koh Yao Noi et Koh Yao Yai sont deux \u00eeles situ\u00e9es au milieu de la baie de Phang Nga, \u00e0 distance \u00e9gale de Phuket et de la partie continentale de Krabi. Alors que le rythme du d\u00e9veloppement s&#8217;acc\u00e9l\u00e8re surtout \u00e0 Koh Yao Noi, les \u00eeles restent un havre de paix loin des foules de Phuket. Les autres activit\u00e9s sur l&#8217;\u00eele comprennent des d\u00e9monstrations agricoles, la p\u00eache, le kayak, la randonn\u00e9e, la plong\u00e9e libre et la natation.<\/p>\n<p><strong>Ko Jum<br \/>\n<\/strong>Petite, tranquille et paisible : Koh Jum est l&#8217;une des \u00eeles les plus relaxantes de Tha\u00eflande. Situ\u00e9e \u00e0 mi-chemin entre Ao Nang et Koh Lanta, cette minuscule \u00eele abrite certaines des plages les plus tranquilles et les plus d\u00e9sertes de Tha\u00eflande, ainsi que de petits complexes de bungalows.<\/p>\n<p><strong>Ko Ngai<br \/>\n<\/strong>Koh Ngai ou aussi appel\u00e9e Koh Hai, est une petite \u00eele de la mer d&#8217;Andaman, d&#8217;une beaut\u00e9 \u00e0 couper le souffle : petite, priv\u00e9e, idyllique avec un beau paysage et une plage de sable blanc au bord d&#8217;une eau de mer cristalline. Donc si le &#8220;island hopping&#8221; en Tha\u00eflande est \u00e0 l\u2019ordre du jour, visiter cette \u00eele devrait \u00eatre une priorit\u00e9.<\/p>\n<p><strong>Ko Muk<br \/>\n<\/strong>Ko Muk est toujours un tuyau d&#8217;initi\u00e9 et une v\u00e9ritable destination de r\u00eave. Sur cette \u00eele, qui appartient \u00e0 la r\u00e9gion de Trang, il n&#8217;y a presque pas encore de touristes. L\u2019endroit est calme, poss\u00e8de des plages fascinantes et est parfait pour se rendre sur les \u00eeles environnantes comme Koh Kradan ou Koh Ngai. Koh Muk est situ\u00e9 sur la c\u00f4te ouest de la Tha\u00eflande, \u00e0 la mer d&#8217;Andaman, mais est inconnu du bataillon pour de nombreux voyageurs qui se rendent en Tha\u00eflande.<\/p>\n<p><strong>Ko Kradan<br \/>\n<\/strong>Parmi les nombreuses \u00eeles, Koh Kradan est probablement la plus belle et la plus connue de l\u2019archipel de Trang. L&#8217;\u00eele est dot\u00e9e de grandes plages blanches et poudreuses, d&#8217;eaux \u00e9meraudes et de coraux d\u2019eau peu profonde.<\/p>\n<p><strong>Ko Lipe<br \/>\n<\/strong>Les caract\u00e9ristiques exceptionnelles de Koh Lipe sont ses r\u00e9cifs coralliens naturels, la beaut\u00e9 de son immense baie ouverte et sa plage de sable paradisiaque.[\/vc_column_text][vc_empty_space height=&#8221;108px&#8221;][\/vc_column][\/vc_row]<\/p>\n<\/div>","protected":false},"excerpt":{"rendered":"<p>[vc_row][vc_column][vc_column_text] En route vers le Sud [\/vc_column_text][vc_column_text]Vous cherchez les vacances parfaites incluant soleil, plage et mer? Dans ce cas, la Tha\u00eflande est la destination id\u00e9ale: eaux turquoises, plages de sable fin et temp\u00e9ratures chaudes toute l&#8217;ann\u00e9e. Vous souhaitez d\u00e9couvrir des baies isol\u00e9es et des \u00eeles paradisiaques, vous offrir le luxe et le bien-\u00eatre des h\u00f4tels haut de gamme ou encore d\u00e9couvrir la vie des autochtones des \u00eeles plus \u00e9loign\u00e9es? Chaque plage et \u00eele tha\u00eflandaise dispose de son propre caract\u00e8re et de sa propre identit\u00e9, et attire par cons\u00e9quent [&hellip;]<\/p>\n","protected":false},"author":1,"featured_media":4799,"parent":4898,"menu_order":0,"comment_status":"closed","ping_status":"closed","template":"","meta":{"footnotes":""},"class_list":["post-4909","page","type-page","status-publish","has-post-thumbnail","hentry"],"yoast_head":"<!-- This site is optimized with the Yoast SEO plugin v27.5 - https:\/\/yoast.com\/product\/yoast-seo-wordpress\/ -->\n<title>\u00cele, plage et mer - Offizielle Seite Thail\u00e4ndisches Fremdenverkehrsamt<\/title>\n<meta name=\"robots\" content=\"index, follow, max-snippet:-1, max-image-preview:large, max-video-preview:-1\" \/>\n<link rel=\"canonical\" href=\"https:\/\/www.tourismthailand.ch\/fr\/experiences\/ile-plage-et-mer\/\" \/>\n<meta property=\"og:locale\" content=\"fr_FR\" \/>\n<meta property=\"og:type\" content=\"article\" \/>\n<meta property=\"og:title\" content=\"\u00cele, plage et mer - Offizielle Seite Thail\u00e4ndisches Fremdenverkehrsamt\" \/>\n<meta property=\"og:description\" content=\"[vc_row][vc_column][vc_column_text] En route vers le Sud [\/vc_column_text][vc_column_text]Vous cherchez les vacances parfaites incluant soleil, plage et mer? Dans ce cas, la Tha\u00eflande est la destination id\u00e9ale: eaux turquoises, plages de sable fin et temp\u00e9ratures chaudes toute l&#8217;ann\u00e9e. Vous souhaitez d\u00e9couvrir des baies isol\u00e9es et des \u00eeles paradisiaques, vous offrir le luxe et le bien-\u00eatre des h\u00f4tels haut de gamme ou encore d\u00e9couvrir la vie des autochtones des \u00eeles plus \u00e9loign\u00e9es? Chaque plage et \u00eele tha\u00eflandaise dispose de son propre caract\u00e8re et de sa propre identit\u00e9, et attire par cons\u00e9quent [&hellip;]\" \/>\n<meta property=\"og:url\" content=\"https:\/\/www.tourismthailand.ch\/fr\/experiences\/ile-plage-et-mer\/\" \/>\n<meta property=\"og:site_name\" content=\"Offizielle Seite Thail\u00e4ndisches Fremdenverkehrsamt\" \/>\n<meta property=\"article:publisher\" content=\"https:\/\/www.facebook.com\/TATSwitzerland\" \/>\n<meta property=\"article:modified_time\" content=\"2021-01-13T15:23:59+00:00\" \/>\n<meta property=\"og:image\" content=\"https:\/\/www.tourismthailand.ch\/wp-content\/uploads\/2020\/10\/Khao-Lak_0010_Hintergrund.jpg\" \/>\n\t<meta property=\"og:image:width\" content=\"1920\" \/>\n\t<meta property=\"og:image:height\" content=\"833\" \/>\n\t<meta property=\"og:image:type\" content=\"image\/jpeg\" \/>\n<meta name=\"twitter:card\" content=\"summary_large_image\" \/>\n<meta name=\"twitter:label1\" content=\"Est. reading time\" \/>\n\t<meta name=\"twitter:data1\" content=\"6 minutes\" \/>\n<script type=\"application\/ld+json\" class=\"yoast-schema-graph\">{\"@context\":\"https:\\\/\\\/schema.org\",\"@graph\":[{\"@type\":\"WebPage\",\"@id\":\"https:\\\/\\\/www.tourismthailand.ch\\\/fr\\\/experiences\\\/ile-plage-et-mer\\\/\",\"url\":\"https:\\\/\\\/www.tourismthailand.ch\\\/fr\\\/experiences\\\/ile-plage-et-mer\\\/\",\"name\":\"\u00cele, plage et mer - Offizielle Seite Thail\u00e4ndisches Fremdenverkehrsamt\",\"isPartOf\":{\"@id\":\"https:\\\/\\\/www.tourismthailand.ch\\\/fr\\\/#website\"},\"primaryImageOfPage\":{\"@id\":\"https:\\\/\\\/www.tourismthailand.ch\\\/fr\\\/experiences\\\/ile-plage-et-mer\\\/#primaryimage\"},\"image\":{\"@id\":\"https:\\\/\\\/www.tourismthailand.ch\\\/fr\\\/experiences\\\/ile-plage-et-mer\\\/#primaryimage\"},\"thumbnailUrl\":\"https:\\\/\\\/www.tourismthailand.ch\\\/wp-content\\\/uploads\\\/2020\\\/10\\\/Khao-Lak_0010_Hintergrund.jpg\",\"datePublished\":\"2020-11-16T09:32:29+00:00\",\"dateModified\":\"2021-01-13T15:23:59+00:00\",\"breadcrumb\":{\"@id\":\"https:\\\/\\\/www.tourismthailand.ch\\\/fr\\\/experiences\\\/ile-plage-et-mer\\\/#breadcrumb\"},\"inLanguage\":\"fr-CH\",\"potentialAction\":[{\"@type\":\"ReadAction\",\"target\":[\"https:\\\/\\\/www.tourismthailand.ch\\\/fr\\\/experiences\\\/ile-plage-et-mer\\\/\"]}]},{\"@type\":\"ImageObject\",\"inLanguage\":\"fr-CH\",\"@id\":\"https:\\\/\\\/www.tourismthailand.ch\\\/fr\\\/experiences\\\/ile-plage-et-mer\\\/#primaryimage\",\"url\":\"https:\\\/\\\/www.tourismthailand.ch\\\/wp-content\\\/uploads\\\/2020\\\/10\\\/Khao-Lak_0010_Hintergrund.jpg\",\"contentUrl\":\"https:\\\/\\\/www.tourismthailand.ch\\\/wp-content\\\/uploads\\\/2020\\\/10\\\/Khao-Lak_0010_Hintergrund.jpg\",\"width\":1920,\"height\":833,\"caption\":\"Khao Lak strahlen weisser Strand\"},{\"@type\":\"BreadcrumbList\",\"@id\":\"https:\\\/\\\/www.tourismthailand.ch\\\/fr\\\/experiences\\\/ile-plage-et-mer\\\/#breadcrumb\",\"itemListElement\":[{\"@type\":\"ListItem\",\"position\":1,\"name\":\"Startseite\",\"item\":\"https:\\\/\\\/www.tourismthailand.ch\\\/fr\\\/\"},{\"@type\":\"ListItem\",\"position\":2,\"name\":\"Exp\u00e9riences\",\"item\":\"https:\\\/\\\/www.tourismthailand.ch\\\/fr\\\/experiences\\\/\"},{\"@type\":\"ListItem\",\"position\":3,\"name\":\"\u00cele, plage et mer\"}]},{\"@type\":\"WebSite\",\"@id\":\"https:\\\/\\\/www.tourismthailand.ch\\\/fr\\\/#website\",\"url\":\"https:\\\/\\\/www.tourismthailand.ch\\\/fr\\\/\",\"name\":\"Offizielle Seite Thail\u00e4ndisches Fremdenverkehrsamt\",\"description\":\"tourismthailand.ch\",\"potentialAction\":[{\"@type\":\"SearchAction\",\"target\":{\"@type\":\"EntryPoint\",\"urlTemplate\":\"https:\\\/\\\/www.tourismthailand.ch\\\/fr\\\/?s={search_term_string}\"},\"query-input\":{\"@type\":\"PropertyValueSpecification\",\"valueRequired\":true,\"valueName\":\"search_term_string\"}}],\"inLanguage\":\"fr-CH\"}]}<\/script>\n<!-- \/ Yoast SEO plugin. -->","yoast_head_json":{"title":"\u00cele, plage et mer - Offizielle Seite Thail\u00e4ndisches Fremdenverkehrsamt","robots":{"index":"index","follow":"follow","max-snippet":"max-snippet:-1","max-image-preview":"max-image-preview:large","max-video-preview":"max-video-preview:-1"},"canonical":"https:\/\/www.tourismthailand.ch\/fr\/experiences\/ile-plage-et-mer\/","og_locale":"fr_FR","og_type":"article","og_title":"\u00cele, plage et mer - Offizielle Seite Thail\u00e4ndisches Fremdenverkehrsamt","og_description":"[vc_row][vc_column][vc_column_text] En route vers le Sud [\/vc_column_text][vc_column_text]Vous cherchez les vacances parfaites incluant soleil, plage et mer? Dans ce cas, la Tha\u00eflande est la destination id\u00e9ale: eaux turquoises, plages de sable fin et temp\u00e9ratures chaudes toute l&#8217;ann\u00e9e. Vous souhaitez d\u00e9couvrir des baies isol\u00e9es et des \u00eeles paradisiaques, vous offrir le luxe et le bien-\u00eatre des h\u00f4tels haut de gamme ou encore d\u00e9couvrir la vie des autochtones des \u00eeles plus \u00e9loign\u00e9es? Chaque plage et \u00eele tha\u00eflandaise dispose de son propre caract\u00e8re et de sa propre identit\u00e9, et attire par cons\u00e9quent [&hellip;]","og_url":"https:\/\/www.tourismthailand.ch\/fr\/experiences\/ile-plage-et-mer\/","og_site_name":"Offizielle Seite Thail\u00e4ndisches Fremdenverkehrsamt","article_publisher":"https:\/\/www.facebook.com\/TATSwitzerland","article_modified_time":"2021-01-13T15:23:59+00:00","og_image":[{"width":1920,"height":833,"url":"https:\/\/www.tourismthailand.ch\/wp-content\/uploads\/2020\/10\/Khao-Lak_0010_Hintergrund.jpg","type":"image\/jpeg"}],"twitter_card":"summary_large_image","twitter_misc":{"Est. reading time":"6 minutes"},"schema":{"@context":"https:\/\/schema.org","@graph":[{"@type":"WebPage","@id":"https:\/\/www.tourismthailand.ch\/fr\/experiences\/ile-plage-et-mer\/","url":"https:\/\/www.tourismthailand.ch\/fr\/experiences\/ile-plage-et-mer\/","name":"\u00cele, plage et mer - Offizielle Seite Thail\u00e4ndisches Fremdenverkehrsamt","isPartOf":{"@id":"https:\/\/www.tourismthailand.ch\/fr\/#website"},"primaryImageOfPage":{"@id":"https:\/\/www.tourismthailand.ch\/fr\/experiences\/ile-plage-et-mer\/#primaryimage"},"image":{"@id":"https:\/\/www.tourismthailand.ch\/fr\/experiences\/ile-plage-et-mer\/#primaryimage"},"thumbnailUrl":"https:\/\/www.tourismthailand.ch\/wp-content\/uploads\/2020\/10\/Khao-Lak_0010_Hintergrund.jpg","datePublished":"2020-11-16T09:32:29+00:00","dateModified":"2021-01-13T15:23:59+00:00","breadcrumb":{"@id":"https:\/\/www.tourismthailand.ch\/fr\/experiences\/ile-plage-et-mer\/#breadcrumb"},"inLanguage":"fr-CH","potentialAction":[{"@type":"ReadAction","target":["https:\/\/www.tourismthailand.ch\/fr\/experiences\/ile-plage-et-mer\/"]}]},{"@type":"ImageObject","inLanguage":"fr-CH","@id":"https:\/\/www.tourismthailand.ch\/fr\/experiences\/ile-plage-et-mer\/#primaryimage","url":"https:\/\/www.tourismthailand.ch\/wp-content\/uploads\/2020\/10\/Khao-Lak_0010_Hintergrund.jpg","contentUrl":"https:\/\/www.tourismthailand.ch\/wp-content\/uploads\/2020\/10\/Khao-Lak_0010_Hintergrund.jpg","width":1920,"height":833,"caption":"Khao Lak strahlen weisser Strand"},{"@type":"BreadcrumbList","@id":"https:\/\/www.tourismthailand.ch\/fr\/experiences\/ile-plage-et-mer\/#breadcrumb","itemListElement":[{"@type":"ListItem","position":1,"name":"Startseite","item":"https:\/\/www.tourismthailand.ch\/fr\/"},{"@type":"ListItem","position":2,"name":"Exp\u00e9riences","item":"https:\/\/www.tourismthailand.ch\/fr\/experiences\/"},{"@type":"ListItem","position":3,"name":"\u00cele, plage et mer"}]},{"@type":"WebSite","@id":"https:\/\/www.tourismthailand.ch\/fr\/#website","url":"https:\/\/www.tourismthailand.ch\/fr\/","name":"Offizielle Seite Thail\u00e4ndisches Fremdenverkehrsamt","description":"tourismthailand.ch","potentialAction":[{"@type":"SearchAction","target":{"@type":"EntryPoint","urlTemplate":"https:\/\/www.tourismthailand.ch\/fr\/?s={search_term_string}"},"query-input":{"@type":"PropertyValueSpecification","valueRequired":true,"valueName":"search_term_string"}}],"inLanguage":"fr-CH"}]}},"_links":{"self":[{"href":"https:\/\/www.tourismthailand.ch\/fr\/wp-json\/wp\/v2\/pages\/4909","targetHints":{"allow":["GET"]}}],"collection":[{"href":"https:\/\/www.tourismthailand.ch\/fr\/wp-json\/wp\/v2\/pages"}],"about":[{"href":"https:\/\/www.tourismthailand.ch\/fr\/wp-json\/wp\/v2\/types\/page"}],"author":[{"embeddable":true,"href":"https:\/\/www.tourismthailand.ch\/fr\/wp-json\/wp\/v2\/users\/1"}],"replies":[{"embeddable":true,"href":"https:\/\/www.tourismthailand.ch\/fr\/wp-json\/wp\/v2\/comments?post=4909"}],"version-history":[{"count":2,"href":"https:\/\/www.tourismthailand.ch\/fr\/wp-json\/wp\/v2\/pages\/4909\/revisions"}],"predecessor-version":[{"id":5983,"href":"https:\/\/www.tourismthailand.ch\/fr\/wp-json\/wp\/v2\/pages\/4909\/revisions\/5983"}],"up":[{"embeddable":true,"href":"https:\/\/www.tourismthailand.ch\/fr\/wp-json\/wp\/v2\/pages\/4898"}],"wp:featuredmedia":[{"embeddable":true,"href":"https:\/\/www.tourismthailand.ch\/fr\/wp-json\/wp\/v2\/media\/4799"}],"wp:attachment":[{"href":"https:\/\/www.tourismthailand.ch\/fr\/wp-json\/wp\/v2\/media?parent=4909"}],"curies":[{"name":"wp","href":"https:\/\/api.w.org\/{rel}","templated":true}]}}