{"id":4889,"date":"2020-11-16T09:44:31","date_gmt":"2020-11-16T08:44:31","guid":{"rendered":"https:\/\/www.tourismthailand.ch\/informations-pour-le-voyage\/information-touristique\/"},"modified":"2020-12-07T12:24:33","modified_gmt":"2020-12-07T11:24:33","slug":"information-touristique","status":"publish","type":"page","link":"https:\/\/www.tourismthailand.ch\/fr\/informations-pour-le-voyage\/information-touristique\/","title":{"rendered":"Information touristique"},"content":{"rendered":"<div class=\"wpb-content-wrapper\"><p>[vc_row][vc_column][vc_column_text]<\/p>\n<h2>Tout ce qu&#8217;il faut savoir avant le voyage<\/h2>\n<p>[\/vc_column_text][vc_column_text]Sans les connaissances pr\u00e9alables appropri\u00e9es, beaucoup de faux pas attendent les visiteurs europ\u00e9ens en Tha\u00eflande, car les Tha\u00eflandais font preuve d&#8217;un soin tout particulier dans l&#8217;interaction sociale avec leurs semblables. Heureusement, les locaux sont tol\u00e9rants envers les \u00e9trangers et passent donc outre les erreurs involontaires avec un &#8220;Mai Pen Rai&#8221; (peu importe).[\/vc_column_text][vc_empty_space]<div class=\"mkdf-image-gallery  mkdf-ig-grid-type mkdf-normal-space  mkdf-image-behavior-lightbox\">\n\t<div class=\"mkdf-ig-inner mkdf-outer-space mkdf-ig-grid mkdf-ig-four-columns\">\n\t\t\t\t\t<div class=\"mkdf-ig-image mkdf-item-space\">\n\t\t\t\t<div class=\"mkdf-ig-image-inner\">\n\t\t\t\t\t\t\t\t\t\t\t<a itemprop=\"image\" class=\"mkdf-ig-lightbox\" href=\"https:\/\/www.tourismthailand.ch\/wp-content\/uploads\/2018\/03\/5.5_0000_touristinfo2.jpg\" data-rel=\"prettyPhoto[image_gallery_pretty_photo-448]\" title=\"5.5_0000_touristinfo2\">\n\t\t\t\t\t\t\t\t\t\t\t<img loading=\"lazy\" decoding=\"async\" src=\"https:\/\/www.tourismthailand.ch\/wp-content\/uploads\/2018\/03\/5.5_0000_touristinfo2-310x310.jpg\" alt=\"\" width=\"310\" height=\"310\" \/>\t\t\t\t\t\t\t\t\t\t\t<\/a>\n\t\t\t\t\t\t\t\t\t<\/div>\n\t\t\t<\/div>\n\t\t\t\t\t<div class=\"mkdf-ig-image mkdf-item-space\">\n\t\t\t\t<div class=\"mkdf-ig-image-inner\">\n\t\t\t\t\t\t\t\t\t\t\t<a itemprop=\"image\" class=\"mkdf-ig-lightbox\" href=\"https:\/\/www.tourismthailand.ch\/wp-content\/uploads\/2018\/03\/5.5_0002_touristinfo.jpg\" data-rel=\"prettyPhoto[image_gallery_pretty_photo-448]\" title=\"5.5_0002_touristinfo\">\n\t\t\t\t\t\t\t\t\t\t\t<img loading=\"lazy\" decoding=\"async\" src=\"https:\/\/www.tourismthailand.ch\/wp-content\/uploads\/2018\/03\/5.5_0002_touristinfo-310x310.jpg\" alt=\"\" width=\"310\" height=\"310\" \/>\t\t\t\t\t\t\t\t\t\t\t<\/a>\n\t\t\t\t\t\t\t\t\t<\/div>\n\t\t\t<\/div>\n\t\t\t\t\t<div class=\"mkdf-ig-image mkdf-item-space\">\n\t\t\t\t<div class=\"mkdf-ig-image-inner\">\n\t\t\t\t\t\t\t\t\t\t\t<a itemprop=\"image\" class=\"mkdf-ig-lightbox\" href=\"https:\/\/www.tourismthailand.ch\/wp-content\/uploads\/2018\/03\/5.5_0001_touristinfo1.jpg\" data-rel=\"prettyPhoto[image_gallery_pretty_photo-448]\" title=\"5.5_0001_touristinfo1\">\n\t\t\t\t\t\t\t\t\t\t\t<img loading=\"lazy\" decoding=\"async\" src=\"https:\/\/www.tourismthailand.ch\/wp-content\/uploads\/2018\/03\/5.5_0001_touristinfo1-310x310.jpg\" alt=\"\" width=\"310\" height=\"310\" \/>\t\t\t\t\t\t\t\t\t\t\t<\/a>\n\t\t\t\t\t\t\t\t\t<\/div>\n\t\t\t<\/div>\n\t\t\t\t\t<div class=\"mkdf-ig-image mkdf-item-space\">\n\t\t\t\t<div class=\"mkdf-ig-image-inner\">\n\t\t\t\t\t\t\t\t\t\t\t<a itemprop=\"image\" class=\"mkdf-ig-lightbox\" href=\"https:\/\/www.tourismthailand.ch\/wp-content\/uploads\/2018\/03\/5.5_0000_touristinfo3-scaled.jpg\" data-rel=\"prettyPhoto[image_gallery_pretty_photo-448]\" title=\"5.5_0000_touristinfo3\">\n\t\t\t\t\t\t\t\t\t\t\t<img loading=\"lazy\" decoding=\"async\" src=\"https:\/\/www.tourismthailand.ch\/wp-content\/uploads\/2018\/03\/5.5_0000_touristinfo3-scaled-310x310.jpg\" alt=\"\" width=\"310\" height=\"310\" \/>\t\t\t\t\t\t\t\t\t\t\t<\/a>\n\t\t\t\t\t\t\t\t\t<\/div>\n\t\t\t<\/div>\n\t\t\t<\/div>\n<\/div>[vc_column_text]<\/p>\n<h3>R\u00e8gles de conduite<\/h3>\n<p>Pri\u00e8re de prendre en compte les points suivants :<\/p>\n<ul>\n<li>La famille royale est taboue vis-\u00e0-vis de toute critique et il ne faut en aucun cas pi\u00e9tiner le portrait du roi, par exemple sur les pi\u00e8ces de monnaie ou les billets de banque, ni le traiter avec condescendance.<\/li>\n<li>Avant d&#8217;entrer dans un lieu de culte ou un domicile priv\u00e9, enlever ses chaussures. Lors de la visite de sites religieux, il convient d&#8217;apporter le m\u00eame soin \u00e0 l&#8217;habillement et au comportement que dans d&#8217;autres pays : Les jambes et les \u00e9paules doivent toujours \u00eatre couvertes.<\/li>\n<li>Les moines bouddhistes, les statues de Bouddha et autres symboles religieux doivent \u00eatre trait\u00e9s avec le respect qui leur est d\u00fb. Par exemple, il est imp\u00e9ratif d&#8217;\u00e9viter d&#8217;escalader une statue de Bouddha pour une photographie ou toute autre chose du m\u00eame ordre.<\/li>\n<li>Les s\u00e9ances de bronzages &#8220;topless&#8221; ou m\u00eame les bains nudistes suscitent un sentiment de honte chez les Tha\u00eflandais et sont interdits dans tout le pays.<\/li>\n<\/ul>\n<p>[\/vc_column_text][vc_empty_space][vc_column_text]<\/p>\n<h3>Bonnes mani\u00e8res<\/h3>\n<p>Partout o\u00f9 l&#8217;on rencontre des gens en Tha\u00eflande, on les voit sourire. La s\u00e9r\u00e9nit\u00e9 amicale des Tha\u00eflandais ne se perd pas m\u00eame dans les situations extr\u00eames, tout comme l&#8217;impatience leur est \u00e9trang\u00e8re. Les petits al\u00e9as de la vie quotidienne, tels qu\u2019une longue file d&#8217;attente au guichet, ne sont pas une raison suffisante pour s\u2019\u00e9nerver. En effet, selon la philosophie tha\u00eflandaise de la vie, rien n&#8217;est assez dramatique pour g\u00e2cher la bonne humeur ou le plaisir de vivre. Cette attitude pr\u00e9domine dans la vie quotidienne des Tha\u00eflandais, de sorte qu&#8217;en tant que visiteur du pays, il faut simplement s&#8217;adapter et en ramener un peu chez soi.<\/p>\n<p>Le contact entre les Tha\u00eflandais est toujours tr\u00e8s respectueux et calme. En tant que visiteur, il est important de s&#8217;adapter \u00e0 ces coutumes et de ne pas attirer l&#8217;attention par un ton fort ou d\u00e9sagr\u00e9able envers les habitants. Quiconque devient bruyant, semble trop excit\u00e9 ou m\u00eame &#8220;explose de col\u00e8re&#8221; lorsque des probl\u00e8mes surviennent ne fait que contribuer \u00e0 ne pas \u00eatre pris au s\u00e9rieux.<\/p>\n<p>La salutation traditionnelle en Tha\u00eflande est le Wai. Les mains sont repli\u00e9es \u00e0 plat entre la poitrine et le visage comme dans une pri\u00e8re, la t\u00eate est l\u00e9g\u00e8rement baiss\u00e9e vers l&#8217;avant et un sourire amical est visible sur le visage. Cette salutation renferme cependant beaucoup plus d&#8217;informations sur les personnes qui se saluent que ce que l&#8217;on pourrait croire \u00e0 premi\u00e8re vue : En fonction de la position sociale ou de l&#8217;\u00e2ge de la personne en face, la posture des mains et la flexion de la t\u00eate sont adapt\u00e9es. Pour les voyageurs, il est certainement plus simple de r\u00e9pondre \u00e0 un Wai par un sourire amical et un bref hochement de t\u00eate.<\/p>\n<p>Il faut \u00e9viter de toucher une personne tha\u00eflandaise sur la t\u00eate, car celle-ci est consid\u00e9r\u00e9e comme le si\u00e8ge de la dignit\u00e9 spirituelle et humaine. Elle est le si\u00e8ge de l&#8217;\u00e2me et donc la partie la plus sainte du corps. M\u00eame une caresse affectueuse au-dessus de la t\u00eate d&#8217;un enfant a souvent un effet n\u00e9gatif. En outre, il ne faut jamais &#8220;regarder de haut&#8221; la t\u00eate d&#8217;une autre personne, ce que les Europ\u00e9ens de grande taille ne peuvent pas toujours \u00e9viter. Le pied, en revanche, est sale, indigne et donc insultant ! Il ne faut jamais pointer son pied pour d\u00e9signer quelqu&#8217;un ou quelque chose, ni marcher sur quelqu&#8217;un avec le pied.<\/p>\n<p>Des t\u00e9moignages de tendresse entre l&#8217;homme et la femme en pr\u00e9sence de tierces personnes ne sont pas chose courante en Tha\u00eflande. M\u00eame chez les jeunes couples amoureux, il n&#8217;est pas habituel de les voir se tenir la main, s&#8217;embrasser ou se c\u00e2liner en public.<\/p>\n<p>Les factures des h\u00f4tels et des restaurants comprennent g\u00e9n\u00e9ralement 10 \u00e0 15 % de taxes et de services. Il est n\u00e9anmoins assez courant de laisser de plus amples pourboires \u00e0 sa propre guise, en particulier si le service fourni est satisfaisant. Il faut cependant \u00e9viter de donner de petites quantit\u00e9s de moins de 10 THB comme pourboire. Les chauffeurs de taxi n&#8217;ont pas forc\u00e9ment l&#8217;habitude de recevoir des pourboires. Cependant, si un chauffeur de taxi s&#8217;est montr\u00e9 particuli\u00e8rement aimable ou serviable, un pourboire est \u00e9galement appropri\u00e9 dans ce cas-l\u00e0.[\/vc_column_text][vc_empty_space height=&#8221;108px&#8221;][\/vc_column][\/vc_row]<\/p>\n<\/div>","protected":false},"excerpt":{"rendered":"<p>[vc_row][vc_column][vc_column_text] Tout ce qu&#8217;il faut savoir avant le voyage [\/vc_column_text][vc_column_text]Sans les connaissances pr\u00e9alables appropri\u00e9es, beaucoup de faux pas attendent les visiteurs europ\u00e9ens en Tha\u00eflande, car les Tha\u00eflandais font preuve d&#8217;un soin tout particulier dans l&#8217;interaction sociale avec leurs semblables. Heureusement, les locaux sont tol\u00e9rants envers les \u00e9trangers et passent donc outre les erreurs involontaires avec un &#8220;Mai Pen Rai&#8221; (peu importe).[\/vc_column_text][vc_empty_space][vc_column_text] R\u00e8gles de conduite Pri\u00e8re de prendre en compte les points suivants : La famille royale est taboue vis-\u00e0-vis de toute critique et il ne faut en aucun [&hellip;]<\/p>\n","protected":false},"author":1,"featured_media":4761,"parent":4861,"menu_order":0,"comment_status":"closed","ping_status":"closed","template":"","meta":{"footnotes":""},"class_list":["post-4889","page","type-page","status-publish","has-post-thumbnail","hentry"],"yoast_head":"<!-- This site is optimized with the Yoast SEO plugin v27.4 - https:\/\/yoast.com\/product\/yoast-seo-wordpress\/ -->\n<title>Information touristique - Offizielle Seite Thail\u00e4ndisches Fremdenverkehrsamt<\/title>\n<meta name=\"description\" content=\"Sans les connaissances pr\u00e9alables appropri\u00e9es, beaucoup de faux pas attendent les visiteurs europ\u00e9ens en Tha\u00eflande, car les Tha\u00eflandais font preuve d\u2019un soin tout particulier dans l\u2019interaction sociale avec leurs semblables.\" \/>\n<meta name=\"robots\" content=\"index, follow, max-snippet:-1, max-image-preview:large, max-video-preview:-1\" \/>\n<link rel=\"canonical\" href=\"https:\/\/www.tourismthailand.ch\/fr\/informations-pour-le-voyage\/information-touristique\/\" \/>\n<meta property=\"og:locale\" content=\"fr_FR\" \/>\n<meta property=\"og:type\" content=\"article\" \/>\n<meta property=\"og:title\" content=\"Information touristique - Offizielle Seite Thail\u00e4ndisches Fremdenverkehrsamt\" \/>\n<meta property=\"og:description\" content=\"Sans les connaissances pr\u00e9alables appropri\u00e9es, beaucoup de faux pas attendent les visiteurs europ\u00e9ens en Tha\u00eflande, car les Tha\u00eflandais font preuve d\u2019un soin tout particulier dans l\u2019interaction sociale avec leurs semblables.\" \/>\n<meta property=\"og:url\" content=\"https:\/\/www.tourismthailand.ch\/fr\/informations-pour-le-voyage\/information-touristique\/\" \/>\n<meta property=\"og:site_name\" content=\"Offizielle Seite Thail\u00e4ndisches Fremdenverkehrsamt\" \/>\n<meta property=\"article:publisher\" content=\"https:\/\/www.facebook.com\/TATSwitzerland\" \/>\n<meta property=\"article:modified_time\" content=\"2020-12-07T11:24:33+00:00\" \/>\n<meta property=\"og:image\" content=\"https:\/\/www.tourismthailand.ch\/wp-content\/uploads\/2018\/03\/5.5_0004_Hintergrund.jpg\" \/>\n\t<meta property=\"og:image:width\" content=\"1920\" \/>\n\t<meta property=\"og:image:height\" content=\"1080\" \/>\n\t<meta property=\"og:image:type\" content=\"image\/jpeg\" \/>\n<meta name=\"twitter:card\" content=\"summary_large_image\" \/>\n<meta name=\"twitter:label1\" content=\"Est. reading time\" \/>\n\t<meta name=\"twitter:data1\" content=\"4 minutes\" \/>\n<script type=\"application\/ld+json\" class=\"yoast-schema-graph\">{\"@context\":\"https:\\\/\\\/schema.org\",\"@graph\":[{\"@type\":\"WebPage\",\"@id\":\"https:\\\/\\\/www.tourismthailand.ch\\\/fr\\\/informations-pour-le-voyage\\\/information-touristique\\\/\",\"url\":\"https:\\\/\\\/www.tourismthailand.ch\\\/fr\\\/informations-pour-le-voyage\\\/information-touristique\\\/\",\"name\":\"Information touristique - Offizielle Seite Thail\u00e4ndisches Fremdenverkehrsamt\",\"isPartOf\":{\"@id\":\"https:\\\/\\\/www.tourismthailand.ch\\\/fr\\\/#website\"},\"primaryImageOfPage\":{\"@id\":\"https:\\\/\\\/www.tourismthailand.ch\\\/fr\\\/informations-pour-le-voyage\\\/information-touristique\\\/#primaryimage\"},\"image\":{\"@id\":\"https:\\\/\\\/www.tourismthailand.ch\\\/fr\\\/informations-pour-le-voyage\\\/information-touristique\\\/#primaryimage\"},\"thumbnailUrl\":\"https:\\\/\\\/www.tourismthailand.ch\\\/wp-content\\\/uploads\\\/2018\\\/03\\\/5.5_0004_Hintergrund.jpg\",\"datePublished\":\"2020-11-16T08:44:31+00:00\",\"dateModified\":\"2020-12-07T11:24:33+00:00\",\"description\":\"Sans les connaissances pr\u00e9alables appropri\u00e9es, beaucoup de faux pas attendent les visiteurs europ\u00e9ens en Tha\u00eflande, car les Tha\u00eflandais font preuve d\u2019un soin tout particulier dans l\u2019interaction sociale avec leurs semblables.\",\"breadcrumb\":{\"@id\":\"https:\\\/\\\/www.tourismthailand.ch\\\/fr\\\/informations-pour-le-voyage\\\/information-touristique\\\/#breadcrumb\"},\"inLanguage\":\"fr-CH\",\"potentialAction\":[{\"@type\":\"ReadAction\",\"target\":[\"https:\\\/\\\/www.tourismthailand.ch\\\/fr\\\/informations-pour-le-voyage\\\/information-touristique\\\/\"]}]},{\"@type\":\"ImageObject\",\"inLanguage\":\"fr-CH\",\"@id\":\"https:\\\/\\\/www.tourismthailand.ch\\\/fr\\\/informations-pour-le-voyage\\\/information-touristique\\\/#primaryimage\",\"url\":\"https:\\\/\\\/www.tourismthailand.ch\\\/wp-content\\\/uploads\\\/2018\\\/03\\\/5.5_0004_Hintergrund.jpg\",\"contentUrl\":\"https:\\\/\\\/www.tourismthailand.ch\\\/wp-content\\\/uploads\\\/2018\\\/03\\\/5.5_0004_Hintergrund.jpg\",\"width\":1920,\"height\":1080},{\"@type\":\"BreadcrumbList\",\"@id\":\"https:\\\/\\\/www.tourismthailand.ch\\\/fr\\\/informations-pour-le-voyage\\\/information-touristique\\\/#breadcrumb\",\"itemListElement\":[{\"@type\":\"ListItem\",\"position\":1,\"name\":\"Startseite\",\"item\":\"https:\\\/\\\/www.tourismthailand.ch\\\/fr\\\/\"},{\"@type\":\"ListItem\",\"position\":2,\"name\":\"Informations pour le voyage\",\"item\":\"https:\\\/\\\/www.tourismthailand.ch\\\/fr\\\/informations-pour-le-voyage\\\/\"},{\"@type\":\"ListItem\",\"position\":3,\"name\":\"Information touristique\"}]},{\"@type\":\"WebSite\",\"@id\":\"https:\\\/\\\/www.tourismthailand.ch\\\/fr\\\/#website\",\"url\":\"https:\\\/\\\/www.tourismthailand.ch\\\/fr\\\/\",\"name\":\"Offizielle Seite Thail\u00e4ndisches Fremdenverkehrsamt\",\"description\":\"tourismthailand.ch\",\"potentialAction\":[{\"@type\":\"SearchAction\",\"target\":{\"@type\":\"EntryPoint\",\"urlTemplate\":\"https:\\\/\\\/www.tourismthailand.ch\\\/fr\\\/?s={search_term_string}\"},\"query-input\":{\"@type\":\"PropertyValueSpecification\",\"valueRequired\":true,\"valueName\":\"search_term_string\"}}],\"inLanguage\":\"fr-CH\"}]}<\/script>\n<!-- \/ Yoast SEO plugin. -->","yoast_head_json":{"title":"Information touristique - Offizielle Seite Thail\u00e4ndisches Fremdenverkehrsamt","description":"Sans les connaissances pr\u00e9alables appropri\u00e9es, beaucoup de faux pas attendent les visiteurs europ\u00e9ens en Tha\u00eflande, car les Tha\u00eflandais font preuve d\u2019un soin tout particulier dans l\u2019interaction sociale avec leurs semblables.","robots":{"index":"index","follow":"follow","max-snippet":"max-snippet:-1","max-image-preview":"max-image-preview:large","max-video-preview":"max-video-preview:-1"},"canonical":"https:\/\/www.tourismthailand.ch\/fr\/informations-pour-le-voyage\/information-touristique\/","og_locale":"fr_FR","og_type":"article","og_title":"Information touristique - Offizielle Seite Thail\u00e4ndisches Fremdenverkehrsamt","og_description":"Sans les connaissances pr\u00e9alables appropri\u00e9es, beaucoup de faux pas attendent les visiteurs europ\u00e9ens en Tha\u00eflande, car les Tha\u00eflandais font preuve d\u2019un soin tout particulier dans l\u2019interaction sociale avec leurs semblables.","og_url":"https:\/\/www.tourismthailand.ch\/fr\/informations-pour-le-voyage\/information-touristique\/","og_site_name":"Offizielle Seite Thail\u00e4ndisches Fremdenverkehrsamt","article_publisher":"https:\/\/www.facebook.com\/TATSwitzerland","article_modified_time":"2020-12-07T11:24:33+00:00","og_image":[{"width":1920,"height":1080,"url":"https:\/\/www.tourismthailand.ch\/wp-content\/uploads\/2018\/03\/5.5_0004_Hintergrund.jpg","type":"image\/jpeg"}],"twitter_card":"summary_large_image","twitter_misc":{"Est. reading time":"4 minutes"},"schema":{"@context":"https:\/\/schema.org","@graph":[{"@type":"WebPage","@id":"https:\/\/www.tourismthailand.ch\/fr\/informations-pour-le-voyage\/information-touristique\/","url":"https:\/\/www.tourismthailand.ch\/fr\/informations-pour-le-voyage\/information-touristique\/","name":"Information touristique - Offizielle Seite Thail\u00e4ndisches Fremdenverkehrsamt","isPartOf":{"@id":"https:\/\/www.tourismthailand.ch\/fr\/#website"},"primaryImageOfPage":{"@id":"https:\/\/www.tourismthailand.ch\/fr\/informations-pour-le-voyage\/information-touristique\/#primaryimage"},"image":{"@id":"https:\/\/www.tourismthailand.ch\/fr\/informations-pour-le-voyage\/information-touristique\/#primaryimage"},"thumbnailUrl":"https:\/\/www.tourismthailand.ch\/wp-content\/uploads\/2018\/03\/5.5_0004_Hintergrund.jpg","datePublished":"2020-11-16T08:44:31+00:00","dateModified":"2020-12-07T11:24:33+00:00","description":"Sans les connaissances pr\u00e9alables appropri\u00e9es, beaucoup de faux pas attendent les visiteurs europ\u00e9ens en Tha\u00eflande, car les Tha\u00eflandais font preuve d\u2019un soin tout particulier dans l\u2019interaction sociale avec leurs semblables.","breadcrumb":{"@id":"https:\/\/www.tourismthailand.ch\/fr\/informations-pour-le-voyage\/information-touristique\/#breadcrumb"},"inLanguage":"fr-CH","potentialAction":[{"@type":"ReadAction","target":["https:\/\/www.tourismthailand.ch\/fr\/informations-pour-le-voyage\/information-touristique\/"]}]},{"@type":"ImageObject","inLanguage":"fr-CH","@id":"https:\/\/www.tourismthailand.ch\/fr\/informations-pour-le-voyage\/information-touristique\/#primaryimage","url":"https:\/\/www.tourismthailand.ch\/wp-content\/uploads\/2018\/03\/5.5_0004_Hintergrund.jpg","contentUrl":"https:\/\/www.tourismthailand.ch\/wp-content\/uploads\/2018\/03\/5.5_0004_Hintergrund.jpg","width":1920,"height":1080},{"@type":"BreadcrumbList","@id":"https:\/\/www.tourismthailand.ch\/fr\/informations-pour-le-voyage\/information-touristique\/#breadcrumb","itemListElement":[{"@type":"ListItem","position":1,"name":"Startseite","item":"https:\/\/www.tourismthailand.ch\/fr\/"},{"@type":"ListItem","position":2,"name":"Informations pour le voyage","item":"https:\/\/www.tourismthailand.ch\/fr\/informations-pour-le-voyage\/"},{"@type":"ListItem","position":3,"name":"Information touristique"}]},{"@type":"WebSite","@id":"https:\/\/www.tourismthailand.ch\/fr\/#website","url":"https:\/\/www.tourismthailand.ch\/fr\/","name":"Offizielle Seite Thail\u00e4ndisches Fremdenverkehrsamt","description":"tourismthailand.ch","potentialAction":[{"@type":"SearchAction","target":{"@type":"EntryPoint","urlTemplate":"https:\/\/www.tourismthailand.ch\/fr\/?s={search_term_string}"},"query-input":{"@type":"PropertyValueSpecification","valueRequired":true,"valueName":"search_term_string"}}],"inLanguage":"fr-CH"}]}},"_links":{"self":[{"href":"https:\/\/www.tourismthailand.ch\/fr\/wp-json\/wp\/v2\/pages\/4889","targetHints":{"allow":["GET"]}}],"collection":[{"href":"https:\/\/www.tourismthailand.ch\/fr\/wp-json\/wp\/v2\/pages"}],"about":[{"href":"https:\/\/www.tourismthailand.ch\/fr\/wp-json\/wp\/v2\/types\/page"}],"author":[{"embeddable":true,"href":"https:\/\/www.tourismthailand.ch\/fr\/wp-json\/wp\/v2\/users\/1"}],"replies":[{"embeddable":true,"href":"https:\/\/www.tourismthailand.ch\/fr\/wp-json\/wp\/v2\/comments?post=4889"}],"version-history":[{"count":0,"href":"https:\/\/www.tourismthailand.ch\/fr\/wp-json\/wp\/v2\/pages\/4889\/revisions"}],"up":[{"embeddable":true,"href":"https:\/\/www.tourismthailand.ch\/fr\/wp-json\/wp\/v2\/pages\/4861"}],"wp:featuredmedia":[{"embeddable":true,"href":"https:\/\/www.tourismthailand.ch\/fr\/wp-json\/wp\/v2\/media\/4761"}],"wp:attachment":[{"href":"https:\/\/www.tourismthailand.ch\/fr\/wp-json\/wp\/v2\/media?parent=4889"}],"curies":[{"name":"wp","href":"https:\/\/api.w.org\/{rel}","templated":true}]}}