{"id":4861,"date":"2020-11-13T17:08:02","date_gmt":"2020-11-13T16:08:02","guid":{"rendered":"https:\/\/www.tourismthailand.ch\/informations-pour-le-voyage\/"},"modified":"2020-12-07T11:16:03","modified_gmt":"2020-12-07T10:16:03","slug":"informations-pour-le-voyage","status":"publish","type":"page","link":"https:\/\/www.tourismthailand.ch\/fr\/informations-pour-le-voyage\/","title":{"rendered":"Informations pour le voyage"},"content":{"rendered":"<div class=\"wpb-content-wrapper\"><p>[vc_row gap=&#8221;20&#8243; content_placement=&#8221;middle&#8221; row_content_width=&#8221;grid&#8221;][vc_column width=&#8221;1\/2&#8243;][vc_row_inner][vc_column_inner width=&#8221;1\/4&#8243;][vc_single_image image=&#8221;3985&#8243;][\/vc_column_inner][vc_column_inner width=&#8221;3\/4&#8243;][vc_column_text]<\/p>\n<h3 class=\"mkdf-iwt-title\">Planification du voyage<\/h3>\n<p>[\/vc_column_text][vc_empty_space height=&#8221;16px&#8221;]<a itemprop=\"url\" href=\"\/fr\/informations-pour-le-voyage\/planification-du-voyage\/\" target=\"_self\"  class=\"mkdf-btn mkdf-btn-medium mkdf-btn-solid\"  >\n    <span class=\"mkdf-btn-text\">En savoir plus<\/span>\n    <\/a>[vc_empty_space height=&#8221;16px&#8221;][\/vc_column_inner][\/vc_row_inner][\/vc_column][vc_column width=&#8221;1\/2&#8243;][vc_row_inner][vc_column_inner width=&#8221;1\/4&#8243;][vc_single_image image=&#8221;3987&#8243;][\/vc_column_inner][vc_column_inner width=&#8221;3\/4&#8243;][vc_column_text]<\/p>\n<h3><a><\/a>Dur\u00e9e du voyage et informations sur le climat<\/h3>\n<p>[\/vc_column_text][vc_empty_space height=&#8221;16px&#8221;]<a itemprop=\"url\" href=\"\/fr\/informations-pour-le-voyage\/duree-du-voyage-et-informations-sur-le-climat\/\" target=\"_self\"  class=\"mkdf-btn mkdf-btn-medium mkdf-btn-solid\"  >\n    <span class=\"mkdf-btn-text\">En savoir plus<\/span>\n    <\/a>[vc_empty_space height=&#8221;16px&#8221;][\/vc_column_inner][\/vc_row_inner][\/vc_column][\/vc_row][vc_row gap=&#8221;20&#8243; content_placement=&#8221;middle&#8221; row_content_width=&#8221;grid&#8221;][vc_column width=&#8221;1\/2&#8243;][vc_row_inner][vc_column_inner width=&#8221;1\/4&#8243;][vc_single_image image=&#8221;3999&#8243;][\/vc_column_inner][vc_column_inner width=&#8221;3\/4&#8243;][vc_column_text]<\/p>\n<h3 class=\"mkdf-iwt-title\">Transport<\/h3>\n<p>[\/vc_column_text][vc_empty_space height=&#8221;16px&#8221;]<a itemprop=\"url\" href=\"\/fr\/informations-pour-le-voyage\/transport\/\" target=\"_self\"  class=\"mkdf-btn mkdf-btn-medium mkdf-btn-solid\"  >\n    <span class=\"mkdf-btn-text\">En savoir plus<\/span>\n    <\/a>[vc_empty_space height=&#8221;16px&#8221;][\/vc_column_inner][\/vc_row_inner][\/vc_column][vc_column width=&#8221;1\/2&#8243;][vc_row_inner][vc_column_inner width=&#8221;1\/4&#8243;][vc_single_image image=&#8221;3993&#8243;][\/vc_column_inner][vc_column_inner width=&#8221;3\/4&#8243;][vc_column_text]<\/p>\n<h3 class=\"mkdf-iwt-title\">La langue<\/h3>\n<p>[\/vc_column_text][vc_empty_space height=&#8221;16px&#8221;]<a itemprop=\"url\" href=\"\/fr\/informations-pour-le-voyage\/la-langue\/\" target=\"_self\"  class=\"mkdf-btn mkdf-btn-medium mkdf-btn-solid\"  >\n    <span class=\"mkdf-btn-text\">En savoir plus<\/span>\n    <\/a>[vc_empty_space height=&#8221;16px&#8221;][\/vc_column_inner][\/vc_row_inner][\/vc_column][\/vc_row][vc_row gap=&#8221;20&#8243; content_placement=&#8221;middle&#8221; row_content_width=&#8221;grid&#8221;][vc_column width=&#8221;1\/2&#8243;][vc_row_inner][vc_column_inner width=&#8221;1\/4&#8243;][vc_single_image image=&#8221;3997&#8243;][\/vc_column_inner][vc_column_inner width=&#8221;3\/4&#8243;][vc_column_text]<\/p>\n<h3 class=\"mkdf-iwt-title\">Information touristique<\/h3>\n<p>[\/vc_column_text][vc_empty_space height=&#8221;16px&#8221;]<a itemprop=\"url\" href=\"\/fr\/informations-pour-le-voyage\/information-touristique\/\" target=\"_self\"  class=\"mkdf-btn mkdf-btn-medium mkdf-btn-solid\"  >\n    <span class=\"mkdf-btn-text\">En savoir plus<\/span>\n    <\/a>[vc_empty_space height=&#8221;16px&#8221;][\/vc_column_inner][\/vc_row_inner][\/vc_column][vc_column width=&#8221;1\/2&#8243;][vc_row_inner][vc_column_inner width=&#8221;1\/4&#8243;][vc_single_image image=&#8221;3959&#8243;][\/vc_column_inner][vc_column_inner width=&#8221;3\/4&#8243;][vc_column_text]<\/p>\n<h3 class=\"mkdf-iwt-title\">Brochures et guides de voyage<\/h3>\n<p>[\/vc_column_text][vc_empty_space height=&#8221;16px&#8221;]<a itemprop=\"url\" href=\"\/fr\/informations-pour-le-voyage\/brochures-et-guides-de-voyage\/\" target=\"_self\"  class=\"mkdf-btn mkdf-btn-medium mkdf-btn-solid\"  >\n    <span class=\"mkdf-btn-text\">En savoir plus<\/span>\n    <\/a>[vc_empty_space height=&#8221;16px&#8221;][\/vc_column_inner][\/vc_row_inner][\/vc_column][\/vc_row][vc_row][vc_column][vc_empty_space height=&#8221;108px&#8221;][\/vc_column][\/vc_row]<\/p>\n<\/div>","protected":false},"excerpt":{"rendered":"<p>[vc_row gap=&#8221;20&#8243; content_placement=&#8221;middle&#8221; row_content_width=&#8221;grid&#8221;][vc_column width=&#8221;1\/2&#8243;][vc_row_inner][vc_column_inner width=&#8221;1\/4&#8243;][vc_single_image image=&#8221;3985&#8243;][\/vc_column_inner][vc_column_inner width=&#8221;3\/4&#8243;][vc_column_text] Planification du voyage [\/vc_column_text][vc_empty_space height=&#8221;16px&#8221;][vc_empty_space height=&#8221;16px&#8221;][\/vc_column_inner][\/vc_row_inner][\/vc_column][vc_column width=&#8221;1\/2&#8243;][vc_row_inner][vc_column_inner width=&#8221;1\/4&#8243;][vc_single_image image=&#8221;3987&#8243;][\/vc_column_inner][vc_column_inner width=&#8221;3\/4&#8243;][vc_column_text] Dur\u00e9e du voyage et informations sur le climat [\/vc_column_text][vc_empty_space height=&#8221;16px&#8221;][vc_empty_space height=&#8221;16px&#8221;][\/vc_column_inner][\/vc_row_inner][\/vc_column][\/vc_row][vc_row gap=&#8221;20&#8243; content_placement=&#8221;middle&#8221; row_content_width=&#8221;grid&#8221;][vc_column width=&#8221;1\/2&#8243;][vc_row_inner][vc_column_inner width=&#8221;1\/4&#8243;][vc_single_image image=&#8221;3999&#8243;][\/vc_column_inner][vc_column_inner width=&#8221;3\/4&#8243;][vc_column_text] Transport [\/vc_column_text][vc_empty_space height=&#8221;16px&#8221;][vc_empty_space height=&#8221;16px&#8221;][\/vc_column_inner][\/vc_row_inner][\/vc_column][vc_column width=&#8221;1\/2&#8243;][vc_row_inner][vc_column_inner width=&#8221;1\/4&#8243;][vc_single_image image=&#8221;3993&#8243;][\/vc_column_inner][vc_column_inner width=&#8221;3\/4&#8243;][vc_column_text] La langue [\/vc_column_text][vc_empty_space height=&#8221;16px&#8221;][vc_empty_space height=&#8221;16px&#8221;][\/vc_column_inner][\/vc_row_inner][\/vc_column][\/vc_row][vc_row gap=&#8221;20&#8243; content_placement=&#8221;middle&#8221; row_content_width=&#8221;grid&#8221;][vc_column width=&#8221;1\/2&#8243;][vc_row_inner][vc_column_inner width=&#8221;1\/4&#8243;][vc_single_image image=&#8221;3997&#8243;][\/vc_column_inner][vc_column_inner width=&#8221;3\/4&#8243;][vc_column_text] Information touristique [\/vc_column_text][vc_empty_space height=&#8221;16px&#8221;][vc_empty_space height=&#8221;16px&#8221;][\/vc_column_inner][\/vc_row_inner][\/vc_column][vc_column width=&#8221;1\/2&#8243;][vc_row_inner][vc_column_inner width=&#8221;1\/4&#8243;][vc_single_image image=&#8221;3959&#8243;][\/vc_column_inner][vc_column_inner width=&#8221;3\/4&#8243;][vc_column_text] Brochures et guides de voyage [\/vc_column_text][vc_empty_space height=&#8221;16px&#8221;][vc_empty_space height=&#8221;16px&#8221;][\/vc_column_inner][\/vc_row_inner][\/vc_column][\/vc_row][vc_row][vc_column][vc_empty_space height=&#8221;108px&#8221;][\/vc_column][\/vc_row]<\/p>\n","protected":false},"author":1,"featured_media":4769,"parent":0,"menu_order":0,"comment_status":"closed","ping_status":"closed","template":"full-width.php","meta":{"footnotes":""},"class_list":["post-4861","page","type-page","status-publish","has-post-thumbnail","hentry"],"yoast_head":"<!-- This site is optimized with the Yoast SEO plugin v27.4 - https:\/\/yoast.com\/product\/yoast-seo-wordpress\/ -->\n<title>Informations pour le voyage - Office National du tourisme Thailandais<\/title>\n<meta name=\"description\" content=\"Tout ce que vous devez savoir pour un s\u00e9jour en Tha\u00eflande. Planification du voyage | Dur\u00e9e du voyage et informations sur le climat | Transport | La Langue | Information touristique | Brochures et guides de voyage\" \/>\n<meta name=\"robots\" content=\"index, follow, max-snippet:-1, max-image-preview:large, max-video-preview:-1\" \/>\n<link rel=\"canonical\" href=\"https:\/\/www.tourismthailand.ch\/fr\/informations-pour-le-voyage\/\" \/>\n<meta property=\"og:locale\" content=\"fr_FR\" \/>\n<meta property=\"og:type\" content=\"article\" \/>\n<meta property=\"og:title\" content=\"Informations pour le voyage - Office National du tourisme Thailandais\" \/>\n<meta property=\"og:description\" content=\"Tout ce que vous devez savoir pour un s\u00e9jour en Tha\u00eflande. Planification du voyage | Dur\u00e9e du voyage et informations sur le climat | Transport | La Langue | Information touristique | Brochures et guides de voyage\" \/>\n<meta property=\"og:url\" content=\"https:\/\/www.tourismthailand.ch\/fr\/informations-pour-le-voyage\/\" \/>\n<meta property=\"og:site_name\" content=\"Offizielle Seite Thail\u00e4ndisches Fremdenverkehrsamt\" \/>\n<meta property=\"article:publisher\" content=\"https:\/\/www.facebook.com\/TATSwitzerland\" \/>\n<meta property=\"article:modified_time\" content=\"2020-12-07T10:16:03+00:00\" \/>\n<meta property=\"og:image\" content=\"https:\/\/www.tourismthailand.ch\/wp-content\/uploads\/2018\/03\/5.3_0002_Transport2.jpg\" \/>\n\t<meta property=\"og:image:width\" content=\"1920\" \/>\n\t<meta property=\"og:image:height\" content=\"1080\" \/>\n\t<meta property=\"og:image:type\" content=\"image\/jpeg\" \/>\n<meta name=\"twitter:card\" content=\"summary_large_image\" \/>\n<meta name=\"twitter:label1\" content=\"Est. reading time\" \/>\n\t<meta name=\"twitter:data1\" content=\"2 minutes\" \/>\n<script type=\"application\/ld+json\" class=\"yoast-schema-graph\">{\"@context\":\"https:\\\/\\\/schema.org\",\"@graph\":[{\"@type\":\"WebPage\",\"@id\":\"https:\\\/\\\/www.tourismthailand.ch\\\/fr\\\/informations-pour-le-voyage\\\/\",\"url\":\"https:\\\/\\\/www.tourismthailand.ch\\\/fr\\\/informations-pour-le-voyage\\\/\",\"name\":\"Informations pour le voyage - Office National du tourisme Thailandais\",\"isPartOf\":{\"@id\":\"https:\\\/\\\/www.tourismthailand.ch\\\/fr\\\/#website\"},\"primaryImageOfPage\":{\"@id\":\"https:\\\/\\\/www.tourismthailand.ch\\\/fr\\\/informations-pour-le-voyage\\\/#primaryimage\"},\"image\":{\"@id\":\"https:\\\/\\\/www.tourismthailand.ch\\\/fr\\\/informations-pour-le-voyage\\\/#primaryimage\"},\"thumbnailUrl\":\"https:\\\/\\\/www.tourismthailand.ch\\\/wp-content\\\/uploads\\\/2018\\\/03\\\/5.3_0002_Transport2.jpg\",\"datePublished\":\"2020-11-13T16:08:02+00:00\",\"dateModified\":\"2020-12-07T10:16:03+00:00\",\"description\":\"Tout ce que vous devez savoir pour un s\u00e9jour en Tha\u00eflande. Planification du voyage | Dur\u00e9e du voyage et informations sur le climat | Transport | La Langue | Information touristique | Brochures et guides de voyage\",\"breadcrumb\":{\"@id\":\"https:\\\/\\\/www.tourismthailand.ch\\\/fr\\\/informations-pour-le-voyage\\\/#breadcrumb\"},\"inLanguage\":\"fr-CH\",\"potentialAction\":[{\"@type\":\"ReadAction\",\"target\":[\"https:\\\/\\\/www.tourismthailand.ch\\\/fr\\\/informations-pour-le-voyage\\\/\"]}]},{\"@type\":\"ImageObject\",\"inLanguage\":\"fr-CH\",\"@id\":\"https:\\\/\\\/www.tourismthailand.ch\\\/fr\\\/informations-pour-le-voyage\\\/#primaryimage\",\"url\":\"https:\\\/\\\/www.tourismthailand.ch\\\/wp-content\\\/uploads\\\/2018\\\/03\\\/5.3_0002_Transport2.jpg\",\"contentUrl\":\"https:\\\/\\\/www.tourismthailand.ch\\\/wp-content\\\/uploads\\\/2018\\\/03\\\/5.3_0002_Transport2.jpg\",\"width\":1920,\"height\":1080,\"caption\":\"Farbige und hektische strasse in Bangkok mit TukTuks und vielen leuchtenden Werbeplakaten\"},{\"@type\":\"BreadcrumbList\",\"@id\":\"https:\\\/\\\/www.tourismthailand.ch\\\/fr\\\/informations-pour-le-voyage\\\/#breadcrumb\",\"itemListElement\":[{\"@type\":\"ListItem\",\"position\":1,\"name\":\"Startseite\",\"item\":\"https:\\\/\\\/www.tourismthailand.ch\\\/fr\\\/\"},{\"@type\":\"ListItem\",\"position\":2,\"name\":\"Informations pour le voyage\"}]},{\"@type\":\"WebSite\",\"@id\":\"https:\\\/\\\/www.tourismthailand.ch\\\/fr\\\/#website\",\"url\":\"https:\\\/\\\/www.tourismthailand.ch\\\/fr\\\/\",\"name\":\"Offizielle Seite Thail\u00e4ndisches Fremdenverkehrsamt\",\"description\":\"tourismthailand.ch\",\"potentialAction\":[{\"@type\":\"SearchAction\",\"target\":{\"@type\":\"EntryPoint\",\"urlTemplate\":\"https:\\\/\\\/www.tourismthailand.ch\\\/fr\\\/?s={search_term_string}\"},\"query-input\":{\"@type\":\"PropertyValueSpecification\",\"valueRequired\":true,\"valueName\":\"search_term_string\"}}],\"inLanguage\":\"fr-CH\"}]}<\/script>\n<!-- \/ Yoast SEO plugin. -->","yoast_head_json":{"title":"Informations pour le voyage - Office National du tourisme Thailandais","description":"Tout ce que vous devez savoir pour un s\u00e9jour en Tha\u00eflande. Planification du voyage | Dur\u00e9e du voyage et informations sur le climat | Transport | La Langue | Information touristique | Brochures et guides de voyage","robots":{"index":"index","follow":"follow","max-snippet":"max-snippet:-1","max-image-preview":"max-image-preview:large","max-video-preview":"max-video-preview:-1"},"canonical":"https:\/\/www.tourismthailand.ch\/fr\/informations-pour-le-voyage\/","og_locale":"fr_FR","og_type":"article","og_title":"Informations pour le voyage - Office National du tourisme Thailandais","og_description":"Tout ce que vous devez savoir pour un s\u00e9jour en Tha\u00eflande. Planification du voyage | Dur\u00e9e du voyage et informations sur le climat | Transport | La Langue | Information touristique | Brochures et guides de voyage","og_url":"https:\/\/www.tourismthailand.ch\/fr\/informations-pour-le-voyage\/","og_site_name":"Offizielle Seite Thail\u00e4ndisches Fremdenverkehrsamt","article_publisher":"https:\/\/www.facebook.com\/TATSwitzerland","article_modified_time":"2020-12-07T10:16:03+00:00","og_image":[{"width":1920,"height":1080,"url":"https:\/\/www.tourismthailand.ch\/wp-content\/uploads\/2018\/03\/5.3_0002_Transport2.jpg","type":"image\/jpeg"}],"twitter_card":"summary_large_image","twitter_misc":{"Est. reading time":"2 minutes"},"schema":{"@context":"https:\/\/schema.org","@graph":[{"@type":"WebPage","@id":"https:\/\/www.tourismthailand.ch\/fr\/informations-pour-le-voyage\/","url":"https:\/\/www.tourismthailand.ch\/fr\/informations-pour-le-voyage\/","name":"Informations pour le voyage - Office National du tourisme Thailandais","isPartOf":{"@id":"https:\/\/www.tourismthailand.ch\/fr\/#website"},"primaryImageOfPage":{"@id":"https:\/\/www.tourismthailand.ch\/fr\/informations-pour-le-voyage\/#primaryimage"},"image":{"@id":"https:\/\/www.tourismthailand.ch\/fr\/informations-pour-le-voyage\/#primaryimage"},"thumbnailUrl":"https:\/\/www.tourismthailand.ch\/wp-content\/uploads\/2018\/03\/5.3_0002_Transport2.jpg","datePublished":"2020-11-13T16:08:02+00:00","dateModified":"2020-12-07T10:16:03+00:00","description":"Tout ce que vous devez savoir pour un s\u00e9jour en Tha\u00eflande. Planification du voyage | Dur\u00e9e du voyage et informations sur le climat | Transport | La Langue | Information touristique | Brochures et guides de voyage","breadcrumb":{"@id":"https:\/\/www.tourismthailand.ch\/fr\/informations-pour-le-voyage\/#breadcrumb"},"inLanguage":"fr-CH","potentialAction":[{"@type":"ReadAction","target":["https:\/\/www.tourismthailand.ch\/fr\/informations-pour-le-voyage\/"]}]},{"@type":"ImageObject","inLanguage":"fr-CH","@id":"https:\/\/www.tourismthailand.ch\/fr\/informations-pour-le-voyage\/#primaryimage","url":"https:\/\/www.tourismthailand.ch\/wp-content\/uploads\/2018\/03\/5.3_0002_Transport2.jpg","contentUrl":"https:\/\/www.tourismthailand.ch\/wp-content\/uploads\/2018\/03\/5.3_0002_Transport2.jpg","width":1920,"height":1080,"caption":"Farbige und hektische strasse in Bangkok mit TukTuks und vielen leuchtenden Werbeplakaten"},{"@type":"BreadcrumbList","@id":"https:\/\/www.tourismthailand.ch\/fr\/informations-pour-le-voyage\/#breadcrumb","itemListElement":[{"@type":"ListItem","position":1,"name":"Startseite","item":"https:\/\/www.tourismthailand.ch\/fr\/"},{"@type":"ListItem","position":2,"name":"Informations pour le voyage"}]},{"@type":"WebSite","@id":"https:\/\/www.tourismthailand.ch\/fr\/#website","url":"https:\/\/www.tourismthailand.ch\/fr\/","name":"Offizielle Seite Thail\u00e4ndisches Fremdenverkehrsamt","description":"tourismthailand.ch","potentialAction":[{"@type":"SearchAction","target":{"@type":"EntryPoint","urlTemplate":"https:\/\/www.tourismthailand.ch\/fr\/?s={search_term_string}"},"query-input":{"@type":"PropertyValueSpecification","valueRequired":true,"valueName":"search_term_string"}}],"inLanguage":"fr-CH"}]}},"_links":{"self":[{"href":"https:\/\/www.tourismthailand.ch\/fr\/wp-json\/wp\/v2\/pages\/4861","targetHints":{"allow":["GET"]}}],"collection":[{"href":"https:\/\/www.tourismthailand.ch\/fr\/wp-json\/wp\/v2\/pages"}],"about":[{"href":"https:\/\/www.tourismthailand.ch\/fr\/wp-json\/wp\/v2\/types\/page"}],"author":[{"embeddable":true,"href":"https:\/\/www.tourismthailand.ch\/fr\/wp-json\/wp\/v2\/users\/1"}],"replies":[{"embeddable":true,"href":"https:\/\/www.tourismthailand.ch\/fr\/wp-json\/wp\/v2\/comments?post=4861"}],"version-history":[{"count":0,"href":"https:\/\/www.tourismthailand.ch\/fr\/wp-json\/wp\/v2\/pages\/4861\/revisions"}],"wp:featuredmedia":[{"embeddable":true,"href":"https:\/\/www.tourismthailand.ch\/fr\/wp-json\/wp\/v2\/media\/4769"}],"wp:attachment":[{"href":"https:\/\/www.tourismthailand.ch\/fr\/wp-json\/wp\/v2\/media?parent=4861"}],"curies":[{"name":"wp","href":"https:\/\/api.w.org\/{rel}","templated":true}]}}