{"id":4847,"date":"2020-11-13T16:57:00","date_gmt":"2020-11-13T15:57:00","guid":{"rendered":"https:\/\/www.tourismthailand.ch\/a-propos-de-la-thailande\/"},"modified":"2022-01-04T16:31:05","modified_gmt":"2022-01-04T15:31:05","slug":"a-propos-de-la-thailande","status":"publish","type":"page","link":"https:\/\/www.tourismthailand.ch\/fr\/la-thailande\/a-propos-de-la-thailande\/","title":{"rendered":"A propos de la Tha\u00eflande"},"content":{"rendered":"<div class=\"wpb-content-wrapper\"><p>[vc_row][vc_column][vc_column_text]<\/p>\n<h2>Jours f\u00e9ri\u00e9s<\/h2>\n<p>[\/vc_column_text][vc_empty_space]<div class=\"mkdf-tabs  mkdf-tabs-standard\">\n\t<ul class=\"mkdf-tabs-nav clearfix\">\n\t\t\t\t\t<li>\n\t\t\t\t\t\t\t\t\t<a href=\"#tab-janvier\">Janvier<\/a>\n\t\t\t\t\t\t\t<\/li>\n\t\t\t\t\t<li>\n\t\t\t\t\t\t\t\t\t<a href=\"#tab-fevrier\">F\u00e9vrier<\/a>\n\t\t\t\t\t\t\t<\/li>\n\t\t\t\t\t<li>\n\t\t\t\t\t\t\t\t\t<a href=\"#tab-mars\">Mars<\/a>\n\t\t\t\t\t\t\t<\/li>\n\t\t\t\t\t<li>\n\t\t\t\t\t\t\t\t\t<a href=\"#tab-avril\">Avril<\/a>\n\t\t\t\t\t\t\t<\/li>\n\t\t\t\t\t<li>\n\t\t\t\t\t\t\t\t\t<a href=\"#tab-mai\">Mai<\/a>\n\t\t\t\t\t\t\t<\/li>\n\t\t\t\t\t<li>\n\t\t\t\t\t\t\t\t\t<a href=\"#tab-juin\">Juin<\/a>\n\t\t\t\t\t\t\t<\/li>\n\t\t\t\t\t<li>\n\t\t\t\t\t\t\t\t\t<a href=\"#tab-juillet\">Juillet<\/a>\n\t\t\t\t\t\t\t<\/li>\n\t\t\t\t\t<li>\n\t\t\t\t\t\t\t\t\t<a href=\"#tab-aout\">Ao\u00fbt<\/a>\n\t\t\t\t\t\t\t<\/li>\n\t\t\t\t\t<li>\n\t\t\t\t\t\t\t\t\t<a href=\"#tab-septembre\">Septembre<\/a>\n\t\t\t\t\t\t\t<\/li>\n\t\t\t\t\t<li>\n\t\t\t\t\t\t\t\t\t<a href=\"#tab-octobre\">Octobre<\/a>\n\t\t\t\t\t\t\t<\/li>\n\t\t\t\t\t<li>\n\t\t\t\t\t\t\t\t\t<a href=\"#tab-novembre\">Novembre<\/a>\n\t\t\t\t\t\t\t<\/li>\n\t\t\t\t\t<li>\n\t\t\t\t\t\t\t\t\t<a href=\"#tab-decembre\">Decembre<\/a>\n\t\t\t\t\t\t\t<\/li>\n\t\t\t<\/ul>\n\t<div class=\"mkdf-tab-container\" id=\"tab-janvier-156\">[vc_raw_html]JTNDdGFibGUlM0UlMEElM0N0Ym9keSUzRSUwQSUwOSUwQSUwOSUwQSUwOSUzQ3RyJTNFJTBBJTA5JTNDdGQlM0UwMS4wMS4yMDIyJTNDJTJGdGQlM0UlMEElMDklM0N0ZCUzRU5vdXZlbCUyMEFuJTNDJTJGdGQlM0UlMEElMDklM0N0ZCUzRUpvdXIlMjBmJUMzJUE5cmklQzMlQTklMjBuYXRpb25hbCUzQyUyRnRkJTNFJTBBJTA5JTNDJTJGdHIlM0UlMEElMDklMEElM0MlMkZ0Ym9keSUzRSUwQSUzQyUyRnRhYmxlJTNF[\/vc_raw_html]<\/div><div class=\"mkdf-tab-container\" id=\"tab-fevrier-398\">[vc_raw_html]JTNDdGFibGUlM0UlMEElM0N0Ym9keSUzRSUwQSUwQSUzQ3RyJTNFJTBBJTA5JTNDdGQlM0UxNi4wMi4yMDIyJTNDJTJGdGQlM0UlMEElMDklM0N0ZCUzRU1ha2hhJTIwQnVjaGElMjAlM0ElMjBqb3VyJTIwZGUlMjBsYSUyMHBsZWluZSUyMGx1bmUlM0MlMkZ0ZCUzRSUwQSUwOSUzQ3RkJTNFSm91ciUyMGYlQzMlQTlyaSVDMyVBOSUyMG5hdGlvbmFsJTNDJTJGdGQlM0UlMEElMDklM0MlMkZ0ciUzRSUwQSUwOSUzQ3RyJTNFJTBBJTA5JTNDdGQlM0UxNC4wMi4yMDIyJTNDJTJGdGQlM0UlMEElMDklM0N0ZCUzRVNhaW50LVZhbGVudGluJTNDJTJGdGQlM0UlMEElMDklM0N0ZCUzRUpvdXIlMjBmJUMzJUE5cmklQzMlQTklMjBvdSUyMGRlJTIwY29tbSVDMyVBOW1vcmF0aW9uJTNDJTJGdGQlM0UlMEElMDklM0MlMkZ0ciUzRSUwQSUwOSUwOSUwQSUzQyUyRnRib2R5JTNFJTBBJTNDJTJGdGFibGUlM0U=[\/vc_raw_html]<\/div><div class=\"mkdf-tab-container\" id=\"tab-mars-541\">[vc_raw_html]JTNDdGFibGUlM0UlMEElM0N0Ym9keSUzRSUwQSUzQ3RyJTNFJTBBJTA5JTA5JTNDdGQlM0VBdWN1biUyMGpvdXIlMjBmJUMzJUE5cmklQzMlQTklM0MlMkZ0ZCUzRSUwQSUwOSUzQyUyRnRyJTNFJTBBJTBBJTA5JTA5JTBBJTNDJTJGdGJvZHklM0UlMEElM0MlMkZ0YWJsZSUzRQ==[\/vc_raw_html]<\/div><div class=\"mkdf-tab-container\" id=\"tab-avril-13\">[vc_raw_html]JTNDdGFibGUlM0UlMEElM0N0Ym9keSUzRSUwQSUzQ3RyJTNFJTBBJTA5JTNDdGQlM0UwNi4wNC4yMDIyJTNDJTJGdGQlM0UlMEElMDklM0N0ZCUzRUpvdXIlMjBkZXMlMjBDaGFrcmklM0MlMkZ0ZCUzRSUwQSUwOSUzQ3RkJTNFSm91ciUyMGYlQzMlQTlyaSVDMyVBOSUyMG5hdGlvbmFsJTNDJTJGdGQlM0UlMEElMDklM0MlMkZ0ciUzRSUwQSUwOSUzQ3RyJTNFJTBBJTA5JTNDdGQlM0UxMy4wNC4yMDIyJTNDJTJGdGQlM0UlMEElMDklM0N0ZCUzRVNvbmdrcmFuJTIwJUUyJTgwJTkzJTIwTm91dmVsJTIwQW4lMjB0aGElQzMlQUZsYW5kYWlzJTNDJTJGdGQlM0UlMEElMDklM0N0ZCUzRSUyMEpvdXIlMjBmJUMzJUE5cmklQzMlQTklMjBuYXRpb25hbCUzQyUyRnRkJTNFJTBBJTA5JTNDJTJGdHIlM0UlMEElMDklM0N0ciUzRSUwQSUwOSUzQ3RkJTNFMTQuMDQuMjAyMiUzQyUyRnRkJTNFJTBBJTA5JTNDdGQlM0VTb25na3JhbiUyMCUzQyUyRnRkJTNFJTBBJTA5JTNDdGQlM0VKb3VyJTIwZiVDMyVBOXJpJUMzJUE5JTIwbmF0aW9uYWwlM0MlMkZ0ZCUzRSUwQSUwOSUzQyUyRnRyJTNFJTBBJTNDJTJGdHIlM0UlMEElMDklM0N0ZCUzRTE1LjA0LjIwMjIlM0MlMkZ0ZCUzRSUwQSUwOSUzQ3RkJTNFU29uZ2tyYW4lMjAlM0MlMkZ0ZCUzRSUwQSUwOSUzQ3RkJTNFSm91ciUyMGYlQzMlQTlyaSVDMyVBOSUyMG5hdGlvbmFsJTNDJTJGdGQlM0UlMEElMDklM0MlMkZ0ciUzRSUwQSUwOSUwQSUwOSUwOSUwQSUzQyUyRnRib2R5JTNFJTBBJTNDJTJGdGFibGUlM0U=[\/vc_raw_html]<\/div><div class=\"mkdf-tab-container\" id=\"tab-mai-231\">[vc_raw_html]JTNDdGFibGUlM0UlMEElM0N0Ym9keSUzRSUwQSUzQ3RyJTNFJTBBJTA5JTNDdHIlM0UlMEElMDklM0N0ZCUzRTA0LjA1LjIwMjIlM0MlMkZ0ZCUzRSUwQSUwOSUzQ3RkJTNFSm91ciUyMGR1JTIwQ291cm9ubmVtZW50JTNDJTJGdGQlM0UlMEElMDklM0N0ZCUzRUpvdXIlMjBmJUMzJUE5cmklQzMlQTklMjBuYXRpb25hbCUzQyUyRnRkJTNFJTBBJTA5JTNDJTJGdHIlM0UlMEElMDklM0N0ciUzRSUwQSUwOSUzQ3RkJTNFMDYuMDUuMjAyMiUzQyUyRnRkJTNFJTBBJTA5JTNDdGQlM0VWaXNha2hhJTIwQnVjaGElMjAlMjhmJUMzJUFBdGUlMjBib3VkZGhpc3RlJTIwbGElMjBwbHVzJTIwaW1wb3J0YW50ZSUyOSUzQyUyRnRkJTNFJTBBJTA5JTNDdGQlM0VKb3VyJTIwZiVDMyVBOXJpJUMzJUE5JTIwbmF0aW9uYWwlM0MlMkZ0ZCUzRSUwQSUwOSUzQyUyRnRyJTNFJTBBJTNDJTJGdGJvZHklM0UlMEElM0MlMkZ0YWJsZSUzRSUwOQ==[\/vc_raw_html]<\/div><div class=\"mkdf-tab-container\" id=\"tab-juin-341\">[vc_raw_html]JTNDdGFibGUlM0UlMEElM0N0Ym9keSUzRSUwQSUzQ3RyJTNFJTBBJTA5JTNDdGQlM0UwMy4wNi4yMDIyJTNDJTJGdGQlM0UlMEElMDklM0N0ZCUzRUFubml2ZXJzYWlyZSUyMGRlJTIwbGElMjByZWluZSUyMFN1dGhpZGElM0MlMkZ0ZCUzRSUwQSUwOSUzQ3RkJTNFSm91ciUyMGYlQzMlQTlyaSVDMyVBOSUyMG5hdGlvbmFsJTNDJTJGdGQlM0UlMEElMDklM0MlMkZ0ciUzRSUwQSUzQyUyRnRib2R5JTNFJTBBJTNDJTJGdGFibGUlM0UlMEElMDk=[\/vc_raw_html]<\/div><div class=\"mkdf-tab-container\" id=\"tab-juillet-885\">[vc_raw_html]JTNDdGFibGUlM0UlMEElM0N0Ym9keSUzRSUwQSUzQ3RyJTNFJTBBJTA5JTA5JTNDdHIlM0UlMEElMDklM0N0ZCUzRTEzLjA3LjIwMjIlM0MlMkZ0ZCUzRSUwQSUwOSUzQ3RkJTNFQXNhbmhhJTIwQnVjaGElMjAlMjhBc2FsaGElMjBCdWNoYSUyOSUyMCVFMiU4MCU5MyUyMGxhJTIwdmVpbGxlJTIwZHUlMjBkJUMzJUE5YnV0JTIwZHUlMjBjYXIlQzMlQUFtZSUyMGJvdWRkaGlzdGUlM0MlMkZ0ZCUzRSUwQSUwOSUzQ3RkJTNFSm91ciUyMGYlQzMlQTlyaSVDMyVBOSUyMG5hdGlvbmFsJTNDJTJGdGQlM0UlMEElMDklM0MlMkZ0ciUzRSUwQSUwOSUzQ3RyJTNFJTBBJTA5JTNDdGQlM0UxNC4wNy4yMDIyJTNDJTJGdGQlM0UlMEElMDklM0N0ZCUzRUtoYW8lMjBQaGFuc2ElM0MlMkZ0ZCUzRSUwQSUwOSUzQ3RkJTNFSm91ciUyMGYlQzMlQTlyaSVDMyVBOSUyMG5hdGlvbmFsJTNDJTJGdGQlM0UlMEElMDklM0MlMkZ0ciUzRSUwQSUwOSUzQ3RyJTNFJTBBJTA5JTNDdGQlM0UyOC4wNy4yMDIyJTNDJTJGdGQlM0UlMEElMDklM0N0ZCUzRUFubml2ZXJzYWlyZSUyMGR1JTIwcm9pJTIwVmFqaXJhbG9uZ2tvcm4lM0MlMkZ0ZCUzRSUwQSUwOSUzQ3RkJTNFSm91ciUyMGYlQzMlQTlyaSVDMyVBOSUyMG5hdGlvbmFsJTNDJTJGdGQlM0UlMEElMDklM0MlMkZ0ciUzRSUwQSUwQSUwOSUwOSUwQSUzQyUyRnRib2R5JTNFJTBBJTNDJTJGdGFibGUlM0UlMEElMDklM0MlMkZ0ciUzRSUwQSUwQSUwOSUwOSUwQSUzQyUyRnRib2R5JTNFJTBBJTNDJTJGdGFibGUlM0U=[\/vc_raw_html]<\/div><div class=\"mkdf-tab-container\" id=\"tab-aout-5\">[vc_raw_html]JTNDdGFibGUlM0UlMEElM0N0Ym9keSUzRSUwQSUzQ3RyJTNFJTBBJTA5JTNDdGQlM0UxMi4wOC4yMDIyJTNDJTJGdGQlM0UlMEElMDklM0N0ZCUzRUFubml2ZXJzYWlyZSUyMGRlJTIwc2ElMjBNYWplc3QlQzMlQTklMjBsYSUyMHJlaW5lJTIwU2lyaWtpdCUzQyUyRnRkJTNFJTBBJTA5JTNDdGQlM0VKb3VyJTIwZiVDMyVBOXJpJUMzJUE5JTIwbmF0aW9uYWwlM0MlMkZ0ZCUzRSUwQSUwOSUzQyUyRnRyJTNFJTBBJTA5JTNDdHIlM0UlMEElMDklM0N0ZCUzRTEyLjA4LjIwMjIlM0MlMkZ0ZCUzRSUwQSUwOSUzQ3RkJTNFRiVDMyVBQXRlJTIwZGVzJTIwbSVDMyVBOHJlcyUzQyUyRnRkJTNFJTBBJTA5JTNDdGQlM0VKb3VyJTIwZiVDMyVBOXJpJUMzJUE5JTIwbmF0aW9uYWwlM0MlMkZ0ZCUzRSUwQSUwOSUzQyUyRnRyJTNFJTBBJTBBJTA5JTA5JTBBJTNDJTJGdGJvZHklM0UlMEElM0MlMkZ0YWJsZSUzRQ==[\/vc_raw_html]<\/div><div class=\"mkdf-tab-container\" id=\"tab-septembre-483\">[vc_raw_html]JTNDdGFibGUlM0UlMEElM0N0Ym9keSUzRSUwQSUzQ3RyJTNFJTBBJTA5JTA5JTNDdGQlM0VBdWN1biUyMGpvdXIlMjBmJUMzJUE5cmklQzMlQTklM0MlMkZ0ZCUzRSUwQSUwOSUzQyUyRnRyJTNFJTBBJTBBJTA5JTA5JTBBJTNDJTJGdGJvZHklM0UlMEElM0MlMkZ0YWJsZSUzRQ==[\/vc_raw_html]<\/div><div class=\"mkdf-tab-container\" id=\"tab-octobre-994\">[vc_raw_html]JTNDdGFibGUlM0UlMEElM0N0Ym9keSUzRSUwQSUzQ3RyJTNFJTBBJTA5JTA5JTNDdGQlM0UxMy4xMC4yMDIyJTNDJTJGdGQlM0UlMEElMDklMDklM0N0ZCUzRUFubml2ZXJzYWlyZSUyMGR1JTIwZCVDMyVBOWMlQzMlQThzJTIwZHUlMjByb2klMjBCaHVtaWJvbCUzQyUyRnRkJTNFJTBBJTA5JTA5JTNDdGQlM0VKb3VyJTIwZiVDMyVBOXJpJUMzJUE5JTIwbmF0aW9uYWwlM0MlMkZ0ZCUzRSUwQSUwOSUwOSUzQyUyRnRyJTNFJTBBJTA5JTA5JTNDdHIlM0UlMEElMDklMDklM0N0ZCUzRTIzLjEwLjIwMjIlM0MlMkZ0ZCUzRSUwQSUwOSUwOSUzQ3RkJTNFSm91ciUyMGRlJTIwQ2h1bGFsb25na29ybiVFMiU4MCU5MyUyMGFubml2ZXJzYWlyZSUyMGR1JTIwZCVDMyVBOWMlQzMlQThzJTIwZHUlMjByb2klMjBSYW1hJTIwVi4lM0MlMkZ0ZCUzRSUwQSUwOSUwOSUzQ3RkJTNFSm91ciUyMGYlQzMlQTlyaSVDMyVBOSUyMG5hdGlvbmFsJTNDJTJGdGQlM0UlMEElMDklMDklM0MlMkZ0ciUzRSUwQSUwQSUzQyUyRnRib2R5JTNFJTBBJTNDJTJGdGFibGUlM0U=[\/vc_raw_html]<\/div><div class=\"mkdf-tab-container\" id=\"tab-novembre-913\">[vc_raw_html]JTNDdGFibGUlM0UlMEElM0N0Ym9keSUzRSUwQSUzQ3RyJTNFJTBBJTA5JTA5JTNDdGQlM0UwOS4xMS4yMDIyJTNDJTJGdGQlM0UlMEElMDklMDklM0N0ZCUzRUxveSUyMEtyYXRob25nJUUyJTgwJTkzJTIwRiVDMyVBQXRlJTIwZGVzJTIwTHVtaSVDMyVBOHJlcyUyMCUzQyUyRnRkJTNFJTBBJTA5JTA5JTNDdGQlM0VKb3VyJTIwZiVDMyVBOXJpJUMzJUE5JTIwb3UlMjBkZSUyMGNvbW0lQzMlQTltb3JhdGlvbiUzQyUyRnRkJTNFJTBBJTA5JTA5JTNDJTJGdHIlM0UlMEElMEElMDklMDklMEElM0MlMkZ0Ym9keSUzRSUwQSUzQyUyRnRhYmxlJTNF[\/vc_raw_html]<\/div><div class=\"mkdf-tab-container\" id=\"tab-decembre-867\">[vc_raw_html]JTNDdGFibGUlM0UlMEElM0N0Ym9keSUzRSUwQSUzQ3RyJTNFJTBBJTA5JTNDdGQlM0UwNS4xMi4yMDIyJTNDJTJGdGQlM0UlMEElMDklM0N0ZCUzRUFubml2ZXJzYWlyZSUyMGRlJTIwc2ElMjBNYWplc3QlQzMlQTklMjBsZSUyMHJvaSUyMEJodW1pYm9sJTIwQWR1bHlhZGVqJTNDJTJGdGQlM0UlMEElMDklM0N0ZCUzRUpvdXIlMjBmJUMzJUE5cmklQzMlQTklMjBuYXRpb25hbCUzQyUyRnRkJTNFJTBBJTA5JTNDJTJGdHIlM0UlMEElMDklM0N0ciUzRSUwQSUwOSUzQ3RkJTNFMTAuMTIuMjAyMDIlM0MlMkZ0ZCUzRSUwQSUwOSUzQ3RkJTNFSm91ciUyMGRlJTIwbGElMjBDb25zdGl0dXRpb24lM0MlMkZ0ZCUzRSUwQSUwOSUzQ3RkJTNFSm91ciUyMGYlQzMlQTlyaSVDMyVBOSUyMG5hdGlvbmFsJTNDJTJGdGQlM0UlMEElMDklM0MlMkZ0ciUzRSUwQSUwOSUwOSUwOSUwQSUzQyUyRnRib2R5JTNFJTBBJTNDJTJGdGFibGUlM0U=[\/vc_raw_html]<\/div><\/div>[vc_empty_space][vc_column_text]Avec ses magnifiques temples, sa nature exotique et ses plages spectaculaires, la Tha\u00eflande est une destination vraiment fascinante dont la culture unique inspire chaque ann\u00e9e des voyageurs du monde entier. La cuisine tha\u00eflandaise, saine et d\u00e9licieuse, est \u00e9galement connue dans le monde entier, ainsi que la cordialit\u00e9 des Tha\u00eflandais, qui a valu au royaume son surnom de &#8220;pays du sourire&#8221;.<\/p>\n<h3>Le pays du sourire et des impairs&#8230;<\/h3>\n<p>&#8230;mais avec un &#8220;Mai Pen Rai&#8221;, on peut presque tout r\u00e9parer.<\/p>\n<p>Sans une pr\u00e9paration appropri\u00e9e, les vacances tha\u00eflandaises peuvent devenir une pure question de chance : En effet, les Tha\u00eflandais accordent une attention particuli\u00e8re aux contacts sociaux avec leurs semblables, ce qui n&#8217;est pas seulement valable pour le c\u00e9r\u00e9monial bien connu des salutations. Mais heureusement, les locaux sont tol\u00e9rants envers les \u00e9trangers, et ils aiment passer outre les erreurs involontaires avec un &#8220;Mai Pen Rai&#8221; (peu importe).<\/p>\n<h3>Le Wai<\/h3>\n<p>Le c\u00e9r\u00e9monial de salutation des Tha\u00eflandais a un charme \u00e9gal \u00e0 nul autre pareil. Les mains sont repli\u00e9es \u00e0 plat comme dans une pri\u00e8re, la t\u00eate est l\u00e9g\u00e8rement baiss\u00e9e et un sourire amical est affich\u00e9 sur le visage. La position des mains r\u00e9v\u00e8le des informations sur la position sociale ou l&#8217;\u00e2ge de la personne qui se trouve en face. Si les mains sont \u00e9galement lev\u00e9es \u00e0 la hauteur du front ou au-dessus, c&#8217;est un signe de respect particulier<\/p>\n<h3>La t\u00eate et les pieds<\/h3>\n<p>En toutes circonstances, il faut \u00e9viter de toucher la t\u00eate d\u2019un tha\u00eflandais dans les zones rurales, car celle-ci est consid\u00e9r\u00e9e comme le si\u00e8ge de la dignit\u00e9 spirituelle humaine. Elle est le si\u00e8ge de l&#8217;\u00e2me et par cons\u00e9quent la partie la plus sainte du corps. M\u00eame une caresse affectueuse au-dessus de la t\u00eate d&#8217;un enfant a souvent un effet n\u00e9gatif. De plus, il ne faut jamais regarder la t\u00eate de quelqu&#8217;un d&#8217;autre de haut, ce qui n&#8217;est pas toujours possible pour les Europ\u00e9ens de grande taille. Ne jamais toucher un tha\u00eflandais sur la t\u00eate, car c&#8217;est le si\u00e8ge de l&#8217;\u00e2me et donc la partie la plus sainte du corps. Le pied, en revanche, est sale, indigne et donc insultant !<\/p>\n<p>M\u00eame le croisement des jambes, qui est courant en Occident, est tol\u00e9r\u00e9 au mieux en cachette sous la table. Apr\u00e8s tout, la semelle pourrait accidentellement pointer ou toucher la personne d&#8217;en face. Dans les grandes villes, on peut \u00eatre un peu plus d\u00e9tendu avec ces habitudes.<\/p>\n<h3>Ceci et cela<\/h3>\n<p>Avant d&#8217;entrer dans la salle de pri\u00e8re d&#8217;un temple ou dans les pi\u00e8ces de s\u00e9jour d&#8217;une maison priv\u00e9e, il est coutumier d&#8217;enlever ses chaussures. Lors de la visite de sites religieux, il convient d&#8217;apporter le m\u00eame soin \u00e0 l&#8217;habillement et au comportement que dans d&#8217;autres pays. Les moines bouddhistes, les statues de Bouddha et autres symboles religieux doivent \u00e9galement \u00eatre trait\u00e9s avec le respect qui leur est d\u00fb. Il est \u00e9galement fortement conseill\u00e9 d&#8217;\u00e9viter toute remarque critique \u00e0 l&#8217;\u00e9gard de la tr\u00e8s respect\u00e9e maison royale. Les Tha\u00eflandais sont un peuple tr\u00e8s poli, r\u00e9serv\u00e9 et extr\u00eamement amical. Par cons\u00e9quent, les touristes ne doivent jamais montrer leur col\u00e8re et rester calmes et polis m\u00eame en cas de disputes, donc simplement laisser leur &#8220;Jai Yen&#8221; tha\u00eflandais (c\u0153ur froid) de c\u00f4t\u00e9.<\/p>\n<h3>Il faut le voir pour le croire<\/h3>\n<p>La tendresse n&#8217;est pas courante entre l&#8217;homme et la femme en pr\u00e9sence de leurs proches, m\u00eame s\u2019il s\u2019agit de leurs propres enfants. M\u00eame pour les jeunes couples amoureux, il n&#8217;est pas habituel de se tenir la main en public. Il n&#8217;est pas non plus envisageable pour les hommes tha\u00eflandais de faire la cour aux femmes en public. Les touristes f\u00e9minines voyageant seules n&#8217;ont pas \u00e0 craindre d&#8217;\u00eatre en permanence approch\u00e9es par les hommes locaux.[\/vc_column_text][vc_empty_space height=&#8221;108px&#8221;][\/vc_column][\/vc_row]<\/p>\n<\/div>","protected":false},"excerpt":{"rendered":"<p>[vc_row][vc_column][vc_column_text] Jours f\u00e9ri\u00e9s [\/vc_column_text][vc_empty_space][vc_empty_space][vc_column_text]Avec ses magnifiques temples, sa nature exotique et ses plages spectaculaires, la Tha\u00eflande est une destination vraiment fascinante dont la culture unique inspire chaque ann\u00e9e des voyageurs du monde entier. La cuisine tha\u00eflandaise, saine et d\u00e9licieuse, est \u00e9galement connue dans le monde entier, ainsi que la cordialit\u00e9 des Tha\u00eflandais, qui a valu au royaume son surnom de &#8220;pays du sourire&#8221;. Le pays du sourire et des impairs&#8230; &#8230;mais avec un &#8220;Mai Pen Rai&#8221;, on peut presque tout r\u00e9parer. Sans une pr\u00e9paration appropri\u00e9e, les vacances tha\u00eflandaises [&hellip;]<\/p>\n","protected":false},"author":1,"featured_media":4725,"parent":5344,"menu_order":0,"comment_status":"closed","ping_status":"closed","template":"","meta":{"footnotes":""},"class_list":["post-4847","page","type-page","status-publish","has-post-thumbnail","hentry"],"yoast_head":"<!-- This site is optimized with the Yoast SEO plugin v27.5 - https:\/\/yoast.com\/product\/yoast-seo-wordpress\/ -->\n<title>A propos de la Tha\u00eflande - Offizielle Seite Thail\u00e4ndisches Fremdenverkehrsamt<\/title>\n<meta name=\"robots\" content=\"index, follow, max-snippet:-1, max-image-preview:large, max-video-preview:-1\" \/>\n<link rel=\"canonical\" href=\"https:\/\/www.tourismthailand.ch\/fr\/la-thailande\/a-propos-de-la-thailande\/\" \/>\n<meta property=\"og:locale\" content=\"fr_FR\" \/>\n<meta property=\"og:type\" content=\"article\" \/>\n<meta property=\"og:title\" content=\"A propos de la Tha\u00eflande - Offizielle Seite Thail\u00e4ndisches Fremdenverkehrsamt\" \/>\n<meta property=\"og:description\" content=\"[vc_row][vc_column][vc_column_text] Jours f\u00e9ri\u00e9s [\/vc_column_text][vc_empty_space][vc_empty_space][vc_column_text]Avec ses magnifiques temples, sa nature exotique et ses plages spectaculaires, la Tha\u00eflande est une destination vraiment fascinante dont la culture unique inspire chaque ann\u00e9e des voyageurs du monde entier. La cuisine tha\u00eflandaise, saine et d\u00e9licieuse, est \u00e9galement connue dans le monde entier, ainsi que la cordialit\u00e9 des Tha\u00eflandais, qui a valu au royaume son surnom de &#8220;pays du sourire&#8221;. Le pays du sourire et des impairs&#8230; &#8230;mais avec un &#8220;Mai Pen Rai&#8221;, on peut presque tout r\u00e9parer. Sans une pr\u00e9paration appropri\u00e9e, les vacances tha\u00eflandaises [&hellip;]\" \/>\n<meta property=\"og:url\" content=\"https:\/\/www.tourismthailand.ch\/fr\/la-thailande\/a-propos-de-la-thailande\/\" \/>\n<meta property=\"og:site_name\" content=\"Offizielle Seite Thail\u00e4ndisches Fremdenverkehrsamt\" \/>\n<meta property=\"article:publisher\" content=\"https:\/\/www.facebook.com\/TATSwitzerland\" \/>\n<meta property=\"article:modified_time\" content=\"2022-01-04T15:31:05+00:00\" \/>\n<meta property=\"og:image\" content=\"https:\/\/www.tourismthailand.ch\/wp-content\/uploads\/2018\/03\/6.0_0001_Hintergrund.jpg\" \/>\n\t<meta property=\"og:image:width\" content=\"1920\" \/>\n\t<meta property=\"og:image:height\" content=\"1080\" \/>\n\t<meta property=\"og:image:type\" content=\"image\/jpeg\" \/>\n<meta name=\"twitter:card\" content=\"summary_large_image\" \/>\n<meta name=\"twitter:label1\" content=\"Est. reading time\" \/>\n\t<meta name=\"twitter:data1\" content=\"7 minutes\" \/>\n<script type=\"application\/ld+json\" class=\"yoast-schema-graph\">{\"@context\":\"https:\\\/\\\/schema.org\",\"@graph\":[{\"@type\":\"WebPage\",\"@id\":\"https:\\\/\\\/www.tourismthailand.ch\\\/fr\\\/la-thailande\\\/a-propos-de-la-thailande\\\/\",\"url\":\"https:\\\/\\\/www.tourismthailand.ch\\\/fr\\\/la-thailande\\\/a-propos-de-la-thailande\\\/\",\"name\":\"A propos de la Tha\u00eflande - Offizielle Seite Thail\u00e4ndisches Fremdenverkehrsamt\",\"isPartOf\":{\"@id\":\"https:\\\/\\\/www.tourismthailand.ch\\\/fr\\\/#website\"},\"primaryImageOfPage\":{\"@id\":\"https:\\\/\\\/www.tourismthailand.ch\\\/fr\\\/la-thailande\\\/a-propos-de-la-thailande\\\/#primaryimage\"},\"image\":{\"@id\":\"https:\\\/\\\/www.tourismthailand.ch\\\/fr\\\/la-thailande\\\/a-propos-de-la-thailande\\\/#primaryimage\"},\"thumbnailUrl\":\"https:\\\/\\\/www.tourismthailand.ch\\\/wp-content\\\/uploads\\\/2018\\\/03\\\/6.0_0001_Hintergrund.jpg\",\"datePublished\":\"2020-11-13T15:57:00+00:00\",\"dateModified\":\"2022-01-04T15:31:05+00:00\",\"breadcrumb\":{\"@id\":\"https:\\\/\\\/www.tourismthailand.ch\\\/fr\\\/la-thailande\\\/a-propos-de-la-thailande\\\/#breadcrumb\"},\"inLanguage\":\"fr-CH\",\"potentialAction\":[{\"@type\":\"ReadAction\",\"target\":[\"https:\\\/\\\/www.tourismthailand.ch\\\/fr\\\/la-thailande\\\/a-propos-de-la-thailande\\\/\"]}]},{\"@type\":\"ImageObject\",\"inLanguage\":\"fr-CH\",\"@id\":\"https:\\\/\\\/www.tourismthailand.ch\\\/fr\\\/la-thailande\\\/a-propos-de-la-thailande\\\/#primaryimage\",\"url\":\"https:\\\/\\\/www.tourismthailand.ch\\\/wp-content\\\/uploads\\\/2018\\\/03\\\/6.0_0001_Hintergrund.jpg\",\"contentUrl\":\"https:\\\/\\\/www.tourismthailand.ch\\\/wp-content\\\/uploads\\\/2018\\\/03\\\/6.0_0001_Hintergrund.jpg\",\"width\":1920,\"height\":1080,\"caption\":\"Zwei \u00e4ltere Thail\u00e4nderinnen sitzen auf Stohballen mit zwei jungen Thais und k\u00fcmmern sich um das Essen.\"},{\"@type\":\"BreadcrumbList\",\"@id\":\"https:\\\/\\\/www.tourismthailand.ch\\\/fr\\\/la-thailande\\\/a-propos-de-la-thailande\\\/#breadcrumb\",\"itemListElement\":[{\"@type\":\"ListItem\",\"position\":1,\"name\":\"Startseite\",\"item\":\"https:\\\/\\\/www.tourismthailand.ch\\\/fr\\\/\"},{\"@type\":\"ListItem\",\"position\":2,\"name\":\"La Tha\u00eflande\",\"item\":\"https:\\\/\\\/www.tourismthailand.ch\\\/fr\\\/la-thailande\\\/\"},{\"@type\":\"ListItem\",\"position\":3,\"name\":\"A propos de la Tha\u00eflande\"}]},{\"@type\":\"WebSite\",\"@id\":\"https:\\\/\\\/www.tourismthailand.ch\\\/fr\\\/#website\",\"url\":\"https:\\\/\\\/www.tourismthailand.ch\\\/fr\\\/\",\"name\":\"Offizielle Seite Thail\u00e4ndisches Fremdenverkehrsamt\",\"description\":\"tourismthailand.ch\",\"potentialAction\":[{\"@type\":\"SearchAction\",\"target\":{\"@type\":\"EntryPoint\",\"urlTemplate\":\"https:\\\/\\\/www.tourismthailand.ch\\\/fr\\\/?s={search_term_string}\"},\"query-input\":{\"@type\":\"PropertyValueSpecification\",\"valueRequired\":true,\"valueName\":\"search_term_string\"}}],\"inLanguage\":\"fr-CH\"}]}<\/script>\n<!-- \/ Yoast SEO plugin. -->","yoast_head_json":{"title":"A propos de la Tha\u00eflande - Offizielle Seite Thail\u00e4ndisches Fremdenverkehrsamt","robots":{"index":"index","follow":"follow","max-snippet":"max-snippet:-1","max-image-preview":"max-image-preview:large","max-video-preview":"max-video-preview:-1"},"canonical":"https:\/\/www.tourismthailand.ch\/fr\/la-thailande\/a-propos-de-la-thailande\/","og_locale":"fr_FR","og_type":"article","og_title":"A propos de la Tha\u00eflande - Offizielle Seite Thail\u00e4ndisches Fremdenverkehrsamt","og_description":"[vc_row][vc_column][vc_column_text] Jours f\u00e9ri\u00e9s [\/vc_column_text][vc_empty_space][vc_empty_space][vc_column_text]Avec ses magnifiques temples, sa nature exotique et ses plages spectaculaires, la Tha\u00eflande est une destination vraiment fascinante dont la culture unique inspire chaque ann\u00e9e des voyageurs du monde entier. La cuisine tha\u00eflandaise, saine et d\u00e9licieuse, est \u00e9galement connue dans le monde entier, ainsi que la cordialit\u00e9 des Tha\u00eflandais, qui a valu au royaume son surnom de &#8220;pays du sourire&#8221;. Le pays du sourire et des impairs&#8230; &#8230;mais avec un &#8220;Mai Pen Rai&#8221;, on peut presque tout r\u00e9parer. Sans une pr\u00e9paration appropri\u00e9e, les vacances tha\u00eflandaises [&hellip;]","og_url":"https:\/\/www.tourismthailand.ch\/fr\/la-thailande\/a-propos-de-la-thailande\/","og_site_name":"Offizielle Seite Thail\u00e4ndisches Fremdenverkehrsamt","article_publisher":"https:\/\/www.facebook.com\/TATSwitzerland","article_modified_time":"2022-01-04T15:31:05+00:00","og_image":[{"width":1920,"height":1080,"url":"https:\/\/www.tourismthailand.ch\/wp-content\/uploads\/2018\/03\/6.0_0001_Hintergrund.jpg","type":"image\/jpeg"}],"twitter_card":"summary_large_image","twitter_misc":{"Est. reading time":"7 minutes"},"schema":{"@context":"https:\/\/schema.org","@graph":[{"@type":"WebPage","@id":"https:\/\/www.tourismthailand.ch\/fr\/la-thailande\/a-propos-de-la-thailande\/","url":"https:\/\/www.tourismthailand.ch\/fr\/la-thailande\/a-propos-de-la-thailande\/","name":"A propos de la Tha\u00eflande - Offizielle Seite Thail\u00e4ndisches Fremdenverkehrsamt","isPartOf":{"@id":"https:\/\/www.tourismthailand.ch\/fr\/#website"},"primaryImageOfPage":{"@id":"https:\/\/www.tourismthailand.ch\/fr\/la-thailande\/a-propos-de-la-thailande\/#primaryimage"},"image":{"@id":"https:\/\/www.tourismthailand.ch\/fr\/la-thailande\/a-propos-de-la-thailande\/#primaryimage"},"thumbnailUrl":"https:\/\/www.tourismthailand.ch\/wp-content\/uploads\/2018\/03\/6.0_0001_Hintergrund.jpg","datePublished":"2020-11-13T15:57:00+00:00","dateModified":"2022-01-04T15:31:05+00:00","breadcrumb":{"@id":"https:\/\/www.tourismthailand.ch\/fr\/la-thailande\/a-propos-de-la-thailande\/#breadcrumb"},"inLanguage":"fr-CH","potentialAction":[{"@type":"ReadAction","target":["https:\/\/www.tourismthailand.ch\/fr\/la-thailande\/a-propos-de-la-thailande\/"]}]},{"@type":"ImageObject","inLanguage":"fr-CH","@id":"https:\/\/www.tourismthailand.ch\/fr\/la-thailande\/a-propos-de-la-thailande\/#primaryimage","url":"https:\/\/www.tourismthailand.ch\/wp-content\/uploads\/2018\/03\/6.0_0001_Hintergrund.jpg","contentUrl":"https:\/\/www.tourismthailand.ch\/wp-content\/uploads\/2018\/03\/6.0_0001_Hintergrund.jpg","width":1920,"height":1080,"caption":"Zwei \u00e4ltere Thail\u00e4nderinnen sitzen auf Stohballen mit zwei jungen Thais und k\u00fcmmern sich um das Essen."},{"@type":"BreadcrumbList","@id":"https:\/\/www.tourismthailand.ch\/fr\/la-thailande\/a-propos-de-la-thailande\/#breadcrumb","itemListElement":[{"@type":"ListItem","position":1,"name":"Startseite","item":"https:\/\/www.tourismthailand.ch\/fr\/"},{"@type":"ListItem","position":2,"name":"La Tha\u00eflande","item":"https:\/\/www.tourismthailand.ch\/fr\/la-thailande\/"},{"@type":"ListItem","position":3,"name":"A propos de la Tha\u00eflande"}]},{"@type":"WebSite","@id":"https:\/\/www.tourismthailand.ch\/fr\/#website","url":"https:\/\/www.tourismthailand.ch\/fr\/","name":"Offizielle Seite Thail\u00e4ndisches Fremdenverkehrsamt","description":"tourismthailand.ch","potentialAction":[{"@type":"SearchAction","target":{"@type":"EntryPoint","urlTemplate":"https:\/\/www.tourismthailand.ch\/fr\/?s={search_term_string}"},"query-input":{"@type":"PropertyValueSpecification","valueRequired":true,"valueName":"search_term_string"}}],"inLanguage":"fr-CH"}]}},"_links":{"self":[{"href":"https:\/\/www.tourismthailand.ch\/fr\/wp-json\/wp\/v2\/pages\/4847","targetHints":{"allow":["GET"]}}],"collection":[{"href":"https:\/\/www.tourismthailand.ch\/fr\/wp-json\/wp\/v2\/pages"}],"about":[{"href":"https:\/\/www.tourismthailand.ch\/fr\/wp-json\/wp\/v2\/types\/page"}],"author":[{"embeddable":true,"href":"https:\/\/www.tourismthailand.ch\/fr\/wp-json\/wp\/v2\/users\/1"}],"replies":[{"embeddable":true,"href":"https:\/\/www.tourismthailand.ch\/fr\/wp-json\/wp\/v2\/comments?post=4847"}],"version-history":[{"count":4,"href":"https:\/\/www.tourismthailand.ch\/fr\/wp-json\/wp\/v2\/pages\/4847\/revisions"}],"predecessor-version":[{"id":6886,"href":"https:\/\/www.tourismthailand.ch\/fr\/wp-json\/wp\/v2\/pages\/4847\/revisions\/6886"}],"up":[{"embeddable":true,"href":"https:\/\/www.tourismthailand.ch\/fr\/wp-json\/wp\/v2\/pages\/5344"}],"wp:featuredmedia":[{"embeddable":true,"href":"https:\/\/www.tourismthailand.ch\/fr\/wp-json\/wp\/v2\/media\/4725"}],"wp:attachment":[{"href":"https:\/\/www.tourismthailand.ch\/fr\/wp-json\/wp\/v2\/media?parent=4847"}],"curies":[{"name":"wp","href":"https:\/\/api.w.org\/{rel}","templated":true}]}}