{"id":4837,"date":"2020-11-13T15:55:01","date_gmt":"2020-11-13T14:55:01","guid":{"rendered":"https:\/\/www.tourismthailand.ch\/histoire\/"},"modified":"2020-12-07T10:29:07","modified_gmt":"2020-12-07T09:29:07","slug":"histoire","status":"publish","type":"page","link":"https:\/\/www.tourismthailand.ch\/fr\/la-thailande\/histoire\/","title":{"rendered":"Histoire"},"content":{"rendered":"<div class=\"wpb-content-wrapper\"><p>[vc_row][vc_column][vc_column_text]<\/p>\n<h2>Immersion dans l&#8217;histoire du Royaume de Siam<\/h2>\n<p>[\/vc_column_text][vc_column_text]L&#8217;histoire tr\u00e8s document\u00e9e de la Tha\u00eflande remonte \u00e0 l&#8217;\u00e2ge de pierre, au moment o\u00f9 les premiers lieux du pays \u00e9taient d\u00e9j\u00e0 peupl\u00e9s. Par la suite, des peuples comme les M\u00f4ns ou les Khmers sont venus s&#8217;installer dans les fronti\u00e8res du royaume actuel. Au d\u00e9but, le royaume du Lanna, dans le nord de la Tha\u00eflande, \u00e9tait dirig\u00e9 par un autre roi que celui de Sukhothai, qui est consid\u00e9r\u00e9 comme le berceau du royaume tha\u00eflandais et donc de la Tha\u00eflande actuelle. Ce n&#8217;est que pendant la p\u00e9riode Ayutthaya, qui a dur\u00e9 plus de 400 ans, que les fronti\u00e8res du royaume actuel ont lentement commenc\u00e9 \u00e0 se former. Apr\u00e8s la destruction d&#8217;Ayutthaya, la capitale a \u00e9t\u00e9 d\u00e9plac\u00e9e \u00e0 Thonburi pendant quelques ann\u00e9es avant que le roi Rama Ier ne d\u00e9clare Bangkok nouvelle capitale en 1782. C&#8217;est avec lui que la dynastie Chakri a commenc\u00e9.[\/vc_column_text][vc_empty_space]<div class=\"mkdf-image-gallery  mkdf-ig-grid-type mkdf-normal-space  mkdf-image-behavior-lightbox\">\n\t<div class=\"mkdf-ig-inner mkdf-outer-space mkdf-ig-grid mkdf-ig-three-columns\">\n\t\t\t\t\t<div class=\"mkdf-ig-image mkdf-item-space\">\n\t\t\t\t<div class=\"mkdf-ig-image-inner\">\n\t\t\t\t\t\t\t\t\t\t\t<a itemprop=\"image\" class=\"mkdf-ig-lightbox\" href=\"https:\/\/www.tourismthailand.ch\/wp-content\/uploads\/2018\/03\/6.1_0003_Geschichte.jpg\" data-rel=\"prettyPhoto[image_gallery_pretty_photo-509]\" title=\"6.1_0003_Geschichte\">\n\t\t\t\t\t\t\t\t\t\t\t<img loading=\"lazy\" decoding=\"async\" src=\"https:\/\/www.tourismthailand.ch\/wp-content\/uploads\/2018\/03\/6.1_0003_Geschichte-310x310.jpg\" alt=\"\" width=\"310\" height=\"310\" \/>\t\t\t\t\t\t\t\t\t\t\t<\/a>\n\t\t\t\t\t\t\t\t\t<\/div>\n\t\t\t<\/div>\n\t\t\t\t\t<div class=\"mkdf-ig-image mkdf-item-space\">\n\t\t\t\t<div class=\"mkdf-ig-image-inner\">\n\t\t\t\t\t\t\t\t\t\t\t<a itemprop=\"image\" class=\"mkdf-ig-lightbox\" href=\"https:\/\/www.tourismthailand.ch\/wp-content\/uploads\/2018\/03\/6.1_0001_Sukhothai-2.jpg\" data-rel=\"prettyPhoto[image_gallery_pretty_photo-509]\" title=\"6.1_0001_Sukhothai-(2)\">\n\t\t\t\t\t\t\t\t\t\t\t<img loading=\"lazy\" decoding=\"async\" src=\"https:\/\/www.tourismthailand.ch\/wp-content\/uploads\/2018\/03\/6.1_0001_Sukhothai-2-310x310.jpg\" alt=\"\" width=\"310\" height=\"310\" \/>\t\t\t\t\t\t\t\t\t\t\t<\/a>\n\t\t\t\t\t\t\t\t\t<\/div>\n\t\t\t<\/div>\n\t\t\t\t\t<div class=\"mkdf-ig-image mkdf-item-space\">\n\t\t\t\t<div class=\"mkdf-ig-image-inner\">\n\t\t\t\t\t\t\t\t\t\t\t<a itemprop=\"image\" class=\"mkdf-ig-lightbox\" href=\"https:\/\/www.tourismthailand.ch\/wp-content\/uploads\/2018\/03\/6.1_0000_Sukhothai.jpg\" data-rel=\"prettyPhoto[image_gallery_pretty_photo-509]\" title=\"6.1_0000_Sukhothai\">\n\t\t\t\t\t\t\t\t\t\t\t<img loading=\"lazy\" decoding=\"async\" src=\"https:\/\/www.tourismthailand.ch\/wp-content\/uploads\/2018\/03\/6.1_0000_Sukhothai-310x310.jpg\" alt=\"\" width=\"310\" height=\"310\" \/>\t\t\t\t\t\t\t\t\t\t\t<\/a>\n\t\t\t\t\t\t\t\t\t<\/div>\n\t\t\t<\/div>\n\t\t\t<\/div>\n<\/div>[vc_column_text]<\/p>\n<h3>Les d\u00e9buts de l\u2019histoire telle qu\u2019on la conna\u00eet aujourd\u2019hui<\/h3>\n<p>Des outils en pierre grossi\u00e8rement taill\u00e9s et d&#8217;autres traces de cultures de l&#8217;\u00e2ge de pierre, dont les plus anciennes remontent \u00e0 environ 300\u2019000 ans avant J\u00e9sus-Christ, ont \u00e9t\u00e9 trouv\u00e9s \u00e0 Lampang, au nord, et \u00e0 Krabi, au sud. Des outils datant de la p\u00e9riode allant d&#8217;environ 10\u2019000 \u00e0 2\u2019000 ans avant J.-C. ont \u00e9t\u00e9 trouv\u00e9s dans des grottes pr\u00e8s de Mae Hong Son et de Kanchanaburi. De plus, des graines de noix de b\u00e9tel, de poivre noir, de gourde et de concombre ont \u00e9galement \u00e9t\u00e9 trouv\u00e9es, ce qui sugg\u00e8re que des cultures de chasseurs-cueilleurs \u00e9taient \u00e9tablies dans ces r\u00e9gions. Des appareils tels qu&#8217;une large hache polie, un couteau aiguis\u00e9 et des poteries datant d&#8217;environ 6\u2019500 avant J.-C. sugg\u00e8rent que l&#8217;agriculture \u00e9tait d\u00e9j\u00e0 pratiqu\u00e9e \u00e0 cette \u00e9poque. . La r\u00e9gion de Ban Chiang, dans la province d&#8217;Udon Thani, a \u00e9t\u00e9 colonis\u00e9e entre 3\u2019600 et 250 avant J.-C. Lors des fouilles, de nombreux artefacts en bronze et en fer ont \u00e9t\u00e9 retrouv\u00e9s. Les habitants de cette r\u00e9gion, des riziculteurs et des \u00e9leveurs de b\u00e9tail, se sont \u00e9galement r\u00e9v\u00e9l\u00e9s \u00eatre d&#8217;habiles potiers. Ils ont cr\u00e9\u00e9 des c\u00e9ramiques noires assez artistiques, puis peintes en rouge-orange.[\/vc_column_text][vc_empty_space][vc_column_text]<\/p>\n<h3>Ayutthaya<\/h3>\n<p>Le prince d&#8217;U-Thong a fond\u00e9 l&#8217;empire d&#8217;Ayutthaya, qui allait d\u00e9terminer l&#8217;histoire du Siam pendant quatre si\u00e8cles encore. De 1350 \u00e0 1767, 36 rois au total ont r\u00e9gn\u00e9, ce qui a fait de la ville le centre florissant des Hinterindiens aux XVIe et XVIIe si\u00e8cles. L&#8217;influence europ\u00e9enne a \u00e9t\u00e9 la plus grande sous le roi Narai (1657 &#8211; 1688), qui a accueilli des diplomates, des marchands et des missionnaires du monde entier, mais surtout d&#8217;Europe. Sous son r\u00e8gne, Ayutthaya comptait pr\u00e8s d&#8217;un million d&#8217;habitants et \u00e9tait donc plus grande que Londres \u00e0 cette \u00e9poque. Entre le XVe et le XVIIIe si\u00e8cle ont eu lieu de nombreuses guerres avec les troupes birmanes et cambodgiennes. Le si\u00e8ge d&#8217;un an et la destruction totale d&#8217;Ayutthaya par les Birmans en 1767 ont laiss\u00e9 derri\u00e8re eux des ruines qui donnent encore aujourd&#8217;hui une id\u00e9e de la grandeur d\u2019autrefois de la ville. Les temples, qui ont maintenant \u00e9t\u00e9 partiellement r\u00e9nov\u00e9s, sont des lieux de paix et de contemplation avec des t\u00e9moignages impressionnants de la culture bouddhiste des temps pass\u00e9s.[\/vc_column_text][vc_empty_space][vc_column_text]<\/p>\n<h3>Sukhothai<\/h3>\n<p>Lorsque l&#8217;empire cambodgien s&#8217;est effondr\u00e9 au XIIIe si\u00e8cle et que les Tha\u00eflandais ont immigr\u00e9 en nombre croissant dans ce qui est aujourd&#8217;hui le centre de la Tha\u00eflande, ils ont lutt\u00e9 pour leur ind\u00e9pendance en 1238 et ont fond\u00e9 leur premier royaume de Sukhothai, ce qui signifie litt\u00e9ralement l&#8217;aube de la f\u00e9licit\u00e9. Sous le roi Ramkamhaeng (1280 &#8211; 1370), l&#8217;empire s&#8217;est d\u00e9velopp\u00e9 jusqu&#8217;\u00e0 son apog\u00e9e. C&#8217;est aussi en son temps que la culture a \u00e9t\u00e9 enrichie par les arts et les philosophies en provenance de l&#8217;Inde, de la Chine et du Cambodge et qui a vu le jour de l&#8217;alphabet qui existe encore aujourd&#8217;hui. Un nouveau style d&#8217;art, le style dit Sukhothai, a \u00e9galement \u00e9merg\u00e9. La satisfaction des gens de l&#8217;\u00e9poque se refl\u00e8te aujourd\u2019hui encore dans les visages de leurs statues de Bouddha. La p\u00e9riode Sukhothai s&#8217;est achev\u00e9e au milieu du 14\u00e8me si\u00e8cle lorsque l&#8217;\u00e9quilibre des pouvoirs s&#8217;est d\u00e9plac\u00e9 plus au sud du pays.[\/vc_column_text][vc_empty_space][vc_column_text]<\/p>\n<h3>La dynastie Chakri<\/h3>\n<p>Apr\u00e8s la destruction d&#8217;Ayutthaya, le g\u00e9n\u00e9ral Taksin a pu concentrer les troupes siamoises restantes et expulser les Birmans. Il est alors nomm\u00e9 roi et fonde une nouvelle capitale \u00e0 Thonburi, \u00e0 70 km au sud d&#8217;Ayutthaya, au bord du fleuve Chao Phraya. Mais au bout de dix ans, il est devenu de plus en plus m\u00e9galomane et a finalement \u00e9t\u00e9 ex\u00e9cut\u00e9. Son successeur, le g\u00e9n\u00e9ral Chakri, est mont\u00e9 sur le tr\u00f4ne en tant que roi Rama Ier et a d\u00e9plac\u00e9 la nouvelle capitale \u00e0 Bangkok, de l&#8217;autre c\u00f4t\u00e9 du fleuve en 1782. C&#8217;\u00e9tait d\u2019un part pour des raisons strat\u00e9giques et d\u2019autre part parce qu&#8217;il \u00e9tait habituel depuis l&#8217;\u00e9poque mongole (XIIIe si\u00e8cle) de d\u00e9localiser une capitale qui \u00e9tait entach\u00e9e par la honte. D&#8217;autres rois populaires de la dynastie Chakri, qui r\u00e8gne encore aujourd&#8217;hui, \u00e9taient le roi Rama IV (Mongkut), Rama V (Chulalongkorn) et Rama IX (Bhumibol). Ils ont ouvert la Tha\u00eflande aux nouvelles id\u00e9es et technologies occidentales, aboli l&#8217;esclavage et introduit l&#8217;enseignement obligatoire.[\/vc_column_text][vc_empty_space height=&#8221;108px&#8221;][\/vc_column][\/vc_row]<\/p>\n<\/div>","protected":false},"excerpt":{"rendered":"<p>[vc_row][vc_column][vc_column_text] Immersion dans l&#8217;histoire du Royaume de Siam [\/vc_column_text][vc_column_text]L&#8217;histoire tr\u00e8s document\u00e9e de la Tha\u00eflande remonte \u00e0 l&#8217;\u00e2ge de pierre, au moment o\u00f9 les premiers lieux du pays \u00e9taient d\u00e9j\u00e0 peupl\u00e9s. Par la suite, des peuples comme les M\u00f4ns ou les Khmers sont venus s&#8217;installer dans les fronti\u00e8res du royaume actuel. Au d\u00e9but, le royaume du Lanna, dans le nord de la Tha\u00eflande, \u00e9tait dirig\u00e9 par un autre roi que celui de Sukhothai, qui est consid\u00e9r\u00e9 comme le berceau du royaume tha\u00eflandais et donc de la Tha\u00eflande actuelle. Ce [&hellip;]<\/p>\n","protected":false},"author":1,"featured_media":4735,"parent":5344,"menu_order":0,"comment_status":"closed","ping_status":"closed","template":"","meta":{"footnotes":""},"class_list":["post-4837","page","type-page","status-publish","has-post-thumbnail","hentry"],"yoast_head":"<!-- This site is optimized with the Yoast SEO plugin v27.4 - https:\/\/yoast.com\/product\/yoast-seo-wordpress\/ -->\n<title>Histoire - Offizielle Seite Thail\u00e4ndisches Fremdenverkehrsamt<\/title>\n<meta name=\"robots\" content=\"index, follow, max-snippet:-1, max-image-preview:large, max-video-preview:-1\" \/>\n<link rel=\"canonical\" href=\"https:\/\/www.tourismthailand.ch\/fr\/la-thailande\/histoire\/\" \/>\n<meta property=\"og:locale\" content=\"fr_FR\" \/>\n<meta property=\"og:type\" content=\"article\" \/>\n<meta property=\"og:title\" content=\"Histoire - Offizielle Seite Thail\u00e4ndisches Fremdenverkehrsamt\" \/>\n<meta property=\"og:description\" content=\"[vc_row][vc_column][vc_column_text] Immersion dans l&#8217;histoire du Royaume de Siam [\/vc_column_text][vc_column_text]L&#8217;histoire tr\u00e8s document\u00e9e de la Tha\u00eflande remonte \u00e0 l&#8217;\u00e2ge de pierre, au moment o\u00f9 les premiers lieux du pays \u00e9taient d\u00e9j\u00e0 peupl\u00e9s. Par la suite, des peuples comme les M\u00f4ns ou les Khmers sont venus s&#8217;installer dans les fronti\u00e8res du royaume actuel. Au d\u00e9but, le royaume du Lanna, dans le nord de la Tha\u00eflande, \u00e9tait dirig\u00e9 par un autre roi que celui de Sukhothai, qui est consid\u00e9r\u00e9 comme le berceau du royaume tha\u00eflandais et donc de la Tha\u00eflande actuelle. Ce [&hellip;]\" \/>\n<meta property=\"og:url\" content=\"https:\/\/www.tourismthailand.ch\/fr\/la-thailande\/histoire\/\" \/>\n<meta property=\"og:site_name\" content=\"Offizielle Seite Thail\u00e4ndisches Fremdenverkehrsamt\" \/>\n<meta property=\"article:publisher\" content=\"https:\/\/www.facebook.com\/TATSwitzerland\" \/>\n<meta property=\"article:modified_time\" content=\"2020-12-07T09:29:07+00:00\" \/>\n<meta property=\"og:image\" content=\"https:\/\/www.tourismthailand.ch\/wp-content\/uploads\/2018\/03\/6.1_0004_Ayutthaya-Thailand-at-Wat-Chaiwatthanaram.jpg\" \/>\n\t<meta property=\"og:image:width\" content=\"1920\" \/>\n\t<meta property=\"og:image:height\" content=\"1080\" \/>\n\t<meta property=\"og:image:type\" content=\"image\/jpeg\" \/>\n<meta name=\"twitter:card\" content=\"summary_large_image\" \/>\n<meta name=\"twitter:label1\" content=\"Est. reading time\" \/>\n\t<meta name=\"twitter:data1\" content=\"5 minutes\" \/>\n<script type=\"application\/ld+json\" class=\"yoast-schema-graph\">{\"@context\":\"https:\\\/\\\/schema.org\",\"@graph\":[{\"@type\":\"WebPage\",\"@id\":\"https:\\\/\\\/www.tourismthailand.ch\\\/fr\\\/la-thailande\\\/histoire\\\/\",\"url\":\"https:\\\/\\\/www.tourismthailand.ch\\\/fr\\\/la-thailande\\\/histoire\\\/\",\"name\":\"Histoire - Offizielle Seite Thail\u00e4ndisches Fremdenverkehrsamt\",\"isPartOf\":{\"@id\":\"https:\\\/\\\/www.tourismthailand.ch\\\/fr\\\/#website\"},\"primaryImageOfPage\":{\"@id\":\"https:\\\/\\\/www.tourismthailand.ch\\\/fr\\\/la-thailande\\\/histoire\\\/#primaryimage\"},\"image\":{\"@id\":\"https:\\\/\\\/www.tourismthailand.ch\\\/fr\\\/la-thailande\\\/histoire\\\/#primaryimage\"},\"thumbnailUrl\":\"https:\\\/\\\/www.tourismthailand.ch\\\/wp-content\\\/uploads\\\/2018\\\/03\\\/6.1_0004_Ayutthaya-Thailand-at-Wat-Chaiwatthanaram.jpg\",\"datePublished\":\"2020-11-13T14:55:01+00:00\",\"dateModified\":\"2020-12-07T09:29:07+00:00\",\"breadcrumb\":{\"@id\":\"https:\\\/\\\/www.tourismthailand.ch\\\/fr\\\/la-thailande\\\/histoire\\\/#breadcrumb\"},\"inLanguage\":\"fr-CH\",\"potentialAction\":[{\"@type\":\"ReadAction\",\"target\":[\"https:\\\/\\\/www.tourismthailand.ch\\\/fr\\\/la-thailande\\\/histoire\\\/\"]}]},{\"@type\":\"ImageObject\",\"inLanguage\":\"fr-CH\",\"@id\":\"https:\\\/\\\/www.tourismthailand.ch\\\/fr\\\/la-thailande\\\/histoire\\\/#primaryimage\",\"url\":\"https:\\\/\\\/www.tourismthailand.ch\\\/wp-content\\\/uploads\\\/2018\\\/03\\\/6.1_0004_Ayutthaya-Thailand-at-Wat-Chaiwatthanaram.jpg\",\"contentUrl\":\"https:\\\/\\\/www.tourismthailand.ch\\\/wp-content\\\/uploads\\\/2018\\\/03\\\/6.1_0004_Ayutthaya-Thailand-at-Wat-Chaiwatthanaram.jpg\",\"width\":1920,\"height\":1080,\"caption\":\"Sonnenuntergangsstimmung in Ayutthaya Thailand beim Wat Chaiwatthanaram\"},{\"@type\":\"BreadcrumbList\",\"@id\":\"https:\\\/\\\/www.tourismthailand.ch\\\/fr\\\/la-thailande\\\/histoire\\\/#breadcrumb\",\"itemListElement\":[{\"@type\":\"ListItem\",\"position\":1,\"name\":\"Startseite\",\"item\":\"https:\\\/\\\/www.tourismthailand.ch\\\/fr\\\/\"},{\"@type\":\"ListItem\",\"position\":2,\"name\":\"La Tha\u00eflande\",\"item\":\"https:\\\/\\\/www.tourismthailand.ch\\\/fr\\\/la-thailande\\\/\"},{\"@type\":\"ListItem\",\"position\":3,\"name\":\"Histoire\"}]},{\"@type\":\"WebSite\",\"@id\":\"https:\\\/\\\/www.tourismthailand.ch\\\/fr\\\/#website\",\"url\":\"https:\\\/\\\/www.tourismthailand.ch\\\/fr\\\/\",\"name\":\"Offizielle Seite Thail\u00e4ndisches Fremdenverkehrsamt\",\"description\":\"tourismthailand.ch\",\"potentialAction\":[{\"@type\":\"SearchAction\",\"target\":{\"@type\":\"EntryPoint\",\"urlTemplate\":\"https:\\\/\\\/www.tourismthailand.ch\\\/fr\\\/?s={search_term_string}\"},\"query-input\":{\"@type\":\"PropertyValueSpecification\",\"valueRequired\":true,\"valueName\":\"search_term_string\"}}],\"inLanguage\":\"fr-CH\"}]}<\/script>\n<!-- \/ Yoast SEO plugin. -->","yoast_head_json":{"title":"Histoire - Offizielle Seite Thail\u00e4ndisches Fremdenverkehrsamt","robots":{"index":"index","follow":"follow","max-snippet":"max-snippet:-1","max-image-preview":"max-image-preview:large","max-video-preview":"max-video-preview:-1"},"canonical":"https:\/\/www.tourismthailand.ch\/fr\/la-thailande\/histoire\/","og_locale":"fr_FR","og_type":"article","og_title":"Histoire - Offizielle Seite Thail\u00e4ndisches Fremdenverkehrsamt","og_description":"[vc_row][vc_column][vc_column_text] Immersion dans l&#8217;histoire du Royaume de Siam [\/vc_column_text][vc_column_text]L&#8217;histoire tr\u00e8s document\u00e9e de la Tha\u00eflande remonte \u00e0 l&#8217;\u00e2ge de pierre, au moment o\u00f9 les premiers lieux du pays \u00e9taient d\u00e9j\u00e0 peupl\u00e9s. Par la suite, des peuples comme les M\u00f4ns ou les Khmers sont venus s&#8217;installer dans les fronti\u00e8res du royaume actuel. Au d\u00e9but, le royaume du Lanna, dans le nord de la Tha\u00eflande, \u00e9tait dirig\u00e9 par un autre roi que celui de Sukhothai, qui est consid\u00e9r\u00e9 comme le berceau du royaume tha\u00eflandais et donc de la Tha\u00eflande actuelle. Ce [&hellip;]","og_url":"https:\/\/www.tourismthailand.ch\/fr\/la-thailande\/histoire\/","og_site_name":"Offizielle Seite Thail\u00e4ndisches Fremdenverkehrsamt","article_publisher":"https:\/\/www.facebook.com\/TATSwitzerland","article_modified_time":"2020-12-07T09:29:07+00:00","og_image":[{"width":1920,"height":1080,"url":"https:\/\/www.tourismthailand.ch\/wp-content\/uploads\/2018\/03\/6.1_0004_Ayutthaya-Thailand-at-Wat-Chaiwatthanaram.jpg","type":"image\/jpeg"}],"twitter_card":"summary_large_image","twitter_misc":{"Est. reading time":"5 minutes"},"schema":{"@context":"https:\/\/schema.org","@graph":[{"@type":"WebPage","@id":"https:\/\/www.tourismthailand.ch\/fr\/la-thailande\/histoire\/","url":"https:\/\/www.tourismthailand.ch\/fr\/la-thailande\/histoire\/","name":"Histoire - Offizielle Seite Thail\u00e4ndisches Fremdenverkehrsamt","isPartOf":{"@id":"https:\/\/www.tourismthailand.ch\/fr\/#website"},"primaryImageOfPage":{"@id":"https:\/\/www.tourismthailand.ch\/fr\/la-thailande\/histoire\/#primaryimage"},"image":{"@id":"https:\/\/www.tourismthailand.ch\/fr\/la-thailande\/histoire\/#primaryimage"},"thumbnailUrl":"https:\/\/www.tourismthailand.ch\/wp-content\/uploads\/2018\/03\/6.1_0004_Ayutthaya-Thailand-at-Wat-Chaiwatthanaram.jpg","datePublished":"2020-11-13T14:55:01+00:00","dateModified":"2020-12-07T09:29:07+00:00","breadcrumb":{"@id":"https:\/\/www.tourismthailand.ch\/fr\/la-thailande\/histoire\/#breadcrumb"},"inLanguage":"fr-CH","potentialAction":[{"@type":"ReadAction","target":["https:\/\/www.tourismthailand.ch\/fr\/la-thailande\/histoire\/"]}]},{"@type":"ImageObject","inLanguage":"fr-CH","@id":"https:\/\/www.tourismthailand.ch\/fr\/la-thailande\/histoire\/#primaryimage","url":"https:\/\/www.tourismthailand.ch\/wp-content\/uploads\/2018\/03\/6.1_0004_Ayutthaya-Thailand-at-Wat-Chaiwatthanaram.jpg","contentUrl":"https:\/\/www.tourismthailand.ch\/wp-content\/uploads\/2018\/03\/6.1_0004_Ayutthaya-Thailand-at-Wat-Chaiwatthanaram.jpg","width":1920,"height":1080,"caption":"Sonnenuntergangsstimmung in Ayutthaya Thailand beim Wat Chaiwatthanaram"},{"@type":"BreadcrumbList","@id":"https:\/\/www.tourismthailand.ch\/fr\/la-thailande\/histoire\/#breadcrumb","itemListElement":[{"@type":"ListItem","position":1,"name":"Startseite","item":"https:\/\/www.tourismthailand.ch\/fr\/"},{"@type":"ListItem","position":2,"name":"La Tha\u00eflande","item":"https:\/\/www.tourismthailand.ch\/fr\/la-thailande\/"},{"@type":"ListItem","position":3,"name":"Histoire"}]},{"@type":"WebSite","@id":"https:\/\/www.tourismthailand.ch\/fr\/#website","url":"https:\/\/www.tourismthailand.ch\/fr\/","name":"Offizielle Seite Thail\u00e4ndisches Fremdenverkehrsamt","description":"tourismthailand.ch","potentialAction":[{"@type":"SearchAction","target":{"@type":"EntryPoint","urlTemplate":"https:\/\/www.tourismthailand.ch\/fr\/?s={search_term_string}"},"query-input":{"@type":"PropertyValueSpecification","valueRequired":true,"valueName":"search_term_string"}}],"inLanguage":"fr-CH"}]}},"_links":{"self":[{"href":"https:\/\/www.tourismthailand.ch\/fr\/wp-json\/wp\/v2\/pages\/4837","targetHints":{"allow":["GET"]}}],"collection":[{"href":"https:\/\/www.tourismthailand.ch\/fr\/wp-json\/wp\/v2\/pages"}],"about":[{"href":"https:\/\/www.tourismthailand.ch\/fr\/wp-json\/wp\/v2\/types\/page"}],"author":[{"embeddable":true,"href":"https:\/\/www.tourismthailand.ch\/fr\/wp-json\/wp\/v2\/users\/1"}],"replies":[{"embeddable":true,"href":"https:\/\/www.tourismthailand.ch\/fr\/wp-json\/wp\/v2\/comments?post=4837"}],"version-history":[{"count":0,"href":"https:\/\/www.tourismthailand.ch\/fr\/wp-json\/wp\/v2\/pages\/4837\/revisions"}],"up":[{"embeddable":true,"href":"https:\/\/www.tourismthailand.ch\/fr\/wp-json\/wp\/v2\/pages\/5344"}],"wp:featuredmedia":[{"embeddable":true,"href":"https:\/\/www.tourismthailand.ch\/fr\/wp-json\/wp\/v2\/media\/4735"}],"wp:attachment":[{"href":"https:\/\/www.tourismthailand.ch\/fr\/wp-json\/wp\/v2\/media?parent=4837"}],"curies":[{"name":"wp","href":"https:\/\/api.w.org\/{rel}","templated":true}]}}