{"id":4831,"date":"2020-11-13T15:09:29","date_gmt":"2020-11-13T14:09:29","guid":{"rendered":"https:\/\/www.tourismthailand.ch\/politique\/"},"modified":"2020-12-07T10:58:49","modified_gmt":"2020-12-07T09:58:49","slug":"politique","status":"publish","type":"page","link":"https:\/\/www.tourismthailand.ch\/fr\/la-thailande\/politique\/","title":{"rendered":"Politique"},"content":{"rendered":"<div class=\"wpb-content-wrapper\"><p>[vc_row][vc_column][vc_column_text]<\/p>\n<h2>La monarchie et son fonctionnement<\/h2>\n<p>[\/vc_column_text][vc_column_text]Le syst\u00e8me de gouvernement tha\u00eflandais est une monarchie constitutionnelle, similaire \u00e0 celle que l&#8217;on trouve au Royaume-Uni, dans laquelle un premier ministre d\u00e9tient le pouvoir politique en tant que chef du gouvernement, mais o\u00f9 le roi continue de faire office de chef de l&#8217;\u00c9tat.<\/p>\n<p>Cette forme de gouvernement existe en Tha\u00eflande depuis 1932. Avant cela, plusieurs familles royales ont dirig\u00e9 le pays pendant plus de 700 ans. L&#8217;actuel roi tha\u00eflandais Maha Vajiralongkorn, Rama X, est le dixi\u00e8me monarque de la dynastie Chakri, qui gouverne la Tha\u00eflande depuis 1782. Il est v\u00e9n\u00e9r\u00e9 dans tout le pays et sa parole fait toujours foi aujourd&#8217;hui, bien qu&#8217;il n&#8217;ait en r\u00e9alit\u00e9 aucun pouvoir politique.[\/vc_column_text][vc_empty_space][vc_column_text]<\/p>\n<h3>Le gouvernement<\/h3>\n<p>Le gouvernement tha\u00eflandais est compos\u00e9 d&#8217;une coalition de diff\u00e9rents partis dirig\u00e9e par le Premier ministre. Le syst\u00e8me l\u00e9gislatif bicam\u00e9ral, compos\u00e9 du S\u00e9nat et de la Chambre des repr\u00e9sentants, est \u00e9lu par le peuple tous les quatre ans. Le Premier ministre est \u00e0 la t\u00eate du pouvoir ex\u00e9cutif, tandis que la Cour supr\u00eame repr\u00e9sente le pouvoir judiciaire.<\/p>\n<p>Depuis l&#8217;instauration de la monarchie constitutionnelle, le royaume a connu plusieurs coups d&#8217;\u00c9tat. Les Tha\u00eflandais ont toujours \u00e9t\u00e9 tr\u00e8s actifs politiquement et ont toujours d\u00e9fendu leurs droits.[\/vc_column_text][vc_empty_space][vc_column_text]<\/p>\n<h3>La monarchie<\/h3>\n<p>La monarchie joue un r\u00f4le tr\u00e8s central en Tha\u00eflande, ce que la plupart des suisses ont beaucoup de mal \u00e0 comprendre. La famille royale, et en particulier Sa Majest\u00e9 le Roi Maha Vajiralongkorn, est extr\u00eamement respect\u00e9e par tous les Tha\u00eflandais. L&#8217;image du roi orne chaque billet et pi\u00e8ce de monnaie ainsi que de nombreux foyers et locaux commerciaux tha\u00eflandais. Les Tha\u00eflandais ne parlent de leur roi qu&#8217;avec un profond respect. En temps de crise politique, il laisse souvent agir son influence pond\u00e9rante et r\u00e9fl\u00e9chie, bien qu&#8217;il n&#8217;ait en fait aucune fonction politique.[\/vc_column_text][vc_empty_space height=&#8221;108px&#8221;][\/vc_column][\/vc_row]<\/p>\n<\/div>","protected":false},"excerpt":{"rendered":"<p>[vc_row][vc_column][vc_column_text] La monarchie et son fonctionnement [\/vc_column_text][vc_column_text]Le syst\u00e8me de gouvernement tha\u00eflandais est une monarchie constitutionnelle, similaire \u00e0 celle que l&#8217;on trouve au Royaume-Uni, dans laquelle un premier ministre d\u00e9tient le pouvoir politique en tant que chef du gouvernement, mais o\u00f9 le roi continue de faire office de chef de l&#8217;\u00c9tat. Cette forme de gouvernement existe en Tha\u00eflande depuis 1932. Avant cela, plusieurs familles royales ont dirig\u00e9 le pays pendant plus de 700 ans. L&#8217;actuel roi tha\u00eflandais Maha Vajiralongkorn, Rama X, est le dixi\u00e8me monarque de la dynastie Chakri, [&hellip;]<\/p>\n","protected":false},"author":1,"featured_media":4341,"parent":5344,"menu_order":0,"comment_status":"closed","ping_status":"closed","template":"","meta":{"footnotes":""},"class_list":["post-4831","page","type-page","status-publish","has-post-thumbnail","hentry"],"yoast_head":"<!-- This site is optimized with the Yoast SEO plugin v27.4 - https:\/\/yoast.com\/product\/yoast-seo-wordpress\/ -->\n<title>Politique - Offizielle Seite Thail\u00e4ndisches Fremdenverkehrsamt<\/title>\n<meta name=\"description\" content=\"Le syst\u00e8me de gouvernement tha\u00eflandais est une monarchie constitutionnelle, similaire \u00e0 celle que l\u2019on trouve au Royaume-Uni, dans laquelle un premier ministre d\u00e9tient le pouvoir politique en tant que chef du gouvernement, mais o\u00f9 le roi continue de faire office de chef de l\u2019\u00c9tat.\" \/>\n<meta name=\"robots\" content=\"index, follow, max-snippet:-1, max-image-preview:large, max-video-preview:-1\" \/>\n<link rel=\"canonical\" href=\"https:\/\/www.tourismthailand.ch\/fr\/la-thailande\/politique\/\" \/>\n<meta property=\"og:locale\" content=\"fr_FR\" \/>\n<meta property=\"og:type\" content=\"article\" \/>\n<meta property=\"og:title\" content=\"Politique - Offizielle Seite Thail\u00e4ndisches Fremdenverkehrsamt\" \/>\n<meta property=\"og:description\" content=\"Le syst\u00e8me de gouvernement tha\u00eflandais est une monarchie constitutionnelle, similaire \u00e0 celle que l\u2019on trouve au Royaume-Uni, dans laquelle un premier ministre d\u00e9tient le pouvoir politique en tant que chef du gouvernement, mais o\u00f9 le roi continue de faire office de chef de l\u2019\u00c9tat.\" \/>\n<meta property=\"og:url\" content=\"https:\/\/www.tourismthailand.ch\/fr\/la-thailande\/politique\/\" \/>\n<meta property=\"og:site_name\" content=\"Offizielle Seite Thail\u00e4ndisches Fremdenverkehrsamt\" \/>\n<meta property=\"article:publisher\" content=\"https:\/\/www.facebook.com\/TATSwitzerland\" \/>\n<meta property=\"article:modified_time\" content=\"2020-12-07T09:58:49+00:00\" \/>\n<meta property=\"og:image\" content=\"https:\/\/www.tourismthailand.ch\/wp-content\/uploads\/2018\/03\/Lampang-_0001_the-wat-chedi-sao-lang_Lampang.jpg\" \/>\n\t<meta property=\"og:image:width\" content=\"1920\" \/>\n\t<meta property=\"og:image:height\" content=\"1080\" \/>\n\t<meta property=\"og:image:type\" content=\"image\/jpeg\" \/>\n<meta name=\"twitter:card\" content=\"summary_large_image\" \/>\n<meta name=\"twitter:label1\" content=\"Est. reading time\" \/>\n\t<meta name=\"twitter:data1\" content=\"2 minutes\" \/>\n<script type=\"application\/ld+json\" class=\"yoast-schema-graph\">{\"@context\":\"https:\\\/\\\/schema.org\",\"@graph\":[{\"@type\":\"WebPage\",\"@id\":\"https:\\\/\\\/www.tourismthailand.ch\\\/fr\\\/la-thailande\\\/politique\\\/\",\"url\":\"https:\\\/\\\/www.tourismthailand.ch\\\/fr\\\/la-thailande\\\/politique\\\/\",\"name\":\"Politique - Offizielle Seite Thail\u00e4ndisches Fremdenverkehrsamt\",\"isPartOf\":{\"@id\":\"https:\\\/\\\/www.tourismthailand.ch\\\/fr\\\/#website\"},\"primaryImageOfPage\":{\"@id\":\"https:\\\/\\\/www.tourismthailand.ch\\\/fr\\\/la-thailande\\\/politique\\\/#primaryimage\"},\"image\":{\"@id\":\"https:\\\/\\\/www.tourismthailand.ch\\\/fr\\\/la-thailande\\\/politique\\\/#primaryimage\"},\"thumbnailUrl\":\"https:\\\/\\\/www.tourismthailand.ch\\\/wp-content\\\/uploads\\\/2018\\\/03\\\/Lampang-_0001_the-wat-chedi-sao-lang_Lampang.jpg\",\"datePublished\":\"2020-11-13T14:09:29+00:00\",\"dateModified\":\"2020-12-07T09:58:49+00:00\",\"description\":\"Le syst\u00e8me de gouvernement tha\u00eflandais est une monarchie constitutionnelle, similaire \u00e0 celle que l\u2019on trouve au Royaume-Uni, dans laquelle un premier ministre d\u00e9tient le pouvoir politique en tant que chef du gouvernement, mais o\u00f9 le roi continue de faire office de chef de l\u2019\u00c9tat.\",\"breadcrumb\":{\"@id\":\"https:\\\/\\\/www.tourismthailand.ch\\\/fr\\\/la-thailande\\\/politique\\\/#breadcrumb\"},\"inLanguage\":\"fr-CH\",\"potentialAction\":[{\"@type\":\"ReadAction\",\"target\":[\"https:\\\/\\\/www.tourismthailand.ch\\\/fr\\\/la-thailande\\\/politique\\\/\"]}]},{\"@type\":\"ImageObject\",\"inLanguage\":\"fr-CH\",\"@id\":\"https:\\\/\\\/www.tourismthailand.ch\\\/fr\\\/la-thailande\\\/politique\\\/#primaryimage\",\"url\":\"https:\\\/\\\/www.tourismthailand.ch\\\/wp-content\\\/uploads\\\/2018\\\/03\\\/Lampang-_0001_the-wat-chedi-sao-lang_Lampang.jpg\",\"contentUrl\":\"https:\\\/\\\/www.tourismthailand.ch\\\/wp-content\\\/uploads\\\/2018\\\/03\\\/Lampang-_0001_the-wat-chedi-sao-lang_Lampang.jpg\",\"width\":1920,\"height\":1080,\"caption\":\"Lampang-_0001_the-wat-chedi-sao-lang_Lampang\"},{\"@type\":\"BreadcrumbList\",\"@id\":\"https:\\\/\\\/www.tourismthailand.ch\\\/fr\\\/la-thailande\\\/politique\\\/#breadcrumb\",\"itemListElement\":[{\"@type\":\"ListItem\",\"position\":1,\"name\":\"Startseite\",\"item\":\"https:\\\/\\\/www.tourismthailand.ch\\\/fr\\\/\"},{\"@type\":\"ListItem\",\"position\":2,\"name\":\"La Tha\u00eflande\",\"item\":\"https:\\\/\\\/www.tourismthailand.ch\\\/fr\\\/la-thailande\\\/\"},{\"@type\":\"ListItem\",\"position\":3,\"name\":\"Politique\"}]},{\"@type\":\"WebSite\",\"@id\":\"https:\\\/\\\/www.tourismthailand.ch\\\/fr\\\/#website\",\"url\":\"https:\\\/\\\/www.tourismthailand.ch\\\/fr\\\/\",\"name\":\"Offizielle Seite Thail\u00e4ndisches Fremdenverkehrsamt\",\"description\":\"tourismthailand.ch\",\"potentialAction\":[{\"@type\":\"SearchAction\",\"target\":{\"@type\":\"EntryPoint\",\"urlTemplate\":\"https:\\\/\\\/www.tourismthailand.ch\\\/fr\\\/?s={search_term_string}\"},\"query-input\":{\"@type\":\"PropertyValueSpecification\",\"valueRequired\":true,\"valueName\":\"search_term_string\"}}],\"inLanguage\":\"fr-CH\"}]}<\/script>\n<!-- \/ Yoast SEO plugin. -->","yoast_head_json":{"title":"Politique - Offizielle Seite Thail\u00e4ndisches Fremdenverkehrsamt","description":"Le syst\u00e8me de gouvernement tha\u00eflandais est une monarchie constitutionnelle, similaire \u00e0 celle que l\u2019on trouve au Royaume-Uni, dans laquelle un premier ministre d\u00e9tient le pouvoir politique en tant que chef du gouvernement, mais o\u00f9 le roi continue de faire office de chef de l\u2019\u00c9tat.","robots":{"index":"index","follow":"follow","max-snippet":"max-snippet:-1","max-image-preview":"max-image-preview:large","max-video-preview":"max-video-preview:-1"},"canonical":"https:\/\/www.tourismthailand.ch\/fr\/la-thailande\/politique\/","og_locale":"fr_FR","og_type":"article","og_title":"Politique - Offizielle Seite Thail\u00e4ndisches Fremdenverkehrsamt","og_description":"Le syst\u00e8me de gouvernement tha\u00eflandais est une monarchie constitutionnelle, similaire \u00e0 celle que l\u2019on trouve au Royaume-Uni, dans laquelle un premier ministre d\u00e9tient le pouvoir politique en tant que chef du gouvernement, mais o\u00f9 le roi continue de faire office de chef de l\u2019\u00c9tat.","og_url":"https:\/\/www.tourismthailand.ch\/fr\/la-thailande\/politique\/","og_site_name":"Offizielle Seite Thail\u00e4ndisches Fremdenverkehrsamt","article_publisher":"https:\/\/www.facebook.com\/TATSwitzerland","article_modified_time":"2020-12-07T09:58:49+00:00","og_image":[{"width":1920,"height":1080,"url":"https:\/\/www.tourismthailand.ch\/wp-content\/uploads\/2018\/03\/Lampang-_0001_the-wat-chedi-sao-lang_Lampang.jpg","type":"image\/jpeg"}],"twitter_card":"summary_large_image","twitter_misc":{"Est. reading time":"2 minutes"},"schema":{"@context":"https:\/\/schema.org","@graph":[{"@type":"WebPage","@id":"https:\/\/www.tourismthailand.ch\/fr\/la-thailande\/politique\/","url":"https:\/\/www.tourismthailand.ch\/fr\/la-thailande\/politique\/","name":"Politique - Offizielle Seite Thail\u00e4ndisches Fremdenverkehrsamt","isPartOf":{"@id":"https:\/\/www.tourismthailand.ch\/fr\/#website"},"primaryImageOfPage":{"@id":"https:\/\/www.tourismthailand.ch\/fr\/la-thailande\/politique\/#primaryimage"},"image":{"@id":"https:\/\/www.tourismthailand.ch\/fr\/la-thailande\/politique\/#primaryimage"},"thumbnailUrl":"https:\/\/www.tourismthailand.ch\/wp-content\/uploads\/2018\/03\/Lampang-_0001_the-wat-chedi-sao-lang_Lampang.jpg","datePublished":"2020-11-13T14:09:29+00:00","dateModified":"2020-12-07T09:58:49+00:00","description":"Le syst\u00e8me de gouvernement tha\u00eflandais est une monarchie constitutionnelle, similaire \u00e0 celle que l\u2019on trouve au Royaume-Uni, dans laquelle un premier ministre d\u00e9tient le pouvoir politique en tant que chef du gouvernement, mais o\u00f9 le roi continue de faire office de chef de l\u2019\u00c9tat.","breadcrumb":{"@id":"https:\/\/www.tourismthailand.ch\/fr\/la-thailande\/politique\/#breadcrumb"},"inLanguage":"fr-CH","potentialAction":[{"@type":"ReadAction","target":["https:\/\/www.tourismthailand.ch\/fr\/la-thailande\/politique\/"]}]},{"@type":"ImageObject","inLanguage":"fr-CH","@id":"https:\/\/www.tourismthailand.ch\/fr\/la-thailande\/politique\/#primaryimage","url":"https:\/\/www.tourismthailand.ch\/wp-content\/uploads\/2018\/03\/Lampang-_0001_the-wat-chedi-sao-lang_Lampang.jpg","contentUrl":"https:\/\/www.tourismthailand.ch\/wp-content\/uploads\/2018\/03\/Lampang-_0001_the-wat-chedi-sao-lang_Lampang.jpg","width":1920,"height":1080,"caption":"Lampang-_0001_the-wat-chedi-sao-lang_Lampang"},{"@type":"BreadcrumbList","@id":"https:\/\/www.tourismthailand.ch\/fr\/la-thailande\/politique\/#breadcrumb","itemListElement":[{"@type":"ListItem","position":1,"name":"Startseite","item":"https:\/\/www.tourismthailand.ch\/fr\/"},{"@type":"ListItem","position":2,"name":"La Tha\u00eflande","item":"https:\/\/www.tourismthailand.ch\/fr\/la-thailande\/"},{"@type":"ListItem","position":3,"name":"Politique"}]},{"@type":"WebSite","@id":"https:\/\/www.tourismthailand.ch\/fr\/#website","url":"https:\/\/www.tourismthailand.ch\/fr\/","name":"Offizielle Seite Thail\u00e4ndisches Fremdenverkehrsamt","description":"tourismthailand.ch","potentialAction":[{"@type":"SearchAction","target":{"@type":"EntryPoint","urlTemplate":"https:\/\/www.tourismthailand.ch\/fr\/?s={search_term_string}"},"query-input":{"@type":"PropertyValueSpecification","valueRequired":true,"valueName":"search_term_string"}}],"inLanguage":"fr-CH"}]}},"_links":{"self":[{"href":"https:\/\/www.tourismthailand.ch\/fr\/wp-json\/wp\/v2\/pages\/4831","targetHints":{"allow":["GET"]}}],"collection":[{"href":"https:\/\/www.tourismthailand.ch\/fr\/wp-json\/wp\/v2\/pages"}],"about":[{"href":"https:\/\/www.tourismthailand.ch\/fr\/wp-json\/wp\/v2\/types\/page"}],"author":[{"embeddable":true,"href":"https:\/\/www.tourismthailand.ch\/fr\/wp-json\/wp\/v2\/users\/1"}],"replies":[{"embeddable":true,"href":"https:\/\/www.tourismthailand.ch\/fr\/wp-json\/wp\/v2\/comments?post=4831"}],"version-history":[{"count":0,"href":"https:\/\/www.tourismthailand.ch\/fr\/wp-json\/wp\/v2\/pages\/4831\/revisions"}],"up":[{"embeddable":true,"href":"https:\/\/www.tourismthailand.ch\/fr\/wp-json\/wp\/v2\/pages\/5344"}],"wp:featuredmedia":[{"embeddable":true,"href":"https:\/\/www.tourismthailand.ch\/fr\/wp-json\/wp\/v2\/media\/4341"}],"wp:attachment":[{"href":"https:\/\/www.tourismthailand.ch\/fr\/wp-json\/wp\/v2\/media?parent=4831"}],"curies":[{"name":"wp","href":"https:\/\/api.w.org\/{rel}","templated":true}]}}