{"id":4822,"date":"2020-11-13T14:59:52","date_gmt":"2020-11-13T13:59:52","guid":{"rendered":"https:\/\/www.tourismthailand.ch\/religion\/"},"modified":"2020-12-07T10:53:36","modified_gmt":"2020-12-07T09:53:36","slug":"religion","status":"publish","type":"page","link":"https:\/\/www.tourismthailand.ch\/fr\/la-thailande\/religion\/","title":{"rendered":"Religion"},"content":{"rendered":"<div class=\"wpb-content-wrapper\"><p>[vc_row][vc_column][vc_column_text]<\/p>\n<h2>Une culture fa\u00e7onn\u00e9e par le bouddhisme<\/h2>\n<p>[\/vc_column_text][vc_column_text]\u00c9tant donn\u00e9 que pr\u00e8s de 95 % de la population tha\u00eflandaise est bouddhiste, l&#8217;ensemble de la culture tha\u00eflandaise est \u00e9galement impr\u00e9gn\u00e9e de la culture bouddhiste &#8211; except\u00e9 dans la partie la plus au sud du pays o\u00f9 une grande partie de la population est musulmane. Le bouddhisme est consid\u00e9r\u00e9 comme le courant le plus tol\u00e9rant au monde et cette caract\u00e9ristique se refl\u00e8te \u00e9galement dans la population tha\u00eflandaise. Presque tous les hommes tha\u00eflandais entrent une fois dans leur vie dans un monast\u00e8re durant plusieurs semaines afin de pratiquer la m\u00e9ditation et d&#8217;\u00e9tudier les enseignements bouddhistes. Peu importe o\u00f9 l&#8217;on voyage en Tha\u00eflande, on y rencontre partout des moines, qu&#8217;il faut traiter avec le respect qui leur est d\u00fb. De nombreux moines \u00e2g\u00e9s sont hautement v\u00e9n\u00e9r\u00e9s et il n&#8217;est pas rare de voir leurs peintures sur les murs de magasins et de maisons ou sur les ornements des taxis. Dans de nombreuses petites villes et villages, le temple local est le centre de la vie sociale et religieuse.<\/p>\n<p>De mani\u00e8re g\u00e9n\u00e9rale, le bouddhisme est plut\u00f4t consid\u00e9r\u00e9 comme une philosophie de vie, pas n\u00e9cessairement comme une religion. Aujourd&#8217;hui encore, le bouddhisme tha\u00eflandais est \u00e9galement influenc\u00e9 par d&#8217;autres croyances, qui sont des vestiges d&#8217;un animisme et d&#8217;un hindouisme s\u00e9culaires. L&#8217;exemple le plus connu est celui des maisons des esprits, que l&#8217;on trouve devant presque tous les b\u00e2timents tha\u00eflandais et qui sont cens\u00e9es offrir un refuge aux esprits qui vivent sur la propri\u00e9t\u00e9. Les dons r\u00e9guliers sont destin\u00e9s \u00e0 adoucir les esprits de la maison. Il est \u00e9galement assez fr\u00e9quent que des moines bouddhistes soient invit\u00e9s \u00e0 l&#8217;inauguration de nouvelles maisons et de nouveaux magasins. Si on est attentif en se promenant dans la ville de Bangkok, on remarque \u00e9galement de nombreux reliquaires avec des images de Bouddha ou des dieux hindous aupr\u00e8s desquels le peuple tha\u00eflandais se rend pour prier, allumer de l&#8217;encens et d\u00e9poser des fleurs.<\/p>\n<p>La m\u00e9ditation est consid\u00e9r\u00e9e dans le bouddhisme comme l&#8217;un des moyens essentiels pour arriver \u00e0 la connaissance de soi. Les visiteurs int\u00e9ress\u00e9s peuvent apprendre les bases de cette pratique dans de nombreux temples r\u00e9partis dans tout le royaume. Ils peuvent entrer en contact direct avec les moines pour approfondir leur connaissance du bouddhisme et \u00e9tudier ainsi les enseignements de Bouddha.<\/p>\n<p>Le calendrier tha\u00eflandais est compos\u00e9 de f\u00eates bouddhistes, qui sont c\u00e9l\u00e9br\u00e9es dans tout le pays pendant toute l&#8217;ann\u00e9e.[\/vc_column_text][vc_empty_space]<div class=\"mkdf-image-gallery  mkdf-ig-grid-type mkdf-normal-space  mkdf-image-behavior-lightbox\">\n\t<div class=\"mkdf-ig-inner mkdf-outer-space mkdf-ig-grid mkdf-ig-four-columns\">\n\t\t\t\t\t<div class=\"mkdf-ig-image mkdf-item-space\">\n\t\t\t\t<div class=\"mkdf-ig-image-inner\">\n\t\t\t\t\t\t\t\t\t\t\t<a itemprop=\"image\" class=\"mkdf-ig-lightbox\" href=\"https:\/\/www.tourismthailand.ch\/wp-content\/uploads\/2018\/03\/6.3_0003_Religion1.jpg\" data-rel=\"prettyPhoto[image_gallery_pretty_photo-174]\" title=\"6.3_0003_Religion1\">\n\t\t\t\t\t\t\t\t\t\t\t<img loading=\"lazy\" decoding=\"async\" src=\"https:\/\/www.tourismthailand.ch\/wp-content\/uploads\/2018\/03\/6.3_0003_Religion1-310x310.jpg\" alt=\"\" width=\"310\" height=\"310\" \/>\t\t\t\t\t\t\t\t\t\t\t<\/a>\n\t\t\t\t\t\t\t\t\t<\/div>\n\t\t\t<\/div>\n\t\t\t\t\t<div class=\"mkdf-ig-image mkdf-item-space\">\n\t\t\t\t<div class=\"mkdf-ig-image-inner\">\n\t\t\t\t\t\t\t\t\t\t\t<a itemprop=\"image\" class=\"mkdf-ig-lightbox\" href=\"https:\/\/www.tourismthailand.ch\/wp-content\/uploads\/2018\/03\/6.3_0002_Religion2.jpg\" data-rel=\"prettyPhoto[image_gallery_pretty_photo-174]\" title=\"6.3_0002_Religion2\">\n\t\t\t\t\t\t\t\t\t\t\t<img loading=\"lazy\" decoding=\"async\" src=\"https:\/\/www.tourismthailand.ch\/wp-content\/uploads\/2018\/03\/6.3_0002_Religion2-310x310.jpg\" alt=\"\" width=\"310\" height=\"310\" \/>\t\t\t\t\t\t\t\t\t\t\t<\/a>\n\t\t\t\t\t\t\t\t\t<\/div>\n\t\t\t<\/div>\n\t\t\t\t\t<div class=\"mkdf-ig-image mkdf-item-space\">\n\t\t\t\t<div class=\"mkdf-ig-image-inner\">\n\t\t\t\t\t\t\t\t\t\t\t<a itemprop=\"image\" class=\"mkdf-ig-lightbox\" href=\"https:\/\/www.tourismthailand.ch\/wp-content\/uploads\/2018\/03\/6.3_0001_Sukhothai-Thailand.jpg\" data-rel=\"prettyPhoto[image_gallery_pretty_photo-174]\" title=\"6.3_0001_Sukhothai,-Thailand\">\n\t\t\t\t\t\t\t\t\t\t\t<img loading=\"lazy\" decoding=\"async\" src=\"https:\/\/www.tourismthailand.ch\/wp-content\/uploads\/2018\/03\/6.3_0001_Sukhothai-Thailand-310x310.jpg\" alt=\"\" width=\"310\" height=\"310\" \/>\t\t\t\t\t\t\t\t\t\t\t<\/a>\n\t\t\t\t\t\t\t\t\t<\/div>\n\t\t\t<\/div>\n\t\t\t\t\t<div class=\"mkdf-ig-image mkdf-item-space\">\n\t\t\t\t<div class=\"mkdf-ig-image-inner\">\n\t\t\t\t\t\t\t\t\t\t\t<a itemprop=\"image\" class=\"mkdf-ig-lightbox\" href=\"https:\/\/www.tourismthailand.ch\/wp-content\/uploads\/2018\/03\/6.3_0004_Religion.jpg\" data-rel=\"prettyPhoto[image_gallery_pretty_photo-174]\" title=\"6.3_0004_Religion\">\n\t\t\t\t\t\t\t\t\t\t\t<img loading=\"lazy\" decoding=\"async\" src=\"https:\/\/www.tourismthailand.ch\/wp-content\/uploads\/2018\/03\/6.3_0004_Religion-310x310.jpg\" alt=\"\" width=\"310\" height=\"310\" \/>\t\t\t\t\t\t\t\t\t\t\t<\/a>\n\t\t\t\t\t\t\t\t\t<\/div>\n\t\t\t<\/div>\n\t\t\t<\/div>\n<\/div>[vc_empty_space height=&#8221;108px&#8221;][\/vc_column][\/vc_row]<\/p>\n<\/div>","protected":false},"excerpt":{"rendered":"<p>[vc_row][vc_column][vc_column_text] Une culture fa\u00e7onn\u00e9e par le bouddhisme [\/vc_column_text][vc_column_text]\u00c9tant donn\u00e9 que pr\u00e8s de 95 % de la population tha\u00eflandaise est bouddhiste, l&#8217;ensemble de la culture tha\u00eflandaise est \u00e9galement impr\u00e9gn\u00e9e de la culture bouddhiste &#8211; except\u00e9 dans la partie la plus au sud du pays o\u00f9 une grande partie de la population est musulmane. Le bouddhisme est consid\u00e9r\u00e9 comme le courant le plus tol\u00e9rant au monde et cette caract\u00e9ristique se refl\u00e8te \u00e9galement dans la population tha\u00eflandaise. Presque tous les hommes tha\u00eflandais entrent une fois dans leur vie dans un monast\u00e8re [&hellip;]<\/p>\n","protected":false},"author":1,"featured_media":4749,"parent":5344,"menu_order":0,"comment_status":"closed","ping_status":"closed","template":"","meta":{"footnotes":""},"class_list":["post-4822","page","type-page","status-publish","has-post-thumbnail","hentry"],"yoast_head":"<!-- This site is optimized with the Yoast SEO plugin v27.4 - https:\/\/yoast.com\/product\/yoast-seo-wordpress\/ -->\n<title>Religion - Offizielle Seite Thail\u00e4ndisches Fremdenverkehrsamt<\/title>\n<meta name=\"robots\" content=\"index, follow, max-snippet:-1, max-image-preview:large, max-video-preview:-1\" \/>\n<link rel=\"canonical\" href=\"https:\/\/www.tourismthailand.ch\/fr\/la-thailande\/religion\/\" \/>\n<meta property=\"og:locale\" content=\"fr_FR\" \/>\n<meta property=\"og:type\" content=\"article\" \/>\n<meta property=\"og:title\" content=\"Religion - Offizielle Seite Thail\u00e4ndisches Fremdenverkehrsamt\" \/>\n<meta property=\"og:description\" content=\"[vc_row][vc_column][vc_column_text] Une culture fa\u00e7onn\u00e9e par le bouddhisme [\/vc_column_text][vc_column_text]\u00c9tant donn\u00e9 que pr\u00e8s de 95 % de la population tha\u00eflandaise est bouddhiste, l&#8217;ensemble de la culture tha\u00eflandaise est \u00e9galement impr\u00e9gn\u00e9e de la culture bouddhiste &#8211; except\u00e9 dans la partie la plus au sud du pays o\u00f9 une grande partie de la population est musulmane. Le bouddhisme est consid\u00e9r\u00e9 comme le courant le plus tol\u00e9rant au monde et cette caract\u00e9ristique se refl\u00e8te \u00e9galement dans la population tha\u00eflandaise. Presque tous les hommes tha\u00eflandais entrent une fois dans leur vie dans un monast\u00e8re [&hellip;]\" \/>\n<meta property=\"og:url\" content=\"https:\/\/www.tourismthailand.ch\/fr\/la-thailande\/religion\/\" \/>\n<meta property=\"og:site_name\" content=\"Offizielle Seite Thail\u00e4ndisches Fremdenverkehrsamt\" \/>\n<meta property=\"article:publisher\" content=\"https:\/\/www.facebook.com\/TATSwitzerland\" \/>\n<meta property=\"article:modified_time\" content=\"2020-12-07T09:53:36+00:00\" \/>\n<meta property=\"og:image\" content=\"https:\/\/www.tourismthailand.ch\/wp-content\/uploads\/2018\/03\/6.3_0005_Hintergrund.jpg\" \/>\n\t<meta property=\"og:image:width\" content=\"1920\" \/>\n\t<meta property=\"og:image:height\" content=\"1080\" \/>\n\t<meta property=\"og:image:type\" content=\"image\/jpeg\" \/>\n<meta name=\"twitter:card\" content=\"summary_large_image\" \/>\n<meta name=\"twitter:label1\" content=\"Est. reading time\" \/>\n\t<meta name=\"twitter:data1\" content=\"2 minutes\" \/>\n<script type=\"application\/ld+json\" class=\"yoast-schema-graph\">{\"@context\":\"https:\\\/\\\/schema.org\",\"@graph\":[{\"@type\":\"WebPage\",\"@id\":\"https:\\\/\\\/www.tourismthailand.ch\\\/fr\\\/la-thailande\\\/religion\\\/\",\"url\":\"https:\\\/\\\/www.tourismthailand.ch\\\/fr\\\/la-thailande\\\/religion\\\/\",\"name\":\"Religion - Offizielle Seite Thail\u00e4ndisches Fremdenverkehrsamt\",\"isPartOf\":{\"@id\":\"https:\\\/\\\/www.tourismthailand.ch\\\/fr\\\/#website\"},\"primaryImageOfPage\":{\"@id\":\"https:\\\/\\\/www.tourismthailand.ch\\\/fr\\\/la-thailande\\\/religion\\\/#primaryimage\"},\"image\":{\"@id\":\"https:\\\/\\\/www.tourismthailand.ch\\\/fr\\\/la-thailande\\\/religion\\\/#primaryimage\"},\"thumbnailUrl\":\"https:\\\/\\\/www.tourismthailand.ch\\\/wp-content\\\/uploads\\\/2018\\\/03\\\/6.3_0005_Hintergrund.jpg\",\"datePublished\":\"2020-11-13T13:59:52+00:00\",\"dateModified\":\"2020-12-07T09:53:36+00:00\",\"breadcrumb\":{\"@id\":\"https:\\\/\\\/www.tourismthailand.ch\\\/fr\\\/la-thailande\\\/religion\\\/#breadcrumb\"},\"inLanguage\":\"fr-CH\",\"potentialAction\":[{\"@type\":\"ReadAction\",\"target\":[\"https:\\\/\\\/www.tourismthailand.ch\\\/fr\\\/la-thailande\\\/religion\\\/\"]}]},{\"@type\":\"ImageObject\",\"inLanguage\":\"fr-CH\",\"@id\":\"https:\\\/\\\/www.tourismthailand.ch\\\/fr\\\/la-thailande\\\/religion\\\/#primaryimage\",\"url\":\"https:\\\/\\\/www.tourismthailand.ch\\\/wp-content\\\/uploads\\\/2018\\\/03\\\/6.3_0005_Hintergrund.jpg\",\"contentUrl\":\"https:\\\/\\\/www.tourismthailand.ch\\\/wp-content\\\/uploads\\\/2018\\\/03\\\/6.3_0005_Hintergrund.jpg\",\"width\":1920,\"height\":1080,\"caption\":\"Jedes Jahr im November beginnt in Thailand wieder das buddhistische Lichterfest Yi Peng, ein jahrhundertealtes Fest der Lanna im Norden Thailands, das in Chiang Mai besonders gross gefeiert wird. Der buddhistischen Religion.\"},{\"@type\":\"BreadcrumbList\",\"@id\":\"https:\\\/\\\/www.tourismthailand.ch\\\/fr\\\/la-thailande\\\/religion\\\/#breadcrumb\",\"itemListElement\":[{\"@type\":\"ListItem\",\"position\":1,\"name\":\"Startseite\",\"item\":\"https:\\\/\\\/www.tourismthailand.ch\\\/fr\\\/\"},{\"@type\":\"ListItem\",\"position\":2,\"name\":\"La Tha\u00eflande\",\"item\":\"https:\\\/\\\/www.tourismthailand.ch\\\/fr\\\/la-thailande\\\/\"},{\"@type\":\"ListItem\",\"position\":3,\"name\":\"Religion\"}]},{\"@type\":\"WebSite\",\"@id\":\"https:\\\/\\\/www.tourismthailand.ch\\\/fr\\\/#website\",\"url\":\"https:\\\/\\\/www.tourismthailand.ch\\\/fr\\\/\",\"name\":\"Offizielle Seite Thail\u00e4ndisches Fremdenverkehrsamt\",\"description\":\"tourismthailand.ch\",\"potentialAction\":[{\"@type\":\"SearchAction\",\"target\":{\"@type\":\"EntryPoint\",\"urlTemplate\":\"https:\\\/\\\/www.tourismthailand.ch\\\/fr\\\/?s={search_term_string}\"},\"query-input\":{\"@type\":\"PropertyValueSpecification\",\"valueRequired\":true,\"valueName\":\"search_term_string\"}}],\"inLanguage\":\"fr-CH\"}]}<\/script>\n<!-- \/ Yoast SEO plugin. -->","yoast_head_json":{"title":"Religion - Offizielle Seite Thail\u00e4ndisches Fremdenverkehrsamt","robots":{"index":"index","follow":"follow","max-snippet":"max-snippet:-1","max-image-preview":"max-image-preview:large","max-video-preview":"max-video-preview:-1"},"canonical":"https:\/\/www.tourismthailand.ch\/fr\/la-thailande\/religion\/","og_locale":"fr_FR","og_type":"article","og_title":"Religion - Offizielle Seite Thail\u00e4ndisches Fremdenverkehrsamt","og_description":"[vc_row][vc_column][vc_column_text] Une culture fa\u00e7onn\u00e9e par le bouddhisme [\/vc_column_text][vc_column_text]\u00c9tant donn\u00e9 que pr\u00e8s de 95 % de la population tha\u00eflandaise est bouddhiste, l&#8217;ensemble de la culture tha\u00eflandaise est \u00e9galement impr\u00e9gn\u00e9e de la culture bouddhiste &#8211; except\u00e9 dans la partie la plus au sud du pays o\u00f9 une grande partie de la population est musulmane. Le bouddhisme est consid\u00e9r\u00e9 comme le courant le plus tol\u00e9rant au monde et cette caract\u00e9ristique se refl\u00e8te \u00e9galement dans la population tha\u00eflandaise. Presque tous les hommes tha\u00eflandais entrent une fois dans leur vie dans un monast\u00e8re [&hellip;]","og_url":"https:\/\/www.tourismthailand.ch\/fr\/la-thailande\/religion\/","og_site_name":"Offizielle Seite Thail\u00e4ndisches Fremdenverkehrsamt","article_publisher":"https:\/\/www.facebook.com\/TATSwitzerland","article_modified_time":"2020-12-07T09:53:36+00:00","og_image":[{"width":1920,"height":1080,"url":"https:\/\/www.tourismthailand.ch\/wp-content\/uploads\/2018\/03\/6.3_0005_Hintergrund.jpg","type":"image\/jpeg"}],"twitter_card":"summary_large_image","twitter_misc":{"Est. reading time":"2 minutes"},"schema":{"@context":"https:\/\/schema.org","@graph":[{"@type":"WebPage","@id":"https:\/\/www.tourismthailand.ch\/fr\/la-thailande\/religion\/","url":"https:\/\/www.tourismthailand.ch\/fr\/la-thailande\/religion\/","name":"Religion - Offizielle Seite Thail\u00e4ndisches Fremdenverkehrsamt","isPartOf":{"@id":"https:\/\/www.tourismthailand.ch\/fr\/#website"},"primaryImageOfPage":{"@id":"https:\/\/www.tourismthailand.ch\/fr\/la-thailande\/religion\/#primaryimage"},"image":{"@id":"https:\/\/www.tourismthailand.ch\/fr\/la-thailande\/religion\/#primaryimage"},"thumbnailUrl":"https:\/\/www.tourismthailand.ch\/wp-content\/uploads\/2018\/03\/6.3_0005_Hintergrund.jpg","datePublished":"2020-11-13T13:59:52+00:00","dateModified":"2020-12-07T09:53:36+00:00","breadcrumb":{"@id":"https:\/\/www.tourismthailand.ch\/fr\/la-thailande\/religion\/#breadcrumb"},"inLanguage":"fr-CH","potentialAction":[{"@type":"ReadAction","target":["https:\/\/www.tourismthailand.ch\/fr\/la-thailande\/religion\/"]}]},{"@type":"ImageObject","inLanguage":"fr-CH","@id":"https:\/\/www.tourismthailand.ch\/fr\/la-thailande\/religion\/#primaryimage","url":"https:\/\/www.tourismthailand.ch\/wp-content\/uploads\/2018\/03\/6.3_0005_Hintergrund.jpg","contentUrl":"https:\/\/www.tourismthailand.ch\/wp-content\/uploads\/2018\/03\/6.3_0005_Hintergrund.jpg","width":1920,"height":1080,"caption":"Jedes Jahr im November beginnt in Thailand wieder das buddhistische Lichterfest Yi Peng, ein jahrhundertealtes Fest der Lanna im Norden Thailands, das in Chiang Mai besonders gross gefeiert wird. Der buddhistischen Religion."},{"@type":"BreadcrumbList","@id":"https:\/\/www.tourismthailand.ch\/fr\/la-thailande\/religion\/#breadcrumb","itemListElement":[{"@type":"ListItem","position":1,"name":"Startseite","item":"https:\/\/www.tourismthailand.ch\/fr\/"},{"@type":"ListItem","position":2,"name":"La Tha\u00eflande","item":"https:\/\/www.tourismthailand.ch\/fr\/la-thailande\/"},{"@type":"ListItem","position":3,"name":"Religion"}]},{"@type":"WebSite","@id":"https:\/\/www.tourismthailand.ch\/fr\/#website","url":"https:\/\/www.tourismthailand.ch\/fr\/","name":"Offizielle Seite Thail\u00e4ndisches Fremdenverkehrsamt","description":"tourismthailand.ch","potentialAction":[{"@type":"SearchAction","target":{"@type":"EntryPoint","urlTemplate":"https:\/\/www.tourismthailand.ch\/fr\/?s={search_term_string}"},"query-input":{"@type":"PropertyValueSpecification","valueRequired":true,"valueName":"search_term_string"}}],"inLanguage":"fr-CH"}]}},"_links":{"self":[{"href":"https:\/\/www.tourismthailand.ch\/fr\/wp-json\/wp\/v2\/pages\/4822","targetHints":{"allow":["GET"]}}],"collection":[{"href":"https:\/\/www.tourismthailand.ch\/fr\/wp-json\/wp\/v2\/pages"}],"about":[{"href":"https:\/\/www.tourismthailand.ch\/fr\/wp-json\/wp\/v2\/types\/page"}],"author":[{"embeddable":true,"href":"https:\/\/www.tourismthailand.ch\/fr\/wp-json\/wp\/v2\/users\/1"}],"replies":[{"embeddable":true,"href":"https:\/\/www.tourismthailand.ch\/fr\/wp-json\/wp\/v2\/comments?post=4822"}],"version-history":[{"count":0,"href":"https:\/\/www.tourismthailand.ch\/fr\/wp-json\/wp\/v2\/pages\/4822\/revisions"}],"up":[{"embeddable":true,"href":"https:\/\/www.tourismthailand.ch\/fr\/wp-json\/wp\/v2\/pages\/5344"}],"wp:featuredmedia":[{"embeddable":true,"href":"https:\/\/www.tourismthailand.ch\/fr\/wp-json\/wp\/v2\/media\/4749"}],"wp:attachment":[{"href":"https:\/\/www.tourismthailand.ch\/fr\/wp-json\/wp\/v2\/media?parent=4822"}],"curies":[{"name":"wp","href":"https:\/\/api.w.org\/{rel}","templated":true}]}}